{"id":3617,"date":"2023-02-19T16:07:46","date_gmt":"2023-02-19T16:07:46","guid":{"rendered":"https:\/\/www.msd.cz\/en\/?page_id=3617"},"modified":"2023-02-21T13:19:32","modified_gmt":"2023-02-21T13:19:32","slug":"test-contact-us","status":"publish","type":"page","link":"https:\/\/www.msd.cz\/en\/test-contact-us\/","title":{"rendered":"TEST Contact Us"},"content":{"rendered":"<div id=\"mco-title-block-block_619555d6d3944\" \n\t class=\"mco-title-block mccberg-block has-background full negative\" \n\t style='background-image: url(https:\/\/www.msd.cz\/en\/wp-content\/uploads\/sites\/98\/2021\/11\/hp-01-p1-header-dark-1920x900-1.jpg?w=1600);'\t >\n\t<div class=\"wrapper\">\n\t\t<div class=\"mco-title-block-content\">\n\t\t\t\n\t\t\t<h2 class=\"mco-title-block-title\">Contact Us<\/h2>\n\n\t\t\t\t\t\t\t<p class=\"mco-title-block-description\"><p>In order to process your query in the best possible way, queries are recorded. We assure you that any personal data you provide will be used to keep a record of your query and will be processed by Merck Sharp &amp; Dohme (MSD) in a way which fully respects your privacy. For more information about our privacy protection policy, please see our Privacy Protection Policy page.<\/p>\n<\/p>\n\t\t\t\t\t\t\n\t\t\t\t\t<\/div>\n\t<\/div>\n<\/div>\n\n\n<div class=\"wp-block-columns is-layout-flex wp-container-core-columns-is-layout-9d6595d7 wp-block-columns-is-layout-flex\">\n<div class=\"wp-block-column is-layout-flow wp-block-column-is-layout-flow\">\n<figure class=\"wp-block-image size-large\"><img loading=\"lazy\" decoding=\"async\" width=\"1000\" height=\"550\" src=\"https:\/\/www.msd.cz\/en\/wp-content\/uploads\/sites\/98\/2022\/03\/about_us-02-p2-five-1000x550-1.jpg?w=1000\" alt=\"\" class=\"wp-image-3425\"\/><\/figure>\n<\/div>\n\n\n\n<div class=\"wp-block-column is-layout-flow wp-block-column-is-layout-flow\">\n<figure class=\"wp-block-image size-large\"><img loading=\"lazy\" decoding=\"async\" width=\"1000\" height=\"550\" src=\"https:\/\/www.msd.cz\/en\/wp-content\/uploads\/sites\/98\/2022\/03\/about_us-02-p2-riverview-1000x550-1.jpg?w=1000\" alt=\"\" class=\"wp-image-3426\"\/><\/figure>\n<\/div>\n<\/div>\n\n\n\n<div class=\"wp-block-columns is-layout-flex wp-container-core-columns-is-layout-9d6595d7 wp-block-columns-is-layout-flex\">\n<div class=\"wp-block-column is-layout-flow wp-block-column-is-layout-flow\">\n<p class=\"has-text-align-right\">Five Building<\/p>\n\n\n\n<p class=\"has-text-align-right\">Merck Sharp &amp; Dohme s.r.o.<\/p>\n\n\n\n<p class=\"has-text-align-right\">Na Valentince 3336\/4, Praha 5&nbsp;,&nbsp;150 00, \u010cesk\u00e1 republika<\/p>\n\n\n\n<p class=\"has-text-align-right\">Id. No.: 028462564, VAT No.: CZ28462564<\/p>\n\n\n\n<p class=\"has-text-align-right\">Registered in the commercial register maintained by the Municipal Court in Prague, Section C, file 143294<\/p>\n\n\n\n<p class=\"has-text-align-right\">Reception <a href=\"http:\/\/+420%20277%20050%20000\/\">+420 277 050 000<\/a><br><a href=\"mailto:receptionfive@merck.com\">receptionfive@merck.com<\/a><\/p>\n<\/div>\n\n\n\n<div class=\"wp-block-column is-layout-flow wp-block-column-is-layout-flow\">\n<p class=\"has-text-align-left\">Riverview Building<\/p>\n\n\n\n<p class=\"has-text-align-left\">MSD Czech Republic s.r.o.<\/p>\n\n\n\n<p class=\"has-text-align-left\">Svornosti 3321\/2, Praha 5&nbsp;,&nbsp;150 00, \u010cesk\u00e1 republika<\/p>\n\n\n\n<p>Id. No.: 02822849 VAT No.: CZ02822849<\/p>\n\n\n\n<p>Registered in the commercial register maintained by the Municipal Court in Prague, Section C, file 224056<\/p>\n\n\n\n<p class=\"has-text-align-left\">Reception <a href=\"tel:+420277026000\">+420 277 026 000<\/a><br><a href=\"mailto:receptionrv@merck.com\">receptionrv@merck.com<\/a><\/p>\n<\/div>\n<\/div>\n\n\n\n<h2 class=\"wp-block-heading\">For Media Only<\/h2>\n\n\n\n<p>Eva Kar\u00e1skov\u00e1&nbsp;<br>Healthcare Policy and Communication<\/p>\n\n\n\n<p>Kontakt pro m\u00e9dia&nbsp;<br>media_cz@merck.com<\/p>\n\n\n\n<h5 class=\"wp-block-heading\">Spole\u010dnost Merck Sharp &amp; Dohme s.r.o. a MSD Czech Republic s.r.o. jsou sou\u010d\u00e1st\u00ed glob\u00e1ln\u00edho koncernu Merck &amp; Co., kter\u00fd se \u0159ad\u00ed mezi p\u0159edn\u00ed sv\u011btov\u00e9 v\u00fdrobce l\u00e9\u010div. \u0158\u00edd\u00edc\u00ed osobou koncernu Merck &amp; Co. je spole\u010dnost Merck &amp; Co., Inc.<\/h5>\n","protected":false},"excerpt":{"rendered":"<p>Five Building Merck Sharp &amp; Dohme s.r.o. Na Valentince 3336\/4, Praha 5&nbsp;,&nbsp;150 00, \u010cesk\u00e1 republika Id. No.: 028462564, VAT No.: CZ28462564 Registered in the commercial register maintained by the Municipal Court in Prague, Section C, file 143294 Reception +420 277 050 000receptionfive@merck.com Riverview Building MSD Czech Republic s.r.o. Svornosti 3321\/2, Praha 5&nbsp;,&nbsp;150 00, \u010cesk\u00e1 republika [&hellip;]<\/p>\n","protected":false},"author":545,"featured_media":0,"parent":0,"menu_order":0,"comment_status":"closed","ping_status":"closed","template":"","meta":{"_acf_changed":false,"bdl_company_name":[],"bdl_item_external_link":[],"editor_notices":[],"footnotes":""},"class_list":["post-3617","page","type-page","status-publish","hentry"],"yoast_head":"<!-- This site is optimized with the Yoast SEO plugin v21.9.1 - https:\/\/yoast.com\/wordpress\/plugins\/seo\/ -->\n<title>TEST Contact Us - MSD Czech Republic<\/title>\n<meta name=\"robots\" content=\"index, follow, max-snippet:-1, max-image-preview:large, max-video-preview:-1\" \/>\n<link rel=\"canonical\" href=\"https:\/\/www.msd.cz\/en\/test-contact-us\/\" \/>\n<meta property=\"og:locale\" content=\"en_US\" \/>\n<meta property=\"og:type\" content=\"article\" \/>\n<meta property=\"og:title\" content=\"TEST Contact Us - MSD Czech Republic\" \/>\n<meta property=\"og:description\" content=\"Five Building Merck Sharp &amp; Dohme s.r.o. Na Valentince 3336\/4, Praha 5&nbsp;,&nbsp;150 00, \u010cesk\u00e1 republika Id. No.: 028462564, VAT No.: CZ28462564 Registered in the commercial register maintained by the Municipal Court in Prague, Section C, file 143294 Reception +420 277 050 000receptionfive@merck.com Riverview Building MSD Czech Republic s.r.o. Svornosti 3321\/2, Praha 5&nbsp;,&nbsp;150 00, \u010cesk\u00e1 republika [&hellip;]\" \/>\n<meta property=\"og:url\" content=\"https:\/\/www.msd.cz\/en\/test-contact-us\/\" \/>\n<meta property=\"og:site_name\" content=\"MSD Czech Republic\" \/>\n<meta property=\"article:publisher\" content=\"https:\/\/www.facebook.com\/MSDInvents\/\" \/>\n<meta property=\"article:modified_time\" content=\"2023-02-21T13:19:32+00:00\" \/>\n<meta property=\"og:image\" content=\"https:\/\/www.msd.cz\/en\/wp-content\/uploads\/sites\/98\/2022\/03\/about_us-02-p2-five-1000x550-1.jpg?w=1000\" \/>\n<meta name=\"twitter:card\" content=\"summary_large_image\" \/>\n<meta name=\"twitter:site\" content=\"@MSDczech\" \/>\n<meta name=\"twitter:label1\" content=\"Est. reading time\" \/>\n\t<meta name=\"twitter:data1\" content=\"2 minutes\" \/>\n<script type=\"application\/ld+json\" class=\"yoast-schema-graph\">{\"@context\":\"https:\/\/schema.org\",\"@graph\":[{\"@type\":\"WebPage\",\"@id\":\"https:\/\/www.msd.cz\/en\/test-contact-us\/\",\"url\":\"https:\/\/www.msd.cz\/en\/test-contact-us\/\",\"name\":\"TEST Contact Us - MSD Czech Republic\",\"isPartOf\":{\"@id\":\"https:\/\/www.msd.cz\/en\/#website\"},\"datePublished\":\"2023-02-19T16:07:46+00:00\",\"dateModified\":\"2023-02-21T13:19:32+00:00\",\"inLanguage\":\"en-US\",\"potentialAction\":[{\"@type\":\"ReadAction\",\"target\":[\"https:\/\/www.msd.cz\/en\/test-contact-us\/\"]}]},{\"@type\":\"WebSite\",\"@id\":\"https:\/\/www.msd.cz\/en\/#website\",\"url\":\"https:\/\/www.msd.cz\/en\/\",\"name\":\"MSD Czech Republic\",\"description\":\"Just another vip2-msd.com site\",\"publisher\":{\"@id\":\"https:\/\/www.msd.cz\/en\/#organization\"},\"potentialAction\":[{\"@type\":\"SearchAction\",\"target\":{\"@type\":\"EntryPoint\",\"urlTemplate\":\"https:\/\/www.msd.cz\/en\/?s={search_term_string}\"},\"query-input\":\"required name=search_term_string\"}],\"inLanguage\":\"en-US\"},{\"@type\":\"Organization\",\"@id\":\"https:\/\/www.msd.cz\/en\/#organization\",\"name\":\"MSD Czech Republic\",\"url\":\"https:\/\/www.msd.cz\/en\/\",\"logo\":{\"@type\":\"ImageObject\",\"inLanguage\":\"en-US\",\"@id\":\"https:\/\/www.msd.cz\/en\/#\/schema\/logo\/image\/\",\"url\":\"https:\/\/www.msd.cz\/en\/wp-content\/uploads\/sites\/98\/2020\/10\/MSD.png\",\"contentUrl\":\"https:\/\/www.msd.cz\/en\/wp-content\/uploads\/sites\/98\/2020\/10\/MSD.png\",\"width\":2536,\"height\":1382,\"caption\":\"MSD Czech Republic\"},\"image\":{\"@id\":\"https:\/\/www.msd.cz\/en\/#\/schema\/logo\/image\/\"},\"sameAs\":[\"https:\/\/www.facebook.com\/MSDInvents\/\",\"https:\/\/twitter.com\/MSDczech\",\"https:\/\/www.instagram.com\/msdinvents\/\",\"https:\/\/www.linkedin.com\/company\/msdczech\/\",\"https:\/\/www.youtube.com\/channel\/UCzw0K-BF3OzlQVYn6BGHQQw\"]}]}<\/script>\n<!-- \/ Yoast SEO plugin. -->","yoast_head_json":{"title":"TEST Contact Us - MSD Czech Republic","robots":{"index":"index","follow":"follow","max-snippet":"max-snippet:-1","max-image-preview":"max-image-preview:large","max-video-preview":"max-video-preview:-1"},"canonical":"https:\/\/www.msd.cz\/en\/test-contact-us\/","og_locale":"en_US","og_type":"article","og_title":"TEST Contact Us - MSD Czech Republic","og_description":"Five Building Merck Sharp &amp; Dohme s.r.o. Na Valentince 3336\/4, Praha 5&nbsp;,&nbsp;150 00, \u010cesk\u00e1 republika Id. No.: 028462564, VAT No.: CZ28462564 Registered in the commercial register maintained by the Municipal Court in Prague, Section C, file 143294 Reception +420 277 050 000receptionfive@merck.com Riverview Building MSD Czech Republic s.r.o. Svornosti 3321\/2, Praha 5&nbsp;,&nbsp;150 00, \u010cesk\u00e1 republika [&hellip;]","og_url":"https:\/\/www.msd.cz\/en\/test-contact-us\/","og_site_name":"MSD Czech Republic","article_publisher":"https:\/\/www.facebook.com\/MSDInvents\/","article_modified_time":"2023-02-21T13:19:32+00:00","og_image":[{"url":"https:\/\/www.msd.cz\/en\/wp-content\/uploads\/sites\/98\/2022\/03\/about_us-02-p2-five-1000x550-1.jpg?w=1000"}],"twitter_card":"summary_large_image","twitter_site":"@MSDczech","twitter_misc":{"Est. reading time":"2 minutes"},"schema":{"@context":"https:\/\/schema.org","@graph":[{"@type":"WebPage","@id":"https:\/\/www.msd.cz\/en\/test-contact-us\/","url":"https:\/\/www.msd.cz\/en\/test-contact-us\/","name":"TEST Contact Us - MSD Czech Republic","isPartOf":{"@id":"https:\/\/www.msd.cz\/en\/#website"},"datePublished":"2023-02-19T16:07:46+00:00","dateModified":"2023-02-21T13:19:32+00:00","inLanguage":"en-US","potentialAction":[{"@type":"ReadAction","target":["https:\/\/www.msd.cz\/en\/test-contact-us\/"]}]},{"@type":"WebSite","@id":"https:\/\/www.msd.cz\/en\/#website","url":"https:\/\/www.msd.cz\/en\/","name":"MSD Czech Republic","description":"Just another vip2-msd.com site","publisher":{"@id":"https:\/\/www.msd.cz\/en\/#organization"},"potentialAction":[{"@type":"SearchAction","target":{"@type":"EntryPoint","urlTemplate":"https:\/\/www.msd.cz\/en\/?s={search_term_string}"},"query-input":"required name=search_term_string"}],"inLanguage":"en-US"},{"@type":"Organization","@id":"https:\/\/www.msd.cz\/en\/#organization","name":"MSD Czech Republic","url":"https:\/\/www.msd.cz\/en\/","logo":{"@type":"ImageObject","inLanguage":"en-US","@id":"https:\/\/www.msd.cz\/en\/#\/schema\/logo\/image\/","url":"https:\/\/www.msd.cz\/en\/wp-content\/uploads\/sites\/98\/2020\/10\/MSD.png","contentUrl":"https:\/\/www.msd.cz\/en\/wp-content\/uploads\/sites\/98\/2020\/10\/MSD.png","width":2536,"height":1382,"caption":"MSD Czech Republic"},"image":{"@id":"https:\/\/www.msd.cz\/en\/#\/schema\/logo\/image\/"},"sameAs":["https:\/\/www.facebook.com\/MSDInvents\/","https:\/\/twitter.com\/MSDczech","https:\/\/www.instagram.com\/msdinvents\/","https:\/\/www.linkedin.com\/company\/msdczech\/","https:\/\/www.youtube.com\/channel\/UCzw0K-BF3OzlQVYn6BGHQQw"]}]}},"acf":[],"_links":{"self":[{"href":"https:\/\/www.msd.cz\/en\/wp-json\/wp\/v2\/pages\/3617","targetHints":{"allow":["GET"]}}],"collection":[{"href":"https:\/\/www.msd.cz\/en\/wp-json\/wp\/v2\/pages"}],"about":[{"href":"https:\/\/www.msd.cz\/en\/wp-json\/wp\/v2\/types\/page"}],"author":[{"embeddable":true,"href":"https:\/\/www.msd.cz\/en\/wp-json\/wp\/v2\/users\/545"}],"replies":[{"embeddable":true,"href":"https:\/\/www.msd.cz\/en\/wp-json\/wp\/v2\/comments?post=3617"}],"version-history":[{"count":2,"href":"https:\/\/www.msd.cz\/en\/wp-json\/wp\/v2\/pages\/3617\/revisions"}],"predecessor-version":[{"id":3628,"href":"https:\/\/www.msd.cz\/en\/wp-json\/wp\/v2\/pages\/3617\/revisions\/3628"}],"wp:attachment":[{"href":"https:\/\/www.msd.cz\/en\/wp-json\/wp\/v2\/media?parent=3617"}],"curies":[{"name":"wp","href":"https:\/\/api.w.org\/{rel}","templated":true}]}}