{"id":2630,"date":"2021-11-17T20:08:00","date_gmt":"2021-11-17T20:08:00","guid":{"rendered":"https:\/\/wwww.msd.cz\/en\/?page_id=2630"},"modified":"2026-03-09T10:15:17","modified_gmt":"2026-03-09T10:15:17","slug":"contact-us","status":"publish","type":"page","link":"https:\/\/www.msd.cz\/en\/contact-us\/","title":{"rendered":"Contact Us"},"content":{"rendered":"<div id=\"mco-title-block-block_ddf2e82081a3b521aaf551d169b55e38\" \n\t class=\"mco-title-block mccberg-block has-background full negative\" \n\t style='background-image: url(https:\/\/www.msd.cz\/en\/wp-content\/uploads\/sites\/98\/2021\/11\/hp-01-p1-header-dark-1920x900-1.jpg?w=1600);'\t >\n\t<div class=\"wrapper\">\n\t\t<div class=\"mco-title-block-content\">\n\t\t\t\n\t\t\t<h2 class=\"mco-title-block-title\">Contact Us<\/h2>\n\n\t\t\t\t\t\t\t<p class=\"mco-title-block-description\"><p>In order to process your query in the best possible way, queries are recorded. We assure you that any personal data you provide will be used to keep a record of your query and will be processed by Merck Sharp &amp; Dohme (MSD) in a way which fully respects your privacy. For more information about our privacy protection policy, please see our Privacy Protection Policy page.<\/p>\n<\/p>\n\t\t\t\t\t\t\n\t\t\t\t\t<\/div>\n\t<\/div>\n<\/div>\n\n\n<div class=\"wp-block-columns is-layout-flex wp-container-core-columns-is-layout-9d6595d7 wp-block-columns-is-layout-flex\">\n<div class=\"wp-block-column is-layout-flow wp-block-column-is-layout-flow\">\n<h2 class=\"wp-block-heading\">Contact<\/h2>\n\n\n\n<p>Reception&nbsp;<br><a href=\"tel:+420277050000\">+420 277 050 000<\/a>&nbsp;<\/p>\n\n\n\n<p>Contacts for HCPs and customers regarding our products:&nbsp;<br><a href=\"mailto:dpoc_czechslovak@msd.com\" target=\"_blank\" rel=\"noreferrer noopener\">dpoc_czechslovak@msd.com<\/a><\/p>\n<\/div>\n\n\n\n<div class=\"wp-block-column is-layout-flow wp-block-column-is-layout-flow\">\n<h2 class=\"wp-block-heading\">For Media Only<\/h2>\n\n\n\n<p>Eva Kar\u00e1skov\u00e1&nbsp;<br>Healthcare Policy and Communication<\/p>\n\n\n\n<p>Kontakt pro m\u00e9dia&nbsp;<br><a href=\"mailto:media_cz@msd.com\" target=\"_blank\" rel=\"noreferrer noopener\">media_cz@msd.com<\/a><\/p>\n<\/div>\n<\/div>\n\n\n\n<div class=\"wp-block-columns is-layout-flex wp-container-core-columns-is-layout-9d6595d7 wp-block-columns-is-layout-flex\">\n<div class=\"wp-block-column is-layout-flow wp-block-column-is-layout-flow\">\n<div class=\"wp-block-jetpack-contact-info\">\n\n<h4 class=\"wp-block-heading\"><strong>Human health<\/strong><\/h4>\n\n\n<div class=\"wp-block-jetpack-address\"><div class=\"jetpack-address__address jetpack-address__address2\">Merck Sharp &amp; Dohme s.r.o. <\/div><div class=\"jetpack-address__address jetpack-address__address3\">Na Valentince 3336\/4 <\/div><div><span class=\"jetpack-address__city\">Praha 5 <\/span>, <span class=\"jetpack-address__region\"><\/span> <span class=\"jetpack-address__postal\">150 00 <\/span><\/div><div class=\"jetpack-address__country\">\u010cesk\u00e1 republika<\/div><\/div>\n\n\n\n\n<p>Id. No.: 028462564<\/p>\n\n\n<p>VAT No.: CZ28462564<\/p>\n\n\n<p>Registered in the commercial register maintained by the Municipal Court in Prague, Section C, file 143294<\/p>\n\n<\/div>\n<\/div>\n\n\n\n<div class=\"wp-block-column is-layout-flow wp-block-column-is-layout-flow\">\n<div class=\"wp-block-jetpack-contact-info\">\n\n<h4 class=\"wp-block-heading\"><strong>Finance &amp; IT<\/strong><\/h4>\n\n\n<div class=\"wp-block-jetpack-address\"><div class=\"jetpack-address__address jetpack-address__address2\">MSD Czech Republic s.r.o. <\/div><div class=\"jetpack-address__address jetpack-address__address3\">Svornosti 3321\/2 <\/div><div><span class=\"jetpack-address__city\">Praha 5 <\/span>, <span class=\"jetpack-address__region\"><\/span> <span class=\"jetpack-address__postal\">150 00 <\/span><\/div><div class=\"jetpack-address__country\">\u010cesk\u00e1 republika<\/div><\/div>\n\n\n\n\n<p>Id. No.: 02822849<\/p>\n\n\n<p>VAT No.: CZ02822849<\/p>\n\n\n<p>Registered in the commercial register maintained by the Municipal Court in Prague, Section C, file 224056<\/p>\n\n<\/div>\n<\/div>\n<\/div>\n\n\n\n<h5 class=\"wp-block-heading\"><\/h5>\n","protected":false},"excerpt":{"rendered":"<p>Contact Reception&nbsp;+420 277 050 000&nbsp; Contacts for HCPs and customers regarding our products:&nbsp;dpoc_czechslovak@msd.com For Media Only Eva Kar\u00e1skov\u00e1&nbsp;Healthcare Policy and Communication Kontakt pro m\u00e9dia&nbsp;media_cz@msd.com<\/p>\n","protected":false},"author":545,"featured_media":3612,"parent":0,"menu_order":0,"comment_status":"closed","ping_status":"closed","template":"","meta":{"_acf_changed":false,"bdl_company_name":[],"bdl_item_external_link":[],"editor_notices":[],"footnotes":""},"class_list":["post-2630","page","type-page","status-publish","has-post-thumbnail","hentry"],"yoast_head":"<!-- This site is optimized with the Yoast SEO plugin v21.9.1 - https:\/\/yoast.com\/wordpress\/plugins\/seo\/ -->\n<title>Contact Us - MSD Czech Republic<\/title>\n<meta name=\"description\" content=\"Merck Sharp &amp; Dohme s.r.o. and MSD Czech Republic s.r.o. are part of the global Merck &amp; Co., Inc., Rahway NJ, USA, one of the world&#039;s leading pharmaceutical manufacturers.\" \/>\n<meta name=\"robots\" content=\"index, follow, max-snippet:-1, max-image-preview:large, max-video-preview:-1\" \/>\n<link rel=\"canonical\" href=\"https:\/\/www.msd.cz\/en\/contact-us\/\" \/>\n<meta property=\"og:locale\" content=\"en_US\" \/>\n<meta property=\"og:type\" content=\"article\" \/>\n<meta property=\"og:title\" content=\"Contact Us - MSD Czech Republic\" \/>\n<meta property=\"og:description\" content=\"Merck Sharp &amp; Dohme s.r.o. and MSD Czech Republic s.r.o. are part of the global Merck &amp; Co., Inc., Rahway NJ, USA, one of the world&#039;s leading pharmaceutical manufacturers.\" \/>\n<meta property=\"og:url\" content=\"https:\/\/www.msd.cz\/en\/contact-us\/\" \/>\n<meta property=\"og:site_name\" content=\"MSD Czech Republic\" \/>\n<meta property=\"article:publisher\" content=\"https:\/\/www.facebook.com\/MSDInvents\/\" \/>\n<meta property=\"article:modified_time\" content=\"2026-03-09T10:15:17+00:00\" \/>\n<meta property=\"og:image\" content=\"https:\/\/www.msd.cz\/en\/wp-content\/uploads\/sites\/98\/2023\/02\/web_hp_top_employer23.png\" \/>\n\t<meta property=\"og:image:width\" content=\"751\" \/>\n\t<meta property=\"og:image:height\" content=\"843\" \/>\n\t<meta property=\"og:image:type\" content=\"image\/png\" \/>\n<meta name=\"twitter:card\" content=\"summary_large_image\" \/>\n<meta name=\"twitter:site\" content=\"@MSDczech\" \/>\n<meta name=\"twitter:label1\" content=\"Est. reading time\" \/>\n\t<meta name=\"twitter:data1\" content=\"1 minute\" \/>\n<script type=\"application\/ld+json\" class=\"yoast-schema-graph\">{\"@context\":\"https:\/\/schema.org\",\"@graph\":[{\"@type\":\"WebPage\",\"@id\":\"https:\/\/www.msd.cz\/en\/contact-us\/\",\"url\":\"https:\/\/www.msd.cz\/en\/contact-us\/\",\"name\":\"Contact Us - MSD Czech Republic\",\"isPartOf\":{\"@id\":\"https:\/\/www.msd.cz\/en\/#website\"},\"datePublished\":\"2021-11-17T20:08:00+00:00\",\"dateModified\":\"2026-03-09T10:15:17+00:00\",\"description\":\"Merck Sharp & Dohme s.r.o. and MSD Czech Republic s.r.o. are part of the global Merck & Co., Inc., Rahway NJ, USA, one of the world's leading pharmaceutical manufacturers.\",\"inLanguage\":\"en-US\",\"potentialAction\":[{\"@type\":\"ReadAction\",\"target\":[\"https:\/\/www.msd.cz\/en\/contact-us\/\"]}]},{\"@type\":\"WebSite\",\"@id\":\"https:\/\/www.msd.cz\/en\/#website\",\"url\":\"https:\/\/www.msd.cz\/en\/\",\"name\":\"MSD Czech Republic\",\"description\":\"Just another vip2-msd.com site\",\"publisher\":{\"@id\":\"https:\/\/www.msd.cz\/en\/#organization\"},\"potentialAction\":[{\"@type\":\"SearchAction\",\"target\":{\"@type\":\"EntryPoint\",\"urlTemplate\":\"https:\/\/www.msd.cz\/en\/?s={search_term_string}\"},\"query-input\":\"required name=search_term_string\"}],\"inLanguage\":\"en-US\"},{\"@type\":\"Organization\",\"@id\":\"https:\/\/www.msd.cz\/en\/#organization\",\"name\":\"MSD Czech Republic\",\"url\":\"https:\/\/www.msd.cz\/en\/\",\"logo\":{\"@type\":\"ImageObject\",\"inLanguage\":\"en-US\",\"@id\":\"https:\/\/www.msd.cz\/en\/#\/schema\/logo\/image\/\",\"url\":\"https:\/\/www.msd.cz\/en\/wp-content\/uploads\/sites\/98\/2020\/10\/MSD.png\",\"contentUrl\":\"https:\/\/www.msd.cz\/en\/wp-content\/uploads\/sites\/98\/2020\/10\/MSD.png\",\"width\":2536,\"height\":1382,\"caption\":\"MSD Czech Republic\"},\"image\":{\"@id\":\"https:\/\/www.msd.cz\/en\/#\/schema\/logo\/image\/\"},\"sameAs\":[\"https:\/\/www.facebook.com\/MSDInvents\/\",\"https:\/\/twitter.com\/MSDczech\",\"https:\/\/www.instagram.com\/msdinvents\/\",\"https:\/\/www.linkedin.com\/company\/msdczech\/\",\"https:\/\/www.youtube.com\/channel\/UCzw0K-BF3OzlQVYn6BGHQQw\"]}]}<\/script>\n<!-- \/ Yoast SEO plugin. -->","yoast_head_json":{"title":"Contact Us - MSD Czech Republic","description":"Merck Sharp & Dohme s.r.o. and MSD Czech Republic s.r.o. are part of the global Merck & Co., Inc., Rahway NJ, USA, one of the world's leading pharmaceutical manufacturers.","robots":{"index":"index","follow":"follow","max-snippet":"max-snippet:-1","max-image-preview":"max-image-preview:large","max-video-preview":"max-video-preview:-1"},"canonical":"https:\/\/www.msd.cz\/en\/contact-us\/","og_locale":"en_US","og_type":"article","og_title":"Contact Us - MSD Czech Republic","og_description":"Merck Sharp & Dohme s.r.o. and MSD Czech Republic s.r.o. are part of the global Merck & Co., Inc., Rahway NJ, USA, one of the world's leading pharmaceutical manufacturers.","og_url":"https:\/\/www.msd.cz\/en\/contact-us\/","og_site_name":"MSD Czech Republic","article_publisher":"https:\/\/www.facebook.com\/MSDInvents\/","article_modified_time":"2026-03-09T10:15:17+00:00","og_image":[{"width":751,"height":843,"url":"https:\/\/www.msd.cz\/en\/wp-content\/uploads\/sites\/98\/2023\/02\/web_hp_top_employer23.png","type":"image\/png"}],"twitter_card":"summary_large_image","twitter_site":"@MSDczech","twitter_misc":{"Est. reading time":"1 minute"},"schema":{"@context":"https:\/\/schema.org","@graph":[{"@type":"WebPage","@id":"https:\/\/www.msd.cz\/en\/contact-us\/","url":"https:\/\/www.msd.cz\/en\/contact-us\/","name":"Contact Us - MSD Czech Republic","isPartOf":{"@id":"https:\/\/www.msd.cz\/en\/#website"},"datePublished":"2021-11-17T20:08:00+00:00","dateModified":"2026-03-09T10:15:17+00:00","description":"Merck Sharp & Dohme s.r.o. and MSD Czech Republic s.r.o. are part of the global Merck & Co., Inc., Rahway NJ, USA, one of the world's leading pharmaceutical manufacturers.","inLanguage":"en-US","potentialAction":[{"@type":"ReadAction","target":["https:\/\/www.msd.cz\/en\/contact-us\/"]}]},{"@type":"WebSite","@id":"https:\/\/www.msd.cz\/en\/#website","url":"https:\/\/www.msd.cz\/en\/","name":"MSD Czech Republic","description":"Just another vip2-msd.com site","publisher":{"@id":"https:\/\/www.msd.cz\/en\/#organization"},"potentialAction":[{"@type":"SearchAction","target":{"@type":"EntryPoint","urlTemplate":"https:\/\/www.msd.cz\/en\/?s={search_term_string}"},"query-input":"required name=search_term_string"}],"inLanguage":"en-US"},{"@type":"Organization","@id":"https:\/\/www.msd.cz\/en\/#organization","name":"MSD Czech Republic","url":"https:\/\/www.msd.cz\/en\/","logo":{"@type":"ImageObject","inLanguage":"en-US","@id":"https:\/\/www.msd.cz\/en\/#\/schema\/logo\/image\/","url":"https:\/\/www.msd.cz\/en\/wp-content\/uploads\/sites\/98\/2020\/10\/MSD.png","contentUrl":"https:\/\/www.msd.cz\/en\/wp-content\/uploads\/sites\/98\/2020\/10\/MSD.png","width":2536,"height":1382,"caption":"MSD Czech Republic"},"image":{"@id":"https:\/\/www.msd.cz\/en\/#\/schema\/logo\/image\/"},"sameAs":["https:\/\/www.facebook.com\/MSDInvents\/","https:\/\/twitter.com\/MSDczech","https:\/\/www.instagram.com\/msdinvents\/","https:\/\/www.linkedin.com\/company\/msdczech\/","https:\/\/www.youtube.com\/channel\/UCzw0K-BF3OzlQVYn6BGHQQw"]}]}},"acf":[],"_links":{"self":[{"href":"https:\/\/www.msd.cz\/en\/wp-json\/wp\/v2\/pages\/2630","targetHints":{"allow":["GET"]}}],"collection":[{"href":"https:\/\/www.msd.cz\/en\/wp-json\/wp\/v2\/pages"}],"about":[{"href":"https:\/\/www.msd.cz\/en\/wp-json\/wp\/v2\/types\/page"}],"author":[{"embeddable":true,"href":"https:\/\/www.msd.cz\/en\/wp-json\/wp\/v2\/users\/545"}],"replies":[{"embeddable":true,"href":"https:\/\/www.msd.cz\/en\/wp-json\/wp\/v2\/comments?post=2630"}],"version-history":[{"count":30,"href":"https:\/\/www.msd.cz\/en\/wp-json\/wp\/v2\/pages\/2630\/revisions"}],"predecessor-version":[{"id":5048,"href":"https:\/\/www.msd.cz\/en\/wp-json\/wp\/v2\/pages\/2630\/revisions\/5048"}],"wp:featuredmedia":[{"embeddable":true,"href":"https:\/\/www.msd.cz\/en\/wp-json\/wp\/v2\/media\/3612"}],"wp:attachment":[{"href":"https:\/\/www.msd.cz\/en\/wp-json\/wp\/v2\/media?parent=2630"}],"curies":[{"name":"wp","href":"https:\/\/api.w.org\/{rel}","templated":true}]}}