{"id":2428,"date":"2021-11-11T11:00:53","date_gmt":"2021-11-11T11:00:53","guid":{"rendered":"https:\/\/wwww.msd.cz\/en\/?page_id=2428"},"modified":"2021-12-20T11:51:30","modified_gmt":"2021-12-20T11:51:30","slug":"podminky-uziti","status":"publish","type":"page","link":"https:\/\/www.msd.cz\/en\/podminky-uziti\/","title":{"rendered":"Terms of Use"},"content":{"rendered":"\n<h1 class=\"wp-block-heading\">Podm\u00ednky u\u017eit\u00ed<\/h1>\n\n\n\n<h3 class=\"wp-block-heading\">Dohoda o podm\u00ednk\u00e1ch u\u017e\u00edv\u00e1n\u00ed<\/h3>\n\n\n\n<p>\u00da\u010dinn\u00e9 od 27.3.2019<\/p>\n\n\n\n<p>P\u0159e\u010dt\u011bte si pros\u00edm n\u00e1sleduj\u00edc\u00ed Dohodu o podm\u00ednk\u00e1ch u\u017e\u00edv\u00e1n\u00ed (d\u00e1le jen \u201eDohoda\u201c) p\u0159ed t\u00edm, ne\u017e za\u010dnete pou\u017e\u00edvat internetov\u00e9 str\u00e1nky spole\u010dnosti Merck Sharp &amp; Dohme s.r.o., se s\u00eddlem Na Valentince 3336\/4, 150 00 Praha 5, \u010cesk\u00e1 republika, I\u010c: 284 62 564, zapsan\u00e9 v obchodn\u00edm rejst\u0159\u00edku veden\u00e9m M\u011bstsk\u00fdm soudem v Praze v odd\u00edle C, vlo\u017eka 143 294 (d\u00e1le jen \u201eMSD\u201c) \u2013 www.msd.cz. Jestli\u017ee s Dohodou nesouhlas\u00edte, opus\u0165te po jej\u00edm p\u0159e\u010dten\u00ed internetov\u00e9 str\u00e1nky a neberte v \u00favahu jejich obsah, nebo\u0165 n\u00e1sledn\u00e9 u\u017e\u00edv\u00e1n\u00ed t\u011bchto internetov\u00fdch str\u00e1nek bude pova\u017eov\u00e1no za vyj\u00e1d\u0159en\u00ed Va\u0161eho souhlasu s Dohodou.<\/p>\n\n\n\n<p>V\u00edtejte. Internetov\u00e9 str\u00e1nky vlastn\u00ed a provozuje spole\u010dnost MSD.<\/p>\n\n\n\n<p>Internetov\u00e9 str\u00e1nky a jejich obsah byl vytv\u00e1\u0159en v souladu s p\u0159\u00edslu\u0161n\u00fdmi pr\u00e1vn\u00edmi p\u0159edpisy.<\/p>\n\n\n\n<h3 class=\"wp-block-heading\">P\u0158IJET\u00cd DOHODY<\/h3>\n\n\n\n<p>Pou\u017e\u00edv\u00e1n\u00edm internetov\u00fdch str\u00e1nek vyjad\u0159ujete V\u00e1\u0161 souhlas s obsahem Dohody, p\u0159i\u010dem\u017e spole\u010dnost MSD p\u0159edpokl\u00e1d\u00e1, \u017ee pr\u00e1va a povinnosti v n\u00ed obsa\u017een\u00e9 budete dodr\u017eovat. Spole\u010dnost MSD je opr\u00e1vn\u011bna Dohodu jednostrann\u011b zm\u011bnit, p\u0159i\u010dem\u017e ozn\u00e1men\u00ed o proveden\u00fdch zm\u011bn\u00e1ch spole\u010dn\u011b s datem \u00fa\u010dinnosti t\u011bchto zm\u011bn vhodn\u00fdm zp\u016fsobem zve\u0159ejn\u00ed. Platnou verzi Dohody si m\u016f\u017eete kdykoliv zobrazit prost\u0159ednictv\u00edm p\u0159\u00edslu\u0161n\u00e9ho odkazu na spodn\u00ed li\u0161t\u011b internetov\u00e9 str\u00e1nky.<\/p>\n\n\n\n<h3 class=\"wp-block-heading\">ROZSAH<\/h3>\n\n\n\n<p>Podm\u00ednky u\u017e\u00edv\u00e1n\u00ed stanoven\u00e9 v Dohod\u011b se t\u00fdkaj\u00ed pouze Va\u0161eho u\u017e\u00edv\u00e1n\u00ed t\u00e9to internetov\u00e9 str\u00e1nky. Spole\u010dnost MSD provozuje i jin\u00e9 internetov\u00e9 str\u00e1nky; jejich u\u017e\u00edv\u00e1n\u00ed v\u0161ak podl\u00e9h\u00e1 podm\u00ednk\u00e1m uveden\u00fdm p\u0159\u00edmo na jednotliv\u00fdch internetov\u00fdch str\u00e1nk\u00e1ch.<\/p>\n\n\n\n<h3 class=\"wp-block-heading\">ZDRAVOTN\u00cd STAV<\/h3>\n\n\n\n<p>Berete na v\u011bdom\u00ed, \u017ee o vhodnosti p\u0159\u00edpadn\u00e9 l\u00e9\u010dby ur\u010dit\u00fdm hum\u00e1nn\u00edm l\u00e9\u010div\u00fdm p\u0159\u00edpravkem pou\u017eit\u00fdm v r\u00e1mci vakcina\u010dn\u00ed akce schv\u00e1len\u00e9 Ministerstvem zdravotnictv\u00ed, jeho\u017e v\u00fddej je v\u00e1z\u00e1n na l\u00e9ka\u0159sk\u00fd p\u0159edpis, rozhoduje V\u00e1\u0161 l\u00e9ka\u0159 ve spolupr\u00e1ci s V\u00e1mi, a o vhodnosti l\u00e9\u010dby hum\u00e1nn\u00edm l\u00e9\u010div\u00fdm p\u0159\u00edpravkem, jeho\u017e v\u00fddej nen\u00ed v\u00e1z\u00e1n na l\u00e9ka\u0159sk\u00fd p\u0159edpis, byste se v\u017edy m\u011bl\/a poradit s va\u0161\u00edm l\u00e9ka\u0159em \u010di l\u00e9k\u00e1rn\u00edkem.<\/p>\n\n\n\n<p>Nenab\u00edz\u00edme diagn\u00f3zy pro ur\u010dit\u00e9 osoby, ani rady k l\u00e9\u010db\u011b dan\u00e9ho pacienta. Jedin\u011b l\u00e9ka\u0159 v p\u0159\u00edpad\u011b vakc\u00edn pou\u017eit\u00fdch v r\u00e1mci vakcina\u010dn\u00ed akce schv\u00e1len\u00e9 Ministerstvem zdravotnictv\u00ed nebo l\u00e9k\u00e1rn\u00edk u voln\u011b prodejn\u00fdch l\u00e9\u010div m\u016f\u017ee ur\u010dit, zda je l\u00e9\u010div\u00fd p\u0159\u00edpravek uveden\u00fd na internetov\u00fdch str\u00e1nk\u00e1ch pro V\u00e1s vhodn\u00fd.<\/p>\n\n\n\n<p>Pora\u010fte se sv\u00fdm l\u00e9ka\u0159em nebo se sv\u00fdm l\u00e9k\u00e1rn\u00edkem (u voln\u011b prodejn\u00fdch l\u00e9\u010div) p\u0159ed t\u00edm, ne\u017e za\u010dnete u\u017e\u00edvat jak\u00fdkoli l\u00e9\u010div\u00fd p\u0159\u00edpravek uveden\u00fd na t\u00e9to nebo jin\u00e9 internetov\u00e9 str\u00e1nce.<\/p>\n\n\n\n<h3 class=\"wp-block-heading\">POPIS SLU\u017dEB<\/h3>\n\n\n\n<p>Tyto internetov\u00e9 str\u00e1nky obsahuj\u00ed informace o spole\u010dnosti MSD a jej\u00edch jednotliv\u00fdch l\u00e9\u010div\u00fdch p\u0159\u00edpravc\u00edch. Internetov\u00e9 str\u00e1nky m\u016f\u017eete prohl\u00ed\u017eet podle pot\u0159eby. N\u011bkter\u00e9 internetov\u00e9 str\u00e1nky spole\u010dnosti MSD jsou ur\u010deny pro r\u016fzn\u00e9 u\u017eivatele, mezi n\u011b\u017e pat\u0159\u00ed zam\u011bstnanci a akcion\u00e1\u0159i spole\u010dnosti MSD, jako\u017e i odborn\u00edci z oblasti zdravotnictv\u00ed. P\u0159\u00edstup k informac\u00edm obsa\u017een\u00fdm na internetov\u00fdch str\u00e1nk\u00e1ch a jejich u\u017e\u00edv\u00e1n\u00ed se \u0159\u00edd\u00ed Dohodou a p\u0159\u00edslu\u0161n\u00fdmi pr\u00e1vn\u00edmi p\u0159edpisy. T\u00edm, \u017ee otev\u0159ete a prohl\u00ed\u017e\u00edte internetov\u00e9 str\u00e1nky, p\u0159ij\u00edm\u00e1te bez omezen\u00ed nebo n\u00e1rok\u016f tuto Dohodu a souhlas\u00edte, \u017ee Dohoda nahrazuje jakoukoli jinou dohodu mezi V\u00e1mi a spole\u010dnost\u00ed MSD.<\/p>\n\n\n\n<h3 class=\"wp-block-heading\">PROHL\u00c1\u0160EN\u00cd<\/h3>\n\n\n\n<p>Pokud n\u00e1m sd\u011bl\u00edte informace p\u0159edstavuj\u00edc\u00ed V\u00e1\u0161 n\u00e1zor ohledn\u011b internetov\u00fdch str\u00e1nek nebo jin\u00e9 informace, jako jsou nap\u0159. dotazy, pozn\u00e1mky \u010di n\u00e1vrhy k obsahu internetov\u00fdch str\u00e1nek, nebudou tyto informace pova\u017eov\u00e1ny za d\u016fv\u011brn\u00e9. Spole\u010dnost MSD nebude odpov\u011bdn\u00e1 za ochranu t\u011bchto informac\u00ed a bude opr\u00e1vn\u011bna poskytnut\u00e9 informace reprodukovat, pou\u017e\u00edvat, sd\u011blovat a distribuovat t\u0159et\u00edm osob\u00e1m bez omezen\u00ed. Spole\u010dnost MSD bude opr\u00e1vn\u011bna pou\u017e\u00edvat jak\u00e9koli n\u00e1pady, koncepce, znalosti a zku\u0161enosti nebo techniky obsa\u017een\u00e9 v takov\u00fdch informac\u00edch k jak\u00e9mukoli \u00fa\u010delu, p\u0159edev\u0161\u00edm pak k v\u00fdvoji, v\u00fdrob\u011b a propagaci l\u00e9\u010div\u00fdch p\u0159\u00edpravk\u016f, p\u0159i nich\u017e budou tyto informace vyu\u017eity.<\/p>\n\n\n\n<h3 class=\"wp-block-heading\">REGISTRACE A OCHRANA SOUKROM\u00cd<\/h3>\n\n\n\n<p>Informace o postupech pro registraci a o tom, jak spole\u010dnost MSD chr\u00e1n\u00ed Va\u0161e osobn\u00ed \u00fadaje, najdete v z\u00e1sad\u00e1ch spole\u010dnosti MSD o ocharn\u011b osobn\u00edch \u00fadaj\u016f p\u0159i u\u017e\u00edv\u00e1n\u00ed internetov\u00fdch str\u00e1nek www.msd.cz.<\/p>\n\n\n\n<h3 class=\"wp-block-heading\">PROPOJEN\u00cd NA JIN\u00c9 INTERNETOV\u00c9 STR\u00c1NKY<\/h3>\n\n\n\n<p>Tyto internetov\u00e9 str\u00e1nky neobsahuj\u00ed informace t\u0159et\u00edch osob. Jin\u00e9 internetov\u00e9 str\u00e1nky provozovan\u00e9 spole\u010dnost\u00ed MSD, se kter\u00fdmi jsou internetov\u00e9 str\u00e1nky www.msd.cz propojeny, v\u0161ak mohou takov\u00e9to informace obsahovat.<\/p>\n\n\n\n<p>Tyto internetov\u00e9 str\u00e1nky t\u0159et\u00edch osob se pot\u00e9 \u0159\u00edd\u00ed jejich vlastn\u00edmi podm\u00ednkami pro u\u017e\u00edv\u00e1n\u00ed, kter\u00e9 jsou zobrazeny a p\u0159\u00edstupn\u00e9 na jednotliv\u00fdch internetov\u00fdch str\u00e1nk\u00e1ch.<\/p>\n\n\n\n<h3 class=\"wp-block-heading\">ODM\u00cdTNUT\u00cd Z\u00c1RUK<\/h3>\n\n\n\n<p>Spole\u010dnost MSD u\u010dinila p\u0159im\u011b\u0159en\u00e1 opat\u0159en\u00ed, aby zajistila spolehlivost informac\u00ed zve\u0159ejn\u011bn\u00fdch na t\u011bchto internetov\u00fdch str\u00e1nk\u00e1ch. U\u017e\u00edv\u00e1n\u00edm internetov\u00fdch str\u00e1nek p\u0159ij\u00edm\u00e1te informace, produkty a slu\u017eby zde poskytovan\u00e9 \u201eTAK, JAK JSOU\u201c. Spole\u010dnost MSD nevyd\u00e1v\u00e1 \u017e\u00e1dnou v\u00fdslovnou ani odvozenou z\u00e1ruku t\u00fdkaj\u00edc\u00ed se p\u0159esnosti, obsahu, \u00faplnosti, spolehlivosti, funk\u010dnosti nebo z\u00e1konnosti informac\u00ed obsa\u017een\u00fdch na internetov\u00fdch str\u00e1nk\u00e1ch, nap\u0159\u00edklad z\u00e1ruku za prodejnost, vhodnost k ur\u010dit\u00e9mu \u00fa\u010delu a nenaru\u0161ov\u00e1n\u00ed vlastnick\u00fdch pr\u00e1v.<\/p>\n\n\n\n<h3 class=\"wp-block-heading\">D\u016eSLEDKY<\/h3>\n\n\n\n<p>Pokud v d\u016fsledku poru\u0161en\u00ed Dohody vznikne majetkov\u00e1 \u010di nemajetkov\u00e1 \u00fajma t\u0159et\u00edm osob\u00e1m, spole\u010dnost MSD nenese odpov\u011bdnost za toto poru\u0161en\u00ed a Vy jste povinni nahradit takovouto \u00fajmu v pln\u00e9m rozsahu, jako\u017e i zamezit jak\u00e9mukoliv n\u00e1roku plynouc\u00edmu z tohoto poru\u0161en\u00ed v\u016f\u010di spole\u010dnosti MSD.<\/p>\n\n\n\n<p>Vznikne-li mezi V\u00e1mi a spole\u010dnost\u00ed MSD jak\u00fdkoli spor t\u00fdkaj\u00edc\u00ed se Dohody nebo Va\u0161eho u\u017e\u00edv\u00e1n\u00ed internetov\u00fdch str\u00e1nek, bude \u0159e\u0161en jedn\u00e1n\u00edm v dobr\u00e9 v\u00ed\u0159e. Budou-li takov\u00e9 snahy ne\u00fasp\u011b\u0161n\u00e9, budou v\u0161echny takov\u00e9 spory, n\u00e1roky nebo rozd\u00edln\u00e9 n\u00e1zory p\u0159edlo\u017eeny p\u0159\u00edslu\u0161n\u00e9mu \u010desk\u00e9mu soudu. Tyto str\u00e1nky jsou ur\u010deny pro obyvatele \u010cesk\u00e9 republiky. Poskytov\u00e1n\u00ed slu\u017eeb t\u011bchto webov\u00fdch str\u00e1nek a tato Dohoda se \u0159\u00edd\u00ed pr\u00e1vn\u00edmi p\u0159edpisy \u010cesk\u00e9 republiky. P\u0159e\u010dt\u011bte si, pros\u00edm, na\u0161e Z\u00e1sady ochrany osobn\u00edch \u00fadaj\u016f, abyste se dozv\u011bd\u011bli, jak MSD chr\u00e1n\u00ed Va\u0161e osobn\u00ed \u00fadaje.<\/p>\n","protected":false},"excerpt":{"rendered":"<p>Podm\u00ednky u\u017eit\u00ed Dohoda o podm\u00ednk\u00e1ch u\u017e\u00edv\u00e1n\u00ed \u00da\u010dinn\u00e9 od 27.3.2019 P\u0159e\u010dt\u011bte si pros\u00edm n\u00e1sleduj\u00edc\u00ed Dohodu o podm\u00ednk\u00e1ch u\u017e\u00edv\u00e1n\u00ed (d\u00e1le jen \u201eDohoda\u201c) p\u0159ed t\u00edm, ne\u017e za\u010dnete pou\u017e\u00edvat internetov\u00e9 str\u00e1nky spole\u010dnosti Merck Sharp &amp; Dohme s.r.o., se s\u00eddlem Na Valentince 3336\/4, 150 00 Praha 5, \u010cesk\u00e1 republika, I\u010c: 284 62 564, zapsan\u00e9 v obchodn\u00edm rejst\u0159\u00edku veden\u00e9m M\u011bstsk\u00fdm soudem [&hellip;]<\/p>\n","protected":false},"author":545,"featured_media":0,"parent":0,"menu_order":0,"comment_status":"closed","ping_status":"closed","template":"","meta":{"_acf_changed":false,"bdl_company_name":[],"bdl_item_external_link":[],"editor_notices":[],"footnotes":""},"class_list":["post-2428","page","type-page","status-publish","hentry"],"yoast_head":"<!-- This site is optimized with the Yoast SEO plugin v21.9.1 - https:\/\/yoast.com\/wordpress\/plugins\/seo\/ -->\n<title>Terms of Use - MSD Czech Republic<\/title>\n<meta name=\"robots\" content=\"index, follow, max-snippet:-1, max-image-preview:large, max-video-preview:-1\" \/>\n<link rel=\"canonical\" href=\"https:\/\/www.msd.cz\/en\/podminky-uziti\/\" \/>\n<meta property=\"og:locale\" content=\"en_US\" \/>\n<meta property=\"og:type\" content=\"article\" \/>\n<meta property=\"og:title\" content=\"Terms of Use - MSD Czech Republic\" \/>\n<meta property=\"og:description\" content=\"Podm\u00ednky u\u017eit\u00ed Dohoda o podm\u00ednk\u00e1ch u\u017e\u00edv\u00e1n\u00ed \u00da\u010dinn\u00e9 od 27.3.2019 P\u0159e\u010dt\u011bte si pros\u00edm n\u00e1sleduj\u00edc\u00ed Dohodu o podm\u00ednk\u00e1ch u\u017e\u00edv\u00e1n\u00ed (d\u00e1le jen \u201eDohoda\u201c) p\u0159ed t\u00edm, ne\u017e za\u010dnete pou\u017e\u00edvat internetov\u00e9 str\u00e1nky spole\u010dnosti Merck Sharp &amp; Dohme s.r.o., se s\u00eddlem Na Valentince 3336\/4, 150 00 Praha 5, \u010cesk\u00e1 republika, I\u010c: 284 62 564, zapsan\u00e9 v obchodn\u00edm rejst\u0159\u00edku veden\u00e9m M\u011bstsk\u00fdm soudem [&hellip;]\" \/>\n<meta property=\"og:url\" content=\"https:\/\/www.msd.cz\/en\/podminky-uziti\/\" \/>\n<meta property=\"og:site_name\" content=\"MSD Czech Republic\" \/>\n<meta property=\"article:publisher\" content=\"https:\/\/www.facebook.com\/MSDInvents\/\" \/>\n<meta property=\"article:modified_time\" content=\"2021-12-20T11:51:30+00:00\" \/>\n<meta property=\"og:image\" content=\"https:\/\/www.msd.cz\/en\/wp-content\/uploads\/sites\/98\/2020\/10\/MSD.png\" \/>\n\t<meta property=\"og:image:width\" content=\"2536\" \/>\n\t<meta property=\"og:image:height\" content=\"1382\" \/>\n\t<meta property=\"og:image:type\" content=\"image\/png\" \/>\n<meta name=\"twitter:card\" content=\"summary_large_image\" \/>\n<meta name=\"twitter:site\" content=\"@MSDczech\" \/>\n<meta name=\"twitter:label1\" content=\"Est. reading time\" \/>\n\t<meta name=\"twitter:data1\" content=\"6 minutes\" \/>\n<script type=\"application\/ld+json\" class=\"yoast-schema-graph\">{\"@context\":\"https:\/\/schema.org\",\"@graph\":[{\"@type\":\"WebPage\",\"@id\":\"https:\/\/www.msd.cz\/en\/podminky-uziti\/\",\"url\":\"https:\/\/www.msd.cz\/en\/podminky-uziti\/\",\"name\":\"Terms of Use - MSD Czech Republic\",\"isPartOf\":{\"@id\":\"https:\/\/www.msd.cz\/en\/#website\"},\"datePublished\":\"2021-11-11T11:00:53+00:00\",\"dateModified\":\"2021-12-20T11:51:30+00:00\",\"inLanguage\":\"en-US\",\"potentialAction\":[{\"@type\":\"ReadAction\",\"target\":[\"https:\/\/www.msd.cz\/en\/podminky-uziti\/\"]}]},{\"@type\":\"WebSite\",\"@id\":\"https:\/\/www.msd.cz\/en\/#website\",\"url\":\"https:\/\/www.msd.cz\/en\/\",\"name\":\"MSD Czech Republic\",\"description\":\"Just another vip2-msd.com site\",\"publisher\":{\"@id\":\"https:\/\/www.msd.cz\/en\/#organization\"},\"potentialAction\":[{\"@type\":\"SearchAction\",\"target\":{\"@type\":\"EntryPoint\",\"urlTemplate\":\"https:\/\/www.msd.cz\/en\/?s={search_term_string}\"},\"query-input\":\"required name=search_term_string\"}],\"inLanguage\":\"en-US\"},{\"@type\":\"Organization\",\"@id\":\"https:\/\/www.msd.cz\/en\/#organization\",\"name\":\"MSD Czech Republic\",\"url\":\"https:\/\/www.msd.cz\/en\/\",\"logo\":{\"@type\":\"ImageObject\",\"inLanguage\":\"en-US\",\"@id\":\"https:\/\/www.msd.cz\/en\/#\/schema\/logo\/image\/\",\"url\":\"https:\/\/www.msd.cz\/en\/wp-content\/uploads\/sites\/98\/2020\/10\/MSD.png\",\"contentUrl\":\"https:\/\/www.msd.cz\/en\/wp-content\/uploads\/sites\/98\/2020\/10\/MSD.png\",\"width\":2536,\"height\":1382,\"caption\":\"MSD Czech Republic\"},\"image\":{\"@id\":\"https:\/\/www.msd.cz\/en\/#\/schema\/logo\/image\/\"},\"sameAs\":[\"https:\/\/www.facebook.com\/MSDInvents\/\",\"https:\/\/twitter.com\/MSDczech\",\"https:\/\/www.instagram.com\/msdinvents\/\",\"https:\/\/www.linkedin.com\/company\/msdczech\/\",\"https:\/\/www.youtube.com\/channel\/UCzw0K-BF3OzlQVYn6BGHQQw\"]}]}<\/script>\n<!-- \/ Yoast SEO plugin. -->","yoast_head_json":{"title":"Terms of Use - MSD Czech Republic","robots":{"index":"index","follow":"follow","max-snippet":"max-snippet:-1","max-image-preview":"max-image-preview:large","max-video-preview":"max-video-preview:-1"},"canonical":"https:\/\/www.msd.cz\/en\/podminky-uziti\/","og_locale":"en_US","og_type":"article","og_title":"Terms of Use - MSD Czech Republic","og_description":"Podm\u00ednky u\u017eit\u00ed Dohoda o podm\u00ednk\u00e1ch u\u017e\u00edv\u00e1n\u00ed \u00da\u010dinn\u00e9 od 27.3.2019 P\u0159e\u010dt\u011bte si pros\u00edm n\u00e1sleduj\u00edc\u00ed Dohodu o podm\u00ednk\u00e1ch u\u017e\u00edv\u00e1n\u00ed (d\u00e1le jen \u201eDohoda\u201c) p\u0159ed t\u00edm, ne\u017e za\u010dnete pou\u017e\u00edvat internetov\u00e9 str\u00e1nky spole\u010dnosti Merck Sharp &amp; Dohme s.r.o., se s\u00eddlem Na Valentince 3336\/4, 150 00 Praha 5, \u010cesk\u00e1 republika, I\u010c: 284 62 564, zapsan\u00e9 v obchodn\u00edm rejst\u0159\u00edku veden\u00e9m M\u011bstsk\u00fdm soudem [&hellip;]","og_url":"https:\/\/www.msd.cz\/en\/podminky-uziti\/","og_site_name":"MSD Czech Republic","article_publisher":"https:\/\/www.facebook.com\/MSDInvents\/","article_modified_time":"2021-12-20T11:51:30+00:00","og_image":[{"width":2536,"height":1382,"url":"https:\/\/www.msd.cz\/en\/wp-content\/uploads\/sites\/98\/2020\/10\/MSD.png","type":"image\/png"}],"twitter_card":"summary_large_image","twitter_site":"@MSDczech","twitter_misc":{"Est. reading time":"6 minutes"},"schema":{"@context":"https:\/\/schema.org","@graph":[{"@type":"WebPage","@id":"https:\/\/www.msd.cz\/en\/podminky-uziti\/","url":"https:\/\/www.msd.cz\/en\/podminky-uziti\/","name":"Terms of Use - MSD Czech Republic","isPartOf":{"@id":"https:\/\/www.msd.cz\/en\/#website"},"datePublished":"2021-11-11T11:00:53+00:00","dateModified":"2021-12-20T11:51:30+00:00","inLanguage":"en-US","potentialAction":[{"@type":"ReadAction","target":["https:\/\/www.msd.cz\/en\/podminky-uziti\/"]}]},{"@type":"WebSite","@id":"https:\/\/www.msd.cz\/en\/#website","url":"https:\/\/www.msd.cz\/en\/","name":"MSD Czech Republic","description":"Just another vip2-msd.com site","publisher":{"@id":"https:\/\/www.msd.cz\/en\/#organization"},"potentialAction":[{"@type":"SearchAction","target":{"@type":"EntryPoint","urlTemplate":"https:\/\/www.msd.cz\/en\/?s={search_term_string}"},"query-input":"required name=search_term_string"}],"inLanguage":"en-US"},{"@type":"Organization","@id":"https:\/\/www.msd.cz\/en\/#organization","name":"MSD Czech Republic","url":"https:\/\/www.msd.cz\/en\/","logo":{"@type":"ImageObject","inLanguage":"en-US","@id":"https:\/\/www.msd.cz\/en\/#\/schema\/logo\/image\/","url":"https:\/\/www.msd.cz\/en\/wp-content\/uploads\/sites\/98\/2020\/10\/MSD.png","contentUrl":"https:\/\/www.msd.cz\/en\/wp-content\/uploads\/sites\/98\/2020\/10\/MSD.png","width":2536,"height":1382,"caption":"MSD Czech Republic"},"image":{"@id":"https:\/\/www.msd.cz\/en\/#\/schema\/logo\/image\/"},"sameAs":["https:\/\/www.facebook.com\/MSDInvents\/","https:\/\/twitter.com\/MSDczech","https:\/\/www.instagram.com\/msdinvents\/","https:\/\/www.linkedin.com\/company\/msdczech\/","https:\/\/www.youtube.com\/channel\/UCzw0K-BF3OzlQVYn6BGHQQw"]}]}},"acf":[],"_links":{"self":[{"href":"https:\/\/www.msd.cz\/en\/wp-json\/wp\/v2\/pages\/2428","targetHints":{"allow":["GET"]}}],"collection":[{"href":"https:\/\/www.msd.cz\/en\/wp-json\/wp\/v2\/pages"}],"about":[{"href":"https:\/\/www.msd.cz\/en\/wp-json\/wp\/v2\/types\/page"}],"author":[{"embeddable":true,"href":"https:\/\/www.msd.cz\/en\/wp-json\/wp\/v2\/users\/545"}],"replies":[{"embeddable":true,"href":"https:\/\/www.msd.cz\/en\/wp-json\/wp\/v2\/comments?post=2428"}],"version-history":[{"count":2,"href":"https:\/\/www.msd.cz\/en\/wp-json\/wp\/v2\/pages\/2428\/revisions"}],"predecessor-version":[{"id":3316,"href":"https:\/\/www.msd.cz\/en\/wp-json\/wp\/v2\/pages\/2428\/revisions\/3316"}],"wp:attachment":[{"href":"https:\/\/www.msd.cz\/en\/wp-json\/wp\/v2\/media?parent=2428"}],"curies":[{"name":"wp","href":"https:\/\/api.w.org\/{rel}","templated":true}]}}