{"id":2057,"date":"2021-10-26T18:56:05","date_gmt":"2021-10-26T18:56:05","guid":{"rendered":"https:\/\/wwww.msd.cz\/en\/?page_id=2057"},"modified":"2025-06-29T18:59:24","modified_gmt":"2025-06-29T18:59:24","slug":"transparentni-spoluprace","status":"publish","type":"page","link":"https:\/\/www.msd.cz\/en\/lidske-zdravi\/transparentni-spoluprace\/","title":{"rendered":"Disclosure of payments"},"content":{"rendered":"<div id=\"mco-title-block-block_2e3ce6f1aab7300957bab170cbb24540\" \n\t class=\"mco-title-block mccberg-block has-background full negative\" \n\t style='background-image: url(https:\/\/www.msd.cz\/en\/wp-content\/uploads\/sites\/98\/2021\/10\/patients-05-p1-header-dark-1920x900-1.jpg?w=1600);'\t >\n\t<div class=\"wrapper\">\n\t\t<div class=\"mco-title-block-content\">\n\t\t\t\n\t\t\t<h2 class=\"mco-title-block-title\">AIFP Disclosure of payments to HCPs<\/h2>\n\n\t\t\t\t\t\t\t<p class=\"mco-title-block-description\"><h4>Transparency is critical. Honest, full and accurate information and timely disclosure of that information allows stakeholders to make informed decisions about our company and our products.<\/h4>\n<\/p>\n\t\t\t\t\t\t\n\t\t\t\t\t<\/div>\n\t<\/div>\n<\/div>\n\n\n<p>At Merck Sharp &amp; Dohme s.r.o. (MSD), we honor our commitment to disclose payments to healthcare professionals and healthcare organizations in accordance with laws and regulations to promote transparency as well as to prevent any real or perceived conflicts of interest.<\/p>\n\n\n\n<p>As a member of Asociace inovativn\u00edho farmaceutick\u00e9ho pr\u016fmyslu (AIFP), we disclose direct and indirect Transfers of Value we make to or for the benefit of healthcare professionals and healthcare organizations on an annual basis. The detailed disclosure is available at\u00a0<a href=\"https:\/\/www.transparentnispoluprace.cz\/\">www.transparentnispoluprace.cz<\/a>. In the Czech Republic, this obligation is extended to include the requirement of disclosing values to professional congress organizers.<\/p>\n\n\n\n<p>The Methodology Statement defines the relevant types of transfers to be disclosed, which transfers are excluded, and other relevant information to assist the reader understand how MSD collected, organized and reported the disclosed data.<\/p>\n\n\n\n<div class=\"wp-block-columns is-layout-flex wp-container-core-columns-is-layout-9d6595d7 wp-block-columns-is-layout-flex\">\n<div class=\"wp-block-column is-layout-flow wp-block-column-is-layout-flow\">\n<h2 class=\"wp-block-heading\">Methology Statementes<\/h2>\n\n\n\n<div class=\"wp-block-file\"><a id=\"wp-block-file--media-22237bb8-d28f-4390-ad5c-b0a0520f5d98\" href=\"https:\/\/www.msd.cz\/en\/wp-content\/uploads\/sites\/98\/2025\/06\/MSD-Methodology-Statement-2024.pdf\">MSD Methodology Statement 2024<\/a><a href=\"https:\/\/www.msd.cz\/en\/wp-content\/uploads\/sites\/98\/2025\/06\/MSD-Methodology-Statement-2024.pdf\" class=\"wp-block-file__button wp-element-button\" download aria-describedby=\"wp-block-file--media-22237bb8-d28f-4390-ad5c-b0a0520f5d98\">Download<\/a><\/div>\n\n\n\n<div class=\"wp-block-file\"><a id=\"wp-block-file--media-c45971cf-a438-4cc5-b9dc-a6f6b728c2d1\" href=\"https:\/\/www.msd.cz\/en\/wp-content\/uploads\/sites\/98\/2024\/06\/MSD-Method-Statement-2023.pdf\">MSD Methodology Statement 2023<\/a><a href=\"https:\/\/www.msd.cz\/en\/wp-content\/uploads\/sites\/98\/2024\/06\/MSD-Method-Statement-2023.pdf\" class=\"wp-block-file__button wp-element-button\" download aria-describedby=\"wp-block-file--media-c45971cf-a438-4cc5-b9dc-a6f6b728c2d1\">Download<\/a><\/div>\n\n\n\n<div class=\"wp-block-file\"><a id=\"wp-block-file--media-b1ebf1ab-35dc-49b6-be5b-c111601ad333\" href=\"https:\/\/www.msd.cz\/en\/wp-content\/uploads\/sites\/98\/2023\/06\/MSD-Methodology-Statement-2022-1.pdf\">MSD Methodology Statement 2022<\/a><a href=\"https:\/\/www.msd.cz\/en\/wp-content\/uploads\/sites\/98\/2023\/06\/MSD-Methodology-Statement-2022-1.pdf\" class=\"wp-block-file__button wp-element-button\" download aria-describedby=\"wp-block-file--media-b1ebf1ab-35dc-49b6-be5b-c111601ad333\">Download<\/a><\/div>\n<\/div>\n\n\n\n<div class=\"wp-block-column is-layout-flow wp-block-column-is-layout-flow\">\n<h2 class=\"wp-block-heading\"><\/h2>\n\n\n\n<figure class=\"wp-block-image size-large\"><img loading=\"lazy\" decoding=\"async\" width=\"1000\" height=\"370\" src=\"https:\/\/www.msd.cz\/en\/wp-content\/uploads\/sites\/98\/2022\/03\/patients-05-p2-logo-1000x370-1.png\" alt=\"\" class=\"wp-image-3436\"\/><\/figure>\n<\/div>\n<\/div>\n","protected":false},"excerpt":{"rendered":"<p>At Merck Sharp &amp; Dohme s.r.o. (MSD), we honor our commitment to disclose payments to healthcare professionals and healthcare organizations in accordance with laws and regulations to promote transparency as well as to prevent any real or perceived conflicts of interest. As a member of Asociace inovativn\u00edho farmaceutick\u00e9ho pr\u016fmyslu (AIFP), we disclose direct and indirect [&hellip;]<\/p>\n","protected":false},"author":545,"featured_media":0,"parent":1982,"menu_order":0,"comment_status":"closed","ping_status":"closed","template":"","meta":{"_acf_changed":false,"bdl_company_name":[],"bdl_item_external_link":[],"editor_notices":[],"footnotes":""},"class_list":["post-2057","page","type-page","status-publish","hentry"],"yoast_head":"<!-- This site is optimized with the Yoast SEO plugin v21.9.1 - https:\/\/yoast.com\/wordpress\/plugins\/seo\/ -->\n<title>Disclosure of payments - MSD Czech Republic<\/title>\n<meta name=\"robots\" content=\"index, follow, max-snippet:-1, max-image-preview:large, max-video-preview:-1\" \/>\n<link rel=\"canonical\" href=\"https:\/\/www.msd.cz\/en\/lidske-zdravi\/transparentni-spoluprace\/\" \/>\n<meta property=\"og:locale\" content=\"en_US\" \/>\n<meta property=\"og:type\" content=\"article\" \/>\n<meta property=\"og:title\" content=\"Disclosure of payments - MSD Czech Republic\" \/>\n<meta property=\"og:description\" content=\"At Merck Sharp &amp; Dohme s.r.o. (MSD), we honor our commitment to disclose payments to healthcare professionals and healthcare organizations in accordance with laws and regulations to promote transparency as well as to prevent any real or perceived conflicts of interest. As a member of Asociace inovativn\u00edho farmaceutick\u00e9ho pr\u016fmyslu (AIFP), we disclose direct and indirect [&hellip;]\" \/>\n<meta property=\"og:url\" content=\"https:\/\/www.msd.cz\/en\/lidske-zdravi\/transparentni-spoluprace\/\" \/>\n<meta property=\"og:site_name\" content=\"MSD Czech Republic\" \/>\n<meta property=\"article:publisher\" content=\"https:\/\/www.facebook.com\/MSDInvents\/\" \/>\n<meta property=\"article:modified_time\" content=\"2025-06-29T18:59:24+00:00\" \/>\n<meta property=\"og:image\" content=\"https:\/\/www.msd.cz\/en\/wp-content\/uploads\/sites\/98\/2022\/03\/patients-05-p2-logo-1000x370-1.png\" \/>\n<meta name=\"twitter:card\" content=\"summary_large_image\" \/>\n<meta name=\"twitter:site\" content=\"@MSDczech\" \/>\n<meta name=\"twitter:label1\" content=\"Est. reading time\" \/>\n\t<meta name=\"twitter:data1\" content=\"1 minute\" \/>\n<script type=\"application\/ld+json\" class=\"yoast-schema-graph\">{\"@context\":\"https:\/\/schema.org\",\"@graph\":[{\"@type\":\"WebPage\",\"@id\":\"https:\/\/www.msd.cz\/en\/lidske-zdravi\/transparentni-spoluprace\/\",\"url\":\"https:\/\/www.msd.cz\/en\/lidske-zdravi\/transparentni-spoluprace\/\",\"name\":\"Disclosure of payments - MSD Czech Republic\",\"isPartOf\":{\"@id\":\"https:\/\/www.msd.cz\/en\/#website\"},\"datePublished\":\"2021-10-26T18:56:05+00:00\",\"dateModified\":\"2025-06-29T18:59:24+00:00\",\"breadcrumb\":{\"@id\":\"https:\/\/www.msd.cz\/en\/lidske-zdravi\/transparentni-spoluprace\/#breadcrumb\"},\"inLanguage\":\"en-US\",\"potentialAction\":[{\"@type\":\"ReadAction\",\"target\":[\"https:\/\/www.msd.cz\/en\/lidske-zdravi\/transparentni-spoluprace\/\"]}]},{\"@type\":\"BreadcrumbList\",\"@id\":\"https:\/\/www.msd.cz\/en\/lidske-zdravi\/transparentni-spoluprace\/#breadcrumb\",\"itemListElement\":[{\"@type\":\"ListItem\",\"position\":1,\"name\":\"Human Health\",\"item\":\"https:\/\/www.msd.cz\/en\/lidske-zdravi\/\"},{\"@type\":\"ListItem\",\"position\":2,\"name\":\"Disclosure of payments\"}]},{\"@type\":\"WebSite\",\"@id\":\"https:\/\/www.msd.cz\/en\/#website\",\"url\":\"https:\/\/www.msd.cz\/en\/\",\"name\":\"MSD Czech Republic\",\"description\":\"Just another vip2-msd.com site\",\"publisher\":{\"@id\":\"https:\/\/www.msd.cz\/en\/#organization\"},\"potentialAction\":[{\"@type\":\"SearchAction\",\"target\":{\"@type\":\"EntryPoint\",\"urlTemplate\":\"https:\/\/www.msd.cz\/en\/?s={search_term_string}\"},\"query-input\":\"required name=search_term_string\"}],\"inLanguage\":\"en-US\"},{\"@type\":\"Organization\",\"@id\":\"https:\/\/www.msd.cz\/en\/#organization\",\"name\":\"MSD Czech Republic\",\"url\":\"https:\/\/www.msd.cz\/en\/\",\"logo\":{\"@type\":\"ImageObject\",\"inLanguage\":\"en-US\",\"@id\":\"https:\/\/www.msd.cz\/en\/#\/schema\/logo\/image\/\",\"url\":\"https:\/\/www.msd.cz\/en\/wp-content\/uploads\/sites\/98\/2020\/10\/MSD.png\",\"contentUrl\":\"https:\/\/www.msd.cz\/en\/wp-content\/uploads\/sites\/98\/2020\/10\/MSD.png\",\"width\":2536,\"height\":1382,\"caption\":\"MSD Czech Republic\"},\"image\":{\"@id\":\"https:\/\/www.msd.cz\/en\/#\/schema\/logo\/image\/\"},\"sameAs\":[\"https:\/\/www.facebook.com\/MSDInvents\/\",\"https:\/\/twitter.com\/MSDczech\",\"https:\/\/www.instagram.com\/msdinvents\/\",\"https:\/\/www.linkedin.com\/company\/msdczech\/\",\"https:\/\/www.youtube.com\/channel\/UCzw0K-BF3OzlQVYn6BGHQQw\"]}]}<\/script>\n<!-- \/ Yoast SEO plugin. -->","yoast_head_json":{"title":"Disclosure of payments - MSD Czech Republic","robots":{"index":"index","follow":"follow","max-snippet":"max-snippet:-1","max-image-preview":"max-image-preview:large","max-video-preview":"max-video-preview:-1"},"canonical":"https:\/\/www.msd.cz\/en\/lidske-zdravi\/transparentni-spoluprace\/","og_locale":"en_US","og_type":"article","og_title":"Disclosure of payments - MSD Czech Republic","og_description":"At Merck Sharp &amp; Dohme s.r.o. (MSD), we honor our commitment to disclose payments to healthcare professionals and healthcare organizations in accordance with laws and regulations to promote transparency as well as to prevent any real or perceived conflicts of interest. As a member of Asociace inovativn\u00edho farmaceutick\u00e9ho pr\u016fmyslu (AIFP), we disclose direct and indirect [&hellip;]","og_url":"https:\/\/www.msd.cz\/en\/lidske-zdravi\/transparentni-spoluprace\/","og_site_name":"MSD Czech Republic","article_publisher":"https:\/\/www.facebook.com\/MSDInvents\/","article_modified_time":"2025-06-29T18:59:24+00:00","og_image":[{"url":"https:\/\/www.msd.cz\/en\/wp-content\/uploads\/sites\/98\/2022\/03\/patients-05-p2-logo-1000x370-1.png"}],"twitter_card":"summary_large_image","twitter_site":"@MSDczech","twitter_misc":{"Est. reading time":"1 minute"},"schema":{"@context":"https:\/\/schema.org","@graph":[{"@type":"WebPage","@id":"https:\/\/www.msd.cz\/en\/lidske-zdravi\/transparentni-spoluprace\/","url":"https:\/\/www.msd.cz\/en\/lidske-zdravi\/transparentni-spoluprace\/","name":"Disclosure of payments - MSD Czech Republic","isPartOf":{"@id":"https:\/\/www.msd.cz\/en\/#website"},"datePublished":"2021-10-26T18:56:05+00:00","dateModified":"2025-06-29T18:59:24+00:00","breadcrumb":{"@id":"https:\/\/www.msd.cz\/en\/lidske-zdravi\/transparentni-spoluprace\/#breadcrumb"},"inLanguage":"en-US","potentialAction":[{"@type":"ReadAction","target":["https:\/\/www.msd.cz\/en\/lidske-zdravi\/transparentni-spoluprace\/"]}]},{"@type":"BreadcrumbList","@id":"https:\/\/www.msd.cz\/en\/lidske-zdravi\/transparentni-spoluprace\/#breadcrumb","itemListElement":[{"@type":"ListItem","position":1,"name":"Human Health","item":"https:\/\/www.msd.cz\/en\/lidske-zdravi\/"},{"@type":"ListItem","position":2,"name":"Disclosure of payments"}]},{"@type":"WebSite","@id":"https:\/\/www.msd.cz\/en\/#website","url":"https:\/\/www.msd.cz\/en\/","name":"MSD Czech Republic","description":"Just another vip2-msd.com site","publisher":{"@id":"https:\/\/www.msd.cz\/en\/#organization"},"potentialAction":[{"@type":"SearchAction","target":{"@type":"EntryPoint","urlTemplate":"https:\/\/www.msd.cz\/en\/?s={search_term_string}"},"query-input":"required name=search_term_string"}],"inLanguage":"en-US"},{"@type":"Organization","@id":"https:\/\/www.msd.cz\/en\/#organization","name":"MSD Czech Republic","url":"https:\/\/www.msd.cz\/en\/","logo":{"@type":"ImageObject","inLanguage":"en-US","@id":"https:\/\/www.msd.cz\/en\/#\/schema\/logo\/image\/","url":"https:\/\/www.msd.cz\/en\/wp-content\/uploads\/sites\/98\/2020\/10\/MSD.png","contentUrl":"https:\/\/www.msd.cz\/en\/wp-content\/uploads\/sites\/98\/2020\/10\/MSD.png","width":2536,"height":1382,"caption":"MSD Czech Republic"},"image":{"@id":"https:\/\/www.msd.cz\/en\/#\/schema\/logo\/image\/"},"sameAs":["https:\/\/www.facebook.com\/MSDInvents\/","https:\/\/twitter.com\/MSDczech","https:\/\/www.instagram.com\/msdinvents\/","https:\/\/www.linkedin.com\/company\/msdczech\/","https:\/\/www.youtube.com\/channel\/UCzw0K-BF3OzlQVYn6BGHQQw"]}]}},"acf":[],"_links":{"self":[{"href":"https:\/\/www.msd.cz\/en\/wp-json\/wp\/v2\/pages\/2057","targetHints":{"allow":["GET"]}}],"collection":[{"href":"https:\/\/www.msd.cz\/en\/wp-json\/wp\/v2\/pages"}],"about":[{"href":"https:\/\/www.msd.cz\/en\/wp-json\/wp\/v2\/types\/page"}],"author":[{"embeddable":true,"href":"https:\/\/www.msd.cz\/en\/wp-json\/wp\/v2\/users\/545"}],"replies":[{"embeddable":true,"href":"https:\/\/www.msd.cz\/en\/wp-json\/wp\/v2\/comments?post=2057"}],"version-history":[{"count":24,"href":"https:\/\/www.msd.cz\/en\/wp-json\/wp\/v2\/pages\/2057\/revisions"}],"predecessor-version":[{"id":4904,"href":"https:\/\/www.msd.cz\/en\/wp-json\/wp\/v2\/pages\/2057\/revisions\/4904"}],"up":[{"embeddable":true,"href":"https:\/\/www.msd.cz\/en\/wp-json\/wp\/v2\/pages\/1982"}],"wp:attachment":[{"href":"https:\/\/www.msd.cz\/en\/wp-json\/wp\/v2\/media?parent=2057"}],"curies":[{"name":"wp","href":"https:\/\/api.w.org\/{rel}","templated":true}]}}