{"id":4980,"date":"2025-02-14T12:20:50","date_gmt":"2025-02-14T12:20:50","guid":{"rendered":"https:\/\/www.msd.cz\/cs\/?page_id=4980"},"modified":"2025-02-14T12:31:37","modified_gmt":"2025-02-14T12:31:37","slug":"cesta-kandidata","status":"publish","type":"page","link":"https:\/\/www.msd.cz\/cs\/cesta-kandidata\/","title":{"rendered":"Cesta kandid\u00e1ta"},"content":{"rendered":"<div class=\"wp-block-image\">\n<figure class=\"aligncenter size-large is-resized\"><img loading=\"lazy\" decoding=\"async\" src=\"https:\/\/www.msd.cz\/cs\/wp-content\/uploads\/sites\/62\/2025\/02\/0-CZ.png?w=1024\" alt=\"\" class=\"wp-image-4981\" width=\"1024\" height=\"341\"\/><\/figure><\/div>\n\n<div class=\"wp-block-image\">\n<figure class=\"aligncenter size-large is-resized\"><img loading=\"lazy\" decoding=\"async\" src=\"https:\/\/www.msd.cz\/cs\/wp-content\/uploads\/sites\/62\/2025\/02\/1-CZ.png?w=1024\" alt=\"\" class=\"wp-image-4982\" width=\"1024\" height=\"341\"\/><\/figure><\/div>\n\n<div class=\"wp-block-image\">\n<figure class=\"aligncenter size-large is-resized\"><img loading=\"lazy\" decoding=\"async\" src=\"https:\/\/www.msd.cz\/cs\/wp-content\/uploads\/sites\/62\/2025\/02\/2-CZ.png?w=1024\" alt=\"\" class=\"wp-image-4983\" width=\"1024\" height=\"341\"\/><\/figure><\/div>\n\n<div class=\"wp-block-image\">\n<figure class=\"aligncenter size-large is-resized\"><img loading=\"lazy\" decoding=\"async\" src=\"https:\/\/www.msd.cz\/cs\/wp-content\/uploads\/sites\/62\/2025\/02\/3-CZ.png?w=1024\" alt=\"\" class=\"wp-image-4984\" width=\"1024\" height=\"341\"\/><\/figure><\/div>\n\n<div class=\"wp-block-image\">\n<figure class=\"aligncenter size-large is-resized\"><img loading=\"lazy\" decoding=\"async\" src=\"https:\/\/www.msd.cz\/cs\/wp-content\/uploads\/sites\/62\/2025\/02\/4-CZ.png?w=1024\" alt=\"\" class=\"wp-image-4985\" width=\"1024\" height=\"341\"\/><\/figure><\/div>\n\n<div class=\"wp-block-image\">\n<figure class=\"aligncenter size-large is-resized\"><img loading=\"lazy\" decoding=\"async\" src=\"https:\/\/www.msd.cz\/cs\/wp-content\/uploads\/sites\/62\/2025\/02\/5-CZ.png?w=1024\" alt=\"\" class=\"wp-image-4986\" width=\"1024\" height=\"341\"\/><\/figure><\/div>\n\n<div class=\"wp-block-image\">\n<figure class=\"aligncenter size-large is-resized\"><img loading=\"lazy\" decoding=\"async\" src=\"https:\/\/www.msd.cz\/cs\/wp-content\/uploads\/sites\/62\/2025\/02\/6-CZ.png?w=1024\" alt=\"\" class=\"wp-image-4987\" width=\"1024\" height=\"341\"\/><\/figure><\/div>\n\n<div class=\"wp-block-image\">\n<figure class=\"aligncenter size-large is-resized\"><img loading=\"lazy\" decoding=\"async\" src=\"https:\/\/www.msd.cz\/cs\/wp-content\/uploads\/sites\/62\/2025\/02\/7-CZ.png?w=1024\" alt=\"\" class=\"wp-image-4988\" width=\"1024\" height=\"341\"\/><\/figure><\/div>\n\n<div class=\"wp-block-image\">\n<figure class=\"aligncenter size-large is-resized\"><img loading=\"lazy\" decoding=\"async\" src=\"https:\/\/www.msd.cz\/cs\/wp-content\/uploads\/sites\/62\/2025\/02\/8-CZ.png?w=1024\" alt=\"\" class=\"wp-image-4989\" width=\"1024\" height=\"341\"\/><\/figure><\/div>\n\n<div id=\"mco-title-block-block_9b3afc9ac5e3de01dbf79c3fc1ccfcee\" \n\t class=\"mco-title-block mccberg-block has-background full negative\" \n\t style='background-image: url(https:\/\/www.msd.cz\/cs\/wp-content\/uploads\/sites\/62\/2021\/11\/finance-career-separator-1920x719-1.jpg?w=1600);'\t >\n\t<div class=\"wrapper\">\n\t\t<div class=\"mco-title-block-content\">\n\t\t\t\n\t\t\t<h2 class=\"mco-title-block-title\"> <\/h2>\n\n\t\t\t\t\t\t\t<p class=\"mco-title-block-description\"><div id=\"page-wrapper\" class=\"mrk-clearfix\">\n<div class=\"mrk-grid mrk-clearfix global-wrapper\">\n<div id=\"middle\">\n<div id=\"j_id_ta\" class=\"mrk-section mrk-clearfix \">\n<div class=\"SiteEditCP\">\n<section class=\"body-img-md ai-center finance-career mt-lg-5 mt-4\">\n<div class=\"container\">\n<div class=\"row\">\n<div class=\"col l7 s12\">\n<div id=\"page-wrapper\" class=\"mrk-clearfix\">\n<div class=\"mrk-grid mrk-clearfix global-wrapper\">\n<div id=\"middle\">\n<div id=\"j_id_ta\" class=\"mrk-section mrk-clearfix \">\n<div class=\"SiteEditCP\">\n<section class=\"body-img-md ai-center finance-career mt-lg-5 mt-4\">\n<div class=\"container\">\n<div class=\"row\">\n<div class=\"col l7 s12\">\n<h4 class=\"pa-xl white_text\">Z\u00edsk\u00e1vejte aktu\u00e1ln\u00ed informace o kari\u00e9rn\u00edch p\u0159\u00edle\u017eitostech \u0161it\u00e9 na m\u00edru pr\u00e1v\u011b v\u00e1m.<\/h4>\n<\/div>\n<\/div>\n<\/div>\n<\/section>\n<\/div>\n<\/div>\n<\/div>\n<\/div>\n<\/div>\n<\/div>\n<\/div>\n<\/div>\n<\/section>\n<\/div>\n<\/div>\n<\/div>\n<\/div>\n<\/div>\n<\/p>\n\t\t\t\t\t\t\n\t\t\t \n\t\t\t\t<div class=\"mco-title-block-cta-container\">\n\n\t\t\t\t\t\t\t\t\t\t\t<a\n                            class=\"btn mco-title-block-cta-btn\"\n                            href=\"https:\/\/jobs.msd.com\/gb\/en\/leadpage?formId=igasevj5rk5dkm7r3uk54bdhk1&#038;eventScheduleId=66fc07a328ac8d567eb4c143\"\n                            title=\"P\u0159idejte se k n\u00e1m\"\n                            target=\"_blank\"\n                                                    >P\u0159idejte se k n\u00e1m<\/a>\n\t\t\t\t\t\n\t\t\t\t\t\t\t\t\t\t\n\t\t\t\t<\/div>\n\t\t\t\t\t<\/div>\n\t<\/div>\n<\/div>","protected":false},"excerpt":{"rendered":"","protected":false},"author":921,"featured_media":4981,"parent":0,"menu_order":0,"comment_status":"closed","ping_status":"closed","template":"","meta":{"_acf_changed":false,"bdl_company_name":[],"bdl_item_external_link":[],"editor_notices":[],"footnotes":""},"class_list":["post-4980","page","type-page","status-publish","has-post-thumbnail","hentry"],"yoast_head":"<!-- This site is optimized with the Yoast SEO plugin v21.9.1 - https:\/\/yoast.com\/wordpress\/plugins\/seo\/ -->\n<title>Cesta kandid\u00e1ta - MSD \u010cesk\u00e1 republika<\/title>\n<meta name=\"robots\" content=\"index, follow, max-snippet:-1, max-image-preview:large, max-video-preview:-1\" \/>\n<link rel=\"canonical\" href=\"https:\/\/www.msd.cz\/cs\/cesta-kandidata\/\" \/>\n<meta property=\"og:locale\" content=\"en_US\" \/>\n<meta property=\"og:type\" content=\"article\" \/>\n<meta property=\"og:title\" content=\"Cesta kandid\u00e1ta - MSD \u010cesk\u00e1 republika\" \/>\n<meta property=\"og:url\" content=\"https:\/\/www.msd.cz\/cs\/cesta-kandidata\/\" \/>\n<meta property=\"og:site_name\" content=\"MSD \u010cesk\u00e1 republika\" \/>\n<meta property=\"article:publisher\" content=\"https:\/\/www.facebook.com\/MSDInvents\/\" \/>\n<meta property=\"article:modified_time\" content=\"2025-02-14T12:31:37+00:00\" \/>\n<meta property=\"og:image\" content=\"https:\/\/www.msd.cz\/cs\/wp-content\/uploads\/sites\/62\/2025\/02\/0-CZ.png\" \/>\n\t<meta property=\"og:image:width\" content=\"3240\" \/>\n\t<meta property=\"og:image:height\" content=\"1080\" \/>\n\t<meta property=\"og:image:type\" content=\"image\/png\" \/>\n<meta name=\"twitter:card\" content=\"summary_large_image\" \/>\n<meta name=\"twitter:site\" content=\"@MSDczech\" \/>\n<script type=\"application\/ld+json\" class=\"yoast-schema-graph\">{\"@context\":\"https:\/\/schema.org\",\"@graph\":[{\"@type\":\"WebPage\",\"@id\":\"https:\/\/www.msd.cz\/cs\/cesta-kandidata\/\",\"url\":\"https:\/\/www.msd.cz\/cs\/cesta-kandidata\/\",\"name\":\"Cesta kandid\u00e1ta - MSD \u010cesk\u00e1 republika\",\"isPartOf\":{\"@id\":\"https:\/\/www.msd.cz\/cs\/#website\"},\"datePublished\":\"2025-02-14T12:20:50+00:00\",\"dateModified\":\"2025-02-14T12:31:37+00:00\",\"inLanguage\":\"en-US\",\"potentialAction\":[{\"@type\":\"ReadAction\",\"target\":[\"https:\/\/www.msd.cz\/cs\/cesta-kandidata\/\"]}]},{\"@type\":\"WebSite\",\"@id\":\"https:\/\/www.msd.cz\/cs\/#website\",\"url\":\"https:\/\/www.msd.cz\/cs\/\",\"name\":\"MSD \u010cesk\u00e1 republika\",\"description\":\"Just another vip2-msd.com site\",\"publisher\":{\"@id\":\"https:\/\/www.msd.cz\/cs\/#organization\"},\"potentialAction\":[{\"@type\":\"SearchAction\",\"target\":{\"@type\":\"EntryPoint\",\"urlTemplate\":\"https:\/\/www.msd.cz\/cs\/?s={search_term_string}\"},\"query-input\":\"required name=search_term_string\"}],\"inLanguage\":\"en-US\"},{\"@type\":\"Organization\",\"@id\":\"https:\/\/www.msd.cz\/cs\/#organization\",\"name\":\"MSD Czech Republic\",\"url\":\"https:\/\/www.msd.cz\/cs\/\",\"logo\":{\"@type\":\"ImageObject\",\"inLanguage\":\"en-US\",\"@id\":\"https:\/\/www.msd.cz\/cs\/#\/schema\/logo\/image\/\",\"url\":\"https:\/\/www.msd.cz\/cs\/wp-content\/uploads\/sites\/62\/2020\/10\/MSD.png\",\"contentUrl\":\"https:\/\/www.msd.cz\/cs\/wp-content\/uploads\/sites\/62\/2020\/10\/MSD.png\",\"width\":2536,\"height\":1382,\"caption\":\"MSD Czech Republic\"},\"image\":{\"@id\":\"https:\/\/www.msd.cz\/cs\/#\/schema\/logo\/image\/\"},\"sameAs\":[\"https:\/\/www.facebook.com\/MSDInvents\/\",\"https:\/\/twitter.com\/MSDczech\",\"https:\/\/www.instagram.com\/msdinvents\/\",\"https:\/\/www.linkedin.com\/company\/msdczech\/\",\"https:\/\/www.youtube.com\/channel\/UCzw0K-BF3OzlQVYn6BGHQQw\"]}]}<\/script>\n<!-- \/ Yoast SEO plugin. -->","yoast_head_json":{"title":"Cesta kandid\u00e1ta - MSD \u010cesk\u00e1 republika","robots":{"index":"index","follow":"follow","max-snippet":"max-snippet:-1","max-image-preview":"max-image-preview:large","max-video-preview":"max-video-preview:-1"},"canonical":"https:\/\/www.msd.cz\/cs\/cesta-kandidata\/","og_locale":"en_US","og_type":"article","og_title":"Cesta kandid\u00e1ta - MSD \u010cesk\u00e1 republika","og_url":"https:\/\/www.msd.cz\/cs\/cesta-kandidata\/","og_site_name":"MSD \u010cesk\u00e1 republika","article_publisher":"https:\/\/www.facebook.com\/MSDInvents\/","article_modified_time":"2025-02-14T12:31:37+00:00","og_image":[{"width":3240,"height":1080,"url":"https:\/\/www.msd.cz\/cs\/wp-content\/uploads\/sites\/62\/2025\/02\/0-CZ.png","type":"image\/png"}],"twitter_card":"summary_large_image","twitter_site":"@MSDczech","schema":{"@context":"https:\/\/schema.org","@graph":[{"@type":"WebPage","@id":"https:\/\/www.msd.cz\/cs\/cesta-kandidata\/","url":"https:\/\/www.msd.cz\/cs\/cesta-kandidata\/","name":"Cesta kandid\u00e1ta - MSD \u010cesk\u00e1 republika","isPartOf":{"@id":"https:\/\/www.msd.cz\/cs\/#website"},"datePublished":"2025-02-14T12:20:50+00:00","dateModified":"2025-02-14T12:31:37+00:00","inLanguage":"en-US","potentialAction":[{"@type":"ReadAction","target":["https:\/\/www.msd.cz\/cs\/cesta-kandidata\/"]}]},{"@type":"WebSite","@id":"https:\/\/www.msd.cz\/cs\/#website","url":"https:\/\/www.msd.cz\/cs\/","name":"MSD \u010cesk\u00e1 republika","description":"Just another vip2-msd.com site","publisher":{"@id":"https:\/\/www.msd.cz\/cs\/#organization"},"potentialAction":[{"@type":"SearchAction","target":{"@type":"EntryPoint","urlTemplate":"https:\/\/www.msd.cz\/cs\/?s={search_term_string}"},"query-input":"required name=search_term_string"}],"inLanguage":"en-US"},{"@type":"Organization","@id":"https:\/\/www.msd.cz\/cs\/#organization","name":"MSD Czech Republic","url":"https:\/\/www.msd.cz\/cs\/","logo":{"@type":"ImageObject","inLanguage":"en-US","@id":"https:\/\/www.msd.cz\/cs\/#\/schema\/logo\/image\/","url":"https:\/\/www.msd.cz\/cs\/wp-content\/uploads\/sites\/62\/2020\/10\/MSD.png","contentUrl":"https:\/\/www.msd.cz\/cs\/wp-content\/uploads\/sites\/62\/2020\/10\/MSD.png","width":2536,"height":1382,"caption":"MSD Czech Republic"},"image":{"@id":"https:\/\/www.msd.cz\/cs\/#\/schema\/logo\/image\/"},"sameAs":["https:\/\/www.facebook.com\/MSDInvents\/","https:\/\/twitter.com\/MSDczech","https:\/\/www.instagram.com\/msdinvents\/","https:\/\/www.linkedin.com\/company\/msdczech\/","https:\/\/www.youtube.com\/channel\/UCzw0K-BF3OzlQVYn6BGHQQw"]}]}},"acf":[],"_links":{"self":[{"href":"https:\/\/www.msd.cz\/cs\/wp-json\/wp\/v2\/pages\/4980","targetHints":{"allow":["GET"]}}],"collection":[{"href":"https:\/\/www.msd.cz\/cs\/wp-json\/wp\/v2\/pages"}],"about":[{"href":"https:\/\/www.msd.cz\/cs\/wp-json\/wp\/v2\/types\/page"}],"author":[{"embeddable":true,"href":"https:\/\/www.msd.cz\/cs\/wp-json\/wp\/v2\/users\/921"}],"replies":[{"embeddable":true,"href":"https:\/\/www.msd.cz\/cs\/wp-json\/wp\/v2\/comments?post=4980"}],"version-history":[{"count":5,"href":"https:\/\/www.msd.cz\/cs\/wp-json\/wp\/v2\/pages\/4980\/revisions"}],"predecessor-version":[{"id":5004,"href":"https:\/\/www.msd.cz\/cs\/wp-json\/wp\/v2\/pages\/4980\/revisions\/5004"}],"wp:featuredmedia":[{"embeddable":true,"href":"https:\/\/www.msd.cz\/cs\/wp-json\/wp\/v2\/media\/4981"}],"wp:attachment":[{"href":"https:\/\/www.msd.cz\/cs\/wp-json\/wp\/v2\/media?parent=4980"}],"curies":[{"name":"wp","href":"https:\/\/api.w.org\/{rel}","templated":true}]}}