{"id":4882,"date":"2024-08-05T13:10:20","date_gmt":"2024-08-05T13:10:20","guid":{"rendered":"https:\/\/www.msd.cz\/cs\/?page_id=4882"},"modified":"2024-08-05T13:10:21","modified_gmt":"2024-08-05T13:10:21","slug":"pride","status":"publish","type":"page","link":"https:\/\/www.msd.cz\/cs\/pride\/","title":{"rendered":"Pride"},"content":{"rendered":"\n<h2 class=\"wp-block-heading\"><a>INFORMACE O\u00a0ZPRACOV\u00c1N\u00cd OSOBN\u00cdCH \u00daDAJ\u016e<\/a><\/h2>\n\n\n\n<p>Spole\u010dnost Merck Sharp &amp; Dohme s.r.o., se s\u00eddlem na adrese Na Valentince 3336\/4, Sm\u00edchov, 150 00 Praha 5, I\u010cO:&nbsp;28462564 (\u201e<strong>Spr\u00e1vce<\/strong>\u201c) je spr\u00e1vcem osobn\u00edch \u00fadaj\u016f ve smyslu Na\u0159\u00edzen\u00ed Evropsk\u00e9ho parlamentu a Rady (EU) 2016\/679 ze&nbsp;dne&nbsp;27. dubna 2016 o&nbsp;ochran\u011b fyzick\u00fdch osob v souvislosti se zpracov\u00e1n\u00edm osobn\u00edch \u00fadaj\u016f a&nbsp;o&nbsp;voln\u00e9m pohybu t\u011bchto \u00fadaj\u016f (obecn\u00e9 na\u0159\u00edzen\u00ed o ochran\u011b osobn\u00edch \u00fadaj\u016f).<\/p>\n\n\n\n<p>Tato \u201e<em>Informace o zpracov\u00e1n\u00ed osobn\u00edch \u00fadaj\u016f<\/em>\u201c poskytuje pou\u010den\u00ed pro osoby, kter\u00e9 se z\u00fa\u010dastn\u00ed akce Prague Pride (nebo akc\u00ed s&nbsp;Prague Pride spojen\u00fdch) v&nbsp;obdob\u00ed od 5. \u2013 11. 8. 2024 (\u201e<strong>Akce<\/strong>\u201c) a budou v&nbsp;r\u00e1mci t\u00e9to Akce nato\u010deni nebo zaznamen\u00e1ni kameramanem, fotografem \u010di jinou osobou ozna\u010denou logem spole\u010dnosti MSD (\u201e<strong>\u00da\u010dastn\u00edk<\/strong>\u201c) n\u00e1sleduj\u00edc\u00edm zp\u016fsobem:<\/p>\n\n\n\n<ul class=\"wp-block-list\">\n<li>Marketing a propagace MSD za vyu\u017e\u00edv\u00e1n\u00ed obrazov\u00fdch a\/nebo zvukov\u00fdch z\u00e1znam\u016f \u00da\u010dastn\u00edka<\/li>\n<\/ul>\n\n\n\n<p>\u00da\u010delem tohoto zpracov\u00e1n\u00ed je marketingov\u00e1 a propaga\u010dn\u00ed \u010dinnost Spr\u00e1vce spo\u010d\u00edvaj\u00edc\u00ed zejm\u00e9na v&nbsp;uve\u0159ej\u0148ov\u00e1n\u00ed a&nbsp;\u0161\u00ed\u0159en\u00ed obrazov\u00fdch a&nbsp;zvukov\u00fdch z\u00e1znam\u016f, a to p\u0159edev\u0161\u00edm prost\u0159ednictv\u00edm sv\u00fdch webov\u00fdch str\u00e1nek a soci\u00e1ln\u00edch s\u00edt\u00ed.<\/p>\n\n\n\n<p>Pr\u00e1vn\u00edm d\u016fvodem zpracov\u00e1n\u00ed m\u016f\u017ee b\u00fdt souhlas ud\u011blen\u00fd \u00da\u010dastn\u00edkem Spr\u00e1vci a\/nebo legitimn\u00ed z\u00e1jem. Pokud bude po\u0159izov\u00e1n rozhovor s \u00da\u010dastn\u00edkem na kameru se z\u00e1znamem, Spr\u00e1vce si v takov\u00e9m p\u0159\u00edpad\u011b v\u017edy p\u0159edem vy\u017e\u00e1d\u00e1 jeho v\u00fdslovn\u00fd souhlas. Pr\u00e1vn\u00edm z\u00e1kladem pro po\u0159izov\u00e1n\u00ed z\u00e1b\u011br\u016f zachycuj\u00edc\u00edch <a>\u0161irokou ve\u0159ejnost <\/a><a href=\"#_msocom_2\">[H&amp;P2]<\/a>&nbsp;\u00fa\u010dastn\u00edc\u00ed se Akce je zpracov\u00e1n\u00ed nezbytn\u00e9 k opr\u00e1vn\u011bn\u00e9mu obchodn\u00edmu \u00fa\u010delu Spr\u00e1vce slou\u017e\u00edc\u00ed k&nbsp;propagaci Akce, ale tak\u00e9 roz\u0161i\u0159ov\u00e1n\u00ed pov\u011bdom\u00ed o&nbsp;\u010dinnostech Spr\u00e1vce pat\u0159\u00edc\u00ed do skupiny MSD. Spr\u00e1vce se zavazuje, \u017ee v p\u0159\u00edpad\u011b zachycen\u00ed osobn\u00edch \u00fadaj\u016f pat\u0159\u00edc\u00ed do zvl\u00e1\u0161tn\u00ed kategorie, jako je sexu\u00e1ln\u00ed orientace, u\u010din\u00ed ve\u0161ker\u00e1 mo\u017en\u00e1 opat\u0159en\u00ed k tomu, aby z\u00edskal souhlas dot\u010den\u00e9ho \u00da\u010dastn\u00edka, nebo v nejvy\u0161\u0161\u00ed mo\u017en\u00e9 m\u00ed\u0159e zamezil rozpozn\u00e1n\u00ed dot\u010den\u00e9ho \u00da\u010dastn\u00edka.<\/p>\n\n\n\n<p>T\u00edmto zp\u016fsobem m\u016f\u017ee b\u00fdt zpracov\u00e1v\u00e1na podobizna \u00da\u010dastn\u00edka po\u0159\u00edzen\u00e1 (i) b\u011bhem poskytov\u00e1n\u00ed rozhovoru, a\/nebo&nbsp;(ii) po\u0159\u00edzen\u00e1 b\u011bhem cel\u00e9ho trv\u00e1n\u00ed Akce.<\/p>\n\n\n\n<p>Obrazov\u00e9 a zvukov\u00e9 z\u00e1znamy v\u010detn\u011b podobizny \u00da\u010dastn\u00edka po\u0159\u00edzen\u00e9 mohou b\u00fdt zve\u0159ejn\u011bny a&nbsp;t\u00edm p\u00e1dem zp\u0159\u00edstupn\u011bny:<\/p>\n\n\n\n<ul class=\"wp-block-list\">\n<li>ve\u0161ker\u00fdm n\u00e1v\u0161t\u011bvn\u00edk\u016fm webov\u00e9 str\u00e1nky Spr\u00e1vce dostupn\u00e9 na <a href=\"https:\/\/www.msd.cz\/cs\/\">https:\/\/www.msd.cz\/cs\/<\/a>, webov\u00e9 str\u00e1nky <a href=\"https:\/\/www.csap-cz.eu\/\">https:\/\/www.csap-cz.eu\/<\/a> nebo&nbsp;na&nbsp;webov\u00fdch str\u00e1nk\u00e1ch spole\u010dnost\u00ed pat\u0159\u00edc\u00ed do skupiny MSD;<\/li>\n\n\n\n<li>v&nbsp;r\u00e1mci prezentac\u00ed Spr\u00e1vce \u010di spole\u010dnost\u00ed pat\u0159\u00edc\u00ed do skupiny MSD na webov\u00fdch str\u00e1nk\u00e1ch a\/nebo na soci\u00e1ln\u00edch s\u00edt\u00edch, jako jsou zejm\u00e9na Facebook, Instagram, a dal\u0161\u00ed;<\/li>\n\n\n\n<li>z\u00e1kazn\u00edk\u016fm Spr\u00e1vce kter\u00fdm budou zasl\u00e1ny jm\u00e9nem Spr\u00e1vce jako propaga\u010dn\u00ed materi\u00e1ly.<\/li>\n<\/ul>\n\n\n\n<p>Spr\u00e1vce poskytne \u00da\u010dastn\u00edkovi na vy\u017e\u00e1d\u00e1n\u00ed kompletn\u00ed seznam p\u0159\u00edjemc\u016f obrazov\u00fdch a zvukov\u00fdch z\u00e1znam\u016f. Tento z\u00e1znam bude \u00da\u010dastn\u00edkovi poskytnut, jakmile jednozna\u010dn\u011b identifikuje sekce obrazov\u00fdch a zvukov\u00fdch z\u00e1znam\u016f, je\u017e se t\u00fdkaj\u00ed jeho osoby.<\/p>\n\n\n\n<p>Dan\u00e9 z\u00e1znamu budou uve\u0159ejn\u011bny a Spr\u00e1vcem zpracov\u00e1v\u00e1ny po dobu t\u0159\u00ed let od jejich po\u0159\u00edzen\u00ed.<\/p>\n\n\n\n<p><strong><u>Pr\u00e1va subjekt\u016f \u00fadaj\u016f<\/u><\/strong> \u2013 \u00da\u010dastn\u00edk, jako\u017eto subjekt \u00fadaj\u016f, m\u00e1 v\u016f\u010di Spr\u00e1vci pr\u00e1vo:<\/p>\n\n\n\n<ol class=\"wp-block-list\" type=\"i\">\n<li>na p\u0159\u00edstup k osobn\u00edm \u00fadaj\u016fm;<\/li>\n\n\n\n<li>na opravu nespr\u00e1vn\u00fdch nebo nep\u0159esn\u00fdch osobn\u00edch \u00fadaj\u016f a dopln\u011bn\u00ed ne\u00fapln\u00fdch osobn\u00edch \u00fadaj\u016f;<\/li>\n\n\n\n<li>na v\u00fdmaz osobn\u00edch \u00fadaj\u016f, pokud tyto osobn\u00ed \u00fadaje ji\u017e nejsou pot\u0159ebn\u00e9 pro \u00fa\u010dely, pro kter\u00e9 byly shrom\u00e1\u017ed\u011bny nebo jinak zpracov\u00e1ny, \u010di pokud osobn\u00ed \u00fadaje byly zpracov\u00e1ny protipr\u00e1vn\u011b;<\/li>\n\n\n\n<li>na omezen\u00ed zpracov\u00e1n\u00ed z&nbsp;d\u016fvod\u016f a za podm\u00ednek stanoven\u00fdch pou\u017eiteln\u00fdmi pr\u00e1vn\u00edmi p\u0159edpisy (nap\u0159.&nbsp;pokud \u00da\u010dastn\u00edk po\u017eaduje kamerov\u00e9 z\u00e1znamy pro ur\u010den\u00ed, obhajobu \u010di v\u00fdkon sv\u00fdch pr\u00e1vn\u00edch n\u00e1rok\u016f pot\u00e9, co tyto z\u00e1znamy \u010di jin\u00e9 \u00fadaje ji\u017e nepot\u0159ebuje Spr\u00e1vce);<\/li>\n\n\n\n<li>vzn\u00e9st n\u00e1mitku proti zpracov\u00e1n\u00ed osobn\u00edch \u00fadaj\u016f z&nbsp;d\u016fvod\u016f a za podm\u00ednek stanoven\u00fdch pou\u017eiteln\u00fdmi pr\u00e1vn\u00edmi p\u0159edpisy, p\u0159i\u010dem\u017e Spr\u00e1vce p\u0159estane zpracov\u00e1vat osobn\u00ed \u00fadaje, pokud neprok\u00e1\u017ee z\u00e1va\u017en\u00e9 opr\u00e1vn\u011bn\u00e9 d\u016fvody pro zpracov\u00e1n\u00ed, kter\u00e9 p\u0159eva\u017euj\u00ed nad z\u00e1jmy nebo pr\u00e1vy a svobodami \u00da\u010dastn\u00edka;<\/li>\n\n\n\n<li>podat st\u00ed\u017enost k dozorov\u00e9mu org\u00e1nu \u2013 \u00da\u0159adu&nbsp;pro ochranu osobn\u00edch \u00fadaj\u016f (<a href=\"https:\/\/uoou.gov.cz\/\">https:\/\/uoou.gov.cz\/<\/a>).<\/li>\n<\/ol>\n\n\n\n<p>V p\u0159\u00edpadech, kdy je zpracov\u00e1n\u00ed osobn\u00edch \u00fadaj\u016f zalo\u017eeno na souhlasu \u00da\u010dastn\u00edka, m\u00e1 \u00da\u010dastn\u00edk pr\u00e1vo tento souhlas kdykoliv odvolat. Odvol\u00e1n\u00ed souhlasu nem\u00e1 vliv na z\u00e1konnost zpracov\u00e1n\u00ed proveden\u00e9ho p\u0159ed t\u00edmto odvol\u00e1n\u00edm.<\/p>\n\n\n\n<p>Va\u0161e osobn\u00ed \u00fadaje mohou b\u00fdt podle pot\u0159eby zp\u0159\u00edstupn\u011bny <a href=\"https:\/\/www.msd.com\/contact-us\/worldwide-locations\/\">spole\u010dnostem pat\u0159\u00edc\u00ed do skupiny MSD<\/a> a t\u0159et\u00edm stran\u00e1m ve Spojen\u00fdch st\u00e1tech a dal\u0161\u00edch zem\u00edch mimo Evropskou unii (EU) nebo Evropsk\u00fd hospod\u00e1\u0159sk\u00fd prostor (EHP), v\u010detn\u011b zem\u00ed, kter\u00e9 nemus\u00ed poskytovat stejnou \u00farove\u0148 ochrany osobn\u00edch \u00fadaj\u016f jako va\u0161e zem\u011b. Spr\u00e1vce implementoval vhodn\u00e9 mechanismy pro zaji\u0161t\u011bn\u00ed bezpe\u010dnosti a dodr\u017eov\u00e1n\u00ed p\u0159edpis\u016f, abych zajistil po\u017eadovanou ochranu va\u0161ich osobn\u00edch \u00fadaj\u016f a&nbsp;respektov\u00e1n\u00ed va\u0161ich pr\u00e1v. V\u00edce o p\u0159ed\u00e1v\u00e1n\u00ed osobn\u00edch \u00fadaj\u016f si m\u016f\u017eete p\u0159e\u010d\u00edst <a href=\"https:\/\/www.msdprivacy.com\/cz\/cze\/cross-border-privacy-policy-rules\/\">zde<\/a>.<\/p>\n\n\n\n<p>Dal\u0161\u00ed informace o zpracov\u00e1n\u00ed osobn\u00edch \u00fadaj\u016f lze z\u00edskat u Spr\u00e1vce na n\u00ed\u017ee uveden\u00fdch kontaktech.<\/p>\n\n\n\n<p>Informace o zpracov\u00e1n\u00ed osobn\u00edch \u00fadaj\u016f Spr\u00e1vcem mimo r\u00e1mec Akce jsou dostupn\u00e9 <a href=\"https:\/\/www.msdprivacy.com\/cz\/cze\/transparency-and-privacy\/\">zde<\/a>.<\/p>\n\n\n\n<hr class=\"wp-block-separator has-alpha-channel-opacity\"\/>\n\n\n\n<p><a id=\"_msocom_1\"><\/a><\/p>\n\n\n\n<p><\/p>\n","protected":false},"excerpt":{"rendered":"<p>INFORMACE O\u00a0ZPRACOV\u00c1N\u00cd OSOBN\u00cdCH \u00daDAJ\u016e Spole\u010dnost Merck Sharp &amp; Dohme s.r.o., se s\u00eddlem na adrese Na Valentince 3336\/4, Sm\u00edchov, 150 00 Praha 5, I\u010cO:&nbsp;28462564 (\u201eSpr\u00e1vce\u201c) je spr\u00e1vcem osobn\u00edch \u00fadaj\u016f ve smyslu Na\u0159\u00edzen\u00ed Evropsk\u00e9ho parlamentu a Rady (EU) 2016\/679 ze&nbsp;dne&nbsp;27. dubna 2016 o&nbsp;ochran\u011b fyzick\u00fdch osob v souvislosti se zpracov\u00e1n\u00edm osobn\u00edch \u00fadaj\u016f a&nbsp;o&nbsp;voln\u00e9m pohybu t\u011bchto \u00fadaj\u016f (obecn\u00e9 na\u0159\u00edzen\u00ed [&hellip;]<\/p>\n","protected":false},"author":921,"featured_media":0,"parent":0,"menu_order":0,"comment_status":"closed","ping_status":"closed","template":"","meta":{"_acf_changed":false,"bdl_company_name":[],"bdl_item_external_link":[],"editor_notices":[],"footnotes":""},"class_list":["post-4882","page","type-page","status-publish","hentry"],"yoast_head":"<!-- This site is optimized with the Yoast SEO plugin v21.9.1 - https:\/\/yoast.com\/wordpress\/plugins\/seo\/ -->\n<title>Pride - MSD \u010cesk\u00e1 republika<\/title>\n<meta name=\"robots\" content=\"index, follow, max-snippet:-1, max-image-preview:large, max-video-preview:-1\" \/>\n<link rel=\"canonical\" href=\"https:\/\/www.msd.cz\/cs\/pride\/\" \/>\n<meta property=\"og:locale\" content=\"en_US\" \/>\n<meta property=\"og:type\" content=\"article\" \/>\n<meta property=\"og:title\" content=\"Pride - MSD \u010cesk\u00e1 republika\" \/>\n<meta property=\"og:description\" content=\"INFORMACE O\u00a0ZPRACOV\u00c1N\u00cd OSOBN\u00cdCH \u00daDAJ\u016e Spole\u010dnost Merck Sharp &amp; Dohme s.r.o., se s\u00eddlem na adrese Na Valentince 3336\/4, Sm\u00edchov, 150 00 Praha 5, I\u010cO:&nbsp;28462564 (\u201eSpr\u00e1vce\u201c) je spr\u00e1vcem osobn\u00edch \u00fadaj\u016f ve smyslu Na\u0159\u00edzen\u00ed Evropsk\u00e9ho parlamentu a Rady (EU) 2016\/679 ze&nbsp;dne&nbsp;27. dubna 2016 o&nbsp;ochran\u011b fyzick\u00fdch osob v souvislosti se zpracov\u00e1n\u00edm osobn\u00edch \u00fadaj\u016f a&nbsp;o&nbsp;voln\u00e9m pohybu t\u011bchto \u00fadaj\u016f (obecn\u00e9 na\u0159\u00edzen\u00ed [&hellip;]\" \/>\n<meta property=\"og:url\" content=\"https:\/\/www.msd.cz\/cs\/pride\/\" \/>\n<meta property=\"og:site_name\" content=\"MSD \u010cesk\u00e1 republika\" \/>\n<meta property=\"article:publisher\" content=\"https:\/\/www.facebook.com\/MSDInvents\/\" \/>\n<meta property=\"article:modified_time\" content=\"2024-08-05T13:10:21+00:00\" \/>\n<meta property=\"og:image\" content=\"https:\/\/www.msd.cz\/cs\/wp-content\/uploads\/sites\/62\/2020\/10\/MSD.png\" \/>\n\t<meta property=\"og:image:width\" content=\"2536\" \/>\n\t<meta property=\"og:image:height\" content=\"1382\" \/>\n\t<meta property=\"og:image:type\" content=\"image\/png\" \/>\n<meta name=\"twitter:card\" content=\"summary_large_image\" \/>\n<meta name=\"twitter:site\" content=\"@MSDczech\" \/>\n<meta name=\"twitter:label1\" content=\"Est. reading time\" \/>\n\t<meta name=\"twitter:data1\" content=\"5 minutes\" \/>\n<script type=\"application\/ld+json\" class=\"yoast-schema-graph\">{\"@context\":\"https:\/\/schema.org\",\"@graph\":[{\"@type\":\"WebPage\",\"@id\":\"https:\/\/www.msd.cz\/cs\/pride\/\",\"url\":\"https:\/\/www.msd.cz\/cs\/pride\/\",\"name\":\"Pride - MSD \u010cesk\u00e1 republika\",\"isPartOf\":{\"@id\":\"https:\/\/www.msd.cz\/cs\/#website\"},\"datePublished\":\"2024-08-05T13:10:20+00:00\",\"dateModified\":\"2024-08-05T13:10:21+00:00\",\"inLanguage\":\"en-US\",\"potentialAction\":[{\"@type\":\"ReadAction\",\"target\":[\"https:\/\/www.msd.cz\/cs\/pride\/\"]}]},{\"@type\":\"WebSite\",\"@id\":\"https:\/\/www.msd.cz\/cs\/#website\",\"url\":\"https:\/\/www.msd.cz\/cs\/\",\"name\":\"MSD \u010cesk\u00e1 republika\",\"description\":\"Just another vip2-msd.com site\",\"publisher\":{\"@id\":\"https:\/\/www.msd.cz\/cs\/#organization\"},\"potentialAction\":[{\"@type\":\"SearchAction\",\"target\":{\"@type\":\"EntryPoint\",\"urlTemplate\":\"https:\/\/www.msd.cz\/cs\/?s={search_term_string}\"},\"query-input\":\"required name=search_term_string\"}],\"inLanguage\":\"en-US\"},{\"@type\":\"Organization\",\"@id\":\"https:\/\/www.msd.cz\/cs\/#organization\",\"name\":\"MSD Czech Republic\",\"url\":\"https:\/\/www.msd.cz\/cs\/\",\"logo\":{\"@type\":\"ImageObject\",\"inLanguage\":\"en-US\",\"@id\":\"https:\/\/www.msd.cz\/cs\/#\/schema\/logo\/image\/\",\"url\":\"https:\/\/www.msd.cz\/cs\/wp-content\/uploads\/sites\/62\/2020\/10\/MSD.png\",\"contentUrl\":\"https:\/\/www.msd.cz\/cs\/wp-content\/uploads\/sites\/62\/2020\/10\/MSD.png\",\"width\":2536,\"height\":1382,\"caption\":\"MSD Czech Republic\"},\"image\":{\"@id\":\"https:\/\/www.msd.cz\/cs\/#\/schema\/logo\/image\/\"},\"sameAs\":[\"https:\/\/www.facebook.com\/MSDInvents\/\",\"https:\/\/twitter.com\/MSDczech\",\"https:\/\/www.instagram.com\/msdinvents\/\",\"https:\/\/www.linkedin.com\/company\/msdczech\/\",\"https:\/\/www.youtube.com\/channel\/UCzw0K-BF3OzlQVYn6BGHQQw\"]}]}<\/script>\n<!-- \/ Yoast SEO plugin. -->","yoast_head_json":{"title":"Pride - MSD \u010cesk\u00e1 republika","robots":{"index":"index","follow":"follow","max-snippet":"max-snippet:-1","max-image-preview":"max-image-preview:large","max-video-preview":"max-video-preview:-1"},"canonical":"https:\/\/www.msd.cz\/cs\/pride\/","og_locale":"en_US","og_type":"article","og_title":"Pride - MSD \u010cesk\u00e1 republika","og_description":"INFORMACE O\u00a0ZPRACOV\u00c1N\u00cd OSOBN\u00cdCH \u00daDAJ\u016e Spole\u010dnost Merck Sharp &amp; Dohme s.r.o., se s\u00eddlem na adrese Na Valentince 3336\/4, Sm\u00edchov, 150 00 Praha 5, I\u010cO:&nbsp;28462564 (\u201eSpr\u00e1vce\u201c) je spr\u00e1vcem osobn\u00edch \u00fadaj\u016f ve smyslu Na\u0159\u00edzen\u00ed Evropsk\u00e9ho parlamentu a Rady (EU) 2016\/679 ze&nbsp;dne&nbsp;27. dubna 2016 o&nbsp;ochran\u011b fyzick\u00fdch osob v souvislosti se zpracov\u00e1n\u00edm osobn\u00edch \u00fadaj\u016f a&nbsp;o&nbsp;voln\u00e9m pohybu t\u011bchto \u00fadaj\u016f (obecn\u00e9 na\u0159\u00edzen\u00ed [&hellip;]","og_url":"https:\/\/www.msd.cz\/cs\/pride\/","og_site_name":"MSD \u010cesk\u00e1 republika","article_publisher":"https:\/\/www.facebook.com\/MSDInvents\/","article_modified_time":"2024-08-05T13:10:21+00:00","og_image":[{"width":2536,"height":1382,"url":"https:\/\/www.msd.cz\/cs\/wp-content\/uploads\/sites\/62\/2020\/10\/MSD.png","type":"image\/png"}],"twitter_card":"summary_large_image","twitter_site":"@MSDczech","twitter_misc":{"Est. reading time":"5 minutes"},"schema":{"@context":"https:\/\/schema.org","@graph":[{"@type":"WebPage","@id":"https:\/\/www.msd.cz\/cs\/pride\/","url":"https:\/\/www.msd.cz\/cs\/pride\/","name":"Pride - MSD \u010cesk\u00e1 republika","isPartOf":{"@id":"https:\/\/www.msd.cz\/cs\/#website"},"datePublished":"2024-08-05T13:10:20+00:00","dateModified":"2024-08-05T13:10:21+00:00","inLanguage":"en-US","potentialAction":[{"@type":"ReadAction","target":["https:\/\/www.msd.cz\/cs\/pride\/"]}]},{"@type":"WebSite","@id":"https:\/\/www.msd.cz\/cs\/#website","url":"https:\/\/www.msd.cz\/cs\/","name":"MSD \u010cesk\u00e1 republika","description":"Just another vip2-msd.com site","publisher":{"@id":"https:\/\/www.msd.cz\/cs\/#organization"},"potentialAction":[{"@type":"SearchAction","target":{"@type":"EntryPoint","urlTemplate":"https:\/\/www.msd.cz\/cs\/?s={search_term_string}"},"query-input":"required name=search_term_string"}],"inLanguage":"en-US"},{"@type":"Organization","@id":"https:\/\/www.msd.cz\/cs\/#organization","name":"MSD Czech Republic","url":"https:\/\/www.msd.cz\/cs\/","logo":{"@type":"ImageObject","inLanguage":"en-US","@id":"https:\/\/www.msd.cz\/cs\/#\/schema\/logo\/image\/","url":"https:\/\/www.msd.cz\/cs\/wp-content\/uploads\/sites\/62\/2020\/10\/MSD.png","contentUrl":"https:\/\/www.msd.cz\/cs\/wp-content\/uploads\/sites\/62\/2020\/10\/MSD.png","width":2536,"height":1382,"caption":"MSD Czech Republic"},"image":{"@id":"https:\/\/www.msd.cz\/cs\/#\/schema\/logo\/image\/"},"sameAs":["https:\/\/www.facebook.com\/MSDInvents\/","https:\/\/twitter.com\/MSDczech","https:\/\/www.instagram.com\/msdinvents\/","https:\/\/www.linkedin.com\/company\/msdczech\/","https:\/\/www.youtube.com\/channel\/UCzw0K-BF3OzlQVYn6BGHQQw"]}]}},"acf":[],"_links":{"self":[{"href":"https:\/\/www.msd.cz\/cs\/wp-json\/wp\/v2\/pages\/4882","targetHints":{"allow":["GET"]}}],"collection":[{"href":"https:\/\/www.msd.cz\/cs\/wp-json\/wp\/v2\/pages"}],"about":[{"href":"https:\/\/www.msd.cz\/cs\/wp-json\/wp\/v2\/types\/page"}],"author":[{"embeddable":true,"href":"https:\/\/www.msd.cz\/cs\/wp-json\/wp\/v2\/users\/921"}],"replies":[{"embeddable":true,"href":"https:\/\/www.msd.cz\/cs\/wp-json\/wp\/v2\/comments?post=4882"}],"version-history":[{"count":1,"href":"https:\/\/www.msd.cz\/cs\/wp-json\/wp\/v2\/pages\/4882\/revisions"}],"predecessor-version":[{"id":4883,"href":"https:\/\/www.msd.cz\/cs\/wp-json\/wp\/v2\/pages\/4882\/revisions\/4883"}],"wp:attachment":[{"href":"https:\/\/www.msd.cz\/cs\/wp-json\/wp\/v2\/media?parent=4882"}],"curies":[{"name":"wp","href":"https:\/\/api.w.org\/{rel}","templated":true}]}}