{"id":4342,"date":"2023-01-17T20:34:37","date_gmt":"2023-01-17T20:34:37","guid":{"rendered":"https:\/\/www.msd.cz\/cs\/?page_id=4342"},"modified":"2023-01-23T21:46:33","modified_gmt":"2023-01-23T21:46:33","slug":"enterprise-it","status":"publish","type":"page","link":"https:\/\/www.msd.cz\/cs\/it\/enterprise-it\/","title":{"rendered":"Enterprise IT"},"content":{"rendered":"<div id=\"mco-title-block-block_6181a2f9d2ac9\" \n\t class=\"mco-title-block mccberg-block has-background full negative\" \n\t style='background-image: url(https:\/\/www.msd.cz\/cs\/wp-content\/uploads\/sites\/62\/2023\/01\/it_header_pic_enterpriseIT_01.png?w=1600);'\t >\n\t<div class=\"wrapper\">\n\t\t<div class=\"mco-title-block-content\">\n\t\t\t\n\t\t\t<h2 class=\"mco-title-block-title\"> <\/h2>\n\n\t\t\t\t\t\t\t<p class=\"mco-title-block-description\"><div id=\"page-wrapper\" class=\"mrk-clearfix\">\n<div class=\"mrk-grid mrk-clearfix global-wrapper\">\n<div id=\"middle\">\n<div id=\"j_id_ta\" class=\"mrk-section mrk-clearfix \">\n<div class=\"SiteEditCP\">\n<section class=\"header it it-01 hide-on-med-and-down\" role=\"main\">\n<div class=\"container\">\n<div class=\"row\">\n<div class=\"col m7 s12\">\n<h2 class=\"mt-0 mb-3\"><span style=\"color: #008080\">Enterprise IT<\/span><\/h2>\n<\/div>\n<\/div>\n<\/div>\n<\/section>\n<\/div>\n<\/div>\n<\/div>\n<\/div>\n<\/div>\n<\/p>\n\t\t\t\t\t\t\n\t\t\t\t\t<\/div>\n\t<\/div>\n<\/div>\n\n\n<p>Na\u0161e organizace ve vz\u00e1jemn\u00e9 spolupr\u00e1ci s ostatn\u00edmi divizn\u00edmi IT t\u00fdmy zaji\u0161\u0165uje veden\u00ed dod\u00e1vek, pl\u00e1nov\u00e1n\u00ed a exekuci portfolia, n\u00e1vrh architektury \u0159e\u0161en\u00ed, analytick\u00e9 strategie a dod\u00e1v\u00e1 slu\u017eby na\u0161im klient\u016fm z glob\u00e1ln\u00edch funkc\u00ed podpory. Tito klienti jsou z oblasti glob\u00e1ln\u00edch financ\u00ed, lidsk\u00fdch zdroj\u016f, \u0159\u00edzen\u00ed dodavatel\u016f (v\u010detn\u011b n\u00e1kupu) a dal\u0161\u00edch glob\u00e1ln\u00edch slu\u017eeb jako je pracovn\u00ed prost\u0159ed\u00ed, environment\u00e1ln\u00ed slu\u017eby a facility. V r\u00e1mci enterprise IT je zahrnuta i slu\u017eba podpory SAP, kter\u00e1 vyjma dod\u00e1vek pro t\u00fdmy glob\u00e1ln\u00ed funkce podpory zaji\u0161tuje pln\u00fd servis dod\u00e1vek SAP ERP \u0159e\u0161en\u00ed i v oblastech v\u00fdroby, logistiky, v\u00fdzkumu a komer\u010dn\u00edch aktivit pro divizi lidsk\u00e9ho zdrav\u00ed.<\/p>\n\n\n\n<h4 class=\"wp-block-heading\">V souhrnu dod\u00e1v\u00e1me slu\u017eby pro tyto funk\u010dn\u00ed oblasti:<\/h4>\n\n\n\n<ul class=\"wp-block-list\"><li>Navrhov\u00e1n\u00ed a dod\u00e1vky softwarov\u00fdch produkt\u016f a datov\u00fdch model\u016f<\/li><li>SAP kompeten\u010dn\u00ed centrum<\/li><li>Finan\u010dn\u00ed IT<\/li><li>Veden\u00ed modelu finan\u010dn\u00edho operativn\u00edho programu<\/li><li>IT pro finan\u010dn\u00ed pl\u00e1nov\u00e1n\u00ed a digit\u00e1ln\u00ed strategii<\/li><li>Glob\u00e1ln\u00ed dostupnost kontroln\u00edch mechanism\u016f a finan\u010dn\u00edch platforem<\/li><li>Glob\u00e1ln\u00ed spr\u00e1va dodavatel\u016f a glob\u00e1ln\u00ed slu\u017eby pro pracovn\u00ed prost\u0159ed\u00ed<\/li><li>Analytick\u00e9 funkc\u00ed pro slu\u017eby funkce glob\u00e1ln\u00ed podpory<\/li><li>IT pro \u0159\u00edzen\u00ed lidsk\u00fdch zdroj\u016f<\/li><li>IT pro zpracov\u00e1n\u00ed mezd<\/li><li>Spojen\u00ed, akvizice a odprodeje<\/li><\/ul>\n\n\n<div id=\"mco-title-block-block_63bbe6b383fff\" \n\t class=\"mco-title-block mccberg-block has-background full negative\" \n\t style='background-image: url(https:\/\/www.msd.cz\/cs\/wp-content\/uploads\/sites\/62\/2023\/01\/it-banner.png?w=1600);'\t >\n\t<div class=\"wrapper\">\n\t\t<div class=\"mco-title-block-content\">\n\t\t\t\n\t\t\t<h2 class=\"mco-title-block-title\">Chcete b\u00fdt \u010dlenem na\u0161eho t\u00fdmu?<\/h2>\n\n\t\t\t\t\t\t\t<p class=\"mco-title-block-description\"><p>Prozkoumejte mo\u017enosti.<\/p>\n<\/p>\n\t\t\t\t\t\t\n\t\t\t \n\t\t\t\t<div class=\"mco-title-block-cta-container\">\n\n\t\t\t\t\t\t\t\t\t\t\t<a\n                            class=\"btn mco-title-block-cta-btn\"\n                            href=\"https:\/\/jobs.msd.com\/gb\/en\"\n                            title=\"P\u0159ipojte se k n\u00e1m\"\n                            target=\"_self\"\n                                                    >P\u0159ipojte se k n\u00e1m<\/a>\n\t\t\t\t\t\n\t\t\t\t\t\t\t\t\t\t\n\t\t\t\t<\/div>\n\t\t\t\t\t<\/div>\n\t<\/div>\n<\/div>","protected":false},"excerpt":{"rendered":"<p>Na\u0161e organizace ve vz\u00e1jemn\u00e9 spolupr\u00e1ci s ostatn\u00edmi divizn\u00edmi IT t\u00fdmy zaji\u0161\u0165uje veden\u00ed dod\u00e1vek, pl\u00e1nov\u00e1n\u00ed a exekuci portfolia, n\u00e1vrh architektury \u0159e\u0161en\u00ed, analytick\u00e9 strategie a dod\u00e1v\u00e1 slu\u017eby na\u0161im klient\u016fm z glob\u00e1ln\u00edch funkc\u00ed podpory. Tito klienti jsou z oblasti glob\u00e1ln\u00edch financ\u00ed, lidsk\u00fdch zdroj\u016f, \u0159\u00edzen\u00ed dodavatel\u016f (v\u010detn\u011b n\u00e1kupu) a dal\u0161\u00edch glob\u00e1ln\u00edch slu\u017eeb jako je pracovn\u00ed prost\u0159ed\u00ed, environment\u00e1ln\u00ed slu\u017eby a [&hellip;]<\/p>\n","protected":false},"author":545,"featured_media":0,"parent":1755,"menu_order":0,"comment_status":"closed","ping_status":"closed","template":"","meta":{"_acf_changed":false,"bdl_company_name":[],"bdl_item_external_link":[],"editor_notices":[],"footnotes":""},"class_list":["post-4342","page","type-page","status-publish","hentry"],"yoast_head":"<!-- This site is optimized with the Yoast SEO plugin v21.9.1 - https:\/\/yoast.com\/wordpress\/plugins\/seo\/ -->\n<title>Enterprise IT - MSD \u010cesk\u00e1 republika<\/title>\n<meta name=\"robots\" content=\"index, follow, max-snippet:-1, max-image-preview:large, max-video-preview:-1\" \/>\n<link rel=\"canonical\" href=\"https:\/\/www.msd.cz\/cs\/it\/enterprise-it\/\" \/>\n<meta property=\"og:locale\" content=\"en_US\" \/>\n<meta property=\"og:type\" content=\"article\" \/>\n<meta property=\"og:title\" content=\"Enterprise IT - MSD \u010cesk\u00e1 republika\" \/>\n<meta property=\"og:description\" content=\"Na\u0161e organizace ve vz\u00e1jemn\u00e9 spolupr\u00e1ci s ostatn\u00edmi divizn\u00edmi IT t\u00fdmy zaji\u0161\u0165uje veden\u00ed dod\u00e1vek, pl\u00e1nov\u00e1n\u00ed a exekuci portfolia, n\u00e1vrh architektury \u0159e\u0161en\u00ed, analytick\u00e9 strategie a dod\u00e1v\u00e1 slu\u017eby na\u0161im klient\u016fm z glob\u00e1ln\u00edch funkc\u00ed podpory. Tito klienti jsou z oblasti glob\u00e1ln\u00edch financ\u00ed, lidsk\u00fdch zdroj\u016f, \u0159\u00edzen\u00ed dodavatel\u016f (v\u010detn\u011b n\u00e1kupu) a dal\u0161\u00edch glob\u00e1ln\u00edch slu\u017eeb jako je pracovn\u00ed prost\u0159ed\u00ed, environment\u00e1ln\u00ed slu\u017eby a [&hellip;]\" \/>\n<meta property=\"og:url\" content=\"https:\/\/www.msd.cz\/cs\/it\/enterprise-it\/\" \/>\n<meta property=\"og:site_name\" content=\"MSD \u010cesk\u00e1 republika\" \/>\n<meta property=\"article:publisher\" content=\"https:\/\/www.facebook.com\/MSDInvents\/\" \/>\n<meta property=\"article:modified_time\" content=\"2023-01-23T21:46:33+00:00\" \/>\n<meta property=\"og:image\" content=\"https:\/\/www.msd.cz\/cs\/wp-content\/uploads\/sites\/62\/2020\/10\/MSD.png\" \/>\n\t<meta property=\"og:image:width\" content=\"2536\" \/>\n\t<meta property=\"og:image:height\" content=\"1382\" \/>\n\t<meta property=\"og:image:type\" content=\"image\/png\" \/>\n<meta name=\"twitter:card\" content=\"summary_large_image\" \/>\n<meta name=\"twitter:site\" content=\"@MSDczech\" \/>\n<meta name=\"twitter:label1\" content=\"Est. reading time\" \/>\n\t<meta name=\"twitter:data1\" content=\"1 minute\" \/>\n<script type=\"application\/ld+json\" class=\"yoast-schema-graph\">{\"@context\":\"https:\/\/schema.org\",\"@graph\":[{\"@type\":\"WebPage\",\"@id\":\"https:\/\/www.msd.cz\/cs\/it\/enterprise-it\/\",\"url\":\"https:\/\/www.msd.cz\/cs\/it\/enterprise-it\/\",\"name\":\"Enterprise IT - MSD \u010cesk\u00e1 republika\",\"isPartOf\":{\"@id\":\"https:\/\/www.msd.cz\/cs\/#website\"},\"datePublished\":\"2023-01-17T20:34:37+00:00\",\"dateModified\":\"2023-01-23T21:46:33+00:00\",\"breadcrumb\":{\"@id\":\"https:\/\/www.msd.cz\/cs\/it\/enterprise-it\/#breadcrumb\"},\"inLanguage\":\"en-US\",\"potentialAction\":[{\"@type\":\"ReadAction\",\"target\":[\"https:\/\/www.msd.cz\/cs\/it\/enterprise-it\/\"]}]},{\"@type\":\"BreadcrumbList\",\"@id\":\"https:\/\/www.msd.cz\/cs\/it\/enterprise-it\/#breadcrumb\",\"itemListElement\":[{\"@type\":\"ListItem\",\"position\":1,\"name\":\"IT\",\"item\":\"https:\/\/www.msd.cz\/cs\/it\/\"},{\"@type\":\"ListItem\",\"position\":2,\"name\":\"Enterprise IT\"}]},{\"@type\":\"WebSite\",\"@id\":\"https:\/\/www.msd.cz\/cs\/#website\",\"url\":\"https:\/\/www.msd.cz\/cs\/\",\"name\":\"MSD \u010cesk\u00e1 republika\",\"description\":\"Just another vip2-msd.com site\",\"publisher\":{\"@id\":\"https:\/\/www.msd.cz\/cs\/#organization\"},\"potentialAction\":[{\"@type\":\"SearchAction\",\"target\":{\"@type\":\"EntryPoint\",\"urlTemplate\":\"https:\/\/www.msd.cz\/cs\/?s={search_term_string}\"},\"query-input\":\"required name=search_term_string\"}],\"inLanguage\":\"en-US\"},{\"@type\":\"Organization\",\"@id\":\"https:\/\/www.msd.cz\/cs\/#organization\",\"name\":\"MSD Czech Republic\",\"url\":\"https:\/\/www.msd.cz\/cs\/\",\"logo\":{\"@type\":\"ImageObject\",\"inLanguage\":\"en-US\",\"@id\":\"https:\/\/www.msd.cz\/cs\/#\/schema\/logo\/image\/\",\"url\":\"https:\/\/www.msd.cz\/cs\/wp-content\/uploads\/sites\/62\/2020\/10\/MSD.png\",\"contentUrl\":\"https:\/\/www.msd.cz\/cs\/wp-content\/uploads\/sites\/62\/2020\/10\/MSD.png\",\"width\":2536,\"height\":1382,\"caption\":\"MSD Czech Republic\"},\"image\":{\"@id\":\"https:\/\/www.msd.cz\/cs\/#\/schema\/logo\/image\/\"},\"sameAs\":[\"https:\/\/www.facebook.com\/MSDInvents\/\",\"https:\/\/twitter.com\/MSDczech\",\"https:\/\/www.instagram.com\/msdinvents\/\",\"https:\/\/www.linkedin.com\/company\/msdczech\/\",\"https:\/\/www.youtube.com\/channel\/UCzw0K-BF3OzlQVYn6BGHQQw\"]}]}<\/script>\n<!-- \/ Yoast SEO plugin. -->","yoast_head_json":{"title":"Enterprise IT - MSD \u010cesk\u00e1 republika","robots":{"index":"index","follow":"follow","max-snippet":"max-snippet:-1","max-image-preview":"max-image-preview:large","max-video-preview":"max-video-preview:-1"},"canonical":"https:\/\/www.msd.cz\/cs\/it\/enterprise-it\/","og_locale":"en_US","og_type":"article","og_title":"Enterprise IT - MSD \u010cesk\u00e1 republika","og_description":"Na\u0161e organizace ve vz\u00e1jemn\u00e9 spolupr\u00e1ci s ostatn\u00edmi divizn\u00edmi IT t\u00fdmy zaji\u0161\u0165uje veden\u00ed dod\u00e1vek, pl\u00e1nov\u00e1n\u00ed a exekuci portfolia, n\u00e1vrh architektury \u0159e\u0161en\u00ed, analytick\u00e9 strategie a dod\u00e1v\u00e1 slu\u017eby na\u0161im klient\u016fm z glob\u00e1ln\u00edch funkc\u00ed podpory. Tito klienti jsou z oblasti glob\u00e1ln\u00edch financ\u00ed, lidsk\u00fdch zdroj\u016f, \u0159\u00edzen\u00ed dodavatel\u016f (v\u010detn\u011b n\u00e1kupu) a dal\u0161\u00edch glob\u00e1ln\u00edch slu\u017eeb jako je pracovn\u00ed prost\u0159ed\u00ed, environment\u00e1ln\u00ed slu\u017eby a [&hellip;]","og_url":"https:\/\/www.msd.cz\/cs\/it\/enterprise-it\/","og_site_name":"MSD \u010cesk\u00e1 republika","article_publisher":"https:\/\/www.facebook.com\/MSDInvents\/","article_modified_time":"2023-01-23T21:46:33+00:00","og_image":[{"width":2536,"height":1382,"url":"https:\/\/www.msd.cz\/cs\/wp-content\/uploads\/sites\/62\/2020\/10\/MSD.png","type":"image\/png"}],"twitter_card":"summary_large_image","twitter_site":"@MSDczech","twitter_misc":{"Est. reading time":"1 minute"},"schema":{"@context":"https:\/\/schema.org","@graph":[{"@type":"WebPage","@id":"https:\/\/www.msd.cz\/cs\/it\/enterprise-it\/","url":"https:\/\/www.msd.cz\/cs\/it\/enterprise-it\/","name":"Enterprise IT - MSD \u010cesk\u00e1 republika","isPartOf":{"@id":"https:\/\/www.msd.cz\/cs\/#website"},"datePublished":"2023-01-17T20:34:37+00:00","dateModified":"2023-01-23T21:46:33+00:00","breadcrumb":{"@id":"https:\/\/www.msd.cz\/cs\/it\/enterprise-it\/#breadcrumb"},"inLanguage":"en-US","potentialAction":[{"@type":"ReadAction","target":["https:\/\/www.msd.cz\/cs\/it\/enterprise-it\/"]}]},{"@type":"BreadcrumbList","@id":"https:\/\/www.msd.cz\/cs\/it\/enterprise-it\/#breadcrumb","itemListElement":[{"@type":"ListItem","position":1,"name":"IT","item":"https:\/\/www.msd.cz\/cs\/it\/"},{"@type":"ListItem","position":2,"name":"Enterprise IT"}]},{"@type":"WebSite","@id":"https:\/\/www.msd.cz\/cs\/#website","url":"https:\/\/www.msd.cz\/cs\/","name":"MSD \u010cesk\u00e1 republika","description":"Just another vip2-msd.com site","publisher":{"@id":"https:\/\/www.msd.cz\/cs\/#organization"},"potentialAction":[{"@type":"SearchAction","target":{"@type":"EntryPoint","urlTemplate":"https:\/\/www.msd.cz\/cs\/?s={search_term_string}"},"query-input":"required name=search_term_string"}],"inLanguage":"en-US"},{"@type":"Organization","@id":"https:\/\/www.msd.cz\/cs\/#organization","name":"MSD Czech Republic","url":"https:\/\/www.msd.cz\/cs\/","logo":{"@type":"ImageObject","inLanguage":"en-US","@id":"https:\/\/www.msd.cz\/cs\/#\/schema\/logo\/image\/","url":"https:\/\/www.msd.cz\/cs\/wp-content\/uploads\/sites\/62\/2020\/10\/MSD.png","contentUrl":"https:\/\/www.msd.cz\/cs\/wp-content\/uploads\/sites\/62\/2020\/10\/MSD.png","width":2536,"height":1382,"caption":"MSD Czech Republic"},"image":{"@id":"https:\/\/www.msd.cz\/cs\/#\/schema\/logo\/image\/"},"sameAs":["https:\/\/www.facebook.com\/MSDInvents\/","https:\/\/twitter.com\/MSDczech","https:\/\/www.instagram.com\/msdinvents\/","https:\/\/www.linkedin.com\/company\/msdczech\/","https:\/\/www.youtube.com\/channel\/UCzw0K-BF3OzlQVYn6BGHQQw"]}]}},"acf":[],"_links":{"self":[{"href":"https:\/\/www.msd.cz\/cs\/wp-json\/wp\/v2\/pages\/4342","targetHints":{"allow":["GET"]}}],"collection":[{"href":"https:\/\/www.msd.cz\/cs\/wp-json\/wp\/v2\/pages"}],"about":[{"href":"https:\/\/www.msd.cz\/cs\/wp-json\/wp\/v2\/types\/page"}],"author":[{"embeddable":true,"href":"https:\/\/www.msd.cz\/cs\/wp-json\/wp\/v2\/users\/545"}],"replies":[{"embeddable":true,"href":"https:\/\/www.msd.cz\/cs\/wp-json\/wp\/v2\/comments?post=4342"}],"version-history":[{"count":20,"href":"https:\/\/www.msd.cz\/cs\/wp-json\/wp\/v2\/pages\/4342\/revisions"}],"predecessor-version":[{"id":4374,"href":"https:\/\/www.msd.cz\/cs\/wp-json\/wp\/v2\/pages\/4342\/revisions\/4374"}],"up":[{"embeddable":true,"href":"https:\/\/www.msd.cz\/cs\/wp-json\/wp\/v2\/pages\/1755"}],"wp:attachment":[{"href":"https:\/\/www.msd.cz\/cs\/wp-json\/wp\/v2\/media?parent=4342"}],"curies":[{"name":"wp","href":"https:\/\/api.w.org\/{rel}","templated":true}]}}