{"id":3306,"date":"2022-02-24T12:25:59","date_gmt":"2022-02-24T12:25:59","guid":{"rendered":"https:\/\/www.msd.cz\/cs\/?page_id=3306"},"modified":"2022-03-15T15:56:32","modified_gmt":"2022-03-15T15:56:32","slug":"30th","status":"publish","type":"page","link":"https:\/\/www.msd.cz\/cs\/30th\/","title":{"rendered":"30th"},"content":{"rendered":"<div id=\"mco-title-block-block_6217772d4d499\" \n\t class=\"mco-title-block mccberg-block has-background full negative\" \n\t style='background-image: url(https:\/\/www.msd.cz\/cs\/wp-content\/uploads\/sites\/62\/2022\/03\/czech-header-1920x900-v4.svg?w=1600);'\t >\n\t<div class=\"wrapper\">\n\t\t<div class=\"mco-title-block-content\">\n\t\t\t\n\t\t\t<h2 class=\"mco-title-block-title\"> <\/h2>\n\n\t\t\t\t\t\t\t<p class=\"mco-title-block-description\"><h1><span style=\"color: #ffffff\">MSD 30 let v \u010cesk\u00e9 republice<\/span><\/h1>\n<\/p>\n\t\t\t\t\t\t\n\t\t\t\t\t<\/div>\n\t<\/div>\n<\/div>\n\n\n<div class=\"wp-block-columns is-layout-flex wp-container-core-columns-is-layout-9d6595d7 wp-block-columns-is-layout-flex\">\n<div class=\"wp-block-column is-layout-flow wp-block-column-is-layout-flow\">\n<p>29. dubna 1992 jsme zalo\u017eili \u010deskou pobo\u010dku spole\u010dnosti Merck Sharp &amp; Dohme IDEA (MSD). Ji\u017e brzy po za\u010d\u00e1tku sv\u00e9ho p\u016fsoben\u00ed se spole\u010dnost MSD za\u0159adila mezi nejv\u011bt\u0161\u00ed farmaceutick\u00e9 firmy v \u010cesk\u00e9 republice. Postupem \u010dasu si MSD vybudovala v\u00fdznamnou pozici na poli biologick\u00e9 l\u00e9\u010dby, peror\u00e1ln\u00edch antidiabetik, kardiologie, l\u00e9\u010dby infek\u010dn\u00edch onemocn\u011bn\u00ed, \u017eensk\u00e9ho zdrav\u00ed a vakc\u00edn.<\/p>\n<\/div>\n\n\n\n<div class=\"wp-block-column is-layout-flow wp-block-column-is-layout-flow\">\n<p>On April 29, 1992, we established the Czech branch of Merck Sharp &amp; Dohme IDEA (MSD). Soon after its start, MSD has become one of the largest pharmaceutical companies in the Czech Republic. Over time, MSD has built a significant position in the field of biological treatment, oral antidiabetics, cardiology, treatment of infectious diseases, female health and vaccines.<\/p>\n<\/div>\n<\/div>\n","protected":false},"excerpt":{"rendered":"<p>29. dubna 1992 jsme zalo\u017eili \u010deskou pobo\u010dku spole\u010dnosti Merck Sharp &amp; Dohme IDEA (MSD). Ji\u017e brzy po za\u010d\u00e1tku sv\u00e9ho p\u016fsoben\u00ed se spole\u010dnost MSD za\u0159adila mezi nejv\u011bt\u0161\u00ed farmaceutick\u00e9 firmy v \u010cesk\u00e9 republice. Postupem \u010dasu si MSD vybudovala v\u00fdznamnou pozici na poli biologick\u00e9 l\u00e9\u010dby, peror\u00e1ln\u00edch antidiabetik, kardiologie, l\u00e9\u010dby infek\u010dn\u00edch onemocn\u011bn\u00ed, \u017eensk\u00e9ho zdrav\u00ed a vakc\u00edn. On April 29, [&hellip;]<\/p>\n","protected":false},"author":545,"featured_media":0,"parent":0,"menu_order":0,"comment_status":"closed","ping_status":"closed","template":"","meta":{"_acf_changed":false,"bdl_company_name":[],"bdl_item_external_link":[],"editor_notices":[],"footnotes":""},"class_list":["post-3306","page","type-page","status-publish","hentry"],"yoast_head":"<!-- This site is optimized with the Yoast SEO plugin v21.9.1 - https:\/\/yoast.com\/wordpress\/plugins\/seo\/ -->\n<title>30th - MSD \u010cesk\u00e1 republika<\/title>\n<meta name=\"robots\" content=\"index, follow, max-snippet:-1, max-image-preview:large, max-video-preview:-1\" \/>\n<link rel=\"canonical\" href=\"https:\/\/www.msd.cz\/cs\/30th\/\" \/>\n<meta property=\"og:locale\" content=\"en_US\" \/>\n<meta property=\"og:type\" content=\"article\" \/>\n<meta property=\"og:title\" content=\"30th - MSD \u010cesk\u00e1 republika\" \/>\n<meta property=\"og:description\" content=\"29. dubna 1992 jsme zalo\u017eili \u010deskou pobo\u010dku spole\u010dnosti Merck Sharp &amp; Dohme IDEA (MSD). Ji\u017e brzy po za\u010d\u00e1tku sv\u00e9ho p\u016fsoben\u00ed se spole\u010dnost MSD za\u0159adila mezi nejv\u011bt\u0161\u00ed farmaceutick\u00e9 firmy v \u010cesk\u00e9 republice. Postupem \u010dasu si MSD vybudovala v\u00fdznamnou pozici na poli biologick\u00e9 l\u00e9\u010dby, peror\u00e1ln\u00edch antidiabetik, kardiologie, l\u00e9\u010dby infek\u010dn\u00edch onemocn\u011bn\u00ed, \u017eensk\u00e9ho zdrav\u00ed a vakc\u00edn. On April 29, [&hellip;]\" \/>\n<meta property=\"og:url\" content=\"https:\/\/www.msd.cz\/cs\/30th\/\" \/>\n<meta property=\"og:site_name\" content=\"MSD \u010cesk\u00e1 republika\" \/>\n<meta property=\"article:publisher\" content=\"https:\/\/www.facebook.com\/MSDInvents\/\" \/>\n<meta property=\"article:modified_time\" content=\"2022-03-15T15:56:32+00:00\" \/>\n<meta property=\"og:image\" content=\"https:\/\/www.msd.cz\/cs\/wp-content\/uploads\/sites\/62\/2020\/10\/MSD.png\" \/>\n\t<meta property=\"og:image:width\" content=\"2536\" \/>\n\t<meta property=\"og:image:height\" content=\"1382\" \/>\n\t<meta property=\"og:image:type\" content=\"image\/png\" \/>\n<meta name=\"twitter:card\" content=\"summary_large_image\" \/>\n<meta name=\"twitter:site\" content=\"@MSDczech\" \/>\n<meta name=\"twitter:label1\" content=\"Est. reading time\" \/>\n\t<meta name=\"twitter:data1\" content=\"1 minute\" \/>\n<script type=\"application\/ld+json\" class=\"yoast-schema-graph\">{\"@context\":\"https:\/\/schema.org\",\"@graph\":[{\"@type\":\"WebPage\",\"@id\":\"https:\/\/www.msd.cz\/cs\/30th\/\",\"url\":\"https:\/\/www.msd.cz\/cs\/30th\/\",\"name\":\"30th - MSD \u010cesk\u00e1 republika\",\"isPartOf\":{\"@id\":\"https:\/\/www.msd.cz\/cs\/#website\"},\"datePublished\":\"2022-02-24T12:25:59+00:00\",\"dateModified\":\"2022-03-15T15:56:32+00:00\",\"inLanguage\":\"en-US\",\"potentialAction\":[{\"@type\":\"ReadAction\",\"target\":[\"https:\/\/www.msd.cz\/cs\/30th\/\"]}]},{\"@type\":\"WebSite\",\"@id\":\"https:\/\/www.msd.cz\/cs\/#website\",\"url\":\"https:\/\/www.msd.cz\/cs\/\",\"name\":\"MSD \u010cesk\u00e1 republika\",\"description\":\"Just another vip2-msd.com site\",\"publisher\":{\"@id\":\"https:\/\/www.msd.cz\/cs\/#organization\"},\"potentialAction\":[{\"@type\":\"SearchAction\",\"target\":{\"@type\":\"EntryPoint\",\"urlTemplate\":\"https:\/\/www.msd.cz\/cs\/?s={search_term_string}\"},\"query-input\":\"required name=search_term_string\"}],\"inLanguage\":\"en-US\"},{\"@type\":\"Organization\",\"@id\":\"https:\/\/www.msd.cz\/cs\/#organization\",\"name\":\"MSD Czech Republic\",\"url\":\"https:\/\/www.msd.cz\/cs\/\",\"logo\":{\"@type\":\"ImageObject\",\"inLanguage\":\"en-US\",\"@id\":\"https:\/\/www.msd.cz\/cs\/#\/schema\/logo\/image\/\",\"url\":\"https:\/\/www.msd.cz\/cs\/wp-content\/uploads\/sites\/62\/2020\/10\/MSD.png\",\"contentUrl\":\"https:\/\/www.msd.cz\/cs\/wp-content\/uploads\/sites\/62\/2020\/10\/MSD.png\",\"width\":2536,\"height\":1382,\"caption\":\"MSD Czech Republic\"},\"image\":{\"@id\":\"https:\/\/www.msd.cz\/cs\/#\/schema\/logo\/image\/\"},\"sameAs\":[\"https:\/\/www.facebook.com\/MSDInvents\/\",\"https:\/\/twitter.com\/MSDczech\",\"https:\/\/www.instagram.com\/msdinvents\/\",\"https:\/\/www.linkedin.com\/company\/msdczech\/\",\"https:\/\/www.youtube.com\/channel\/UCzw0K-BF3OzlQVYn6BGHQQw\"]}]}<\/script>\n<!-- \/ Yoast SEO plugin. -->","yoast_head_json":{"title":"30th - MSD \u010cesk\u00e1 republika","robots":{"index":"index","follow":"follow","max-snippet":"max-snippet:-1","max-image-preview":"max-image-preview:large","max-video-preview":"max-video-preview:-1"},"canonical":"https:\/\/www.msd.cz\/cs\/30th\/","og_locale":"en_US","og_type":"article","og_title":"30th - MSD \u010cesk\u00e1 republika","og_description":"29. dubna 1992 jsme zalo\u017eili \u010deskou pobo\u010dku spole\u010dnosti Merck Sharp &amp; Dohme IDEA (MSD). Ji\u017e brzy po za\u010d\u00e1tku sv\u00e9ho p\u016fsoben\u00ed se spole\u010dnost MSD za\u0159adila mezi nejv\u011bt\u0161\u00ed farmaceutick\u00e9 firmy v \u010cesk\u00e9 republice. Postupem \u010dasu si MSD vybudovala v\u00fdznamnou pozici na poli biologick\u00e9 l\u00e9\u010dby, peror\u00e1ln\u00edch antidiabetik, kardiologie, l\u00e9\u010dby infek\u010dn\u00edch onemocn\u011bn\u00ed, \u017eensk\u00e9ho zdrav\u00ed a vakc\u00edn. On April 29, [&hellip;]","og_url":"https:\/\/www.msd.cz\/cs\/30th\/","og_site_name":"MSD \u010cesk\u00e1 republika","article_publisher":"https:\/\/www.facebook.com\/MSDInvents\/","article_modified_time":"2022-03-15T15:56:32+00:00","og_image":[{"width":2536,"height":1382,"url":"https:\/\/www.msd.cz\/cs\/wp-content\/uploads\/sites\/62\/2020\/10\/MSD.png","type":"image\/png"}],"twitter_card":"summary_large_image","twitter_site":"@MSDczech","twitter_misc":{"Est. reading time":"1 minute"},"schema":{"@context":"https:\/\/schema.org","@graph":[{"@type":"WebPage","@id":"https:\/\/www.msd.cz\/cs\/30th\/","url":"https:\/\/www.msd.cz\/cs\/30th\/","name":"30th - MSD \u010cesk\u00e1 republika","isPartOf":{"@id":"https:\/\/www.msd.cz\/cs\/#website"},"datePublished":"2022-02-24T12:25:59+00:00","dateModified":"2022-03-15T15:56:32+00:00","inLanguage":"en-US","potentialAction":[{"@type":"ReadAction","target":["https:\/\/www.msd.cz\/cs\/30th\/"]}]},{"@type":"WebSite","@id":"https:\/\/www.msd.cz\/cs\/#website","url":"https:\/\/www.msd.cz\/cs\/","name":"MSD \u010cesk\u00e1 republika","description":"Just another vip2-msd.com site","publisher":{"@id":"https:\/\/www.msd.cz\/cs\/#organization"},"potentialAction":[{"@type":"SearchAction","target":{"@type":"EntryPoint","urlTemplate":"https:\/\/www.msd.cz\/cs\/?s={search_term_string}"},"query-input":"required name=search_term_string"}],"inLanguage":"en-US"},{"@type":"Organization","@id":"https:\/\/www.msd.cz\/cs\/#organization","name":"MSD Czech Republic","url":"https:\/\/www.msd.cz\/cs\/","logo":{"@type":"ImageObject","inLanguage":"en-US","@id":"https:\/\/www.msd.cz\/cs\/#\/schema\/logo\/image\/","url":"https:\/\/www.msd.cz\/cs\/wp-content\/uploads\/sites\/62\/2020\/10\/MSD.png","contentUrl":"https:\/\/www.msd.cz\/cs\/wp-content\/uploads\/sites\/62\/2020\/10\/MSD.png","width":2536,"height":1382,"caption":"MSD Czech Republic"},"image":{"@id":"https:\/\/www.msd.cz\/cs\/#\/schema\/logo\/image\/"},"sameAs":["https:\/\/www.facebook.com\/MSDInvents\/","https:\/\/twitter.com\/MSDczech","https:\/\/www.instagram.com\/msdinvents\/","https:\/\/www.linkedin.com\/company\/msdczech\/","https:\/\/www.youtube.com\/channel\/UCzw0K-BF3OzlQVYn6BGHQQw"]}]}},"acf":[],"_links":{"self":[{"href":"https:\/\/www.msd.cz\/cs\/wp-json\/wp\/v2\/pages\/3306","targetHints":{"allow":["GET"]}}],"collection":[{"href":"https:\/\/www.msd.cz\/cs\/wp-json\/wp\/v2\/pages"}],"about":[{"href":"https:\/\/www.msd.cz\/cs\/wp-json\/wp\/v2\/types\/page"}],"author":[{"embeddable":true,"href":"https:\/\/www.msd.cz\/cs\/wp-json\/wp\/v2\/users\/545"}],"replies":[{"embeddable":true,"href":"https:\/\/www.msd.cz\/cs\/wp-json\/wp\/v2\/comments?post=3306"}],"version-history":[{"count":16,"href":"https:\/\/www.msd.cz\/cs\/wp-json\/wp\/v2\/pages\/3306\/revisions"}],"predecessor-version":[{"id":4698,"href":"https:\/\/www.msd.cz\/cs\/wp-json\/wp\/v2\/pages\/3306\/revisions\/4698"}],"wp:attachment":[{"href":"https:\/\/www.msd.cz\/cs\/wp-json\/wp\/v2\/media?parent=3306"}],"curies":[{"name":"wp","href":"https:\/\/api.w.org\/{rel}","templated":true}]}}