{"id":2630,"date":"2021-11-17T20:08:00","date_gmt":"2021-11-17T20:08:00","guid":{"rendered":"https:\/\/www.msd.cz\/cs\/?page_id=2630"},"modified":"2026-03-09T10:16:08","modified_gmt":"2026-03-09T10:16:08","slug":"kontaktujte-nas","status":"publish","type":"page","link":"https:\/\/www.msd.cz\/cs\/kontaktujte-nas\/","title":{"rendered":"Kontaktujte n\u00e1s"},"content":{"rendered":"<div id=\"mco-title-block-block_daa34070ab5cd4a7a343f465db82e802\" \n\t class=\"mco-title-block mccberg-block has-background full negative\" \n\t style='background-image: url(https:\/\/www.msd.cz\/cs\/wp-content\/uploads\/sites\/62\/2021\/11\/hp-01-p1-header-dark-1920x900-1.jpg?w=1600);'\t >\n\t<div class=\"wrapper\">\n\t\t<div class=\"mco-title-block-content\">\n\t\t\t\n\t\t\t<h2 class=\"mco-title-block-title\">Kontaktujte n\u00e1s<\/h2>\n\n\t\t\t\t\t\t\t<p class=\"mco-title-block-description\"><p>Abychom V\u00e1\u0161 dotaz mohli co nejl\u00e9pe zpracovat, jsou dotazy zaznamen\u00e1v\u00e1ny. Uji\u0161\u0165ujeme V\u00e1s, \u017ee ve\u0161ker\u00e9 osobn\u00ed \u00fadaje, kter\u00e9 n\u00e1m poskytnete, budou pou\u017eity k uchov\u00e1n\u00ed z\u00e1znamu o Va\u0161em dotazu a budou spole\u010dnost\u00ed Merck Sharp &amp; Dohme (MSD) zpracov\u00e1v\u00e1ny zp\u016fsobem pln\u011b respektuj\u00edc\u00edm Va\u0161e soukrom\u00ed. V\u00edce informac\u00ed o na\u0161em z\u00e1vazku k ochran\u011b soukrom\u00ed naleznete na str\u00e1nce v\u011bnovan\u00e9 Ochran\u011b osobn\u00edch \u00fadaj\u016f.<\/p>\n<\/p>\n\t\t\t\t\t\t\n\t\t\t\t\t<\/div>\n\t<\/div>\n<\/div>\n\n\n<div class=\"wp-block-columns is-layout-flex wp-container-core-columns-is-layout-9d6595d7 wp-block-columns-is-layout-flex\">\n<div class=\"wp-block-column is-layout-flow wp-block-column-is-layout-flow\">\n<h2 class=\"wp-block-heading\">Kontakt<\/h2>\n\n\n\n<p>Recepce&nbsp;<br><a href=\"tel:+420277050000\">+420 277 050 000<\/a>&nbsp;<\/p>\n\n\n\n<p>Dotazy l\u00e9ka\u0159\u016f a z\u00e1kazn\u00edk\u016f ohledn\u011b na\u0161ich produkt\u016f:&nbsp;<br><a href=\"mailto:dpoc_czechslovak@msd.com\" target=\"_blank\" rel=\"noreferrer noopener\">dpoc_czechslovak@msd.com<\/a><\/p>\n<\/div>\n\n\n\n<div class=\"wp-block-column is-layout-flow wp-block-column-is-layout-flow\">\n<h2 class=\"wp-block-heading\">Pouze pro m\u00e9dia<\/h2>\n\n\n\n<p>Eva Kar\u00e1skov\u00e1&nbsp;<br>Healthcare Policy and Communication<\/p>\n\n\n\n<p>Kontakt pro m\u00e9dia&nbsp;<br><a href=\"mailto:media_cz@msd.com\" target=\"_blank\" rel=\"noreferrer noopener\">media_cz@msd.com<\/a><\/p>\n<\/div>\n<\/div>\n\n\n\n<div class=\"wp-block-columns is-layout-flex wp-container-core-columns-is-layout-9d6595d7 wp-block-columns-is-layout-flex\">\n<div class=\"wp-block-column is-layout-flow wp-block-column-is-layout-flow\">\n<div class=\"wp-block-jetpack-contact-info\">\n\n<h4 class=\"wp-block-heading\"><strong>Human health<\/strong><\/h4>\n\n\n<div class=\"wp-block-jetpack-address\"><div class=\"jetpack-address__address jetpack-address__address2\">Merck Sharp &amp; Dohme s.r.o. <\/div><div class=\"jetpack-address__address jetpack-address__address3\">Na Valentince 3336\/4 <\/div><div><span class=\"jetpack-address__city\">Praha 5 <\/span>, <span class=\"jetpack-address__region\"><\/span> <span class=\"jetpack-address__postal\">150 00 <\/span><\/div><div class=\"jetpack-address__country\">\u010cesk\u00e1 republika<\/div><\/div>\n\n\n\n\n<p>I\u010c: 028462564<\/p>\n\n\n<p>DI\u010c: CZ28462564<\/p>\n\n\n<p>C 143294 veden\u00e1 u M\u011bstsk\u00e9ho soudu v Praze<\/p>\n\n<\/div>\n<\/div>\n\n\n\n<div class=\"wp-block-column is-layout-flow wp-block-column-is-layout-flow\">\n<div class=\"wp-block-jetpack-contact-info\">\n\n<h4 class=\"wp-block-heading\"><strong>Finance &amp; IT<\/strong><\/h4>\n\n\n<div class=\"wp-block-jetpack-address\"><div class=\"jetpack-address__address jetpack-address__address2\">MSD Czech Republic s.r.o. <\/div><div class=\"jetpack-address__address jetpack-address__address3\">Svornosti 3321\/2 <\/div><div><span class=\"jetpack-address__city\">Praha 5 <\/span>, <span class=\"jetpack-address__region\"><\/span> <span class=\"jetpack-address__postal\">150 00 <\/span><\/div><div class=\"jetpack-address__country\">\u010cesk\u00e1 republika<\/div><\/div>\n\n\n\n\n<p>I\u010c: 02822849<\/p>\n\n\n<p>DI\u010c: CZ02822849<\/p>\n\n\n<p>C 224056 veden\u00e1 u M\u011bstsk\u00e9ho soudu v Praze<\/p>\n\n<\/div>\n<\/div>\n<\/div>\n\n\n\n<h5 class=\"wp-block-heading\"><\/h5>\n","protected":false},"excerpt":{"rendered":"<p>Kontakt Recepce&nbsp;+420 277 050 000&nbsp; Dotazy l\u00e9ka\u0159\u016f a z\u00e1kazn\u00edk\u016f ohledn\u011b na\u0161ich produkt\u016f:&nbsp;dpoc_czechslovak@msd.com Pouze pro m\u00e9dia Eva Kar\u00e1skov\u00e1&nbsp;Healthcare Policy and Communication Kontakt pro m\u00e9dia&nbsp;media_cz@msd.com<\/p>\n","protected":false},"author":545,"featured_media":0,"parent":0,"menu_order":0,"comment_status":"closed","ping_status":"closed","template":"","meta":{"_acf_changed":false,"bdl_company_name":[],"bdl_item_external_link":[],"editor_notices":[],"footnotes":""},"class_list":["post-2630","page","type-page","status-publish","hentry"],"yoast_head":"<!-- This site is optimized with the Yoast SEO plugin v21.9.1 - https:\/\/yoast.com\/wordpress\/plugins\/seo\/ -->\n<title>Kontaktujte n\u00e1s - MSD \u010cesk\u00e1 republika<\/title>\n<meta name=\"description\" content=\"Merck Sharp &amp; Dohme s.r.o. a MSD Czech Republic s.r.o. jsou sou\u010d\u00e1st\u00ed glob\u00e1ln\u00ed spole\u010dnosti Merck &amp; Co., Inc., se s\u00eddlem v Rahway, New Jersey, USA, jednoho z p\u0159edn\u00edch sv\u011btov\u00fdch farmaceutick\u00fdch v\u00fdrobc\u016f.\" \/>\n<meta name=\"robots\" content=\"index, follow, max-snippet:-1, max-image-preview:large, max-video-preview:-1\" \/>\n<link rel=\"canonical\" href=\"https:\/\/www.msd.cz\/cs\/kontaktujte-nas\/\" \/>\n<meta property=\"og:locale\" content=\"en_US\" \/>\n<meta property=\"og:type\" content=\"article\" \/>\n<meta property=\"og:title\" content=\"Kontaktujte n\u00e1s - MSD \u010cesk\u00e1 republika\" \/>\n<meta property=\"og:description\" content=\"Merck Sharp &amp; Dohme s.r.o. a MSD Czech Republic s.r.o. jsou sou\u010d\u00e1st\u00ed glob\u00e1ln\u00ed spole\u010dnosti Merck &amp; Co., Inc., se s\u00eddlem v Rahway, New Jersey, USA, jednoho z p\u0159edn\u00edch sv\u011btov\u00fdch farmaceutick\u00fdch v\u00fdrobc\u016f.\" \/>\n<meta property=\"og:url\" content=\"https:\/\/www.msd.cz\/cs\/kontaktujte-nas\/\" \/>\n<meta property=\"og:site_name\" content=\"MSD \u010cesk\u00e1 republika\" \/>\n<meta property=\"article:publisher\" content=\"https:\/\/www.facebook.com\/MSDInvents\/\" \/>\n<meta property=\"article:modified_time\" content=\"2026-03-09T10:16:08+00:00\" \/>\n<meta property=\"og:image\" content=\"https:\/\/www.msd.cz\/cs\/wp-content\/uploads\/sites\/62\/2020\/10\/MSD.png\" \/>\n\t<meta property=\"og:image:width\" content=\"2536\" \/>\n\t<meta property=\"og:image:height\" content=\"1382\" \/>\n\t<meta property=\"og:image:type\" content=\"image\/png\" \/>\n<meta name=\"twitter:card\" content=\"summary_large_image\" \/>\n<meta name=\"twitter:site\" content=\"@MSDczech\" \/>\n<meta name=\"twitter:label1\" content=\"Est. reading time\" \/>\n\t<meta name=\"twitter:data1\" content=\"1 minute\" \/>\n<script type=\"application\/ld+json\" class=\"yoast-schema-graph\">{\"@context\":\"https:\/\/schema.org\",\"@graph\":[{\"@type\":\"WebPage\",\"@id\":\"https:\/\/www.msd.cz\/cs\/kontaktujte-nas\/\",\"url\":\"https:\/\/www.msd.cz\/cs\/kontaktujte-nas\/\",\"name\":\"Kontaktujte n\u00e1s - MSD \u010cesk\u00e1 republika\",\"isPartOf\":{\"@id\":\"https:\/\/www.msd.cz\/cs\/#website\"},\"datePublished\":\"2021-11-17T20:08:00+00:00\",\"dateModified\":\"2026-03-09T10:16:08+00:00\",\"description\":\"Merck Sharp & Dohme s.r.o. a MSD Czech Republic s.r.o. jsou sou\u010d\u00e1st\u00ed glob\u00e1ln\u00ed spole\u010dnosti Merck & Co., Inc., se s\u00eddlem v Rahway, New Jersey, USA, jednoho z p\u0159edn\u00edch sv\u011btov\u00fdch farmaceutick\u00fdch v\u00fdrobc\u016f.\",\"inLanguage\":\"en-US\",\"potentialAction\":[{\"@type\":\"ReadAction\",\"target\":[\"https:\/\/www.msd.cz\/cs\/kontaktujte-nas\/\"]}]},{\"@type\":\"WebSite\",\"@id\":\"https:\/\/www.msd.cz\/cs\/#website\",\"url\":\"https:\/\/www.msd.cz\/cs\/\",\"name\":\"MSD \u010cesk\u00e1 republika\",\"description\":\"Just another vip2-msd.com site\",\"publisher\":{\"@id\":\"https:\/\/www.msd.cz\/cs\/#organization\"},\"potentialAction\":[{\"@type\":\"SearchAction\",\"target\":{\"@type\":\"EntryPoint\",\"urlTemplate\":\"https:\/\/www.msd.cz\/cs\/?s={search_term_string}\"},\"query-input\":\"required name=search_term_string\"}],\"inLanguage\":\"en-US\"},{\"@type\":\"Organization\",\"@id\":\"https:\/\/www.msd.cz\/cs\/#organization\",\"name\":\"MSD Czech Republic\",\"url\":\"https:\/\/www.msd.cz\/cs\/\",\"logo\":{\"@type\":\"ImageObject\",\"inLanguage\":\"en-US\",\"@id\":\"https:\/\/www.msd.cz\/cs\/#\/schema\/logo\/image\/\",\"url\":\"https:\/\/www.msd.cz\/cs\/wp-content\/uploads\/sites\/62\/2020\/10\/MSD.png\",\"contentUrl\":\"https:\/\/www.msd.cz\/cs\/wp-content\/uploads\/sites\/62\/2020\/10\/MSD.png\",\"width\":2536,\"height\":1382,\"caption\":\"MSD Czech Republic\"},\"image\":{\"@id\":\"https:\/\/www.msd.cz\/cs\/#\/schema\/logo\/image\/\"},\"sameAs\":[\"https:\/\/www.facebook.com\/MSDInvents\/\",\"https:\/\/twitter.com\/MSDczech\",\"https:\/\/www.instagram.com\/msdinvents\/\",\"https:\/\/www.linkedin.com\/company\/msdczech\/\",\"https:\/\/www.youtube.com\/channel\/UCzw0K-BF3OzlQVYn6BGHQQw\"]}]}<\/script>\n<!-- \/ Yoast SEO plugin. -->","yoast_head_json":{"title":"Kontaktujte n\u00e1s - MSD \u010cesk\u00e1 republika","description":"Merck Sharp & Dohme s.r.o. a MSD Czech Republic s.r.o. jsou sou\u010d\u00e1st\u00ed glob\u00e1ln\u00ed spole\u010dnosti Merck & Co., Inc., se s\u00eddlem v Rahway, New Jersey, USA, jednoho z p\u0159edn\u00edch sv\u011btov\u00fdch farmaceutick\u00fdch v\u00fdrobc\u016f.","robots":{"index":"index","follow":"follow","max-snippet":"max-snippet:-1","max-image-preview":"max-image-preview:large","max-video-preview":"max-video-preview:-1"},"canonical":"https:\/\/www.msd.cz\/cs\/kontaktujte-nas\/","og_locale":"en_US","og_type":"article","og_title":"Kontaktujte n\u00e1s - MSD \u010cesk\u00e1 republika","og_description":"Merck Sharp & Dohme s.r.o. a MSD Czech Republic s.r.o. jsou sou\u010d\u00e1st\u00ed glob\u00e1ln\u00ed spole\u010dnosti Merck & Co., Inc., se s\u00eddlem v Rahway, New Jersey, USA, jednoho z p\u0159edn\u00edch sv\u011btov\u00fdch farmaceutick\u00fdch v\u00fdrobc\u016f.","og_url":"https:\/\/www.msd.cz\/cs\/kontaktujte-nas\/","og_site_name":"MSD \u010cesk\u00e1 republika","article_publisher":"https:\/\/www.facebook.com\/MSDInvents\/","article_modified_time":"2026-03-09T10:16:08+00:00","og_image":[{"width":2536,"height":1382,"url":"https:\/\/www.msd.cz\/cs\/wp-content\/uploads\/sites\/62\/2020\/10\/MSD.png","type":"image\/png"}],"twitter_card":"summary_large_image","twitter_site":"@MSDczech","twitter_misc":{"Est. reading time":"1 minute"},"schema":{"@context":"https:\/\/schema.org","@graph":[{"@type":"WebPage","@id":"https:\/\/www.msd.cz\/cs\/kontaktujte-nas\/","url":"https:\/\/www.msd.cz\/cs\/kontaktujte-nas\/","name":"Kontaktujte n\u00e1s - MSD \u010cesk\u00e1 republika","isPartOf":{"@id":"https:\/\/www.msd.cz\/cs\/#website"},"datePublished":"2021-11-17T20:08:00+00:00","dateModified":"2026-03-09T10:16:08+00:00","description":"Merck Sharp & Dohme s.r.o. a MSD Czech Republic s.r.o. jsou sou\u010d\u00e1st\u00ed glob\u00e1ln\u00ed spole\u010dnosti Merck & Co., Inc., se s\u00eddlem v Rahway, New Jersey, USA, jednoho z p\u0159edn\u00edch sv\u011btov\u00fdch farmaceutick\u00fdch v\u00fdrobc\u016f.","inLanguage":"en-US","potentialAction":[{"@type":"ReadAction","target":["https:\/\/www.msd.cz\/cs\/kontaktujte-nas\/"]}]},{"@type":"WebSite","@id":"https:\/\/www.msd.cz\/cs\/#website","url":"https:\/\/www.msd.cz\/cs\/","name":"MSD \u010cesk\u00e1 republika","description":"Just another vip2-msd.com site","publisher":{"@id":"https:\/\/www.msd.cz\/cs\/#organization"},"potentialAction":[{"@type":"SearchAction","target":{"@type":"EntryPoint","urlTemplate":"https:\/\/www.msd.cz\/cs\/?s={search_term_string}"},"query-input":"required name=search_term_string"}],"inLanguage":"en-US"},{"@type":"Organization","@id":"https:\/\/www.msd.cz\/cs\/#organization","name":"MSD Czech Republic","url":"https:\/\/www.msd.cz\/cs\/","logo":{"@type":"ImageObject","inLanguage":"en-US","@id":"https:\/\/www.msd.cz\/cs\/#\/schema\/logo\/image\/","url":"https:\/\/www.msd.cz\/cs\/wp-content\/uploads\/sites\/62\/2020\/10\/MSD.png","contentUrl":"https:\/\/www.msd.cz\/cs\/wp-content\/uploads\/sites\/62\/2020\/10\/MSD.png","width":2536,"height":1382,"caption":"MSD Czech Republic"},"image":{"@id":"https:\/\/www.msd.cz\/cs\/#\/schema\/logo\/image\/"},"sameAs":["https:\/\/www.facebook.com\/MSDInvents\/","https:\/\/twitter.com\/MSDczech","https:\/\/www.instagram.com\/msdinvents\/","https:\/\/www.linkedin.com\/company\/msdczech\/","https:\/\/www.youtube.com\/channel\/UCzw0K-BF3OzlQVYn6BGHQQw"]}]}},"acf":[],"_links":{"self":[{"href":"https:\/\/www.msd.cz\/cs\/wp-json\/wp\/v2\/pages\/2630","targetHints":{"allow":["GET"]}}],"collection":[{"href":"https:\/\/www.msd.cz\/cs\/wp-json\/wp\/v2\/pages"}],"about":[{"href":"https:\/\/www.msd.cz\/cs\/wp-json\/wp\/v2\/types\/page"}],"author":[{"embeddable":true,"href":"https:\/\/www.msd.cz\/cs\/wp-json\/wp\/v2\/users\/545"}],"replies":[{"embeddable":true,"href":"https:\/\/www.msd.cz\/cs\/wp-json\/wp\/v2\/comments?post=2630"}],"version-history":[{"count":27,"href":"https:\/\/www.msd.cz\/cs\/wp-json\/wp\/v2\/pages\/2630\/revisions"}],"predecessor-version":[{"id":5162,"href":"https:\/\/www.msd.cz\/cs\/wp-json\/wp\/v2\/pages\/2630\/revisions\/5162"}],"wp:attachment":[{"href":"https:\/\/www.msd.cz\/cs\/wp-json\/wp\/v2\/media?parent=2630"}],"curies":[{"name":"wp","href":"https:\/\/api.w.org\/{rel}","templated":true}]}}