{"id":2370,"date":"2021-11-10T09:07:33","date_gmt":"2021-11-10T09:07:33","guid":{"rendered":"https:\/\/www.msd.cz\/cs\/?page_id=2370"},"modified":"2023-09-26T12:57:22","modified_gmt":"2023-09-26T12:57:22","slug":"financial-planning-and-analysis","status":"publish","type":"page","link":"https:\/\/www.msd.cz\/cs\/global-business-solutions\/financial-planning-and-analysis\/","title":{"rendered":"Financial Planning and Analysis"},"content":{"rendered":"<div id=\"mco-title-block-block_d27da53f913017267c3a19303ed04f8f\" \n\t class=\"mco-title-block mccberg-block has-background full negative\" \n\t style='background-image: url(https:\/\/www.msd.cz\/cs\/wp-content\/uploads\/sites\/62\/2021\/11\/finance-04-p1-header-dark-1920x900-1.jpg?w=1600);'\t >\n\t<div class=\"wrapper\">\n\t\t<div class=\"mco-title-block-content\">\n\t\t\t\n\t\t\t<h2 class=\"mco-title-block-title\">Financial Planning &amp; Analysis<\/h2>\n\n\t\t\t\t\t\t\t<p class=\"mco-title-block-description\"><div id=\"page-wrapper\" class=\"mrk-clearfix\">\n<div class=\"mrk-grid mrk-clearfix global-wrapper\">\n<div id=\"middle\">\n<div id=\"j_id_ta\" class=\"mrk-section mrk-clearfix \">\n<div class=\"SiteEditCP\">\n<section class=\"header finance-04 hide-on-med-and-down\" role=\"main\">\n<div class=\"container\">\n<div class=\"row\">\n<div class=\"col m7 s12\">\n<h4 class=\"pa-lg white_text\">Na\u0161e promy\u0161len\u00e9 anal\u00fdzy prodej\u016f, n\u00e1klad\u016f a provozn\u00edch v\u00fdsledk\u016f se vyu\u017e\u00edvaj\u00ed k vypracov\u00e1n\u00ed v\u00fdkaz\u016f zisk\u016f a ztr\u00e1t, kter\u00e9 pak slou\u017e\u00ed k co mo\u017en\u00e1 nejp\u0159esn\u011bj\u0161\u00edm p\u0159edpov\u011bd\u00edm v\u00fdvoje zisk\u016f a ztr\u00e1t pro v\u0161echny divize na\u0161\u00ed spole\u010dnosti.<\/h4>\n<\/div>\n<\/div>\n<\/div>\n<\/section>\n<\/div>\n<\/div>\n<\/div>\n<\/div>\n<\/div>\n<\/p>\n\t\t\t\t\t\t\n\t\t\t\t\t<\/div>\n\t<\/div>\n<\/div>\n\n\n<div class=\"wp-block-columns is-layout-flex wp-container-core-columns-is-layout-9d6595d7 wp-block-columns-is-layout-flex\">\n<div class=\"wp-block-column is-layout-flow wp-block-column-is-layout-flow\">\n<p>Specializujeme se na prov\u00e1d\u011bn\u00ed promy\u0161len\u00fdch anal\u00fdz prodej\u016f (tr\u017eeb), n\u00e1klad\u016f a provozn\u00edch v\u00fdsledk\u016f, kter\u00e9 n\u00e1sledn\u011b p\u0159ev\u00e1d\u00edme do d\u016fsledn\u011b precizn\u00edch v\u00fdkaz\u016f zisk\u016f a ztr\u00e1t, rozpo\u010dt\u016f a p\u0159edpov\u011bd\u00ed do budoucna pro v\u0161echny divize v r\u00e1mci spole\u010dnosti MSD. D\u00edky sv\u00fdm odborn\u00fdm znalostem m\u016f\u017eeme poskytovat komplexn\u00ed podporu diviz\u00edm zam\u011b\u0159en\u00fdm na zdrav\u00ed lid\u00ed a zv\u00ed\u0159at (Human Health a Animal Health) a t\u00edm p\u0159isp\u00edvat k bezprobl\u00e9mov\u00e9mu a jednotn\u00e9mu pl\u00e1nov\u00e1n\u00ed. D\u00e1le zav\u00e1d\u00edme spolehliv\u00e9 metodiky pro v\u00fdkaznictv\u00ed, spolupracujeme na korpor\u00e1tn\u00edch projektech a usm\u011br\u0148ujeme procesy pl\u00e1nov\u00e1n\u00ed a vykazov\u00e1n\u00ed, p\u0159i\u010dem\u017e pom\u00e1h\u00e1me do hloubky rozum\u011bt v\u0161em aspekt\u016fm podnikatelsk\u00e9 \u010dinnosti. Zejm\u00e9na je nutno podotknout, \u017ee jsme dos\u00e1hli v\u00fdznamn\u00e9ho \u00fasp\u011bchu, pokud jde o usnadn\u011bn\u00ed pl\u00e1nov\u00e1n\u00ed a anal\u00fdzy n\u00e1klad\u016f a po\u010dtu zam\u011bstnanc\u016f odd\u011blen\u00ed glob\u00e1ln\u00edch podp\u016frn\u00fdch funkc\u00ed (Global Supporting Functions, GSF), dodavatelsk\u00e9ho \u0159et\u011bzce (Supply Chain, SCM) a v\u00fdzkumn\u00fdch laborato\u0159\u00ed MSD (MSD Research Labs, MRL).<\/p>\n<\/div>\n<\/div>\n\n\n\n<p><\/p>\n\n\n<div id=\"mco-title-block-block_df695c1f04521b23325dd9d3f010b1b4\" \n\t class=\"mco-title-block mccberg-block has-background full negative\" \n\t style='background-image: url(https:\/\/www.msd.cz\/cs\/wp-content\/uploads\/sites\/62\/2021\/11\/finance-career-separator-1920x719-1.jpg?w=1600);'\t >\n\t<div class=\"wrapper\">\n\t\t<div class=\"mco-title-block-content\">\n\t\t\t\n\t\t\t<h2 class=\"mco-title-block-title\"> <\/h2>\n\n\t\t\t\t\t\t\t<p class=\"mco-title-block-description\"><div id=\"page-wrapper\" class=\"mrk-clearfix\">\n<div class=\"mrk-grid mrk-clearfix global-wrapper\">\n<div id=\"middle\">\n<div id=\"j_id_ta\" class=\"mrk-section mrk-clearfix \">\n<div class=\"SiteEditCP\">\n<section class=\"body-img-md ai-center finance-career mt-lg-5 mt-4\">\n<div class=\"container\">\n<div class=\"row\">\n<div class=\"col l7 s12\">\n<h4 class=\"pa-xl white_text\">P\u0159ipojte se do na\u0161\u00ed Talent Community a z\u00edskejte aktu\u00e1ln\u00ed informace o pracovn\u00edch p\u0159\u00edle\u017eitostech \u0161it\u00fdch na m\u00edru pr\u00e1v\u011b v\u00e1m.<\/h4>\n<\/div>\n<\/div>\n<\/div>\n<\/section>\n<\/div>\n<\/div>\n<\/div>\n<\/div>\n<\/div>\n<\/p>\n\t\t\t\t\t\t\n\t\t\t \n\t\t\t\t<div class=\"mco-title-block-cta-container\">\n\n\t\t\t\t\t\t\t\t\t\t\t<a\n                            class=\"btn mco-title-block-cta-btn\"\n                            href=\"https:\/\/jobs.msd.com\/gb\/en\/jointalentcommunity?applyType=JTC\"\n                            title=\"REGISTRUJTE SE\"\n                            target=\"_self\"\n                                                    >REGISTRUJTE SE<\/a>\n\t\t\t\t\t\n\t\t\t\t\t\t\t\t\t\t\n\t\t\t\t<\/div>\n\t\t\t\t\t<\/div>\n\t<\/div>\n<\/div>","protected":false},"excerpt":{"rendered":"<p>Specializujeme se na prov\u00e1d\u011bn\u00ed promy\u0161len\u00fdch anal\u00fdz prodej\u016f (tr\u017eeb), n\u00e1klad\u016f a provozn\u00edch v\u00fdsledk\u016f, kter\u00e9 n\u00e1sledn\u011b p\u0159ev\u00e1d\u00edme do d\u016fsledn\u011b precizn\u00edch v\u00fdkaz\u016f zisk\u016f a ztr\u00e1t, rozpo\u010dt\u016f a p\u0159edpov\u011bd\u00ed do budoucna pro v\u0161echny divize v r\u00e1mci spole\u010dnosti MSD. D\u00edky sv\u00fdm odborn\u00fdm znalostem m\u016f\u017eeme poskytovat komplexn\u00ed podporu diviz\u00edm zam\u011b\u0159en\u00fdm na zdrav\u00ed lid\u00ed a zv\u00ed\u0159at (Human Health a Animal Health) a [&hellip;]<\/p>\n","protected":false},"author":921,"featured_media":0,"parent":1757,"menu_order":3,"comment_status":"closed","ping_status":"closed","template":"","meta":{"_acf_changed":false,"bdl_company_name":[],"bdl_item_external_link":[],"editor_notices":[],"footnotes":""},"class_list":["post-2370","page","type-page","status-publish","hentry"],"yoast_head":"<!-- This site is optimized with the Yoast SEO plugin v21.9.1 - https:\/\/yoast.com\/wordpress\/plugins\/seo\/ -->\n<title>Financial Planning and Analysis - MSD \u010cesk\u00e1 republika<\/title>\n<meta name=\"robots\" content=\"index, follow, max-snippet:-1, max-image-preview:large, max-video-preview:-1\" \/>\n<link rel=\"canonical\" href=\"https:\/\/www.msd.cz\/cs\/global-business-solutions\/financial-planning-and-analysis\/\" \/>\n<meta property=\"og:locale\" content=\"en_US\" \/>\n<meta property=\"og:type\" content=\"article\" \/>\n<meta property=\"og:title\" content=\"Financial Planning and Analysis - MSD \u010cesk\u00e1 republika\" \/>\n<meta property=\"og:description\" content=\"Specializujeme se na prov\u00e1d\u011bn\u00ed promy\u0161len\u00fdch anal\u00fdz prodej\u016f (tr\u017eeb), n\u00e1klad\u016f a provozn\u00edch v\u00fdsledk\u016f, kter\u00e9 n\u00e1sledn\u011b p\u0159ev\u00e1d\u00edme do d\u016fsledn\u011b precizn\u00edch v\u00fdkaz\u016f zisk\u016f a ztr\u00e1t, rozpo\u010dt\u016f a p\u0159edpov\u011bd\u00ed do budoucna pro v\u0161echny divize v r\u00e1mci spole\u010dnosti MSD. D\u00edky sv\u00fdm odborn\u00fdm znalostem m\u016f\u017eeme poskytovat komplexn\u00ed podporu diviz\u00edm zam\u011b\u0159en\u00fdm na zdrav\u00ed lid\u00ed a zv\u00ed\u0159at (Human Health a Animal Health) a [&hellip;]\" \/>\n<meta property=\"og:url\" content=\"https:\/\/www.msd.cz\/cs\/global-business-solutions\/financial-planning-and-analysis\/\" \/>\n<meta property=\"og:site_name\" content=\"MSD \u010cesk\u00e1 republika\" \/>\n<meta property=\"article:publisher\" content=\"https:\/\/www.facebook.com\/MSDInvents\/\" \/>\n<meta property=\"article:modified_time\" content=\"2023-09-26T12:57:22+00:00\" \/>\n<meta property=\"og:image\" content=\"https:\/\/www.msd.cz\/cs\/wp-content\/uploads\/sites\/62\/2020\/10\/MSD.png\" \/>\n\t<meta property=\"og:image:width\" content=\"2536\" \/>\n\t<meta property=\"og:image:height\" content=\"1382\" \/>\n\t<meta property=\"og:image:type\" content=\"image\/png\" \/>\n<meta name=\"twitter:card\" content=\"summary_large_image\" \/>\n<meta name=\"twitter:site\" content=\"@MSDczech\" \/>\n<meta name=\"twitter:label1\" content=\"Est. reading time\" \/>\n\t<meta name=\"twitter:data1\" content=\"1 minute\" \/>\n<script type=\"application\/ld+json\" class=\"yoast-schema-graph\">{\"@context\":\"https:\/\/schema.org\",\"@graph\":[{\"@type\":\"WebPage\",\"@id\":\"https:\/\/www.msd.cz\/cs\/global-business-solutions\/financial-planning-and-analysis\/\",\"url\":\"https:\/\/www.msd.cz\/cs\/global-business-solutions\/financial-planning-and-analysis\/\",\"name\":\"Financial Planning and Analysis - MSD \u010cesk\u00e1 republika\",\"isPartOf\":{\"@id\":\"https:\/\/www.msd.cz\/cs\/#website\"},\"datePublished\":\"2021-11-10T09:07:33+00:00\",\"dateModified\":\"2023-09-26T12:57:22+00:00\",\"breadcrumb\":{\"@id\":\"https:\/\/www.msd.cz\/cs\/global-business-solutions\/financial-planning-and-analysis\/#breadcrumb\"},\"inLanguage\":\"en-US\",\"potentialAction\":[{\"@type\":\"ReadAction\",\"target\":[\"https:\/\/www.msd.cz\/cs\/global-business-solutions\/financial-planning-and-analysis\/\"]}]},{\"@type\":\"BreadcrumbList\",\"@id\":\"https:\/\/www.msd.cz\/cs\/global-business-solutions\/financial-planning-and-analysis\/#breadcrumb\",\"itemListElement\":[{\"@type\":\"ListItem\",\"position\":1,\"name\":\"Global Business Solutions\",\"item\":\"https:\/\/www.msd.cz\/cs\/global-business-solutions\/\"},{\"@type\":\"ListItem\",\"position\":2,\"name\":\"Financial Planning and Analysis\"}]},{\"@type\":\"WebSite\",\"@id\":\"https:\/\/www.msd.cz\/cs\/#website\",\"url\":\"https:\/\/www.msd.cz\/cs\/\",\"name\":\"MSD \u010cesk\u00e1 republika\",\"description\":\"Just another vip2-msd.com site\",\"publisher\":{\"@id\":\"https:\/\/www.msd.cz\/cs\/#organization\"},\"potentialAction\":[{\"@type\":\"SearchAction\",\"target\":{\"@type\":\"EntryPoint\",\"urlTemplate\":\"https:\/\/www.msd.cz\/cs\/?s={search_term_string}\"},\"query-input\":\"required name=search_term_string\"}],\"inLanguage\":\"en-US\"},{\"@type\":\"Organization\",\"@id\":\"https:\/\/www.msd.cz\/cs\/#organization\",\"name\":\"MSD Czech Republic\",\"url\":\"https:\/\/www.msd.cz\/cs\/\",\"logo\":{\"@type\":\"ImageObject\",\"inLanguage\":\"en-US\",\"@id\":\"https:\/\/www.msd.cz\/cs\/#\/schema\/logo\/image\/\",\"url\":\"https:\/\/www.msd.cz\/cs\/wp-content\/uploads\/sites\/62\/2020\/10\/MSD.png\",\"contentUrl\":\"https:\/\/www.msd.cz\/cs\/wp-content\/uploads\/sites\/62\/2020\/10\/MSD.png\",\"width\":2536,\"height\":1382,\"caption\":\"MSD Czech Republic\"},\"image\":{\"@id\":\"https:\/\/www.msd.cz\/cs\/#\/schema\/logo\/image\/\"},\"sameAs\":[\"https:\/\/www.facebook.com\/MSDInvents\/\",\"https:\/\/twitter.com\/MSDczech\",\"https:\/\/www.instagram.com\/msdinvents\/\",\"https:\/\/www.linkedin.com\/company\/msdczech\/\",\"https:\/\/www.youtube.com\/channel\/UCzw0K-BF3OzlQVYn6BGHQQw\"]}]}<\/script>\n<!-- \/ Yoast SEO plugin. -->","yoast_head_json":{"title":"Financial Planning and Analysis - MSD \u010cesk\u00e1 republika","robots":{"index":"index","follow":"follow","max-snippet":"max-snippet:-1","max-image-preview":"max-image-preview:large","max-video-preview":"max-video-preview:-1"},"canonical":"https:\/\/www.msd.cz\/cs\/global-business-solutions\/financial-planning-and-analysis\/","og_locale":"en_US","og_type":"article","og_title":"Financial Planning and Analysis - MSD \u010cesk\u00e1 republika","og_description":"Specializujeme se na prov\u00e1d\u011bn\u00ed promy\u0161len\u00fdch anal\u00fdz prodej\u016f (tr\u017eeb), n\u00e1klad\u016f a provozn\u00edch v\u00fdsledk\u016f, kter\u00e9 n\u00e1sledn\u011b p\u0159ev\u00e1d\u00edme do d\u016fsledn\u011b precizn\u00edch v\u00fdkaz\u016f zisk\u016f a ztr\u00e1t, rozpo\u010dt\u016f a p\u0159edpov\u011bd\u00ed do budoucna pro v\u0161echny divize v r\u00e1mci spole\u010dnosti MSD. D\u00edky sv\u00fdm odborn\u00fdm znalostem m\u016f\u017eeme poskytovat komplexn\u00ed podporu diviz\u00edm zam\u011b\u0159en\u00fdm na zdrav\u00ed lid\u00ed a zv\u00ed\u0159at (Human Health a Animal Health) a [&hellip;]","og_url":"https:\/\/www.msd.cz\/cs\/global-business-solutions\/financial-planning-and-analysis\/","og_site_name":"MSD \u010cesk\u00e1 republika","article_publisher":"https:\/\/www.facebook.com\/MSDInvents\/","article_modified_time":"2023-09-26T12:57:22+00:00","og_image":[{"width":2536,"height":1382,"url":"https:\/\/www.msd.cz\/cs\/wp-content\/uploads\/sites\/62\/2020\/10\/MSD.png","type":"image\/png"}],"twitter_card":"summary_large_image","twitter_site":"@MSDczech","twitter_misc":{"Est. reading time":"1 minute"},"schema":{"@context":"https:\/\/schema.org","@graph":[{"@type":"WebPage","@id":"https:\/\/www.msd.cz\/cs\/global-business-solutions\/financial-planning-and-analysis\/","url":"https:\/\/www.msd.cz\/cs\/global-business-solutions\/financial-planning-and-analysis\/","name":"Financial Planning and Analysis - MSD \u010cesk\u00e1 republika","isPartOf":{"@id":"https:\/\/www.msd.cz\/cs\/#website"},"datePublished":"2021-11-10T09:07:33+00:00","dateModified":"2023-09-26T12:57:22+00:00","breadcrumb":{"@id":"https:\/\/www.msd.cz\/cs\/global-business-solutions\/financial-planning-and-analysis\/#breadcrumb"},"inLanguage":"en-US","potentialAction":[{"@type":"ReadAction","target":["https:\/\/www.msd.cz\/cs\/global-business-solutions\/financial-planning-and-analysis\/"]}]},{"@type":"BreadcrumbList","@id":"https:\/\/www.msd.cz\/cs\/global-business-solutions\/financial-planning-and-analysis\/#breadcrumb","itemListElement":[{"@type":"ListItem","position":1,"name":"Global Business Solutions","item":"https:\/\/www.msd.cz\/cs\/global-business-solutions\/"},{"@type":"ListItem","position":2,"name":"Financial Planning and Analysis"}]},{"@type":"WebSite","@id":"https:\/\/www.msd.cz\/cs\/#website","url":"https:\/\/www.msd.cz\/cs\/","name":"MSD \u010cesk\u00e1 republika","description":"Just another vip2-msd.com site","publisher":{"@id":"https:\/\/www.msd.cz\/cs\/#organization"},"potentialAction":[{"@type":"SearchAction","target":{"@type":"EntryPoint","urlTemplate":"https:\/\/www.msd.cz\/cs\/?s={search_term_string}"},"query-input":"required name=search_term_string"}],"inLanguage":"en-US"},{"@type":"Organization","@id":"https:\/\/www.msd.cz\/cs\/#organization","name":"MSD Czech Republic","url":"https:\/\/www.msd.cz\/cs\/","logo":{"@type":"ImageObject","inLanguage":"en-US","@id":"https:\/\/www.msd.cz\/cs\/#\/schema\/logo\/image\/","url":"https:\/\/www.msd.cz\/cs\/wp-content\/uploads\/sites\/62\/2020\/10\/MSD.png","contentUrl":"https:\/\/www.msd.cz\/cs\/wp-content\/uploads\/sites\/62\/2020\/10\/MSD.png","width":2536,"height":1382,"caption":"MSD Czech Republic"},"image":{"@id":"https:\/\/www.msd.cz\/cs\/#\/schema\/logo\/image\/"},"sameAs":["https:\/\/www.facebook.com\/MSDInvents\/","https:\/\/twitter.com\/MSDczech","https:\/\/www.instagram.com\/msdinvents\/","https:\/\/www.linkedin.com\/company\/msdczech\/","https:\/\/www.youtube.com\/channel\/UCzw0K-BF3OzlQVYn6BGHQQw"]}]}},"acf":[],"_links":{"self":[{"href":"https:\/\/www.msd.cz\/cs\/wp-json\/wp\/v2\/pages\/2370","targetHints":{"allow":["GET"]}}],"collection":[{"href":"https:\/\/www.msd.cz\/cs\/wp-json\/wp\/v2\/pages"}],"about":[{"href":"https:\/\/www.msd.cz\/cs\/wp-json\/wp\/v2\/types\/page"}],"author":[{"embeddable":true,"href":"https:\/\/www.msd.cz\/cs\/wp-json\/wp\/v2\/users\/921"}],"replies":[{"embeddable":true,"href":"https:\/\/www.msd.cz\/cs\/wp-json\/wp\/v2\/comments?post=2370"}],"version-history":[{"count":24,"href":"https:\/\/www.msd.cz\/cs\/wp-json\/wp\/v2\/pages\/2370\/revisions"}],"predecessor-version":[{"id":4628,"href":"https:\/\/www.msd.cz\/cs\/wp-json\/wp\/v2\/pages\/2370\/revisions\/4628"}],"up":[{"embeddable":true,"href":"https:\/\/www.msd.cz\/cs\/wp-json\/wp\/v2\/pages\/1757"}],"wp:attachment":[{"href":"https:\/\/www.msd.cz\/cs\/wp-json\/wp\/v2\/media?parent=2370"}],"curies":[{"name":"wp","href":"https:\/\/api.w.org\/{rel}","templated":true}]}}