{"id":2348,"date":"2021-11-10T08:26:05","date_gmt":"2021-11-10T08:26:05","guid":{"rendered":"https:\/\/www.msd.cz\/cs\/?page_id=2348"},"modified":"2023-09-26T13:30:46","modified_gmt":"2023-09-26T13:30:46","slug":"source-to-settle","status":"publish","type":"page","link":"https:\/\/www.msd.cz\/cs\/global-business-solutions\/source-to-settle\/","title":{"rendered":"Source to Settle"},"content":{"rendered":"<div id=\"mco-title-block-block_9aa82dfe7c48bc03cca36f78563560ce\" \n\t class=\"mco-title-block mccberg-block has-background full negative\" \n\t style='background-image: url(https:\/\/www.msd.cz\/cs\/wp-content\/uploads\/sites\/62\/2021\/11\/finance-02-p1-header-dark-1920x900-1.jpg?w=1600);'\t >\n\t<div class=\"wrapper\">\n\t\t<div class=\"mco-title-block-content\">\n\t\t\t\n\t\t\t<h2 class=\"mco-title-block-title\">Source to Settle<\/h2>\n\n\t\t\t\t\t\t\t<p class=\"mco-title-block-description\"><div id=\"page-wrapper\" class=\"mrk-clearfix\">\n<div class=\"mrk-grid mrk-clearfix global-wrapper\">\n<div id=\"middle\">\n<div id=\"j_id_ta\" class=\"mrk-section mrk-clearfix \">\n<div class=\"SiteEditCP\">\n<section class=\"header finance-02 hide-on-med-and-down\" role=\"main\">\n<div class=\"container\">\n<div class=\"row\">\n<div class=\"col m7 s12\">\n<h4 class=\"pa-lg white_text\">Source to Settle se zab\u00fdv\u00e1 zpracov\u00e1n\u00edm n\u00e1kupn\u00edch po\u017eadavk\u016f, dodavatelsk\u00fdch faktur a v\u010dasnou \u00fahradou zbo\u017e\u00ed a slu\u017eeb. Proces za\u010d\u00edn\u00e1 vytvo\u0159en\u00edm intern\u00ed \u017e\u00e1dosti, pokra\u010duje obdr\u017een\u00edm zbo\u017e\u00ed \u010di slu\u017eby a kon\u010d\u00ed proveden\u00edm platby a evidenc\u00ed cel\u00e9 transakce v na\u0161em intern\u00edm \u00fa\u010detn\u00edm syst\u00e9mu spolu se spr\u00e1vou dat z\u00e1kazn\u00edka.<\/h4>\n<\/div>\n<\/div>\n<\/div>\n<\/section>\n<\/div>\n<\/div>\n<\/div>\n<\/div>\n<\/div>\n<\/p>\n\t\t\t\t\t\t\n\t\t\t\t\t<\/div>\n\t<\/div>\n<\/div>\n\n\n<div class=\"wp-block-columns is-layout-flex wp-container-core-columns-is-layout-9d6595d7 wp-block-columns-is-layout-flex\">\n<div class=\"wp-block-column is-layout-flow wp-block-column-is-layout-flow\">\n<p>Source to Settle je procesn\u00ed oblast, kter\u00e1 zahrnuje vytv\u00e1\u0159en\u00ed po\u017eadavk\u016f na n\u00e1kup zbo\u017e\u00ed a slu\u017eeb, n\u00e1kup, zpracov\u00e1n\u00ed faktur a placen\u00ed zbo\u017e\u00ed a slu\u017eeb poskytovan\u00fdch dodavateli. Cel\u00fd cyklus za\u010d\u00edn\u00e1 vytvo\u0159en\u00edm objedn\u00e1vky, pokra\u010duje p\u0159ijet\u00edm zbo\u017e\u00ed\/slu\u017eeb a kon\u010d\u00ed zaplacen\u00edm faktury. B\u011bhem cel\u00e9ho procesu se uplat\u0148uje syst\u00e9m \u0159\u00edzen\u00ed kmenov\u00fdch dat dodavatel\u016f (Vendor Master Data). Zam\u011b\u0159ujeme se na zaji\u0161t\u011bn\u00ed \u0159\u00e1dn\u00e9ho a v\u010dasn\u00e9ho zpracov\u00e1n\u00ed faktur, integrace syst\u00e9m\u016f a poskytov\u00e1n\u00ed efektivn\u00ed podpory specialist\u016fm z odd\u011blen\u00ed n\u00e1kupu a pracovn\u00edk\u016fm zad\u00e1vaj\u00edc\u00edm po\u017eadavky. Vy\u0159izujeme dotazy dodavatel\u016f, z\u00e1kazn\u00edk\u016f a m\u00edstn\u00edch trh\u016f a poskytujeme administrativn\u00ed podporu odd\u011blen\u00ed ve\u0159ejn\u00fdch zak\u00e1zek. Dohl\u00ed\u017e\u00edme na vytv\u00e1\u0159en\u00ed a zm\u011bny dodavatelsk\u00fdch \u00fa\u010dt\u016f, \u010di\u0161t\u011bn\u00ed datab\u00e1z\u00ed, v\u00fdkaznictv\u00ed a kontroly zaji\u0161t\u011bn\u00ed souladu a pod\u00edl\u00edme se t\u00e9\u017e na \u0159ad\u011b projekt\u016f zam\u011b\u0159en\u00fdch na zlep\u0161ov\u00e1n\u00ed proces\u016f. Na\u0161e odborn\u00e9 znalosti minimalizuj\u00ed nutnost spol\u00e9hat se na t\u00fdmy technick\u00e9 podpory a zlep\u0161uj\u00ed obchodn\u00ed vztahy d\u00edky bezprobl\u00e9mov\u00e9mu fungov\u00e1n\u00ed.<\/p>\n<\/div>\n<\/div>\n\n\n<div id=\"mco-title-block-block_c58e7b604b97fe024e258bebf1f7b1f6\" \n\t class=\"mco-title-block mccberg-block has-background full negative\" \n\t style='background-image: url(https:\/\/www.msd.cz\/cs\/wp-content\/uploads\/sites\/62\/2021\/11\/finance-career-separator-1920x719-1.jpg?w=1600);'\t >\n\t<div class=\"wrapper\">\n\t\t<div class=\"mco-title-block-content\">\n\t\t\t\n\t\t\t<h2 class=\"mco-title-block-title\"> <\/h2>\n\n\t\t\t\t\t\t\t<p class=\"mco-title-block-description\"><div id=\"page-wrapper\" class=\"mrk-clearfix\">\n<div class=\"mrk-grid mrk-clearfix global-wrapper\">\n<div id=\"middle\">\n<div id=\"j_id_ta\" class=\"mrk-section mrk-clearfix \">\n<div class=\"SiteEditCP\">\n<section class=\"body-img-md ai-center finance-career mt-lg-5 mt-4\">\n<div class=\"container\">\n<div class=\"row\">\n<div class=\"col l7 s12\">\n<h4 class=\"pa-xl white_text\">P\u0159ipojte se do na\u0161\u00ed Talent Community a z\u00edskejte aktu\u00e1ln\u00ed informace o pracovn\u00edch p\u0159\u00edle\u017eitostech \u0161it\u00fdch na m\u00edru pr\u00e1v\u011b v\u00e1m.<\/h4>\n<\/div>\n<\/div>\n<\/div>\n<\/section>\n<\/div>\n<\/div>\n<\/div>\n<\/div>\n<\/div>\n<\/p>\n\t\t\t\t\t\t\n\t\t\t \n\t\t\t\t<div class=\"mco-title-block-cta-container\">\n\n\t\t\t\t\t\t\t\t\t\t\t<a\n                            class=\"btn mco-title-block-cta-btn\"\n                            href=\"https:\/\/jobs.msd.com\/gb\/en\/jointalentcommunity?applyType=JTC\"\n                            title=\"REGISTRUJTE SE\"\n                            target=\"_self\"\n                                                    >REGISTRUJTE SE<\/a>\n\t\t\t\t\t\n\t\t\t\t\t\t\t\t\t\t\n\t\t\t\t<\/div>\n\t\t\t\t\t<\/div>\n\t<\/div>\n<\/div>","protected":false},"excerpt":{"rendered":"<p>Source to Settle je procesn\u00ed oblast, kter\u00e1 zahrnuje vytv\u00e1\u0159en\u00ed po\u017eadavk\u016f na n\u00e1kup zbo\u017e\u00ed a slu\u017eeb, n\u00e1kup, zpracov\u00e1n\u00ed faktur a placen\u00ed zbo\u017e\u00ed a slu\u017eeb poskytovan\u00fdch dodavateli. Cel\u00fd cyklus za\u010d\u00edn\u00e1 vytvo\u0159en\u00edm objedn\u00e1vky, pokra\u010duje p\u0159ijet\u00edm zbo\u017e\u00ed\/slu\u017eeb a kon\u010d\u00ed zaplacen\u00edm faktury. B\u011bhem cel\u00e9ho procesu se uplat\u0148uje syst\u00e9m \u0159\u00edzen\u00ed kmenov\u00fdch dat dodavatel\u016f (Vendor Master Data). Zam\u011b\u0159ujeme se na zaji\u0161t\u011bn\u00ed \u0159\u00e1dn\u00e9ho [&hellip;]<\/p>\n","protected":false},"author":921,"featured_media":0,"parent":1757,"menu_order":4,"comment_status":"closed","ping_status":"closed","template":"","meta":{"_acf_changed":false,"bdl_company_name":[],"bdl_item_external_link":[],"editor_notices":[],"footnotes":""},"class_list":["post-2348","page","type-page","status-publish","hentry"],"yoast_head":"<!-- This site is optimized with the Yoast SEO plugin v21.9.1 - https:\/\/yoast.com\/wordpress\/plugins\/seo\/ -->\n<title>Source to Settle - MSD \u010cesk\u00e1 republika<\/title>\n<meta name=\"robots\" content=\"index, follow, max-snippet:-1, max-image-preview:large, max-video-preview:-1\" \/>\n<link rel=\"canonical\" href=\"https:\/\/www.msd.cz\/cs\/global-business-solutions\/source-to-settle\/\" \/>\n<meta property=\"og:locale\" content=\"en_US\" \/>\n<meta property=\"og:type\" content=\"article\" \/>\n<meta property=\"og:title\" content=\"Source to Settle - MSD \u010cesk\u00e1 republika\" \/>\n<meta property=\"og:description\" content=\"Source to Settle je procesn\u00ed oblast, kter\u00e1 zahrnuje vytv\u00e1\u0159en\u00ed po\u017eadavk\u016f na n\u00e1kup zbo\u017e\u00ed a slu\u017eeb, n\u00e1kup, zpracov\u00e1n\u00ed faktur a placen\u00ed zbo\u017e\u00ed a slu\u017eeb poskytovan\u00fdch dodavateli. Cel\u00fd cyklus za\u010d\u00edn\u00e1 vytvo\u0159en\u00edm objedn\u00e1vky, pokra\u010duje p\u0159ijet\u00edm zbo\u017e\u00ed\/slu\u017eeb a kon\u010d\u00ed zaplacen\u00edm faktury. B\u011bhem cel\u00e9ho procesu se uplat\u0148uje syst\u00e9m \u0159\u00edzen\u00ed kmenov\u00fdch dat dodavatel\u016f (Vendor Master Data). Zam\u011b\u0159ujeme se na zaji\u0161t\u011bn\u00ed \u0159\u00e1dn\u00e9ho [&hellip;]\" \/>\n<meta property=\"og:url\" content=\"https:\/\/www.msd.cz\/cs\/global-business-solutions\/source-to-settle\/\" \/>\n<meta property=\"og:site_name\" content=\"MSD \u010cesk\u00e1 republika\" \/>\n<meta property=\"article:publisher\" content=\"https:\/\/www.facebook.com\/MSDInvents\/\" \/>\n<meta property=\"article:modified_time\" content=\"2023-09-26T13:30:46+00:00\" \/>\n<meta property=\"og:image\" content=\"https:\/\/www.msd.cz\/cs\/wp-content\/uploads\/sites\/62\/2020\/10\/MSD.png\" \/>\n\t<meta property=\"og:image:width\" content=\"2536\" \/>\n\t<meta property=\"og:image:height\" content=\"1382\" \/>\n\t<meta property=\"og:image:type\" content=\"image\/png\" \/>\n<meta name=\"twitter:card\" content=\"summary_large_image\" \/>\n<meta name=\"twitter:site\" content=\"@MSDczech\" \/>\n<meta name=\"twitter:label1\" content=\"Est. reading time\" \/>\n\t<meta name=\"twitter:data1\" content=\"1 minute\" \/>\n<script type=\"application\/ld+json\" class=\"yoast-schema-graph\">{\"@context\":\"https:\/\/schema.org\",\"@graph\":[{\"@type\":\"WebPage\",\"@id\":\"https:\/\/www.msd.cz\/cs\/global-business-solutions\/source-to-settle\/\",\"url\":\"https:\/\/www.msd.cz\/cs\/global-business-solutions\/source-to-settle\/\",\"name\":\"Source to Settle - MSD \u010cesk\u00e1 republika\",\"isPartOf\":{\"@id\":\"https:\/\/www.msd.cz\/cs\/#website\"},\"datePublished\":\"2021-11-10T08:26:05+00:00\",\"dateModified\":\"2023-09-26T13:30:46+00:00\",\"breadcrumb\":{\"@id\":\"https:\/\/www.msd.cz\/cs\/global-business-solutions\/source-to-settle\/#breadcrumb\"},\"inLanguage\":\"en-US\",\"potentialAction\":[{\"@type\":\"ReadAction\",\"target\":[\"https:\/\/www.msd.cz\/cs\/global-business-solutions\/source-to-settle\/\"]}]},{\"@type\":\"BreadcrumbList\",\"@id\":\"https:\/\/www.msd.cz\/cs\/global-business-solutions\/source-to-settle\/#breadcrumb\",\"itemListElement\":[{\"@type\":\"ListItem\",\"position\":1,\"name\":\"Global Business Solutions\",\"item\":\"https:\/\/www.msd.cz\/cs\/global-business-solutions\/\"},{\"@type\":\"ListItem\",\"position\":2,\"name\":\"Source to Settle\"}]},{\"@type\":\"WebSite\",\"@id\":\"https:\/\/www.msd.cz\/cs\/#website\",\"url\":\"https:\/\/www.msd.cz\/cs\/\",\"name\":\"MSD \u010cesk\u00e1 republika\",\"description\":\"Just another vip2-msd.com site\",\"publisher\":{\"@id\":\"https:\/\/www.msd.cz\/cs\/#organization\"},\"potentialAction\":[{\"@type\":\"SearchAction\",\"target\":{\"@type\":\"EntryPoint\",\"urlTemplate\":\"https:\/\/www.msd.cz\/cs\/?s={search_term_string}\"},\"query-input\":\"required name=search_term_string\"}],\"inLanguage\":\"en-US\"},{\"@type\":\"Organization\",\"@id\":\"https:\/\/www.msd.cz\/cs\/#organization\",\"name\":\"MSD Czech Republic\",\"url\":\"https:\/\/www.msd.cz\/cs\/\",\"logo\":{\"@type\":\"ImageObject\",\"inLanguage\":\"en-US\",\"@id\":\"https:\/\/www.msd.cz\/cs\/#\/schema\/logo\/image\/\",\"url\":\"https:\/\/www.msd.cz\/cs\/wp-content\/uploads\/sites\/62\/2020\/10\/MSD.png\",\"contentUrl\":\"https:\/\/www.msd.cz\/cs\/wp-content\/uploads\/sites\/62\/2020\/10\/MSD.png\",\"width\":2536,\"height\":1382,\"caption\":\"MSD Czech Republic\"},\"image\":{\"@id\":\"https:\/\/www.msd.cz\/cs\/#\/schema\/logo\/image\/\"},\"sameAs\":[\"https:\/\/www.facebook.com\/MSDInvents\/\",\"https:\/\/twitter.com\/MSDczech\",\"https:\/\/www.instagram.com\/msdinvents\/\",\"https:\/\/www.linkedin.com\/company\/msdczech\/\",\"https:\/\/www.youtube.com\/channel\/UCzw0K-BF3OzlQVYn6BGHQQw\"]}]}<\/script>\n<!-- \/ Yoast SEO plugin. -->","yoast_head_json":{"title":"Source to Settle - MSD \u010cesk\u00e1 republika","robots":{"index":"index","follow":"follow","max-snippet":"max-snippet:-1","max-image-preview":"max-image-preview:large","max-video-preview":"max-video-preview:-1"},"canonical":"https:\/\/www.msd.cz\/cs\/global-business-solutions\/source-to-settle\/","og_locale":"en_US","og_type":"article","og_title":"Source to Settle - MSD \u010cesk\u00e1 republika","og_description":"Source to Settle je procesn\u00ed oblast, kter\u00e1 zahrnuje vytv\u00e1\u0159en\u00ed po\u017eadavk\u016f na n\u00e1kup zbo\u017e\u00ed a slu\u017eeb, n\u00e1kup, zpracov\u00e1n\u00ed faktur a placen\u00ed zbo\u017e\u00ed a slu\u017eeb poskytovan\u00fdch dodavateli. Cel\u00fd cyklus za\u010d\u00edn\u00e1 vytvo\u0159en\u00edm objedn\u00e1vky, pokra\u010duje p\u0159ijet\u00edm zbo\u017e\u00ed\/slu\u017eeb a kon\u010d\u00ed zaplacen\u00edm faktury. B\u011bhem cel\u00e9ho procesu se uplat\u0148uje syst\u00e9m \u0159\u00edzen\u00ed kmenov\u00fdch dat dodavatel\u016f (Vendor Master Data). Zam\u011b\u0159ujeme se na zaji\u0161t\u011bn\u00ed \u0159\u00e1dn\u00e9ho [&hellip;]","og_url":"https:\/\/www.msd.cz\/cs\/global-business-solutions\/source-to-settle\/","og_site_name":"MSD \u010cesk\u00e1 republika","article_publisher":"https:\/\/www.facebook.com\/MSDInvents\/","article_modified_time":"2023-09-26T13:30:46+00:00","og_image":[{"width":2536,"height":1382,"url":"https:\/\/www.msd.cz\/cs\/wp-content\/uploads\/sites\/62\/2020\/10\/MSD.png","type":"image\/png"}],"twitter_card":"summary_large_image","twitter_site":"@MSDczech","twitter_misc":{"Est. reading time":"1 minute"},"schema":{"@context":"https:\/\/schema.org","@graph":[{"@type":"WebPage","@id":"https:\/\/www.msd.cz\/cs\/global-business-solutions\/source-to-settle\/","url":"https:\/\/www.msd.cz\/cs\/global-business-solutions\/source-to-settle\/","name":"Source to Settle - MSD \u010cesk\u00e1 republika","isPartOf":{"@id":"https:\/\/www.msd.cz\/cs\/#website"},"datePublished":"2021-11-10T08:26:05+00:00","dateModified":"2023-09-26T13:30:46+00:00","breadcrumb":{"@id":"https:\/\/www.msd.cz\/cs\/global-business-solutions\/source-to-settle\/#breadcrumb"},"inLanguage":"en-US","potentialAction":[{"@type":"ReadAction","target":["https:\/\/www.msd.cz\/cs\/global-business-solutions\/source-to-settle\/"]}]},{"@type":"BreadcrumbList","@id":"https:\/\/www.msd.cz\/cs\/global-business-solutions\/source-to-settle\/#breadcrumb","itemListElement":[{"@type":"ListItem","position":1,"name":"Global Business Solutions","item":"https:\/\/www.msd.cz\/cs\/global-business-solutions\/"},{"@type":"ListItem","position":2,"name":"Source to Settle"}]},{"@type":"WebSite","@id":"https:\/\/www.msd.cz\/cs\/#website","url":"https:\/\/www.msd.cz\/cs\/","name":"MSD \u010cesk\u00e1 republika","description":"Just another vip2-msd.com site","publisher":{"@id":"https:\/\/www.msd.cz\/cs\/#organization"},"potentialAction":[{"@type":"SearchAction","target":{"@type":"EntryPoint","urlTemplate":"https:\/\/www.msd.cz\/cs\/?s={search_term_string}"},"query-input":"required name=search_term_string"}],"inLanguage":"en-US"},{"@type":"Organization","@id":"https:\/\/www.msd.cz\/cs\/#organization","name":"MSD Czech Republic","url":"https:\/\/www.msd.cz\/cs\/","logo":{"@type":"ImageObject","inLanguage":"en-US","@id":"https:\/\/www.msd.cz\/cs\/#\/schema\/logo\/image\/","url":"https:\/\/www.msd.cz\/cs\/wp-content\/uploads\/sites\/62\/2020\/10\/MSD.png","contentUrl":"https:\/\/www.msd.cz\/cs\/wp-content\/uploads\/sites\/62\/2020\/10\/MSD.png","width":2536,"height":1382,"caption":"MSD Czech Republic"},"image":{"@id":"https:\/\/www.msd.cz\/cs\/#\/schema\/logo\/image\/"},"sameAs":["https:\/\/www.facebook.com\/MSDInvents\/","https:\/\/twitter.com\/MSDczech","https:\/\/www.instagram.com\/msdinvents\/","https:\/\/www.linkedin.com\/company\/msdczech\/","https:\/\/www.youtube.com\/channel\/UCzw0K-BF3OzlQVYn6BGHQQw"]}]}},"acf":[],"_links":{"self":[{"href":"https:\/\/www.msd.cz\/cs\/wp-json\/wp\/v2\/pages\/2348","targetHints":{"allow":["GET"]}}],"collection":[{"href":"https:\/\/www.msd.cz\/cs\/wp-json\/wp\/v2\/pages"}],"about":[{"href":"https:\/\/www.msd.cz\/cs\/wp-json\/wp\/v2\/types\/page"}],"author":[{"embeddable":true,"href":"https:\/\/www.msd.cz\/cs\/wp-json\/wp\/v2\/users\/921"}],"replies":[{"embeddable":true,"href":"https:\/\/www.msd.cz\/cs\/wp-json\/wp\/v2\/comments?post=2348"}],"version-history":[{"count":22,"href":"https:\/\/www.msd.cz\/cs\/wp-json\/wp\/v2\/pages\/2348\/revisions"}],"predecessor-version":[{"id":4633,"href":"https:\/\/www.msd.cz\/cs\/wp-json\/wp\/v2\/pages\/2348\/revisions\/4633"}],"up":[{"embeddable":true,"href":"https:\/\/www.msd.cz\/cs\/wp-json\/wp\/v2\/pages\/1757"}],"wp:attachment":[{"href":"https:\/\/www.msd.cz\/cs\/wp-json\/wp\/v2\/media?parent=2348"}],"curies":[{"name":"wp","href":"https:\/\/api.w.org\/{rel}","templated":true}]}}