{"id":2318,"date":"2021-11-02T22:57:18","date_gmt":"2021-11-02T22:57:18","guid":{"rendered":"https:\/\/www.msd.cz\/cs\/?page_id=2318"},"modified":"2023-01-10T20:04:51","modified_gmt":"2023-01-10T20:04:51","slug":"it-risk-management-security","status":"publish","type":"page","link":"https:\/\/www.msd.cz\/cs\/it\/it-risk-management-security\/","title":{"rendered":"IT Risk Management &#038; Security"},"content":{"rendered":"<div id=\"mco-title-block-block_6181a2f9d2ac9\" \n\t class=\"mco-title-block mccberg-block has-background full negative\" \n\t style='background-image: url(https:\/\/www.msd.cz\/cs\/wp-content\/uploads\/sites\/62\/2021\/11\/it_header_pic_ITriskmng-1.png?w=1600);'\t >\n\t<div class=\"wrapper\">\n\t\t<div class=\"mco-title-block-content\">\n\t\t\t\n\t\t\t<h2 class=\"mco-title-block-title\"> <\/h2>\n\n\t\t\t\t\t\t\t<p class=\"mco-title-block-description\"><div id=\"page-wrapper\" class=\"mrk-clearfix\">\n<div class=\"mrk-grid mrk-clearfix global-wrapper\">\n<div id=\"middle\">\n<div id=\"j_id_ta\" class=\"mrk-section mrk-clearfix \">\n<div class=\"SiteEditCP\">\n<section class=\"header it it-01 hide-on-med-and-down\" role=\"main\">\n<div class=\"container\">\n<div class=\"row\">\n<div class=\"col m7 s12\">\n<div id=\"page-wrapper\" class=\"mrk-clearfix\">\n<div class=\"mrk-grid mrk-clearfix global-wrapper\">\n<div id=\"middle\">\n<div id=\"j_id_ta\" class=\"mrk-section mrk-clearfix \">\n<div class=\"SiteEditCP\">\n<section class=\"header it it-01 hide-on-med-and-down\" role=\"main\">\n<div class=\"container\">\n<div class=\"row\">\n<div class=\"col m7 s12\">\n<div id=\"page-wrapper\" class=\"mrk-clearfix\">\n<div class=\"mrk-grid mrk-clearfix global-wrapper\">\n<div id=\"middle\">\n<div id=\"j_id_ta\" class=\"mrk-section mrk-clearfix \">\n<div class=\"SiteEditCP\">\n<section class=\"header it it-01 hide-on-med-and-down\" role=\"main\">\n<div class=\"container\">\n<div class=\"row\">\n<div class=\"col m7 s12\">\n<div id=\"page-wrapper\" class=\"mrk-clearfix\">\n<div class=\"mrk-grid mrk-clearfix global-wrapper\">\n<div id=\"middle\">\n<div id=\"j_id_ta\" class=\"mrk-section mrk-clearfix \">\n<div class=\"SiteEditCP\">\n<section class=\"header it it-01 hide-on-med-and-down\" role=\"main\">\n<div class=\"container\">\n<div class=\"row\">\n<div class=\"col m7 s12\">\n<div id=\"page-wrapper\" class=\"mrk-clearfix\">\n<div class=\"mrk-grid mrk-clearfix global-wrapper\">\n<div id=\"middle\">\n<div id=\"j_id_ta\" class=\"mrk-section mrk-clearfix \">\n<div class=\"SiteEditCP\">\n<section class=\"header it it-01 hide-on-med-and-down\" role=\"main\">\n<div class=\"container\">\n<div class=\"row\">\n<div class=\"col m7 s12\">\n<h2 class=\"my-3\"><span style=\"color: #333333\">IT Risk Management &amp; Security<\/span><\/h2>\n<\/div>\n<\/div>\n<\/div>\n<\/section>\n<\/div>\n<\/div>\n<\/div>\n<\/div>\n<\/div>\n<\/div>\n<\/div>\n<\/div>\n<\/section>\n<\/div>\n<\/div>\n<\/div>\n<\/div>\n<\/div>\n<\/div>\n<\/div>\n<\/div>\n<\/section>\n<\/div>\n<\/div>\n<\/div>\n<\/div>\n<\/div>\n<div id=\"page-wrapper\" class=\"mrk-clearfix\">\n<div class=\"mrk-grid mrk-clearfix global-wrapper\">\n<div id=\"middle\">\n<div id=\"j_id_ta\" class=\"mrk-section mrk-clearfix \">\n<div class=\"SiteEditCP\">\n<section class=\"header it it-01 hide-on-med-and-down\" role=\"main\">\n<div class=\"container\">\n<div class=\"row\">\n<div class=\"col m7 s12\">\n<div id=\"page-wrapper\" class=\"mrk-clearfix\">\n<div class=\"mrk-grid mrk-clearfix global-wrapper\">\n<div id=\"middle\">\n<div id=\"j_id_ta\" class=\"mrk-section mrk-clearfix \">\n<div class=\"SiteEditCP\">\n<section class=\"header it it-01 hide-on-med-and-down\" role=\"main\">\n<div class=\"container\">\n<div class=\"row\">\n<div class=\"col m7 s12\">\n<div id=\"page-wrapper\" class=\"mrk-clearfix\">\n<div class=\"mrk-grid mrk-clearfix global-wrapper\">\n<div id=\"middle\">\n<div id=\"j_id_ta\" class=\"mrk-section mrk-clearfix \">\n<div class=\"SiteEditCP\">\n<section class=\"header it it-01 hide-on-med-and-down\" role=\"main\">\n<div class=\"container\">\n<div class=\"row\">\n<div class=\"col m7 s12\">\n<h3 class=\"mt-0 mb-3\"><span style=\"color: #008080\">Hrdinov\u00e9 kyberprostoru<\/span><\/h3>\n<\/div>\n<\/div>\n<\/div>\n<\/section>\n<\/div>\n<\/div>\n<\/div>\n<\/div>\n<\/div>\n<\/div>\n<\/div>\n<\/div>\n<\/section>\n<\/div>\n<\/div>\n<\/div>\n<\/div>\n<\/div>\n<\/div>\n<\/div>\n<\/div>\n<\/section>\n<\/div>\n<\/div>\n<\/div>\n<\/div>\n<\/div>\n<\/div>\n<\/div>\n<\/div>\n<\/section>\n<\/div>\n<\/div>\n<\/div>\n<\/div>\n<\/div>\n<\/div>\n<\/div>\n<\/div>\n<\/section>\n<\/div>\n<\/div>\n<\/div>\n<\/div>\n<\/div>\n<\/p>\n\t\t\t\t\t\t\n\t\t\t\t\t<\/div>\n\t<\/div>\n<\/div>\n\n\n<h4 class=\"wp-block-heading\">\u0158\u00edzen\u00ed IT rizik a bezpe\u010dnosti m\u00e1 z\u00e1sadn\u00ed roli p\u0159i zabezpe\u010dov\u00e1n\u00ed IT syst\u00e9m\u016f proti \u00fatok\u016fm z kybernetick\u00e9ho prostoru a zaji\u0161t\u011bn\u00ed souladu s po\u017eadavky regul\u00e1tor\u016f. Zav\u00e1zali jsme se chr\u00e1nit du\u0161evn\u00ed vlastnictv\u00ed na\u0161\u00ed spole\u010dnosti a poskytovat na\u0161im zam\u011bstnanc\u016fm znalosti, kter\u00e9 je budou chr\u00e1nit p\u0159ed kybernetick\u00fdmi \u00fatoky, je\u017e by mohly ohrozit na\u0161i spole\u010dnost.<\/h4>\n\n\n\n<h3 class=\"wp-block-heading\">Jsme zapojeni do:<\/h3>\n\n\n\n<h4 class=\"wp-block-heading\">Cyber Fusion Center<\/h4>\n\n\n\n<p>Cyber \u200b\u200bFusion Center (CFC) je multidisciplin\u00e1rn\u00ed platforma, kter\u00e1 spojuje technick\u00e9 dovednosti se soci\u00e1ln\u011b geografick\u00fdmi prvky kybernetick\u00e9 bezpe\u010dnosti. Sou\u010d\u00e1st\u00ed t\u00e9to sou\u010dinnosti jsou proaktivn\u00ed a retrospektivn\u00ed akce, kter\u00e9 chr\u00e1n\u00ed na\u0161e data a du\u0161evn\u00ed vlastnictv\u00ed.<\/p>\n\n\n\n<h4 class=\"wp-block-heading\">Ochrana dat a syst\u00e9mu<\/h4>\n\n\n\n<p>Ochrana dat a syst\u00e9mu je platforma, kter\u00e1 zaji\u0161\u0165uje bezpe\u010dnost informac\u00ed a aktiv na\u0161\u00ed spole\u010dnosti proti nebezpe\u010d\u00edm p\u0159ich\u00e1zej\u00edc\u00edm z kybernetick\u00e9ho prostoru.<\/p>\n\n\n\n<h4 class=\"wp-block-heading\">\u0158\u00edzen\u00ed rizik a compliance (GRC)<\/h4>\n\n\n\n<p>GRC platforma zaji\u0161\u0165uje \u0159\u00edzen\u00ed rizik a shodu se z\u00e1kony a regulacemi. Tato platforma zaji\u0161\u0165uje v\u0161em diviz\u00edm, aby mohly pracovat v souladu se z\u00e1kony, bezpe\u010dn\u011b a efektivn\u011b.<\/p>\n\n\n\n<h4 class=\"wp-block-heading\">Spr\u00e1va identit a p\u0159\u00edstupu (IAM)<\/h4>\n\n\n\n<p>IAM je discipl\u00edna, kter\u00e1 zaji\u0161\u0165uje, aby m\u011bly spr\u00e1vn\u00e9 entity (osoby, syst\u00e9my\u2026) p\u0159\u00edstup ke spr\u00e1vn\u00fdm syst\u00e9m\u016fm ve spr\u00e1vn\u00fd \u010das a ze spr\u00e1vn\u00fdch d\u016fvod\u016f.<\/p>\n\n\n\n<ul class=\"wp-block-list\"><li>Chr\u00e1n\u00ed a spravuje \u017eivotn\u00ed cyklus digit\u00e1ln\u00ed identity pro zam\u011bstnance a extern\u00ed spolupracovn\u00edky<\/li><li>Spravuje autentiza\u010dn\u00ed slu\u017eby<\/li><li>Chr\u00e1n\u00ed privilegovan\u00e9 \u00fa\u010dty<\/li><\/ul>\n\n\n\n<h4 class=\"wp-block-heading\">Analytika zabezpe\u010den\u00ed<\/h4>\n\n\n\n<p>C\u00edlem analytiky zabezpe\u010den\u00ed je p\u0159em\u011bnit nezpracovan\u00e1 data z r\u016fzn\u00fdch zdroj\u016f na praktick\u00e9 informace umo\u017e\u0148uj\u00edc\u00ed identifikovat bezpe\u010dnostn\u00ed ud\u00e1losti, na kter\u00e9 je t\u0159eba reagovat prost\u0159ednictv\u00edm sou\u010dinnost\u00ed n\u00e1mi pou\u017e\u00edvan\u00fdch komponent\u016f.<\/p>\n\n\n\n<figure class=\"wp-block-embed is-type-video is-provider-youtube wp-block-embed-youtube wp-embed-aspect-16-9 wp-has-aspect-ratio\"><div class=\"wp-block-embed__wrapper\">\n<div class=\"jetpack-video-wrapper\"><iframe loading=\"lazy\" title=\"Dog test\" width=\"500\" height=\"281\" src=\"https:\/\/www.youtube-nocookie.com\/embed\/BGbX_aOq0wA?feature=oembed\" frameborder=\"0\" allow=\"accelerometer; autoplay; clipboard-write; encrypted-media; gyroscope; picture-in-picture; web-share\" referrerpolicy=\"strict-origin-when-cross-origin\" allowfullscreen><\/iframe><\/div>\n<\/div><\/figure>\n\n\n<div id=\"mco-title-block-block_63bbe6b383fff\" \n\t class=\"mco-title-block mccberg-block has-background full negative\" \n\t style='background-image: url(https:\/\/www.msd.cz\/cs\/wp-content\/uploads\/sites\/62\/2023\/01\/it-banner.png?w=1600);'\t >\n\t<div class=\"wrapper\">\n\t\t<div class=\"mco-title-block-content\">\n\t\t\t\n\t\t\t<h2 class=\"mco-title-block-title\">Chcete b\u00fdt \u010dlenem na\u0161eho t\u00fdmu?<\/h2>\n\n\t\t\t\t\t\t\t<p class=\"mco-title-block-description\"><p>Prozkoumejte mo\u017enosti.<\/p>\n<\/p>\n\t\t\t\t\t\t\n\t\t\t \n\t\t\t\t<div class=\"mco-title-block-cta-container\">\n\n\t\t\t\t\t\t\t\t\t\t\t<a\n                            class=\"btn mco-title-block-cta-btn\"\n                            href=\"https:\/\/jobs.msd.com\/gb\/en\"\n                            title=\"P\u0159ipojte se k n\u00e1m\"\n                            target=\"_self\"\n                                                    >P\u0159ipojte se k n\u00e1m<\/a>\n\t\t\t\t\t\n\t\t\t\t\t\t\t\t\t\t\n\t\t\t\t<\/div>\n\t\t\t\t\t<\/div>\n\t<\/div>\n<\/div>","protected":false},"excerpt":{"rendered":"<p>\u0158\u00edzen\u00ed IT rizik a bezpe\u010dnosti m\u00e1 z\u00e1sadn\u00ed roli p\u0159i zabezpe\u010dov\u00e1n\u00ed IT syst\u00e9m\u016f proti \u00fatok\u016fm z kybernetick\u00e9ho prostoru a zaji\u0161t\u011bn\u00ed souladu s po\u017eadavky regul\u00e1tor\u016f. Zav\u00e1zali jsme se chr\u00e1nit du\u0161evn\u00ed vlastnictv\u00ed na\u0161\u00ed spole\u010dnosti a poskytovat na\u0161im zam\u011bstnanc\u016fm znalosti, kter\u00e9 je budou chr\u00e1nit p\u0159ed kybernetick\u00fdmi \u00fatoky, je\u017e by mohly ohrozit na\u0161i spole\u010dnost. Jsme zapojeni do: Cyber Fusion Center [&hellip;]<\/p>\n","protected":false},"author":545,"featured_media":0,"parent":1755,"menu_order":0,"comment_status":"closed","ping_status":"closed","template":"","meta":{"_acf_changed":false,"bdl_company_name":[],"bdl_item_external_link":[],"editor_notices":[],"footnotes":""},"class_list":["post-2318","page","type-page","status-publish","hentry"],"yoast_head":"<!-- This site is optimized with the Yoast SEO plugin v21.9.1 - https:\/\/yoast.com\/wordpress\/plugins\/seo\/ -->\n<title>IT Risk Management &amp; Security - MSD \u010cesk\u00e1 republika<\/title>\n<meta name=\"robots\" content=\"index, follow, max-snippet:-1, max-image-preview:large, max-video-preview:-1\" \/>\n<link rel=\"canonical\" href=\"https:\/\/www.msd.cz\/cs\/it\/it-risk-management-security\/\" \/>\n<meta property=\"og:locale\" content=\"en_US\" \/>\n<meta property=\"og:type\" content=\"article\" \/>\n<meta property=\"og:title\" content=\"IT Risk Management &amp; Security - MSD \u010cesk\u00e1 republika\" \/>\n<meta property=\"og:description\" content=\"\u0158\u00edzen\u00ed IT rizik a bezpe\u010dnosti m\u00e1 z\u00e1sadn\u00ed roli p\u0159i zabezpe\u010dov\u00e1n\u00ed IT syst\u00e9m\u016f proti \u00fatok\u016fm z kybernetick\u00e9ho prostoru a zaji\u0161t\u011bn\u00ed souladu s po\u017eadavky regul\u00e1tor\u016f. Zav\u00e1zali jsme se chr\u00e1nit du\u0161evn\u00ed vlastnictv\u00ed na\u0161\u00ed spole\u010dnosti a poskytovat na\u0161im zam\u011bstnanc\u016fm znalosti, kter\u00e9 je budou chr\u00e1nit p\u0159ed kybernetick\u00fdmi \u00fatoky, je\u017e by mohly ohrozit na\u0161i spole\u010dnost. Jsme zapojeni do: Cyber Fusion Center [&hellip;]\" \/>\n<meta property=\"og:url\" content=\"https:\/\/www.msd.cz\/cs\/it\/it-risk-management-security\/\" \/>\n<meta property=\"og:site_name\" content=\"MSD \u010cesk\u00e1 republika\" \/>\n<meta property=\"article:publisher\" content=\"https:\/\/www.facebook.com\/MSDInvents\/\" \/>\n<meta property=\"article:modified_time\" content=\"2023-01-10T20:04:51+00:00\" \/>\n<meta property=\"og:image\" content=\"https:\/\/www.msd.cz\/cs\/wp-content\/uploads\/sites\/62\/2020\/10\/MSD.png\" \/>\n\t<meta property=\"og:image:width\" content=\"2536\" \/>\n\t<meta property=\"og:image:height\" content=\"1382\" \/>\n\t<meta property=\"og:image:type\" content=\"image\/png\" \/>\n<meta name=\"twitter:card\" content=\"summary_large_image\" \/>\n<meta name=\"twitter:site\" content=\"@MSDczech\" \/>\n<meta name=\"twitter:label1\" content=\"Est. reading time\" \/>\n\t<meta name=\"twitter:data1\" content=\"1 minute\" \/>\n<script type=\"application\/ld+json\" class=\"yoast-schema-graph\">{\"@context\":\"https:\/\/schema.org\",\"@graph\":[{\"@type\":\"WebPage\",\"@id\":\"https:\/\/www.msd.cz\/cs\/it\/it-risk-management-security\/\",\"url\":\"https:\/\/www.msd.cz\/cs\/it\/it-risk-management-security\/\",\"name\":\"IT Risk Management & Security - MSD \u010cesk\u00e1 republika\",\"isPartOf\":{\"@id\":\"https:\/\/www.msd.cz\/cs\/#website\"},\"datePublished\":\"2021-11-02T22:57:18+00:00\",\"dateModified\":\"2023-01-10T20:04:51+00:00\",\"breadcrumb\":{\"@id\":\"https:\/\/www.msd.cz\/cs\/it\/it-risk-management-security\/#breadcrumb\"},\"inLanguage\":\"en-US\",\"potentialAction\":[{\"@type\":\"ReadAction\",\"target\":[\"https:\/\/www.msd.cz\/cs\/it\/it-risk-management-security\/\"]}]},{\"@type\":\"BreadcrumbList\",\"@id\":\"https:\/\/www.msd.cz\/cs\/it\/it-risk-management-security\/#breadcrumb\",\"itemListElement\":[{\"@type\":\"ListItem\",\"position\":1,\"name\":\"IT\",\"item\":\"https:\/\/www.msd.cz\/cs\/it\/\"},{\"@type\":\"ListItem\",\"position\":2,\"name\":\"IT Risk Management &#038; Security\"}]},{\"@type\":\"WebSite\",\"@id\":\"https:\/\/www.msd.cz\/cs\/#website\",\"url\":\"https:\/\/www.msd.cz\/cs\/\",\"name\":\"MSD \u010cesk\u00e1 republika\",\"description\":\"Just another vip2-msd.com site\",\"publisher\":{\"@id\":\"https:\/\/www.msd.cz\/cs\/#organization\"},\"potentialAction\":[{\"@type\":\"SearchAction\",\"target\":{\"@type\":\"EntryPoint\",\"urlTemplate\":\"https:\/\/www.msd.cz\/cs\/?s={search_term_string}\"},\"query-input\":\"required name=search_term_string\"}],\"inLanguage\":\"en-US\"},{\"@type\":\"Organization\",\"@id\":\"https:\/\/www.msd.cz\/cs\/#organization\",\"name\":\"MSD Czech Republic\",\"url\":\"https:\/\/www.msd.cz\/cs\/\",\"logo\":{\"@type\":\"ImageObject\",\"inLanguage\":\"en-US\",\"@id\":\"https:\/\/www.msd.cz\/cs\/#\/schema\/logo\/image\/\",\"url\":\"https:\/\/www.msd.cz\/cs\/wp-content\/uploads\/sites\/62\/2020\/10\/MSD.png\",\"contentUrl\":\"https:\/\/www.msd.cz\/cs\/wp-content\/uploads\/sites\/62\/2020\/10\/MSD.png\",\"width\":2536,\"height\":1382,\"caption\":\"MSD Czech Republic\"},\"image\":{\"@id\":\"https:\/\/www.msd.cz\/cs\/#\/schema\/logo\/image\/\"},\"sameAs\":[\"https:\/\/www.facebook.com\/MSDInvents\/\",\"https:\/\/twitter.com\/MSDczech\",\"https:\/\/www.instagram.com\/msdinvents\/\",\"https:\/\/www.linkedin.com\/company\/msdczech\/\",\"https:\/\/www.youtube.com\/channel\/UCzw0K-BF3OzlQVYn6BGHQQw\"]}]}<\/script>\n<!-- \/ Yoast SEO plugin. -->","yoast_head_json":{"title":"IT Risk Management & Security - MSD \u010cesk\u00e1 republika","robots":{"index":"index","follow":"follow","max-snippet":"max-snippet:-1","max-image-preview":"max-image-preview:large","max-video-preview":"max-video-preview:-1"},"canonical":"https:\/\/www.msd.cz\/cs\/it\/it-risk-management-security\/","og_locale":"en_US","og_type":"article","og_title":"IT Risk Management & Security - MSD \u010cesk\u00e1 republika","og_description":"\u0158\u00edzen\u00ed IT rizik a bezpe\u010dnosti m\u00e1 z\u00e1sadn\u00ed roli p\u0159i zabezpe\u010dov\u00e1n\u00ed IT syst\u00e9m\u016f proti \u00fatok\u016fm z kybernetick\u00e9ho prostoru a zaji\u0161t\u011bn\u00ed souladu s po\u017eadavky regul\u00e1tor\u016f. Zav\u00e1zali jsme se chr\u00e1nit du\u0161evn\u00ed vlastnictv\u00ed na\u0161\u00ed spole\u010dnosti a poskytovat na\u0161im zam\u011bstnanc\u016fm znalosti, kter\u00e9 je budou chr\u00e1nit p\u0159ed kybernetick\u00fdmi \u00fatoky, je\u017e by mohly ohrozit na\u0161i spole\u010dnost. Jsme zapojeni do: Cyber Fusion Center [&hellip;]","og_url":"https:\/\/www.msd.cz\/cs\/it\/it-risk-management-security\/","og_site_name":"MSD \u010cesk\u00e1 republika","article_publisher":"https:\/\/www.facebook.com\/MSDInvents\/","article_modified_time":"2023-01-10T20:04:51+00:00","og_image":[{"width":2536,"height":1382,"url":"https:\/\/www.msd.cz\/cs\/wp-content\/uploads\/sites\/62\/2020\/10\/MSD.png","type":"image\/png"}],"twitter_card":"summary_large_image","twitter_site":"@MSDczech","twitter_misc":{"Est. reading time":"1 minute"},"schema":{"@context":"https:\/\/schema.org","@graph":[{"@type":"WebPage","@id":"https:\/\/www.msd.cz\/cs\/it\/it-risk-management-security\/","url":"https:\/\/www.msd.cz\/cs\/it\/it-risk-management-security\/","name":"IT Risk Management & Security - MSD \u010cesk\u00e1 republika","isPartOf":{"@id":"https:\/\/www.msd.cz\/cs\/#website"},"datePublished":"2021-11-02T22:57:18+00:00","dateModified":"2023-01-10T20:04:51+00:00","breadcrumb":{"@id":"https:\/\/www.msd.cz\/cs\/it\/it-risk-management-security\/#breadcrumb"},"inLanguage":"en-US","potentialAction":[{"@type":"ReadAction","target":["https:\/\/www.msd.cz\/cs\/it\/it-risk-management-security\/"]}]},{"@type":"BreadcrumbList","@id":"https:\/\/www.msd.cz\/cs\/it\/it-risk-management-security\/#breadcrumb","itemListElement":[{"@type":"ListItem","position":1,"name":"IT","item":"https:\/\/www.msd.cz\/cs\/it\/"},{"@type":"ListItem","position":2,"name":"IT Risk Management &#038; Security"}]},{"@type":"WebSite","@id":"https:\/\/www.msd.cz\/cs\/#website","url":"https:\/\/www.msd.cz\/cs\/","name":"MSD \u010cesk\u00e1 republika","description":"Just another vip2-msd.com site","publisher":{"@id":"https:\/\/www.msd.cz\/cs\/#organization"},"potentialAction":[{"@type":"SearchAction","target":{"@type":"EntryPoint","urlTemplate":"https:\/\/www.msd.cz\/cs\/?s={search_term_string}"},"query-input":"required name=search_term_string"}],"inLanguage":"en-US"},{"@type":"Organization","@id":"https:\/\/www.msd.cz\/cs\/#organization","name":"MSD Czech Republic","url":"https:\/\/www.msd.cz\/cs\/","logo":{"@type":"ImageObject","inLanguage":"en-US","@id":"https:\/\/www.msd.cz\/cs\/#\/schema\/logo\/image\/","url":"https:\/\/www.msd.cz\/cs\/wp-content\/uploads\/sites\/62\/2020\/10\/MSD.png","contentUrl":"https:\/\/www.msd.cz\/cs\/wp-content\/uploads\/sites\/62\/2020\/10\/MSD.png","width":2536,"height":1382,"caption":"MSD Czech Republic"},"image":{"@id":"https:\/\/www.msd.cz\/cs\/#\/schema\/logo\/image\/"},"sameAs":["https:\/\/www.facebook.com\/MSDInvents\/","https:\/\/twitter.com\/MSDczech","https:\/\/www.instagram.com\/msdinvents\/","https:\/\/www.linkedin.com\/company\/msdczech\/","https:\/\/www.youtube.com\/channel\/UCzw0K-BF3OzlQVYn6BGHQQw"]}]}},"acf":[],"_links":{"self":[{"href":"https:\/\/www.msd.cz\/cs\/wp-json\/wp\/v2\/pages\/2318","targetHints":{"allow":["GET"]}}],"collection":[{"href":"https:\/\/www.msd.cz\/cs\/wp-json\/wp\/v2\/pages"}],"about":[{"href":"https:\/\/www.msd.cz\/cs\/wp-json\/wp\/v2\/types\/page"}],"author":[{"embeddable":true,"href":"https:\/\/www.msd.cz\/cs\/wp-json\/wp\/v2\/users\/545"}],"replies":[{"embeddable":true,"href":"https:\/\/www.msd.cz\/cs\/wp-json\/wp\/v2\/comments?post=2318"}],"version-history":[{"count":9,"href":"https:\/\/www.msd.cz\/cs\/wp-json\/wp\/v2\/pages\/2318\/revisions"}],"predecessor-version":[{"id":4304,"href":"https:\/\/www.msd.cz\/cs\/wp-json\/wp\/v2\/pages\/2318\/revisions\/4304"}],"up":[{"embeddable":true,"href":"https:\/\/www.msd.cz\/cs\/wp-json\/wp\/v2\/pages\/1755"}],"wp:attachment":[{"href":"https:\/\/www.msd.cz\/cs\/wp-json\/wp\/v2\/media?parent=2318"}],"curies":[{"name":"wp","href":"https:\/\/api.w.org\/{rel}","templated":true}]}}