{"id":2315,"date":"2021-11-02T22:53:25","date_gmt":"2021-11-02T22:53:25","guid":{"rendered":"https:\/\/www.msd.cz\/cs\/?page_id=2315"},"modified":"2023-01-26T10:37:47","modified_gmt":"2023-01-26T10:37:47","slug":"infrastructure-operations","status":"publish","type":"page","link":"https:\/\/www.msd.cz\/cs\/it\/infrastructure-operations\/","title":{"rendered":"Infrastructure &#038; Operations"},"content":{"rendered":"<div id=\"mco-title-block-block_6181a2f9d2ac9\" \n\t class=\"mco-title-block mccberg-block has-background full negative\" \n\t style='background-image: url(https:\/\/www.msd.cz\/cs\/wp-content\/uploads\/sites\/62\/2021\/11\/it_header_pic_infrastructure-1.png?w=1600);'\t >\n\t<div class=\"wrapper\">\n\t\t<div class=\"mco-title-block-content\">\n\t\t\t\n\t\t\t<h2 class=\"mco-title-block-title\"> <\/h2>\n\n\t\t\t\t\t\t\t<p class=\"mco-title-block-description\"><div id=\"page-wrapper\" class=\"mrk-clearfix\">\n<div class=\"mrk-grid mrk-clearfix global-wrapper\">\n<div id=\"middle\">\n<div id=\"j_id_ta\" class=\"mrk-section mrk-clearfix \">\n<div class=\"SiteEditCP\">\n<section class=\"header it it-01 hide-on-med-and-down\" role=\"main\">\n<div class=\"container\">\n<div class=\"row\">\n<div class=\"col m7 s12\">\n<div id=\"page-wrapper\" class=\"mrk-clearfix\">\n<div class=\"mrk-grid mrk-clearfix global-wrapper\">\n<div id=\"middle\">\n<div id=\"j_id_ta\" class=\"mrk-section mrk-clearfix \">\n<div class=\"SiteEditCP\">\n<section class=\"header it it-01 hide-on-med-and-down\" role=\"main\">\n<div class=\"container\">\n<div class=\"row\">\n<div class=\"col m7 s12\">\n<div id=\"page-wrapper\" class=\"mrk-clearfix\">\n<div class=\"mrk-grid mrk-clearfix global-wrapper\">\n<div id=\"middle\">\n<div id=\"j_id_ta\" class=\"mrk-section mrk-clearfix \">\n<div class=\"SiteEditCP\">\n<section class=\"header it it-01 hide-on-med-and-down\" role=\"main\">\n<div class=\"container\">\n<div class=\"row\">\n<div class=\"col m7 s12\">\n<div id=\"page-wrapper\" class=\"mrk-clearfix\">\n<div class=\"mrk-grid mrk-clearfix global-wrapper\">\n<div id=\"middle\">\n<div id=\"j_id_ta\" class=\"mrk-section mrk-clearfix \">\n<div class=\"SiteEditCP\">\n<section class=\"header it it-01 hide-on-med-and-down\" role=\"main\">\n<div class=\"container\">\n<div class=\"row\">\n<div class=\"col m7 s12\">\n<h2 class=\"my-3\"><span style=\"color: #333333\">Infrastructure &amp; Operations<\/span><\/h2>\n<\/div>\n<\/div>\n<\/div>\n<\/section>\n<\/div>\n<\/div>\n<\/div>\n<\/div>\n<\/div>\n<\/div>\n<\/div>\n<\/div>\n<\/section>\n<\/div>\n<\/div>\n<\/div>\n<\/div>\n<\/div>\n<div id=\"page-wrapper\" class=\"mrk-clearfix\">\n<div class=\"mrk-grid mrk-clearfix global-wrapper\">\n<div id=\"middle\">\n<div id=\"j_id_ta\" class=\"mrk-section mrk-clearfix \">\n<div class=\"SiteEditCP\">\n<section class=\"header it it-01 hide-on-med-and-down\" role=\"main\">\n<div class=\"container\">\n<div class=\"row\">\n<div class=\"col m7 s12\">\n<div id=\"page-wrapper\" class=\"mrk-clearfix\">\n<div class=\"mrk-grid mrk-clearfix global-wrapper\">\n<div id=\"middle\">\n<div id=\"j_id_ta\" class=\"mrk-section mrk-clearfix \">\n<div class=\"SiteEditCP\">\n<section class=\"header it it-01 hide-on-med-and-down\" role=\"main\">\n<div class=\"container\">\n<div class=\"row\">\n<div class=\"col m7 s12\">\n<h3 class=\"mt-0 mb-3\"><span style=\"color: #008080\">V\u00edce ne\u017e jen kabely a krabice<\/span><\/h3>\n<\/div>\n<\/div>\n<\/div>\n<\/section>\n<\/div>\n<\/div>\n<\/div>\n<\/div>\n<\/div>\n<\/div>\n<\/div>\n<\/div>\n<\/section>\n<\/div>\n<\/div>\n<\/div>\n<\/div>\n<\/div>\n<\/div>\n<\/div>\n<\/div>\n<\/section>\n<\/div>\n<\/div>\n<\/div>\n<\/div>\n<\/div>\n<\/div>\n<\/div>\n<\/div>\n<\/section>\n<\/div>\n<\/div>\n<\/div>\n<\/div>\n<\/div>\n<\/p>\n\t\t\t\t\t\t\n\t\t\t\t\t<\/div>\n\t<\/div>\n<\/div>\n\n\n<h4 class=\"wp-block-heading\">Global Infrastructure &amp; Operations poskytuje IT slu\u017eby v\u0161em diviz\u00edm spole\u010dnosti v r\u016fzn\u00fdch lokalit\u00e1ch. Slu\u017eby nab\u00edz\u00edme tak\u00e9 pro v\u0161echna datov\u00e1 centra po cel\u00e9m sv\u011bt\u011b, v\u010detn\u011b na\u0161ich MSD Technology Center v USA, Praze a Singapuru.<\/h4>\n\n\n\n<p>Na\u0161\u00edm posl\u00e1n\u00edm je z\u0159\u00eddit a provozovat kompletn\u011b udr\u017eiteln\u00fd model IT slu\u017eeb a z\u00e1rove\u0148 ho rozv\u00edjet.<\/p>\n\n\n\n<h2 class=\"wp-block-heading\">Jsme zapojeni do:<\/h2>\n\n\n\n<ul class=\"wp-block-list\"><li>Poskytov\u00e1n\u00ed podpory pro koncov\u00e9 u\u017eivatele, jako jsou vstupn\u00ed \u0161kolen\u00ed pro nov\u00e9 zam\u011bstnance, podpory videokonferenc\u00ed a techniky v zasedac\u00edch m\u00edstnostech, roadshow, stejn\u011b jako podpory tisk\u00e1ren \u010di hardwaru<\/li><li>Dohled nad m\u00edstn\u00ed IT infrastrukturou, jako jsou s\u00ed\u0165ov\u00e9 prvky, prvky zabezpe\u010den\u00ed, tisk\u00e1rny a podporu na\u0161ich vzd\u00e1len\u00fdch kancel\u00e1\u0159\u00ed laborato\u0159\u00ed a v\u00fdrobn\u00edch kancel\u00e1\u0159\u00ed<\/li><li>Koordinace s glob\u00e1ln\u00edmi t\u00fdmy na projektech p\u0159i v\u00fdpadc\u00edch slu\u017eeb podle pot\u0159eby<\/li><\/ul>\n\n\n\n<p><\/p>\n\n\n<div id=\"mco-title-block-block_63bbe6b383fff\" \n\t class=\"mco-title-block mccberg-block has-background full negative\" \n\t style='background-image: url(https:\/\/www.msd.cz\/cs\/wp-content\/uploads\/sites\/62\/2023\/01\/it-banner.png?w=1600);'\t >\n\t<div class=\"wrapper\">\n\t\t<div class=\"mco-title-block-content\">\n\t\t\t\n\t\t\t<h2 class=\"mco-title-block-title\">Chcete b\u00fdt \u010dlenem na\u0161eho t\u00fdmu?<\/h2>\n\n\t\t\t\t\t\t\t<p class=\"mco-title-block-description\"><p>Prozkoumejte mo\u017enosti.<\/p>\n<\/p>\n\t\t\t\t\t\t\n\t\t\t \n\t\t\t\t<div class=\"mco-title-block-cta-container\">\n\n\t\t\t\t\t\t\t\t\t\t\t<a\n                            class=\"btn mco-title-block-cta-btn\"\n                            href=\"https:\/\/jobs.msd.com\/gb\/en\"\n                            title=\"P\u0159ipojte se k n\u00e1m\"\n                            target=\"_self\"\n                                                    >P\u0159ipojte se k n\u00e1m<\/a>\n\t\t\t\t\t\n\t\t\t\t\t\t\t\t\t\t\n\t\t\t\t<\/div>\n\t\t\t\t\t<\/div>\n\t<\/div>\n<\/div>","protected":false},"excerpt":{"rendered":"<p>Global Infrastructure &amp; Operations poskytuje IT slu\u017eby v\u0161em diviz\u00edm spole\u010dnosti v r\u016fzn\u00fdch lokalit\u00e1ch. Slu\u017eby nab\u00edz\u00edme tak\u00e9 pro v\u0161echna datov\u00e1 centra po cel\u00e9m sv\u011bt\u011b, v\u010detn\u011b na\u0161ich MSD Technology Center v USA, Praze a Singapuru. Na\u0161\u00edm posl\u00e1n\u00edm je z\u0159\u00eddit a provozovat kompletn\u011b udr\u017eiteln\u00fd model IT slu\u017eeb a z\u00e1rove\u0148 ho rozv\u00edjet. Jsme zapojeni do: Poskytov\u00e1n\u00ed podpory pro koncov\u00e9 [&hellip;]<\/p>\n","protected":false},"author":545,"featured_media":0,"parent":1755,"menu_order":0,"comment_status":"closed","ping_status":"closed","template":"","meta":{"_acf_changed":false,"bdl_company_name":[],"bdl_item_external_link":[],"editor_notices":[],"footnotes":""},"class_list":["post-2315","page","type-page","status-publish","hentry"],"yoast_head":"<!-- This site is optimized with the Yoast SEO plugin v21.9.1 - https:\/\/yoast.com\/wordpress\/plugins\/seo\/ -->\n<title>Infrastructure &amp; Operations - MSD \u010cesk\u00e1 republika<\/title>\n<meta name=\"robots\" content=\"index, follow, max-snippet:-1, max-image-preview:large, max-video-preview:-1\" \/>\n<link rel=\"canonical\" href=\"https:\/\/www.msd.cz\/cs\/it\/infrastructure-operations\/\" \/>\n<meta property=\"og:locale\" content=\"en_US\" \/>\n<meta property=\"og:type\" content=\"article\" \/>\n<meta property=\"og:title\" content=\"Infrastructure &amp; Operations - MSD \u010cesk\u00e1 republika\" \/>\n<meta property=\"og:description\" content=\"Global Infrastructure &amp; Operations poskytuje IT slu\u017eby v\u0161em diviz\u00edm spole\u010dnosti v r\u016fzn\u00fdch lokalit\u00e1ch. Slu\u017eby nab\u00edz\u00edme tak\u00e9 pro v\u0161echna datov\u00e1 centra po cel\u00e9m sv\u011bt\u011b, v\u010detn\u011b na\u0161ich MSD Technology Center v USA, Praze a Singapuru. Na\u0161\u00edm posl\u00e1n\u00edm je z\u0159\u00eddit a provozovat kompletn\u011b udr\u017eiteln\u00fd model IT slu\u017eeb a z\u00e1rove\u0148 ho rozv\u00edjet. Jsme zapojeni do: Poskytov\u00e1n\u00ed podpory pro koncov\u00e9 [&hellip;]\" \/>\n<meta property=\"og:url\" content=\"https:\/\/www.msd.cz\/cs\/it\/infrastructure-operations\/\" \/>\n<meta property=\"og:site_name\" content=\"MSD \u010cesk\u00e1 republika\" \/>\n<meta property=\"article:publisher\" content=\"https:\/\/www.facebook.com\/MSDInvents\/\" \/>\n<meta property=\"article:modified_time\" content=\"2023-01-26T10:37:47+00:00\" \/>\n<meta property=\"og:image\" content=\"https:\/\/www.msd.cz\/cs\/wp-content\/uploads\/sites\/62\/2020\/10\/MSD.png\" \/>\n\t<meta property=\"og:image:width\" content=\"2536\" \/>\n\t<meta property=\"og:image:height\" content=\"1382\" \/>\n\t<meta property=\"og:image:type\" content=\"image\/png\" \/>\n<meta name=\"twitter:card\" content=\"summary_large_image\" \/>\n<meta name=\"twitter:site\" content=\"@MSDczech\" \/>\n<meta name=\"twitter:label1\" content=\"Est. reading time\" \/>\n\t<meta name=\"twitter:data1\" content=\"1 minute\" \/>\n<script type=\"application\/ld+json\" class=\"yoast-schema-graph\">{\"@context\":\"https:\/\/schema.org\",\"@graph\":[{\"@type\":\"WebPage\",\"@id\":\"https:\/\/www.msd.cz\/cs\/it\/infrastructure-operations\/\",\"url\":\"https:\/\/www.msd.cz\/cs\/it\/infrastructure-operations\/\",\"name\":\"Infrastructure & Operations - MSD \u010cesk\u00e1 republika\",\"isPartOf\":{\"@id\":\"https:\/\/www.msd.cz\/cs\/#website\"},\"datePublished\":\"2021-11-02T22:53:25+00:00\",\"dateModified\":\"2023-01-26T10:37:47+00:00\",\"breadcrumb\":{\"@id\":\"https:\/\/www.msd.cz\/cs\/it\/infrastructure-operations\/#breadcrumb\"},\"inLanguage\":\"en-US\",\"potentialAction\":[{\"@type\":\"ReadAction\",\"target\":[\"https:\/\/www.msd.cz\/cs\/it\/infrastructure-operations\/\"]}]},{\"@type\":\"BreadcrumbList\",\"@id\":\"https:\/\/www.msd.cz\/cs\/it\/infrastructure-operations\/#breadcrumb\",\"itemListElement\":[{\"@type\":\"ListItem\",\"position\":1,\"name\":\"IT\",\"item\":\"https:\/\/www.msd.cz\/cs\/it\/\"},{\"@type\":\"ListItem\",\"position\":2,\"name\":\"Infrastructure &#038; Operations\"}]},{\"@type\":\"WebSite\",\"@id\":\"https:\/\/www.msd.cz\/cs\/#website\",\"url\":\"https:\/\/www.msd.cz\/cs\/\",\"name\":\"MSD \u010cesk\u00e1 republika\",\"description\":\"Just another vip2-msd.com site\",\"publisher\":{\"@id\":\"https:\/\/www.msd.cz\/cs\/#organization\"},\"potentialAction\":[{\"@type\":\"SearchAction\",\"target\":{\"@type\":\"EntryPoint\",\"urlTemplate\":\"https:\/\/www.msd.cz\/cs\/?s={search_term_string}\"},\"query-input\":\"required name=search_term_string\"}],\"inLanguage\":\"en-US\"},{\"@type\":\"Organization\",\"@id\":\"https:\/\/www.msd.cz\/cs\/#organization\",\"name\":\"MSD Czech Republic\",\"url\":\"https:\/\/www.msd.cz\/cs\/\",\"logo\":{\"@type\":\"ImageObject\",\"inLanguage\":\"en-US\",\"@id\":\"https:\/\/www.msd.cz\/cs\/#\/schema\/logo\/image\/\",\"url\":\"https:\/\/www.msd.cz\/cs\/wp-content\/uploads\/sites\/62\/2020\/10\/MSD.png\",\"contentUrl\":\"https:\/\/www.msd.cz\/cs\/wp-content\/uploads\/sites\/62\/2020\/10\/MSD.png\",\"width\":2536,\"height\":1382,\"caption\":\"MSD Czech Republic\"},\"image\":{\"@id\":\"https:\/\/www.msd.cz\/cs\/#\/schema\/logo\/image\/\"},\"sameAs\":[\"https:\/\/www.facebook.com\/MSDInvents\/\",\"https:\/\/twitter.com\/MSDczech\",\"https:\/\/www.instagram.com\/msdinvents\/\",\"https:\/\/www.linkedin.com\/company\/msdczech\/\",\"https:\/\/www.youtube.com\/channel\/UCzw0K-BF3OzlQVYn6BGHQQw\"]}]}<\/script>\n<!-- \/ Yoast SEO plugin. -->","yoast_head_json":{"title":"Infrastructure & Operations - MSD \u010cesk\u00e1 republika","robots":{"index":"index","follow":"follow","max-snippet":"max-snippet:-1","max-image-preview":"max-image-preview:large","max-video-preview":"max-video-preview:-1"},"canonical":"https:\/\/www.msd.cz\/cs\/it\/infrastructure-operations\/","og_locale":"en_US","og_type":"article","og_title":"Infrastructure & Operations - MSD \u010cesk\u00e1 republika","og_description":"Global Infrastructure &amp; Operations poskytuje IT slu\u017eby v\u0161em diviz\u00edm spole\u010dnosti v r\u016fzn\u00fdch lokalit\u00e1ch. Slu\u017eby nab\u00edz\u00edme tak\u00e9 pro v\u0161echna datov\u00e1 centra po cel\u00e9m sv\u011bt\u011b, v\u010detn\u011b na\u0161ich MSD Technology Center v USA, Praze a Singapuru. Na\u0161\u00edm posl\u00e1n\u00edm je z\u0159\u00eddit a provozovat kompletn\u011b udr\u017eiteln\u00fd model IT slu\u017eeb a z\u00e1rove\u0148 ho rozv\u00edjet. Jsme zapojeni do: Poskytov\u00e1n\u00ed podpory pro koncov\u00e9 [&hellip;]","og_url":"https:\/\/www.msd.cz\/cs\/it\/infrastructure-operations\/","og_site_name":"MSD \u010cesk\u00e1 republika","article_publisher":"https:\/\/www.facebook.com\/MSDInvents\/","article_modified_time":"2023-01-26T10:37:47+00:00","og_image":[{"width":2536,"height":1382,"url":"https:\/\/www.msd.cz\/cs\/wp-content\/uploads\/sites\/62\/2020\/10\/MSD.png","type":"image\/png"}],"twitter_card":"summary_large_image","twitter_site":"@MSDczech","twitter_misc":{"Est. reading time":"1 minute"},"schema":{"@context":"https:\/\/schema.org","@graph":[{"@type":"WebPage","@id":"https:\/\/www.msd.cz\/cs\/it\/infrastructure-operations\/","url":"https:\/\/www.msd.cz\/cs\/it\/infrastructure-operations\/","name":"Infrastructure & Operations - MSD \u010cesk\u00e1 republika","isPartOf":{"@id":"https:\/\/www.msd.cz\/cs\/#website"},"datePublished":"2021-11-02T22:53:25+00:00","dateModified":"2023-01-26T10:37:47+00:00","breadcrumb":{"@id":"https:\/\/www.msd.cz\/cs\/it\/infrastructure-operations\/#breadcrumb"},"inLanguage":"en-US","potentialAction":[{"@type":"ReadAction","target":["https:\/\/www.msd.cz\/cs\/it\/infrastructure-operations\/"]}]},{"@type":"BreadcrumbList","@id":"https:\/\/www.msd.cz\/cs\/it\/infrastructure-operations\/#breadcrumb","itemListElement":[{"@type":"ListItem","position":1,"name":"IT","item":"https:\/\/www.msd.cz\/cs\/it\/"},{"@type":"ListItem","position":2,"name":"Infrastructure &#038; Operations"}]},{"@type":"WebSite","@id":"https:\/\/www.msd.cz\/cs\/#website","url":"https:\/\/www.msd.cz\/cs\/","name":"MSD \u010cesk\u00e1 republika","description":"Just another vip2-msd.com site","publisher":{"@id":"https:\/\/www.msd.cz\/cs\/#organization"},"potentialAction":[{"@type":"SearchAction","target":{"@type":"EntryPoint","urlTemplate":"https:\/\/www.msd.cz\/cs\/?s={search_term_string}"},"query-input":"required name=search_term_string"}],"inLanguage":"en-US"},{"@type":"Organization","@id":"https:\/\/www.msd.cz\/cs\/#organization","name":"MSD Czech Republic","url":"https:\/\/www.msd.cz\/cs\/","logo":{"@type":"ImageObject","inLanguage":"en-US","@id":"https:\/\/www.msd.cz\/cs\/#\/schema\/logo\/image\/","url":"https:\/\/www.msd.cz\/cs\/wp-content\/uploads\/sites\/62\/2020\/10\/MSD.png","contentUrl":"https:\/\/www.msd.cz\/cs\/wp-content\/uploads\/sites\/62\/2020\/10\/MSD.png","width":2536,"height":1382,"caption":"MSD Czech Republic"},"image":{"@id":"https:\/\/www.msd.cz\/cs\/#\/schema\/logo\/image\/"},"sameAs":["https:\/\/www.facebook.com\/MSDInvents\/","https:\/\/twitter.com\/MSDczech","https:\/\/www.instagram.com\/msdinvents\/","https:\/\/www.linkedin.com\/company\/msdczech\/","https:\/\/www.youtube.com\/channel\/UCzw0K-BF3OzlQVYn6BGHQQw"]}]}},"acf":[],"_links":{"self":[{"href":"https:\/\/www.msd.cz\/cs\/wp-json\/wp\/v2\/pages\/2315","targetHints":{"allow":["GET"]}}],"collection":[{"href":"https:\/\/www.msd.cz\/cs\/wp-json\/wp\/v2\/pages"}],"about":[{"href":"https:\/\/www.msd.cz\/cs\/wp-json\/wp\/v2\/types\/page"}],"author":[{"embeddable":true,"href":"https:\/\/www.msd.cz\/cs\/wp-json\/wp\/v2\/users\/545"}],"replies":[{"embeddable":true,"href":"https:\/\/www.msd.cz\/cs\/wp-json\/wp\/v2\/comments?post=2315"}],"version-history":[{"count":8,"href":"https:\/\/www.msd.cz\/cs\/wp-json\/wp\/v2\/pages\/2315\/revisions"}],"predecessor-version":[{"id":4382,"href":"https:\/\/www.msd.cz\/cs\/wp-json\/wp\/v2\/pages\/2315\/revisions\/4382"}],"up":[{"embeddable":true,"href":"https:\/\/www.msd.cz\/cs\/wp-json\/wp\/v2\/pages\/1755"}],"wp:attachment":[{"href":"https:\/\/www.msd.cz\/cs\/wp-json\/wp\/v2\/media?parent=2315"}],"curies":[{"name":"wp","href":"https:\/\/api.w.org\/{rel}","templated":true}]}}