{"id":2304,"date":"2021-11-02T22:30:55","date_gmt":"2021-11-02T22:30:55","guid":{"rendered":"https:\/\/www.msd.cz\/cs\/?page_id=2304"},"modified":"2023-02-13T16:58:31","modified_gmt":"2023-02-13T16:58:31","slug":"manufacturing-it","status":"publish","type":"page","link":"https:\/\/www.msd.cz\/cs\/it\/manufacturing-it\/","title":{"rendered":"Digital Manufacturing"},"content":{"rendered":"<div id=\"mco-title-block-block_6181a2f9d2ac9\" \n\t class=\"mco-title-block mccberg-block has-background full negative\" \n\t style='background-image: url(https:\/\/www.msd.cz\/cs\/wp-content\/uploads\/sites\/62\/2021\/11\/it_header_pic_manufacturing-1.png?w=1600);'\t >\n\t<div class=\"wrapper\">\n\t\t<div class=\"mco-title-block-content\">\n\t\t\t\n\t\t\t<h2 class=\"mco-title-block-title\"> <\/h2>\n\n\t\t\t\t\t\t\t<p class=\"mco-title-block-description\"><div id=\"page-wrapper\" class=\"mrk-clearfix\">\n<div class=\"mrk-grid mrk-clearfix global-wrapper\">\n<div id=\"middle\">\n<div id=\"j_id_ta\" class=\"mrk-section mrk-clearfix \">\n<div class=\"SiteEditCP\">\n<section class=\"header it it-01 hide-on-med-and-down\" role=\"main\">\n<div class=\"container\">\n<div class=\"row\">\n<div class=\"col m7 s12\">\n<div id=\"page-wrapper\" class=\"mrk-clearfix\">\n<div class=\"mrk-grid mrk-clearfix global-wrapper\">\n<div id=\"middle\">\n<div id=\"j_id_ta\" class=\"mrk-section mrk-clearfix \">\n<div class=\"SiteEditCP\">\n<section class=\"header it it-01 hide-on-med-and-down\" role=\"main\">\n<div class=\"container\">\n<div class=\"row\">\n<div class=\"col m7 s12\">\n<h2 class=\"my-3\"><span style=\"color: #333333\">Digital Manufacturing<\/span><\/h2>\n<\/div>\n<\/div>\n<\/div>\n<\/section>\n<\/div>\n<\/div>\n<\/div>\n<\/div>\n<\/div>\n<div id=\"page-wrapper\" class=\"mrk-clearfix\">\n<div class=\"mrk-grid mrk-clearfix global-wrapper\">\n<div id=\"middle\">\n<div id=\"j_id_ta\" class=\"mrk-section mrk-clearfix \">\n<div class=\"SiteEditCP\">\n<section class=\"header it it-01 hide-on-med-and-down\" role=\"main\">\n<div class=\"container\">\n<div class=\"row\">\n<div class=\"col m7 s12\">\n<div id=\"page-wrapper\" class=\"mrk-clearfix\">\n<div class=\"mrk-grid mrk-clearfix global-wrapper\">\n<div id=\"middle\">\n<div id=\"j_id_ta\" class=\"mrk-section mrk-clearfix \">\n<div class=\"SiteEditCP\">\n<section class=\"header it it-01 hide-on-med-and-down\" role=\"main\">\n<div class=\"container\">\n<div class=\"row\">\n<div class=\"col m7 s12\">\n<div id=\"page-wrapper\" class=\"mrk-clearfix\">\n<div class=\"mrk-grid mrk-clearfix global-wrapper\">\n<div id=\"middle\">\n<div id=\"j_id_ta\" class=\"mrk-section mrk-clearfix \">\n<div class=\"SiteEditCP\">\n<section class=\"header it it-01 hide-on-med-and-down\" role=\"main\">\n<div class=\"container\">\n<div class=\"row\">\n<div class=\"col m7 s12\">\n<h3 class=\"mt-0 mb-3\"><span style=\"color: #008080\">Jak technologie m\u011bn\u00ed v\u00fdrobu<\/span><\/h3>\n<\/div>\n<\/div>\n<\/div>\n<\/section>\n<\/div>\n<\/div>\n<\/div>\n<\/div>\n<\/div>\n<\/div>\n<\/div>\n<\/div>\n<\/section>\n<\/div>\n<\/div>\n<\/div>\n<\/div>\n<\/div>\n<\/div>\n<\/div>\n<\/div>\n<\/section>\n<\/div>\n<\/div>\n<\/div>\n<\/div>\n<\/div>\n<\/div>\n<\/div>\n<\/div>\n<\/section>\n<\/div>\n<\/div>\n<\/div>\n<\/div>\n<\/div>\n<\/p>\n\t\t\t\t\t\t\n\t\t\t\t\t<\/div>\n\t<\/div>\n<\/div>\n\n\n<h4 class=\"wp-block-heading\">Identifikujeme, vyhodnocujeme a \u0159e\u0161\u00edme probl\u00e9my ve v\u00fdrobn\u00edm a dodavatelsk\u00e9m \u0159et\u011bzci pomoc\u00ed na\u0161ich technick\u00fdch znalost\u00ed. Zakl\u00e1d\u00e1me si na sv\u00e9 pozici p\u0159edn\u00edho dodavatele l\u00e9\u010div, vakc\u00edn, biologick\u00fdch p\u0159\u00edpravk\u016f a produkt\u016f pro zdrav\u00ed lid\u00ed a zv\u00ed\u0159at.<\/h4>\n\n\n\n<p>Na\u0161e v\u00fdrobn\u00ed IT divize \u00fazce spolupracuje s pobo\u010dkami MSD po cel\u00e9m sv\u011bt\u011b. Znalosti na\u0161ich obchodn\u00edch proces\u016f, dodavatelsk\u00e9ho \u0159et\u011bzce, automatizace a v\u00fdrobn\u00edch IT \u0159e\u0161en\u00ed vyu\u017e\u00edv\u00e1me k podpo\u0159e v\u00fdroby a distribuce l\u00e9\u010div. IT \u0159e\u0161en\u00ed, kter\u00e1 poskytujeme, hraj\u00ed kl\u00ed\u010dovou roli p\u0159i vzniku, ukl\u00e1d\u00e1n\u00ed, sd\u00edlen\u00ed a anal\u00fdze dat poskytovan\u00fdmi na\u0161imi v\u00fdrobn\u00edmi z\u00e1vody po cel\u00e9m sv\u011bt\u011b. Modernizujeme zdravotnick\u00e9 prost\u0159ed\u00ed a \u0159e\u0161\u00edme v\u011bdeck\u00e9 v\u00fdzvy za pomoci nejmodern\u011bj\u0161\u00edch technologi\u00ed a odborn\u00edk\u016f z na\u0161ich t\u00fdm\u016f.<\/p>\n\n\n\n<h2 class=\"wp-block-heading\">Jsme zapojeni do:<\/h2>\n\n\n\n<ul class=\"wp-block-list\"><li>Zav\u00e1d\u011bn\u00ed a aktualizace validovan\u00fdch v\u00fdrobn\u00edch syst\u00e9m\u016f<\/li><li>Tvorby analytick\u00fdch \u0159e\u0161en\u00ed pro podporu proces\u016f dod\u00e1vek<\/li><li>Vylep\u0161en\u00ed a konfigurace syst\u00e9m\u016f pl\u00e1nov\u00e1n\u00ed nab\u00eddky a popt\u00e1vky<\/li><li>Podpora proces\u016f \u0159\u00edzen\u00ed jakosti zav\u00e1d\u011bn\u00edm a udr\u017eov\u00e1n\u00edm IT \u0159e\u0161en\u00ed, jako jsou syst\u00e9my pro \u0159\u00edzen\u00ed laborato\u0159\u00ed, spr\u00e1vu dokument\u016f a standard\u016f integrity dat<\/li><li>Zv\u00fd\u0161en\u00ed pov\u011bdom\u00ed o v\u00fdrob\u011b, dodavatelsk\u00e9m \u0159et\u011bzci a kvalit\u011b pro podporu lep\u0161\u00ed informovanosti v rozhodov\u00e1n\u00ed<\/li><\/ul>\n\n\n\n<p><\/p>\n\n\n<div id=\"mco-title-block-block_63bbe6b383fff\" \n\t class=\"mco-title-block mccberg-block has-background full negative\" \n\t style='background-image: url(https:\/\/www.msd.cz\/cs\/wp-content\/uploads\/sites\/62\/2023\/01\/it-banner.png?w=1600);'\t >\n\t<div class=\"wrapper\">\n\t\t<div class=\"mco-title-block-content\">\n\t\t\t\n\t\t\t<h2 class=\"mco-title-block-title\">Chcete b\u00fdt \u010dlenem na\u0161eho t\u00fdmu?<\/h2>\n\n\t\t\t\t\t\t\t<p class=\"mco-title-block-description\"><p>Prozkoumejte mo\u017enosti.<\/p>\n<\/p>\n\t\t\t\t\t\t\n\t\t\t \n\t\t\t\t<div class=\"mco-title-block-cta-container\">\n\n\t\t\t\t\t\t\t\t\t\t\t<a\n                            class=\"btn mco-title-block-cta-btn\"\n                            href=\"https:\/\/jobs.msd.com\/gb\/en\"\n                            title=\"P\u0159ipojte se k n\u00e1m\"\n                            target=\"_self\"\n                                                    >P\u0159ipojte se k n\u00e1m<\/a>\n\t\t\t\t\t\n\t\t\t\t\t\t\t\t\t\t\n\t\t\t\t<\/div>\n\t\t\t\t\t<\/div>\n\t<\/div>\n<\/div>","protected":false},"excerpt":{"rendered":"<p>Identifikujeme, vyhodnocujeme a \u0159e\u0161\u00edme probl\u00e9my ve v\u00fdrobn\u00edm a dodavatelsk\u00e9m \u0159et\u011bzci pomoc\u00ed na\u0161ich technick\u00fdch znalost\u00ed. Zakl\u00e1d\u00e1me si na sv\u00e9 pozici p\u0159edn\u00edho dodavatele l\u00e9\u010div, vakc\u00edn, biologick\u00fdch p\u0159\u00edpravk\u016f a produkt\u016f pro zdrav\u00ed lid\u00ed a zv\u00ed\u0159at. Na\u0161e v\u00fdrobn\u00ed IT divize \u00fazce spolupracuje s pobo\u010dkami MSD po cel\u00e9m sv\u011bt\u011b. Znalosti na\u0161ich obchodn\u00edch proces\u016f, dodavatelsk\u00e9ho \u0159et\u011bzce, automatizace a v\u00fdrobn\u00edch IT \u0159e\u0161en\u00ed [&hellip;]<\/p>\n","protected":false},"author":545,"featured_media":0,"parent":1755,"menu_order":0,"comment_status":"closed","ping_status":"closed","template":"","meta":{"_acf_changed":false,"bdl_company_name":[],"bdl_item_external_link":[],"editor_notices":[],"footnotes":""},"class_list":["post-2304","page","type-page","status-publish","hentry"],"yoast_head":"<!-- This site is optimized with the Yoast SEO plugin v21.9.1 - https:\/\/yoast.com\/wordpress\/plugins\/seo\/ -->\n<title>Digital Manufacturing - MSD \u010cesk\u00e1 republika<\/title>\n<meta name=\"robots\" content=\"index, follow, max-snippet:-1, max-image-preview:large, max-video-preview:-1\" \/>\n<link rel=\"canonical\" href=\"https:\/\/www.msd.cz\/cs\/it\/manufacturing-it\/\" \/>\n<meta property=\"og:locale\" content=\"en_US\" \/>\n<meta property=\"og:type\" content=\"article\" \/>\n<meta property=\"og:title\" content=\"Digital Manufacturing - MSD \u010cesk\u00e1 republika\" \/>\n<meta property=\"og:description\" content=\"Identifikujeme, vyhodnocujeme a \u0159e\u0161\u00edme probl\u00e9my ve v\u00fdrobn\u00edm a dodavatelsk\u00e9m \u0159et\u011bzci pomoc\u00ed na\u0161ich technick\u00fdch znalost\u00ed. Zakl\u00e1d\u00e1me si na sv\u00e9 pozici p\u0159edn\u00edho dodavatele l\u00e9\u010div, vakc\u00edn, biologick\u00fdch p\u0159\u00edpravk\u016f a produkt\u016f pro zdrav\u00ed lid\u00ed a zv\u00ed\u0159at. Na\u0161e v\u00fdrobn\u00ed IT divize \u00fazce spolupracuje s pobo\u010dkami MSD po cel\u00e9m sv\u011bt\u011b. Znalosti na\u0161ich obchodn\u00edch proces\u016f, dodavatelsk\u00e9ho \u0159et\u011bzce, automatizace a v\u00fdrobn\u00edch IT \u0159e\u0161en\u00ed [&hellip;]\" \/>\n<meta property=\"og:url\" content=\"https:\/\/www.msd.cz\/cs\/it\/manufacturing-it\/\" \/>\n<meta property=\"og:site_name\" content=\"MSD \u010cesk\u00e1 republika\" \/>\n<meta property=\"article:publisher\" content=\"https:\/\/www.facebook.com\/MSDInvents\/\" \/>\n<meta property=\"article:modified_time\" content=\"2023-02-13T16:58:31+00:00\" \/>\n<meta property=\"og:image\" content=\"https:\/\/www.msd.cz\/cs\/wp-content\/uploads\/sites\/62\/2020\/10\/MSD.png\" \/>\n\t<meta property=\"og:image:width\" content=\"2536\" \/>\n\t<meta property=\"og:image:height\" content=\"1382\" \/>\n\t<meta property=\"og:image:type\" content=\"image\/png\" \/>\n<meta name=\"twitter:card\" content=\"summary_large_image\" \/>\n<meta name=\"twitter:site\" content=\"@MSDczech\" \/>\n<meta name=\"twitter:label1\" content=\"Est. reading time\" \/>\n\t<meta name=\"twitter:data1\" content=\"1 minute\" \/>\n<script type=\"application\/ld+json\" class=\"yoast-schema-graph\">{\"@context\":\"https:\/\/schema.org\",\"@graph\":[{\"@type\":\"WebPage\",\"@id\":\"https:\/\/www.msd.cz\/cs\/it\/manufacturing-it\/\",\"url\":\"https:\/\/www.msd.cz\/cs\/it\/manufacturing-it\/\",\"name\":\"Digital Manufacturing - MSD \u010cesk\u00e1 republika\",\"isPartOf\":{\"@id\":\"https:\/\/www.msd.cz\/cs\/#website\"},\"datePublished\":\"2021-11-02T22:30:55+00:00\",\"dateModified\":\"2023-02-13T16:58:31+00:00\",\"breadcrumb\":{\"@id\":\"https:\/\/www.msd.cz\/cs\/it\/manufacturing-it\/#breadcrumb\"},\"inLanguage\":\"en-US\",\"potentialAction\":[{\"@type\":\"ReadAction\",\"target\":[\"https:\/\/www.msd.cz\/cs\/it\/manufacturing-it\/\"]}]},{\"@type\":\"BreadcrumbList\",\"@id\":\"https:\/\/www.msd.cz\/cs\/it\/manufacturing-it\/#breadcrumb\",\"itemListElement\":[{\"@type\":\"ListItem\",\"position\":1,\"name\":\"IT\",\"item\":\"https:\/\/www.msd.cz\/cs\/it\/\"},{\"@type\":\"ListItem\",\"position\":2,\"name\":\"Digital Manufacturing\"}]},{\"@type\":\"WebSite\",\"@id\":\"https:\/\/www.msd.cz\/cs\/#website\",\"url\":\"https:\/\/www.msd.cz\/cs\/\",\"name\":\"MSD \u010cesk\u00e1 republika\",\"description\":\"Just another vip2-msd.com site\",\"publisher\":{\"@id\":\"https:\/\/www.msd.cz\/cs\/#organization\"},\"potentialAction\":[{\"@type\":\"SearchAction\",\"target\":{\"@type\":\"EntryPoint\",\"urlTemplate\":\"https:\/\/www.msd.cz\/cs\/?s={search_term_string}\"},\"query-input\":\"required name=search_term_string\"}],\"inLanguage\":\"en-US\"},{\"@type\":\"Organization\",\"@id\":\"https:\/\/www.msd.cz\/cs\/#organization\",\"name\":\"MSD Czech Republic\",\"url\":\"https:\/\/www.msd.cz\/cs\/\",\"logo\":{\"@type\":\"ImageObject\",\"inLanguage\":\"en-US\",\"@id\":\"https:\/\/www.msd.cz\/cs\/#\/schema\/logo\/image\/\",\"url\":\"https:\/\/www.msd.cz\/cs\/wp-content\/uploads\/sites\/62\/2020\/10\/MSD.png\",\"contentUrl\":\"https:\/\/www.msd.cz\/cs\/wp-content\/uploads\/sites\/62\/2020\/10\/MSD.png\",\"width\":2536,\"height\":1382,\"caption\":\"MSD Czech Republic\"},\"image\":{\"@id\":\"https:\/\/www.msd.cz\/cs\/#\/schema\/logo\/image\/\"},\"sameAs\":[\"https:\/\/www.facebook.com\/MSDInvents\/\",\"https:\/\/twitter.com\/MSDczech\",\"https:\/\/www.instagram.com\/msdinvents\/\",\"https:\/\/www.linkedin.com\/company\/msdczech\/\",\"https:\/\/www.youtube.com\/channel\/UCzw0K-BF3OzlQVYn6BGHQQw\"]}]}<\/script>\n<!-- \/ Yoast SEO plugin. -->","yoast_head_json":{"title":"Digital Manufacturing - MSD \u010cesk\u00e1 republika","robots":{"index":"index","follow":"follow","max-snippet":"max-snippet:-1","max-image-preview":"max-image-preview:large","max-video-preview":"max-video-preview:-1"},"canonical":"https:\/\/www.msd.cz\/cs\/it\/manufacturing-it\/","og_locale":"en_US","og_type":"article","og_title":"Digital Manufacturing - MSD \u010cesk\u00e1 republika","og_description":"Identifikujeme, vyhodnocujeme a \u0159e\u0161\u00edme probl\u00e9my ve v\u00fdrobn\u00edm a dodavatelsk\u00e9m \u0159et\u011bzci pomoc\u00ed na\u0161ich technick\u00fdch znalost\u00ed. Zakl\u00e1d\u00e1me si na sv\u00e9 pozici p\u0159edn\u00edho dodavatele l\u00e9\u010div, vakc\u00edn, biologick\u00fdch p\u0159\u00edpravk\u016f a produkt\u016f pro zdrav\u00ed lid\u00ed a zv\u00ed\u0159at. Na\u0161e v\u00fdrobn\u00ed IT divize \u00fazce spolupracuje s pobo\u010dkami MSD po cel\u00e9m sv\u011bt\u011b. Znalosti na\u0161ich obchodn\u00edch proces\u016f, dodavatelsk\u00e9ho \u0159et\u011bzce, automatizace a v\u00fdrobn\u00edch IT \u0159e\u0161en\u00ed [&hellip;]","og_url":"https:\/\/www.msd.cz\/cs\/it\/manufacturing-it\/","og_site_name":"MSD \u010cesk\u00e1 republika","article_publisher":"https:\/\/www.facebook.com\/MSDInvents\/","article_modified_time":"2023-02-13T16:58:31+00:00","og_image":[{"width":2536,"height":1382,"url":"https:\/\/www.msd.cz\/cs\/wp-content\/uploads\/sites\/62\/2020\/10\/MSD.png","type":"image\/png"}],"twitter_card":"summary_large_image","twitter_site":"@MSDczech","twitter_misc":{"Est. reading time":"1 minute"},"schema":{"@context":"https:\/\/schema.org","@graph":[{"@type":"WebPage","@id":"https:\/\/www.msd.cz\/cs\/it\/manufacturing-it\/","url":"https:\/\/www.msd.cz\/cs\/it\/manufacturing-it\/","name":"Digital Manufacturing - MSD \u010cesk\u00e1 republika","isPartOf":{"@id":"https:\/\/www.msd.cz\/cs\/#website"},"datePublished":"2021-11-02T22:30:55+00:00","dateModified":"2023-02-13T16:58:31+00:00","breadcrumb":{"@id":"https:\/\/www.msd.cz\/cs\/it\/manufacturing-it\/#breadcrumb"},"inLanguage":"en-US","potentialAction":[{"@type":"ReadAction","target":["https:\/\/www.msd.cz\/cs\/it\/manufacturing-it\/"]}]},{"@type":"BreadcrumbList","@id":"https:\/\/www.msd.cz\/cs\/it\/manufacturing-it\/#breadcrumb","itemListElement":[{"@type":"ListItem","position":1,"name":"IT","item":"https:\/\/www.msd.cz\/cs\/it\/"},{"@type":"ListItem","position":2,"name":"Digital Manufacturing"}]},{"@type":"WebSite","@id":"https:\/\/www.msd.cz\/cs\/#website","url":"https:\/\/www.msd.cz\/cs\/","name":"MSD \u010cesk\u00e1 republika","description":"Just another vip2-msd.com site","publisher":{"@id":"https:\/\/www.msd.cz\/cs\/#organization"},"potentialAction":[{"@type":"SearchAction","target":{"@type":"EntryPoint","urlTemplate":"https:\/\/www.msd.cz\/cs\/?s={search_term_string}"},"query-input":"required name=search_term_string"}],"inLanguage":"en-US"},{"@type":"Organization","@id":"https:\/\/www.msd.cz\/cs\/#organization","name":"MSD Czech Republic","url":"https:\/\/www.msd.cz\/cs\/","logo":{"@type":"ImageObject","inLanguage":"en-US","@id":"https:\/\/www.msd.cz\/cs\/#\/schema\/logo\/image\/","url":"https:\/\/www.msd.cz\/cs\/wp-content\/uploads\/sites\/62\/2020\/10\/MSD.png","contentUrl":"https:\/\/www.msd.cz\/cs\/wp-content\/uploads\/sites\/62\/2020\/10\/MSD.png","width":2536,"height":1382,"caption":"MSD Czech Republic"},"image":{"@id":"https:\/\/www.msd.cz\/cs\/#\/schema\/logo\/image\/"},"sameAs":["https:\/\/www.facebook.com\/MSDInvents\/","https:\/\/twitter.com\/MSDczech","https:\/\/www.instagram.com\/msdinvents\/","https:\/\/www.linkedin.com\/company\/msdczech\/","https:\/\/www.youtube.com\/channel\/UCzw0K-BF3OzlQVYn6BGHQQw"]}]}},"acf":[],"_links":{"self":[{"href":"https:\/\/www.msd.cz\/cs\/wp-json\/wp\/v2\/pages\/2304","targetHints":{"allow":["GET"]}}],"collection":[{"href":"https:\/\/www.msd.cz\/cs\/wp-json\/wp\/v2\/pages"}],"about":[{"href":"https:\/\/www.msd.cz\/cs\/wp-json\/wp\/v2\/types\/page"}],"author":[{"embeddable":true,"href":"https:\/\/www.msd.cz\/cs\/wp-json\/wp\/v2\/users\/545"}],"replies":[{"embeddable":true,"href":"https:\/\/www.msd.cz\/cs\/wp-json\/wp\/v2\/comments?post=2304"}],"version-history":[{"count":12,"href":"https:\/\/www.msd.cz\/cs\/wp-json\/wp\/v2\/pages\/2304\/revisions"}],"predecessor-version":[{"id":4427,"href":"https:\/\/www.msd.cz\/cs\/wp-json\/wp\/v2\/pages\/2304\/revisions\/4427"}],"up":[{"embeddable":true,"href":"https:\/\/www.msd.cz\/cs\/wp-json\/wp\/v2\/pages\/1755"}],"wp:attachment":[{"href":"https:\/\/www.msd.cz\/cs\/wp-json\/wp\/v2\/media?parent=2304"}],"curies":[{"name":"wp","href":"https:\/\/api.w.org\/{rel}","templated":true}]}}