{"id":2057,"date":"2021-10-26T18:56:05","date_gmt":"2021-10-26T18:56:05","guid":{"rendered":"https:\/\/www.msd.cz\/cs\/?page_id=2057"},"modified":"2025-06-29T18:56:00","modified_gmt":"2025-06-29T18:56:00","slug":"transparentni-spoluprace","status":"publish","type":"page","link":"https:\/\/www.msd.cz\/cs\/lidske-zdravi\/transparentni-spoluprace\/","title":{"rendered":"Transparentn\u00ed spolupr\u00e1ce"},"content":{"rendered":"<div id=\"mco-title-block-block_6689fbbbf06aa39fd8cfba5fef12fa0d\" \n\t class=\"mco-title-block mccberg-block has-background full negative\" \n\t style='background-image: url(https:\/\/www.msd.cz\/cs\/wp-content\/uploads\/sites\/62\/2021\/10\/patients-05-p1-header-dark-1920x900-1.jpg?w=1600);'\t >\n\t<div class=\"wrapper\">\n\t\t<div class=\"mco-title-block-content\">\n\t\t\t\n\t\t\t<h2 class=\"mco-title-block-title\">AIFP Transparentn\u00ed spolupr\u00e1ce<\/h2>\n\n\t\t\t\t\t\t\t<p class=\"mco-title-block-description\"><h4>Transparentnost je pro n\u00e1s kritick\u00e1. V\u010dasn\u00e9 zve\u0159ejn\u011bn\u00ed \u010destn\u00fdch, \u00fapln\u00fdch a p\u0159esn\u00fdch informac\u00ed umo\u017e\u0148uje z\u00fa\u010dastn\u011bn\u00fdm stran\u00e1m \u010dinit informovan\u00e1 rozhodnut\u00ed o na\u0161\u00ed spole\u010dnosti a na\u0161ich produktech.<\/h4>\n<\/p>\n\t\t\t\t\t\t\n\t\t\t\t\t<\/div>\n\t<\/div>\n<\/div>\n\n\n<p>V souladu se z\u00e1kony a p\u0159edpisy na podporu transparentnosti a zabr\u00e1n\u011bn\u00ed jak\u00fdmkoli skute\u010dn\u00fdm nebo domn\u011bl\u00fdm st\u0159et\u016fm z\u00e1jm\u016f ct\u00edme v na\u0161\u00ed spole\u010dnosti&nbsp;z\u00e1vazek zve\u0159ej\u0148ovat pln\u011bn\u00ed zdravotnick\u00fdm pracovn\u00edk\u016fm a zdravotnick\u00fdm organizac\u00edm.<\/p>\n\n\n\n<p>Jako \u010dlen Asociace inovativn\u00edho farmaceutick\u00e9ho pr\u016fmyslu (AIFP) zve\u0159ej\u0148ujeme na\u00a0 str\u00e1nk\u00e1ch AIFP\u00a0<a href=\"https:\/\/www.transparentnispoluprace.cz\/\" target=\"_blank\" rel=\"noreferrer noopener\">(www.transparentnispoluprace.cz)<\/a>\u00a0ka\u017edoro\u010dn\u00ed p\u0159\u00edm\u00e9 a nep\u0159\u00edm\u00e9 platby zdravotnick\u00fdm pracovn\u00edk\u016fm a zdravotnick\u00fdm organizac\u00edm nebo jin\u00e1 pln\u011bn\u00ed v\u00a0jejich prosp\u011bch. V\u00a0\u010cesk\u00e9 Republice je tato povinnost roz\u0161\u00ed\u0159ena o povinnost zve\u0159ej\u0148ov\u00e1n\u00ed hodnot profesion\u00e1ln\u00edm organiz\u00e1tor\u016fm kongres\u016f.<\/p>\n\n\n\n<p>Prohl\u00e1\u0161en\u00ed o metodice definuje typy&nbsp;plateb, kter\u00e9&nbsp;jsou&nbsp;zve\u0159ejn\u011bny&nbsp;a&nbsp;kter\u00e9 jsou vylou\u010deny. D\u00e1le tam jsou i&nbsp;dal\u0161\u00ed relevantn\u00ed informace, je\u017e&nbsp;\u010dten\u00e1\u0159i pomohou pochopit, jak MSD shroma\u017e\u010fuje&nbsp;a vykazuje&nbsp;zve\u0159ejn\u011bn\u00e9 \u00fadaje.<\/p>\n\n\n\n<div class=\"wp-block-columns is-layout-flex wp-container-core-columns-is-layout-9d6595d7 wp-block-columns-is-layout-flex\">\n<div class=\"wp-block-column is-layout-flow wp-block-column-is-layout-flow\">\n<h2 class=\"wp-block-heading\">Prohl\u00e1\u0161en\u00ed o metodice<\/h2>\n\n\n\n<div class=\"wp-block-file\"><a id=\"wp-block-file--media-ebe2f790-4645-4bb0-a998-2e93d06157ab\" href=\"https:\/\/www.msd.cz\/cs\/wp-content\/uploads\/sites\/62\/2025\/06\/Prohlaseni-o-metodice-MSD-2024.pdf\">Prohla\u0301s\u030ceni\u0301 o metodice MSD 2024<\/a><a href=\"https:\/\/www.msd.cz\/cs\/wp-content\/uploads\/sites\/62\/2025\/06\/Prohlaseni-o-metodice-MSD-2024.pdf\" class=\"wp-block-file__button wp-element-button\" download aria-describedby=\"wp-block-file--media-ebe2f790-4645-4bb0-a998-2e93d06157ab\">Download<\/a><\/div>\n\n\n\n<div class=\"wp-block-file\"><a id=\"wp-block-file--media-d5736885-6344-46b0-8d46-53d85c805917\" href=\"https:\/\/www.msd.cz\/cs\/wp-content\/uploads\/sites\/62\/2024\/06\/Prohlaseni-o-metodice-MSD-2023-1.pdf\">Prohl\u00e1\u0161en\u00ed o metodice MSD 2023<\/a><a href=\"https:\/\/www.msd.cz\/cs\/wp-content\/uploads\/sites\/62\/2024\/06\/Prohlaseni-o-metodice-MSD-2023-1.pdf\" class=\"wp-block-file__button wp-element-button\" download aria-describedby=\"wp-block-file--media-d5736885-6344-46b0-8d46-53d85c805917\">Download<\/a><\/div>\n\n\n\n<div class=\"wp-block-file\"><a id=\"wp-block-file--media-ade55309-26fb-4ae0-919c-3605e19d1898\" href=\"https:\/\/www.msd.cz\/cs\/wp-content\/uploads\/sites\/62\/2023\/06\/MSD-Methodology-Statement-2022.pdf\">Prohla\u0301s\u030ceni\u0301 o metodice MSD 2022<\/a><a href=\"https:\/\/www.msd.cz\/cs\/wp-content\/uploads\/sites\/62\/2023\/06\/MSD-Methodology-Statement-2022.pdf\" class=\"wp-block-file__button wp-element-button\" download aria-describedby=\"wp-block-file--media-ade55309-26fb-4ae0-919c-3605e19d1898\">Download<\/a><\/div>\n<\/div>\n\n\n\n<div class=\"wp-block-column is-layout-flow wp-block-column-is-layout-flow\">\n<h2 class=\"wp-block-heading\"><\/h2>\n\n\n\n<figure class=\"wp-block-image size-large\"><img loading=\"lazy\" decoding=\"async\" width=\"1000\" height=\"370\" src=\"https:\/\/www.msd.cz\/cs\/wp-content\/uploads\/sites\/62\/2021\/10\/patients-05-p2-logo-1000x370-1.png?w=1000\" alt=\"\" class=\"wp-image-2070\"\/><\/figure>\n<\/div>\n<\/div>\n\n\n\n<h2 class=\"wp-block-heading\">Spolupr\u00e1ce s pacientsk\u00fdmi organizacemi<\/h2>\n\n\n\n<p>Pacientsk\u00e9 organizace tvo\u0159\u00ed d\u016fle\u017eitou sou\u010d\u00e1st zdravotnick\u00e9ho syst\u00e9mu, poskytuj\u00ed v\u00fdznamnou podporu pacient\u016fm a maj\u00ed rostouc\u00ed vliv na organizaci, kvalitu a dostupnost zdravotnick\u00e9 p\u00e9\u010de. MSD si v\u00e1\u017e\u00ed pr\u00e1ce pacientsk\u00fdch organizac\u00ed a z\u00e1le\u017e\u00ed n\u00e1m na jejich rozvoji a \u00fasp\u011b\u0161n\u00e9m fungov\u00e1n\u00ed. Proto \u010dinnost vybrann\u00fdch organizac\u00ed pravideln\u011b podporujeme finan\u010dn\u011b nebo sv\u00fdmi znalostmi a zku\u0161enostmi. Na\u0161\u00ed spolupr\u00e1ci stav\u00edme na spole\u010dn\u00fdch c\u00edlech a hodnot\u00e1ch, vz\u00e1jemn\u00e9 d\u016fv\u011b\u0159e a respektu. V\u017edy chr\u00e1n\u00edme nez\u00e1vislost na\u0161ich partner\u016f a db\u00e1me na transparentnost cel\u00e9ho procesu. Spolupr\u00e1ce s pacientsk\u00fdmi organizacemi n\u00e1m p\u0159in\u00e1\u0161\u00ed cenn\u00e9 informace o zku\u0161enostech a pot\u0159eb\u00e1ch pacient\u016f v r\u016fzn\u00fdch terapeutick\u00fdch oblastech, kter\u00e9 vyu\u017e\u00edv\u00e1me v na\u0161\u00ed ka\u017edodenn\u00ed pr\u00e1ci.<\/p>\n\n\n\n<figure class=\"wp-block-table is-style-stripes\"><table><tbody><tr><td>N\u00e1zev organizace<\/td><td>Rok spolupr\u00e1ce<\/td><td>Druh a \u00fa\u010del spolupr\u00e1ce<\/td><td>\u010c\u00e1stka K\u010d<\/td><\/tr><tr><td>\u010cesk\u00e1 spole\u010dnost AIDS pomoc <\/td><td>2024<\/td><td>P\u0159\u00edsp\u011bvek na osv\u011btu pro rizikov\u00e9 skupiny a ve \u0161kol\u00e1ch<\/td><td>325 000<\/td><\/tr><tr><td>\u010cesk\u00fd ob\u010dansk\u00fd spolek proti plicn\u00edm nemocem<\/td><td>2024<\/td><td>P\u0159\u00edsp\u011bvek na osv\u011btov\u00e9 aktivity<\/td><td>40 000<\/td><\/tr><tr><td>Dialog Jessenius<\/td><td>2024<\/td><td>P\u0159\u00edsp\u011bvek na osv\u011btu v regionech a projekt cesty pacienta s rakovinou plic<\/td><td>550 000<\/td><\/tr><tr><td>Hlas onkologick\u00fdch pacient\u016f<\/td><td>2024<\/td><td>P\u0159\u00edsp\u011bvek na projekt cest onkologick\u00e9ho pacienta zdr. syst\u00e9mem a osv\u011btov\u00e9 aktivity<\/td><td>194 000<\/td><\/tr><tr><td>N\u00e1rodn\u00ed asociace pacientsk\u00fdch organizac\u00ed <\/td><td>2024<\/td><td>P\u0159\u00edsp\u011bvek na osv\u011btovou kampa\u0148 pro uprchl\u00edky z Ukrajiny<\/td><td>835 780<\/td><\/tr><tr><td>N\u00e1rodn\u00ed asociace pacientsk\u00fdch organizac\u00ed <\/td><td>2024<\/td><td>P\u0159\u00edsp\u011bvek na F\u00f3rum pacient\u016f 2024<\/td><td>50 000<\/td><\/tr><tr><td>Onko Unie<\/td><td>2024<\/td><td>P\u0159\u00edsp\u011bvek na projekt ENGAGe Teens a na GO Day<\/td><td>120 000<\/td><\/tr><tr><td>Sdru\u017een\u00ed pacient\u016f s plicn\u00ed hypertenz\u00ed<\/td><td>2024<\/td><td>P\u0159\u00edsp\u011bvek na osv\u011btov\u00e9 aktivity<\/td><td>30 000<\/td><\/tr><tr><td>Veronica<\/td><td>2024<\/td><td>P\u0159\u00edsp\u011bvek na pr\u016fvodce pro pacienty<\/td><td>80 000<\/td><\/tr><tr><td>Am\u00e9lie, z.s.<\/td><td>2023<\/td><td>P\u0159\u00edsp\u011bvek na podporu rozvoje psychosoci\u00e1ln\u00ed podpory onkologick\u00fdch pacient\u016f a jejich p\u0159\u00edbuzn\u00fdch<\/td><td>99 000<\/td><\/tr><tr><td>\u010cesk\u00e1 spole\u010dnost AIDS pomoc<\/td><td>2023<\/td><td>P\u0159\u00edsp\u011bvek na vznik vzd\u011bl\u00e1vac\u00edch materi\u00e1l\u016f<\/td><td>157 000<\/td><\/tr><tr><td>\u010cesk\u00fd ob\u010dansk\u00fd spolek proti plicn\u00edm nemocem<\/td><td>2023<\/td><td>P\u0159\u00edsp\u011bvek na osv\u011btov\u00e9 aktivity<\/td><td>40 000<\/td><\/tr><tr><td>Hlas onkologick\u00fdch pacient\u016f, z.s.<\/td><td>2023<\/td><td>P\u0159\u00edsp\u011bvek na projekt Cesta onkologick\u00e9ho pacienty zdr. syst\u00e9mem a na organizaci Survivorship Day 2.6.<\/td><td>100 000<\/td><\/tr><tr><td>N\u00e1rodn\u00ed asociace pacientsk\u00fdch organizac\u00ed<\/td><td>2023<\/td><td>P\u0159\u00edsp\u011bvek na zlep\u0161en\u00ed p\u0159\u00edstupu ukrajinsk\u00fdch uprchl\u00edk\u016f ke zdravotn\u00ed p\u00e9\u010di v \u010cR<\/td><td>239 250<\/td><\/tr><tr><td>Onko Unie, o.p.s.<\/td><td>2023<\/td><td>P\u0159\u00edsp\u011bvek na projekt ENGAGe Teens (osv\u011bta HPV)<\/td><td>56 000<\/td><\/tr><tr><td>Pacienti IBD, z.s.<\/td><td>2023<\/td><td>P\u0159\u00edsp\u011bvek na v\u00fdro\u010dn\u00ed konferenci<\/td><td>50 000<\/td><\/tr><tr><td>Veronica, z.\u00fa.<\/td><td>2023<\/td><td>P\u0159\u00edsp\u011bvek na osv\u011btovou akci pro ve\u0159ejnost HPV GO!<\/td><td>150 000<\/td><\/tr><tr><td>Aliance \u017een s rakovinou prsu, o.p.s.<\/td><td>2022<\/td><td>P\u0159\u00edsp\u011bvek na vznik videopr\u016fvodce pro \u017eeny s rakovinou prsu<\/td><td>100 000<\/td><\/tr><tr><td>Aliance \u017een s rakovinou prsu, o.p.s.<\/td><td>2022<\/td><td>P\u0159\u00edsp\u011bvek na podporu p\u00e9\u010de o ukrajinsk\u00e9 uprchl\u00edky v \u010cR<\/td><td>180 000<\/td><\/tr><tr><td>Amelie, z.s<\/td><td>2022<\/td><td>Podpora rozvoje psychosoci\u00e1ln\u00ed podpory, informovanosti na cest\u011b pacienta od l\u00e9\u010dby zp\u011bt do b\u011b\u017en\u00e9ho \u017eivota<\/td><td>100 000<\/td><\/tr><tr><td>\u010cesk\u00fd ob\u010dansk\u00fd spolek proti plicn\u00edm nemocem (\u010cOPN)<\/td><td>2022<\/td><td>Podpora programu v\u010dasn\u00e9ho z\u00e1chytu karcinomu plic<\/td><td>100 000<\/td><\/tr><tr><td>Hlas onkologick\u00fdch pacient\u016f, z.s<\/td><td>2022<\/td><td>Podpora osv\u011bty o n\u00e1dorov\u00fdch onemocn\u011bn\u00edch a pot\u0159eb\u00e1ch pacient\u016f mezi laickou i odbornou ve\u0159ejnost\u00ed<\/td><td>100 000<\/td><\/tr><tr><td>Veronica z.\u00fa.<\/td><td>2022<\/td><td>Podpora osv\u011btov\u00e9 akce pro ve\u0159ejnost HPV GO!<\/td><td>90 000<\/td><\/tr><tr><td>Veronica z.\u00fa.<\/td><td>2021<\/td><td>podpora osv\u011btov\u00e9 akce pro ve\u0159ejnost HPV GO!<\/td><td>70 000<\/td><\/tr><tr><td>Loono, z.s.<\/td><td>2021<\/td><td>podpora osv\u011btov\u00e9 kampan\u011b prsakoule 2021<\/td><td>200 000<\/td><\/tr><tr><td>\u010cesk\u00fd ob\u010dansk\u00fd spolek proti plicn\u00edm nemocem (\u010cOPN)<\/td><td>2021<\/td><td>sponzorov\u00e1n\u00ed str\u00e1nek copn.cz<\/td><td>40 000<\/td><\/tr><tr><td>Sdru\u017een\u00ed pacient\u016f s plicn\u00ed hypertenz\u00ed z.s.<\/td><td>2020<\/td><td>Slu\u017eby PR agentury za \u00fa\u010delem medializace Mezin\u00e1rodn\u00edho dne plicn\u00ed hypertenza<\/td><td>\/<\/td><\/tr><tr><td>Veronica z.\u00fa.<\/td><td>2020<\/td><td>V\u00fdroba informa\u010dn\u00edch bro\u017eur<\/td><td>30 000<\/td><\/tr><tr><td>Hlas pacient\u016f z.\u00fa.<\/td><td>2020<\/td><td>Dlouhodob\u00e1 podpora vzniku n\u00e1rodn\u00edho onkologick\u00e9ho pl\u00e1nu<\/td><td>250 000<\/td><\/tr><\/tbody><\/table><\/figure>\n\n\n\n<h3 class=\"wp-block-heading\">Prohl\u00e1\u0161en\u00ed o metodice spolupr\u00e1ce s pacientsk\u00fdmi organizacemi<\/h3>\n\n\n\n<div class=\"wp-block-file\"><a id=\"wp-block-file--media-71852219-33eb-43f5-baf5-0d11ac3980cc\" href=\"https:\/\/www.msd.cz\/cs\/wp-content\/uploads\/sites\/62\/2025\/06\/Prohlaseni-o-metodice-spoluprace-s-pacientskymi-organizacemi-MSD-2024-1.pdf\">Prohlaseni o metodice spoluprace s pacientskymi organizacemi MSD 2024<\/a><a href=\"https:\/\/www.msd.cz\/cs\/wp-content\/uploads\/sites\/62\/2025\/06\/Prohlaseni-o-metodice-spoluprace-s-pacientskymi-organizacemi-MSD-2024-1.pdf\" class=\"wp-block-file__button wp-element-button\" download aria-describedby=\"wp-block-file--media-71852219-33eb-43f5-baf5-0d11ac3980cc\">Download<\/a><\/div>\n\n\n\n<div class=\"wp-block-file\"><a id=\"wp-block-file--media-d0483ff7-d21e-4b6d-8baa-e9f581dadd05\" href=\"https:\/\/www.msd.cz\/cs\/wp-content\/uploads\/sites\/62\/2024\/07\/Prohlaseni-o-metodice-spoluprace-s-pacientskymi-organizacemi-MSD-2023.pdf\">Prohlaseni o metodice spoluprace s pacientskymi organizacemi MSD 2023<\/a><a href=\"https:\/\/www.msd.cz\/cs\/wp-content\/uploads\/sites\/62\/2024\/07\/Prohlaseni-o-metodice-spoluprace-s-pacientskymi-organizacemi-MSD-2023.pdf\" class=\"wp-block-file__button wp-element-button\" download aria-describedby=\"wp-block-file--media-d0483ff7-d21e-4b6d-8baa-e9f581dadd05\">Download<\/a><\/div>\n\n\n\n<div class=\"wp-block-file\"><a id=\"wp-block-file--media-4d00519a-eef3-47d9-85b0-98b9eb7aa227\" href=\"https:\/\/www.msd.cz\/cs\/wp-content\/uploads\/sites\/62\/2023\/06\/Prohla\u0301s\u030ceni\u0301-o-metodice-spolupra\u0301ce-s-pacientsky\u0301mi-organizacemi-MSD-2022.pdf\">Prohl\u00e1\u0161en\u00ed o metodice spolupr\u00e1ce s&nbsp;pacientsk\u00fdmi organizacemi MSD 2022<\/a><a href=\"https:\/\/www.msd.cz\/cs\/wp-content\/uploads\/sites\/62\/2023\/06\/Prohla\u0301s\u030ceni\u0301-o-metodice-spolupra\u0301ce-s-pacientsky\u0301mi-organizacemi-MSD-2022.pdf\" class=\"wp-block-file__button wp-element-button\" download aria-describedby=\"wp-block-file--media-4d00519a-eef3-47d9-85b0-98b9eb7aa227\">Download<\/a><\/div>\n\n\n\n<div class=\"wp-block-file\"><a id=\"wp-block-file--media-784a83cf-9d25-4c18-af8f-9f6e51e1be83\" href=\"https:\/\/www.msd.cz\/cs\/wp-content\/uploads\/sites\/62\/2025\/06\/Methodology-Statement-2024-\u2013-Patient-Organizations.pdf\">Methodology Statement 2024 \u2013 Patient Organizations<\/a><a href=\"https:\/\/www.msd.cz\/cs\/wp-content\/uploads\/sites\/62\/2025\/06\/Methodology-Statement-2024-\u2013-Patient-Organizations.pdf\" class=\"wp-block-file__button wp-element-button\" download aria-describedby=\"wp-block-file--media-784a83cf-9d25-4c18-af8f-9f6e51e1be83\">Download<\/a><\/div>\n\n\n\n<div class=\"wp-block-file\"><a id=\"wp-block-file--media-d9b70f38-a7f7-449e-a501-576469910d1e\" href=\"https:\/\/www.msd.cz\/cs\/wp-content\/uploads\/sites\/62\/2024\/07\/Methodology-Statement-2023-Patient-Organizations.pdf\">Methodology Statement 2023 &#8211; Patient Organizations<\/a><a href=\"https:\/\/www.msd.cz\/cs\/wp-content\/uploads\/sites\/62\/2024\/07\/Methodology-Statement-2023-Patient-Organizations.pdf\" class=\"wp-block-file__button wp-element-button\" download aria-describedby=\"wp-block-file--media-d9b70f38-a7f7-449e-a501-576469910d1e\">Download<\/a><\/div>\n\n\n\n<div class=\"wp-block-file\"><a id=\"wp-block-file--media-60c424a2-89cf-43ed-92f8-f60d2209a56f\" href=\"https:\/\/www.msd.cz\/cs\/wp-content\/uploads\/sites\/62\/2023\/06\/Methodology-Statement-2022-Patient-organizations.pdf\">Methodology Statement 2022 \u2013 Patient Organizations<\/a><a href=\"https:\/\/www.msd.cz\/cs\/wp-content\/uploads\/sites\/62\/2023\/06\/Methodology-Statement-2022-Patient-organizations.pdf\" class=\"wp-block-file__button wp-element-button\" download aria-describedby=\"wp-block-file--media-60c424a2-89cf-43ed-92f8-f60d2209a56f\">Download<\/a><\/div>\n","protected":false},"excerpt":{"rendered":"<p>V souladu se z\u00e1kony a p\u0159edpisy na podporu transparentnosti a zabr\u00e1n\u011bn\u00ed jak\u00fdmkoli skute\u010dn\u00fdm nebo domn\u011bl\u00fdm st\u0159et\u016fm z\u00e1jm\u016f ct\u00edme v na\u0161\u00ed spole\u010dnosti&nbsp;z\u00e1vazek zve\u0159ej\u0148ovat pln\u011bn\u00ed zdravotnick\u00fdm pracovn\u00edk\u016fm a zdravotnick\u00fdm organizac\u00edm. Jako \u010dlen Asociace inovativn\u00edho farmaceutick\u00e9ho pr\u016fmyslu (AIFP) zve\u0159ej\u0148ujeme na\u00a0 str\u00e1nk\u00e1ch AIFP\u00a0(www.transparentnispoluprace.cz)\u00a0ka\u017edoro\u010dn\u00ed p\u0159\u00edm\u00e9 a nep\u0159\u00edm\u00e9 platby zdravotnick\u00fdm pracovn\u00edk\u016fm a zdravotnick\u00fdm organizac\u00edm nebo jin\u00e1 pln\u011bn\u00ed v\u00a0jejich prosp\u011bch. V\u00a0\u010cesk\u00e9 Republice [&hellip;]<\/p>\n","protected":false},"author":545,"featured_media":0,"parent":1982,"menu_order":0,"comment_status":"closed","ping_status":"closed","template":"","meta":{"_acf_changed":false,"bdl_company_name":[],"bdl_item_external_link":[],"editor_notices":[],"footnotes":""},"class_list":["post-2057","page","type-page","status-publish","hentry"],"yoast_head":"<!-- This site is optimized with the Yoast SEO plugin v21.9.1 - https:\/\/yoast.com\/wordpress\/plugins\/seo\/ -->\n<title>Transparentn\u00ed spolupr\u00e1ce - MSD \u010cesk\u00e1 republika<\/title>\n<meta name=\"robots\" content=\"index, follow, max-snippet:-1, max-image-preview:large, max-video-preview:-1\" \/>\n<link rel=\"canonical\" href=\"https:\/\/www.msd.cz\/cs\/lidske-zdravi\/transparentni-spoluprace\/\" \/>\n<meta property=\"og:locale\" content=\"en_US\" \/>\n<meta property=\"og:type\" content=\"article\" \/>\n<meta property=\"og:title\" content=\"Transparentn\u00ed spolupr\u00e1ce - MSD \u010cesk\u00e1 republika\" \/>\n<meta property=\"og:description\" content=\"V souladu se z\u00e1kony a p\u0159edpisy na podporu transparentnosti a zabr\u00e1n\u011bn\u00ed jak\u00fdmkoli skute\u010dn\u00fdm nebo domn\u011bl\u00fdm st\u0159et\u016fm z\u00e1jm\u016f ct\u00edme v na\u0161\u00ed spole\u010dnosti&nbsp;z\u00e1vazek zve\u0159ej\u0148ovat pln\u011bn\u00ed zdravotnick\u00fdm pracovn\u00edk\u016fm a zdravotnick\u00fdm organizac\u00edm. Jako \u010dlen Asociace inovativn\u00edho farmaceutick\u00e9ho pr\u016fmyslu (AIFP) zve\u0159ej\u0148ujeme na\u00a0 str\u00e1nk\u00e1ch AIFP\u00a0(www.transparentnispoluprace.cz)\u00a0ka\u017edoro\u010dn\u00ed p\u0159\u00edm\u00e9 a nep\u0159\u00edm\u00e9 platby zdravotnick\u00fdm pracovn\u00edk\u016fm a zdravotnick\u00fdm organizac\u00edm nebo jin\u00e1 pln\u011bn\u00ed v\u00a0jejich prosp\u011bch. V\u00a0\u010cesk\u00e9 Republice [&hellip;]\" \/>\n<meta property=\"og:url\" content=\"https:\/\/www.msd.cz\/cs\/lidske-zdravi\/transparentni-spoluprace\/\" \/>\n<meta property=\"og:site_name\" content=\"MSD \u010cesk\u00e1 republika\" \/>\n<meta property=\"article:publisher\" content=\"https:\/\/www.facebook.com\/MSDInvents\/\" \/>\n<meta property=\"article:modified_time\" content=\"2025-06-29T18:56:00+00:00\" \/>\n<meta property=\"og:image\" content=\"https:\/\/www.msd.cz\/cs\/wp-content\/uploads\/sites\/62\/2021\/10\/patients-05-p2-logo-1000x370-1.png?w=1000\" \/>\n<meta name=\"twitter:card\" content=\"summary_large_image\" \/>\n<meta name=\"twitter:site\" content=\"@MSDczech\" \/>\n<meta name=\"twitter:label1\" content=\"Est. reading time\" \/>\n\t<meta name=\"twitter:data1\" content=\"3 minutes\" \/>\n<script type=\"application\/ld+json\" class=\"yoast-schema-graph\">{\"@context\":\"https:\/\/schema.org\",\"@graph\":[{\"@type\":\"WebPage\",\"@id\":\"https:\/\/www.msd.cz\/cs\/lidske-zdravi\/transparentni-spoluprace\/\",\"url\":\"https:\/\/www.msd.cz\/cs\/lidske-zdravi\/transparentni-spoluprace\/\",\"name\":\"Transparentn\u00ed spolupr\u00e1ce - MSD \u010cesk\u00e1 republika\",\"isPartOf\":{\"@id\":\"https:\/\/www.msd.cz\/cs\/#website\"},\"datePublished\":\"2021-10-26T18:56:05+00:00\",\"dateModified\":\"2025-06-29T18:56:00+00:00\",\"breadcrumb\":{\"@id\":\"https:\/\/www.msd.cz\/cs\/lidske-zdravi\/transparentni-spoluprace\/#breadcrumb\"},\"inLanguage\":\"en-US\",\"potentialAction\":[{\"@type\":\"ReadAction\",\"target\":[\"https:\/\/www.msd.cz\/cs\/lidske-zdravi\/transparentni-spoluprace\/\"]}]},{\"@type\":\"BreadcrumbList\",\"@id\":\"https:\/\/www.msd.cz\/cs\/lidske-zdravi\/transparentni-spoluprace\/#breadcrumb\",\"itemListElement\":[{\"@type\":\"ListItem\",\"position\":1,\"name\":\"Lidsk\u00e9 zdrav\u00ed\",\"item\":\"https:\/\/www.msd.cz\/cs\/lidske-zdravi\/\"},{\"@type\":\"ListItem\",\"position\":2,\"name\":\"Transparentn\u00ed spolupr\u00e1ce\"}]},{\"@type\":\"WebSite\",\"@id\":\"https:\/\/www.msd.cz\/cs\/#website\",\"url\":\"https:\/\/www.msd.cz\/cs\/\",\"name\":\"MSD \u010cesk\u00e1 republika\",\"description\":\"Just another vip2-msd.com site\",\"publisher\":{\"@id\":\"https:\/\/www.msd.cz\/cs\/#organization\"},\"potentialAction\":[{\"@type\":\"SearchAction\",\"target\":{\"@type\":\"EntryPoint\",\"urlTemplate\":\"https:\/\/www.msd.cz\/cs\/?s={search_term_string}\"},\"query-input\":\"required name=search_term_string\"}],\"inLanguage\":\"en-US\"},{\"@type\":\"Organization\",\"@id\":\"https:\/\/www.msd.cz\/cs\/#organization\",\"name\":\"MSD Czech Republic\",\"url\":\"https:\/\/www.msd.cz\/cs\/\",\"logo\":{\"@type\":\"ImageObject\",\"inLanguage\":\"en-US\",\"@id\":\"https:\/\/www.msd.cz\/cs\/#\/schema\/logo\/image\/\",\"url\":\"https:\/\/www.msd.cz\/cs\/wp-content\/uploads\/sites\/62\/2020\/10\/MSD.png\",\"contentUrl\":\"https:\/\/www.msd.cz\/cs\/wp-content\/uploads\/sites\/62\/2020\/10\/MSD.png\",\"width\":2536,\"height\":1382,\"caption\":\"MSD Czech Republic\"},\"image\":{\"@id\":\"https:\/\/www.msd.cz\/cs\/#\/schema\/logo\/image\/\"},\"sameAs\":[\"https:\/\/www.facebook.com\/MSDInvents\/\",\"https:\/\/twitter.com\/MSDczech\",\"https:\/\/www.instagram.com\/msdinvents\/\",\"https:\/\/www.linkedin.com\/company\/msdczech\/\",\"https:\/\/www.youtube.com\/channel\/UCzw0K-BF3OzlQVYn6BGHQQw\"]}]}<\/script>\n<!-- \/ Yoast SEO plugin. -->","yoast_head_json":{"title":"Transparentn\u00ed spolupr\u00e1ce - MSD \u010cesk\u00e1 republika","robots":{"index":"index","follow":"follow","max-snippet":"max-snippet:-1","max-image-preview":"max-image-preview:large","max-video-preview":"max-video-preview:-1"},"canonical":"https:\/\/www.msd.cz\/cs\/lidske-zdravi\/transparentni-spoluprace\/","og_locale":"en_US","og_type":"article","og_title":"Transparentn\u00ed spolupr\u00e1ce - MSD \u010cesk\u00e1 republika","og_description":"V souladu se z\u00e1kony a p\u0159edpisy na podporu transparentnosti a zabr\u00e1n\u011bn\u00ed jak\u00fdmkoli skute\u010dn\u00fdm nebo domn\u011bl\u00fdm st\u0159et\u016fm z\u00e1jm\u016f ct\u00edme v na\u0161\u00ed spole\u010dnosti&nbsp;z\u00e1vazek zve\u0159ej\u0148ovat pln\u011bn\u00ed zdravotnick\u00fdm pracovn\u00edk\u016fm a zdravotnick\u00fdm organizac\u00edm. Jako \u010dlen Asociace inovativn\u00edho farmaceutick\u00e9ho pr\u016fmyslu (AIFP) zve\u0159ej\u0148ujeme na\u00a0 str\u00e1nk\u00e1ch AIFP\u00a0(www.transparentnispoluprace.cz)\u00a0ka\u017edoro\u010dn\u00ed p\u0159\u00edm\u00e9 a nep\u0159\u00edm\u00e9 platby zdravotnick\u00fdm pracovn\u00edk\u016fm a zdravotnick\u00fdm organizac\u00edm nebo jin\u00e1 pln\u011bn\u00ed v\u00a0jejich prosp\u011bch. V\u00a0\u010cesk\u00e9 Republice [&hellip;]","og_url":"https:\/\/www.msd.cz\/cs\/lidske-zdravi\/transparentni-spoluprace\/","og_site_name":"MSD \u010cesk\u00e1 republika","article_publisher":"https:\/\/www.facebook.com\/MSDInvents\/","article_modified_time":"2025-06-29T18:56:00+00:00","og_image":[{"url":"https:\/\/www.msd.cz\/cs\/wp-content\/uploads\/sites\/62\/2021\/10\/patients-05-p2-logo-1000x370-1.png?w=1000"}],"twitter_card":"summary_large_image","twitter_site":"@MSDczech","twitter_misc":{"Est. reading time":"3 minutes"},"schema":{"@context":"https:\/\/schema.org","@graph":[{"@type":"WebPage","@id":"https:\/\/www.msd.cz\/cs\/lidske-zdravi\/transparentni-spoluprace\/","url":"https:\/\/www.msd.cz\/cs\/lidske-zdravi\/transparentni-spoluprace\/","name":"Transparentn\u00ed spolupr\u00e1ce - MSD \u010cesk\u00e1 republika","isPartOf":{"@id":"https:\/\/www.msd.cz\/cs\/#website"},"datePublished":"2021-10-26T18:56:05+00:00","dateModified":"2025-06-29T18:56:00+00:00","breadcrumb":{"@id":"https:\/\/www.msd.cz\/cs\/lidske-zdravi\/transparentni-spoluprace\/#breadcrumb"},"inLanguage":"en-US","potentialAction":[{"@type":"ReadAction","target":["https:\/\/www.msd.cz\/cs\/lidske-zdravi\/transparentni-spoluprace\/"]}]},{"@type":"BreadcrumbList","@id":"https:\/\/www.msd.cz\/cs\/lidske-zdravi\/transparentni-spoluprace\/#breadcrumb","itemListElement":[{"@type":"ListItem","position":1,"name":"Lidsk\u00e9 zdrav\u00ed","item":"https:\/\/www.msd.cz\/cs\/lidske-zdravi\/"},{"@type":"ListItem","position":2,"name":"Transparentn\u00ed spolupr\u00e1ce"}]},{"@type":"WebSite","@id":"https:\/\/www.msd.cz\/cs\/#website","url":"https:\/\/www.msd.cz\/cs\/","name":"MSD \u010cesk\u00e1 republika","description":"Just another vip2-msd.com site","publisher":{"@id":"https:\/\/www.msd.cz\/cs\/#organization"},"potentialAction":[{"@type":"SearchAction","target":{"@type":"EntryPoint","urlTemplate":"https:\/\/www.msd.cz\/cs\/?s={search_term_string}"},"query-input":"required name=search_term_string"}],"inLanguage":"en-US"},{"@type":"Organization","@id":"https:\/\/www.msd.cz\/cs\/#organization","name":"MSD Czech Republic","url":"https:\/\/www.msd.cz\/cs\/","logo":{"@type":"ImageObject","inLanguage":"en-US","@id":"https:\/\/www.msd.cz\/cs\/#\/schema\/logo\/image\/","url":"https:\/\/www.msd.cz\/cs\/wp-content\/uploads\/sites\/62\/2020\/10\/MSD.png","contentUrl":"https:\/\/www.msd.cz\/cs\/wp-content\/uploads\/sites\/62\/2020\/10\/MSD.png","width":2536,"height":1382,"caption":"MSD Czech Republic"},"image":{"@id":"https:\/\/www.msd.cz\/cs\/#\/schema\/logo\/image\/"},"sameAs":["https:\/\/www.facebook.com\/MSDInvents\/","https:\/\/twitter.com\/MSDczech","https:\/\/www.instagram.com\/msdinvents\/","https:\/\/www.linkedin.com\/company\/msdczech\/","https:\/\/www.youtube.com\/channel\/UCzw0K-BF3OzlQVYn6BGHQQw"]}]}},"acf":[],"_links":{"self":[{"href":"https:\/\/www.msd.cz\/cs\/wp-json\/wp\/v2\/pages\/2057","targetHints":{"allow":["GET"]}}],"collection":[{"href":"https:\/\/www.msd.cz\/cs\/wp-json\/wp\/v2\/pages"}],"about":[{"href":"https:\/\/www.msd.cz\/cs\/wp-json\/wp\/v2\/types\/page"}],"author":[{"embeddable":true,"href":"https:\/\/www.msd.cz\/cs\/wp-json\/wp\/v2\/users\/545"}],"replies":[{"embeddable":true,"href":"https:\/\/www.msd.cz\/cs\/wp-json\/wp\/v2\/comments?post=2057"}],"version-history":[{"count":31,"href":"https:\/\/www.msd.cz\/cs\/wp-json\/wp\/v2\/pages\/2057\/revisions"}],"predecessor-version":[{"id":5055,"href":"https:\/\/www.msd.cz\/cs\/wp-json\/wp\/v2\/pages\/2057\/revisions\/5055"}],"up":[{"embeddable":true,"href":"https:\/\/www.msd.cz\/cs\/wp-json\/wp\/v2\/pages\/1982"}],"wp:attachment":[{"href":"https:\/\/www.msd.cz\/cs\/wp-json\/wp\/v2\/media?parent=2057"}],"curies":[{"name":"wp","href":"https:\/\/api.w.org\/{rel}","templated":true}]}}