{"id":1757,"date":"2021-10-18T12:54:15","date_gmt":"2021-10-18T12:54:15","guid":{"rendered":"https:\/\/www.msd.cz\/cs\/?page_id=1757"},"modified":"2025-06-06T09:06:04","modified_gmt":"2025-06-06T09:06:04","slug":"global-business-solutions","status":"publish","type":"page","link":"https:\/\/www.msd.cz\/cs\/global-business-solutions\/","title":{"rendered":"Global Business Solutions"},"content":{"rendered":"<div id=\"mco-title-block-block_1818691e2eaf051f50fb5e2b7a150385\" \n\t class=\"mco-title-block mccberg-block has-background full negative\" \n\t style='background-image: url(https:\/\/www.msd.cz\/cs\/wp-content\/uploads\/sites\/62\/2021\/10\/finance-00-p1-header-dark-1920x900-1.jpg?w=1600);'\t >\n\t<div class=\"wrapper\">\n\t\t<div class=\"mco-title-block-content\">\n\t\t\t\n\t\t\t<h2 class=\"mco-title-block-title\">Finance<\/h2>\n\n\t\t\t\t\t\t\t<p class=\"mco-title-block-description\"><h4>Zastoupen\u00ed MSD v Praze zahrnuje v\u00fdznamnou \u010d\u00e1st organizace zvan\u00e9 Global Business Solutions (GBS). Tato skupina poskytuje podniku slu\u017eby a transak\u010dn\u00ed podporu v r\u00e1mci r\u016fzn\u00fdch proces\u016f prob\u00edhaj\u00edc\u00edch v oblasti financ\u00ed a ve\u0159ejn\u00fdch zak\u00e1zek. Nab\u00edz\u00ed t\u00e9\u017e efektivn\u00ed a technicky vysp\u011bl\u00e9 vlastnictv\u00ed proces\u016f, jako\u017e i v\u016fd\u010d\u00ed postaven\u00ed v provozn\u00ed dokonalosti.<\/h4>\n<\/p>\n\t\t\t\t\t\t\n\t\t\t\t\t<\/div>\n\t<\/div>\n<\/div>\n\n\n<div class=\"wp-block-columns is-layout-flex wp-container-core-columns-is-layout-9d6595d7 wp-block-columns-is-layout-flex\">\n<div class=\"wp-block-column is-layout-flow wp-block-column-is-layout-flow\">\n<div class=\"wp-block-columns is-layout-flex wp-container-core-columns-is-layout-9d6595d7 wp-block-columns-is-layout-flex\">\n<div class=\"wp-block-column is-vertically-aligned-center is-layout-flow wp-block-column-is-layout-flow\">\n<h2 class=\"wp-block-heading\">Global Business Solutions<\/h2>\n\n\n\n<p>Global Business Solutions (GBS) je organizac\u00ed, kter\u00e1 poskytuje vysoce kvalitn\u00ed slu\u017eby spole\u010dnostem MSD po cel\u00e9m sv\u011bt\u011b. Jako\u017eto intern\u00ed poskytovatel slu\u017eeb nab\u00edz\u00ed GBS sv\u00fdm zainteresovan\u00fdm osob\u00e1m (stakeholder\u016fm) koncentrovan\u00e9 zac\u00edlen\u00ed na kvalitu, z\u00e1kazn\u00edka jako ohnisko z\u00e1jmu a zaji\u0161t\u011bn\u00ed souladu s p\u0159edpisy.<\/p>\n\n\n\n<p><a href=\"https:\/\/www.msd.cz\/cs\/global-business-solutions\/business-service-center-operations\/\" target=\"_blank\" rel=\"noreferrer noopener\">Zjistit v\u00edce<\/a><\/p>\n<\/div>\n\n\n\n<div class=\"wp-block-column is-vertically-aligned-center is-layout-flow wp-block-column-is-layout-flow\">\n<figure class=\"wp-block-image size-large\"><img loading=\"lazy\" decoding=\"async\" width=\"1000\" height=\"550\" src=\"https:\/\/www.msd.cz\/cs\/wp-content\/uploads\/sites\/62\/2021\/11\/finance-05-operation-1000x550-1.jpg\" alt=\"\" class=\"wp-image-3124\"\/><\/figure>\n<\/div>\n<\/div>\n\n\n\n<div class=\"wp-block-columns is-layout-flex wp-container-core-columns-is-layout-9d6595d7 wp-block-columns-is-layout-flex\">\n<div class=\"wp-block-column is-vertically-aligned-center is-layout-flow wp-block-column-is-layout-flow\">\n<figure class=\"wp-block-image size-large\"><img loading=\"lazy\" decoding=\"async\" width=\"1000\" height=\"550\" src=\"https:\/\/www.msd.cz\/cs\/wp-content\/uploads\/sites\/62\/2021\/11\/finance-03-account-1000x550-1.jpg\" alt=\"\" class=\"wp-image-3121\"\/><\/figure>\n<\/div>\n\n\n\n<div class=\"wp-block-column is-vertically-aligned-center is-layout-flow wp-block-column-is-layout-flow\">\n<h2 class=\"wp-block-heading\">Account to Report<\/h2>\n\n\n\n<p>Account to Report poskytuje efektivn\u00ed a standardizovan\u00e9 \u00fa\u010detn\u00ed slu\u017eby vysok\u00e9 kvality pro lok\u00e1ln\u00ed pobo\u010dky na\u0161\u00ed spole\u010dnosti. Account to Report t\u00fdm se prim\u00e1rn\u011b soust\u0159ed\u00ed na kontrolu firemn\u00ed rozvahy, podporuje procesy b\u011bhem m\u011bs\u00ed\u010dn\u00edch uz\u00e1v\u011brek a zaji\u0161\u0165uje kvalitn\u00ed kontrolu finan\u010dn\u00edch v\u00fdkaz\u016f.<\/p>\n\n\n\n<p><a href=\"https:\/\/www.msd.cz\/cs\/global-business-solutions\/account-to-report\/\" target=\"_blank\" rel=\"noreferrer noopener\">Zjistit v\u00edce<\/a><\/p>\n<\/div>\n<\/div>\n\n\n\n<div class=\"wp-block-columns are-vertically-aligned-center is-layout-flex wp-container-core-columns-is-layout-9d6595d7 wp-block-columns-is-layout-flex\">\n<div class=\"wp-block-column is-vertically-aligned-center is-layout-flow wp-block-column-is-layout-flow\">\n<h2 class=\"wp-block-heading\">Financial Planning &amp; Analysis<\/h2>\n\n\n\n<p>Na\u0161e promy\u0161len\u00e9 anal\u00fdzy prodej\u016f, n\u00e1klad\u016f a provozn\u00edch v\u00fdsledk\u016f se vyu\u017e\u00edvaj\u00ed k vypracov\u00e1n\u00ed v\u00fdkaz\u016f zisk\u016f a ztr\u00e1t, kter\u00e9 pak slou\u017e\u00ed k co mo\u017en\u00e1 nejp\u0159esn\u011bj\u0161\u00edm p\u0159edpov\u011bd\u00edm v\u00fdvoje zisk\u016f a ztr\u00e1t pro v\u0161echny divize na\u0161\u00ed spole\u010dnosti.<\/p>\n\n\n\n<p><a href=\"https:\/\/www.msd.cz\/cs\/global-business-solutions\/financial-planning-and-analysis\/\">Zjistit v\u00edce<\/a><\/p>\n<\/div>\n\n\n\n<div class=\"wp-block-column is-vertically-aligned-center is-layout-flow wp-block-column-is-layout-flow\">\n<figure class=\"wp-block-image size-large\"><img loading=\"lazy\" decoding=\"async\" width=\"1000\" height=\"550\" src=\"https:\/\/www.msd.cz\/cs\/wp-content\/uploads\/sites\/62\/2021\/11\/finance-04-planning-1000x550-1.jpg\" alt=\"\" class=\"wp-image-3123\"\/><\/figure>\n<\/div>\n<\/div>\n\n\n\n<div class=\"wp-block-columns is-layout-flex wp-container-core-columns-is-layout-9d6595d7 wp-block-columns-is-layout-flex\">\n<div class=\"wp-block-column is-vertically-aligned-center is-layout-flow wp-block-column-is-layout-flow\">\n<figure class=\"wp-block-image size-large\"><img loading=\"lazy\" decoding=\"async\" width=\"1000\" height=\"550\" src=\"https:\/\/www.msd.cz\/cs\/wp-content\/uploads\/sites\/62\/2021\/11\/finance-02-settle-1000x550-1.jpg\" alt=\"\" class=\"wp-image-3120\"\/><\/figure>\n<\/div>\n\n\n\n<div class=\"wp-block-column is-vertically-aligned-center is-layout-flow wp-block-column-is-layout-flow\">\n<h2 class=\"wp-block-heading\">Source to Settle<\/h2>\n\n\n\n<p>Source to Settle se zab\u00fdv\u00e1 zpracov\u00e1n\u00edm n\u00e1kupn\u00edch pot\u0159eb, dodavatelsk\u00fdch faktur a v\u010dasnou \u00fahradou za zbo\u017e\u00ed a slu\u017eby. Proces za\u010d\u00edn\u00e1 vytvo\u0159en\u00edm intern\u00ed \u017e\u00e1dosti, pokra\u010duje dod\u00e1n\u00edm zbo\u017e\u00ed \u010di slu\u017eby a kon\u010d\u00ed proveden\u00edm platby a evidenc\u00ed cel\u00e9 transakce v na\u0161em intern\u00edm \u00fa\u010detn\u00edm syst\u00e9mu spolu se spr\u00e1vou klientsk\u00fdch dat.<\/p>\n\n\n\n<p><a href=\"https:\/\/www.msd.cz\/cs\/global-business-solutions\/source-to-settle\/\" target=\"_blank\" rel=\"noreferrer noopener\">Zjistit v\u00edce<\/a><\/p>\n<\/div>\n<\/div>\n\n\n\n<div class=\"wp-block-columns is-layout-flex wp-container-core-columns-is-layout-9d6595d7 wp-block-columns-is-layout-flex\">\n<div class=\"wp-block-column is-vertically-aligned-center is-layout-flow wp-block-column-is-layout-flow\">\n<h2 class=\"wp-block-heading\">Order to Cash<\/h2>\n\n\n\n<p>Order to Cash se star\u00e1 o obchodn\u00ed procesy spojen\u00e9 s p\u0159\u00edjmem a zpracov\u00e1n\u00edm z\u00e1kaznick\u00fdch objedn\u00e1vek a jejich \u00fahradou. M\u00e1 na starosti, aby z\u00e1kazn\u00edci na\u0161\u00ed spole\u010dnosti dost\u00e1vali zbo\u017e\u00ed podle sv\u00fdch objedn\u00e1vek a na\u0161e spole\u010dnost dostala za toto zbo\u017e\u00ed zaplaceno. D\u00e1le vystavuje faktury a dobropisy, zaji\u0161\u0165uje jejich distribuci a v\u010dasnou \u00fahradu a tak\u00e9 spr\u00e1vnou alokaci p\u0159\u00edchoz\u00edch plateb.<\/p>\n\n\n\n<p><a href=\"https:\/\/www.msd.cz\/cs\/global-business-solutions\/order-to-cash\/\" target=\"_blank\" rel=\"noreferrer noopener\">Zjistit v\u00edce<\/a><\/p>\n<\/div>\n\n\n\n<div class=\"wp-block-column is-vertically-aligned-center is-layout-flow wp-block-column-is-layout-flow\"><div class=\"wp-block-image\">\n<figure class=\"alignleft size-large\"><img loading=\"lazy\" decoding=\"async\" width=\"1000\" height=\"550\" src=\"https:\/\/www.msd.cz\/cs\/wp-content\/uploads\/sites\/62\/2021\/11\/finance-01-order-1000x550-1.jpg\" alt=\"\" class=\"wp-image-3119\"\/><\/figure><\/div><\/div>\n<\/div>\n\n\n\n<div class=\"wp-block-columns is-layout-flex wp-container-core-columns-is-layout-9d6595d7 wp-block-columns-is-layout-flex\">\n<div class=\"wp-block-column is-vertically-aligned-center is-layout-flow wp-block-column-is-layout-flow\">\n<figure class=\"wp-block-image size-large\"><img loading=\"lazy\" decoding=\"async\" width=\"1000\" height=\"550\" src=\"https:\/\/www.msd.cz\/cs\/wp-content\/uploads\/sites\/62\/2021\/11\/finance-06-support-1000x550-1.jpg\" alt=\"\" class=\"wp-image-3126\"\/><\/figure>\n<\/div>\n\n\n\n<div class=\"wp-block-column is-vertically-aligned-center is-layout-flow wp-block-column-is-layout-flow\">\n<h2 class=\"wp-block-heading\">Card Admin, Meeting and Expense Management<\/h2>\n\n\n\n<p>T\u00fdm CME spravuje v\u00fddaje, firemn\u00ed karty a sch\u016fzky. Zaji\u0161\u0165ujeme dodr\u017eov\u00e1n\u00ed z\u00e1sad a prov\u011b\u0159ov\u00e1n\u00ed sankc\u00ed. Zaji\u0161\u0165ujeme transakce pro akce a podporujeme pod\u00e1v\u00e1n\u00ed zpr\u00e1v o transparentnosti. N\u00e1\u0161 t\u00fdm m\u00e1 z\u00e1sadn\u00ed v\u00fdznam pro p\u0159esnost \u00fadaj\u016f a dodr\u017eov\u00e1n\u00ed p\u0159edpis\u016f spole\u010dnosti MSD.<\/p>\n\n\n\n<p><a href=\"https:\/\/www.msd.cz\/cs\/global-business-solutions\/global-business-service-support-functions\/\" target=\"_blank\" rel=\"noreferrer noopener\">Zjistit v\u00edce<\/a><\/p>\n<\/div>\n<\/div>\n\n\n\n<div class=\"wp-block-columns is-layout-flex wp-container-core-columns-is-layout-9d6595d7 wp-block-columns-is-layout-flex\">\n<div class=\"wp-block-column is-vertically-aligned-center is-layout-flow wp-block-column-is-layout-flow\">\n<h2 class=\"wp-block-heading\">Jin\u00e9 funkce GBS<\/h2>\n\n\n\n<p>Krom\u011b provozn\u00edch t\u00fdm\u016f, kter\u00e9 poskytuj\u00ed slu\u017eby p\u0159\u00edmo na\u0161im zainteresovan\u00fdm osob\u00e1m a z\u00e1kazn\u00edk\u016fm, pln\u00ed organizace GBS t\u00e9\u017e dal\u0161\u00ed podp\u016frn\u00e9 funkce, kter\u00e9 jsou zam\u011b\u0159eny na organiza\u010dn\u00ed \u0159\u00edzen\u00ed a v\u00fdvoj technologi\u00ed.<\/p>\n\n\n\n<p><a href=\"https:\/\/www.msd.cz\/cs\/finance\/order-to-cash\/\">Zji<\/a><a href=\"https:\/\/www.msd.cz\/cs\/global-business-solutions\/other-gbs-functions\/\" target=\"_blank\" rel=\"noreferrer noopener\">stit v\u00edc<\/a><a href=\"https:\/\/www.msd.cz\/cs\/finance\/order-to-cash\/\">e<\/a><\/p>\n<\/div>\n\n\n\n<div class=\"wp-block-column is-vertically-aligned-center is-layout-flow wp-block-column-is-layout-flow\"><div class=\"wp-block-image\">\n<figure class=\"alignleft size-large\"><img decoding=\"async\" src=\"https:\/\/www.msd.cz\/en\/wp-content\/uploads\/sites\/98\/2023\/09\/OtherGBSFunctions.jpg\" alt=\"\"\/><\/figure><\/div><\/div>\n<\/div>\n<\/div>\n<\/div>\n\n\n\n<p><\/p>\n","protected":false},"excerpt":{"rendered":"<p>Global Business Solutions Global Business Solutions (GBS) je organizac\u00ed, kter\u00e1 poskytuje vysoce kvalitn\u00ed slu\u017eby spole\u010dnostem MSD po cel\u00e9m sv\u011bt\u011b. Jako\u017eto intern\u00ed poskytovatel slu\u017eeb nab\u00edz\u00ed GBS sv\u00fdm zainteresovan\u00fdm osob\u00e1m (stakeholder\u016fm) koncentrovan\u00e9 zac\u00edlen\u00ed na kvalitu, z\u00e1kazn\u00edka jako ohnisko z\u00e1jmu a zaji\u0161t\u011bn\u00ed souladu s p\u0159edpisy. Zjistit v\u00edce Account to Report Account to Report poskytuje efektivn\u00ed a standardizovan\u00e9 \u00fa\u010detn\u00ed [&hellip;]<\/p>\n","protected":false},"author":921,"featured_media":0,"parent":0,"menu_order":0,"comment_status":"closed","ping_status":"closed","template":"","meta":{"_acf_changed":false,"bdl_company_name":[],"bdl_item_external_link":[],"editor_notices":[],"footnotes":""},"class_list":["post-1757","page","type-page","status-publish","hentry"],"yoast_head":"<!-- This site is optimized with the Yoast SEO plugin v21.9.1 - https:\/\/yoast.com\/wordpress\/plugins\/seo\/ -->\n<title>Global Business Solutions - MSD \u010cesk\u00e1 republika<\/title>\n<meta name=\"robots\" content=\"index, follow, max-snippet:-1, max-image-preview:large, max-video-preview:-1\" \/>\n<link rel=\"canonical\" href=\"https:\/\/www.msd.cz\/cs\/global-business-solutions\/\" \/>\n<meta property=\"og:locale\" content=\"en_US\" \/>\n<meta property=\"og:type\" content=\"article\" \/>\n<meta property=\"og:title\" content=\"Global Business Solutions - MSD \u010cesk\u00e1 republika\" \/>\n<meta property=\"og:description\" content=\"Global Business Solutions Global Business Solutions (GBS) je organizac\u00ed, kter\u00e1 poskytuje vysoce kvalitn\u00ed slu\u017eby spole\u010dnostem MSD po cel\u00e9m sv\u011bt\u011b. Jako\u017eto intern\u00ed poskytovatel slu\u017eeb nab\u00edz\u00ed GBS sv\u00fdm zainteresovan\u00fdm osob\u00e1m (stakeholder\u016fm) koncentrovan\u00e9 zac\u00edlen\u00ed na kvalitu, z\u00e1kazn\u00edka jako ohnisko z\u00e1jmu a zaji\u0161t\u011bn\u00ed souladu s p\u0159edpisy. Zjistit v\u00edce Account to Report Account to Report poskytuje efektivn\u00ed a standardizovan\u00e9 \u00fa\u010detn\u00ed [&hellip;]\" \/>\n<meta property=\"og:url\" content=\"https:\/\/www.msd.cz\/cs\/global-business-solutions\/\" \/>\n<meta property=\"og:site_name\" content=\"MSD \u010cesk\u00e1 republika\" \/>\n<meta property=\"article:publisher\" content=\"https:\/\/www.facebook.com\/MSDInvents\/\" \/>\n<meta property=\"article:modified_time\" content=\"2025-06-06T09:06:04+00:00\" \/>\n<meta property=\"og:image\" content=\"https:\/\/www.msd.cz\/cs\/wp-content\/uploads\/sites\/62\/2021\/11\/finance-05-operation-1000x550-1.jpg\" \/>\n<meta name=\"twitter:card\" content=\"summary_large_image\" \/>\n<meta name=\"twitter:site\" content=\"@MSDczech\" \/>\n<meta name=\"twitter:label1\" content=\"Est. reading time\" \/>\n\t<meta name=\"twitter:data1\" content=\"2 minutes\" \/>\n<script type=\"application\/ld+json\" class=\"yoast-schema-graph\">{\"@context\":\"https:\/\/schema.org\",\"@graph\":[{\"@type\":\"WebPage\",\"@id\":\"https:\/\/www.msd.cz\/cs\/global-business-solutions\/\",\"url\":\"https:\/\/www.msd.cz\/cs\/global-business-solutions\/\",\"name\":\"Global Business Solutions - MSD \u010cesk\u00e1 republika\",\"isPartOf\":{\"@id\":\"https:\/\/www.msd.cz\/cs\/#website\"},\"datePublished\":\"2021-10-18T12:54:15+00:00\",\"dateModified\":\"2025-06-06T09:06:04+00:00\",\"inLanguage\":\"en-US\",\"potentialAction\":[{\"@type\":\"ReadAction\",\"target\":[\"https:\/\/www.msd.cz\/cs\/global-business-solutions\/\"]}]},{\"@type\":\"WebSite\",\"@id\":\"https:\/\/www.msd.cz\/cs\/#website\",\"url\":\"https:\/\/www.msd.cz\/cs\/\",\"name\":\"MSD \u010cesk\u00e1 republika\",\"description\":\"Just another vip2-msd.com site\",\"publisher\":{\"@id\":\"https:\/\/www.msd.cz\/cs\/#organization\"},\"potentialAction\":[{\"@type\":\"SearchAction\",\"target\":{\"@type\":\"EntryPoint\",\"urlTemplate\":\"https:\/\/www.msd.cz\/cs\/?s={search_term_string}\"},\"query-input\":\"required name=search_term_string\"}],\"inLanguage\":\"en-US\"},{\"@type\":\"Organization\",\"@id\":\"https:\/\/www.msd.cz\/cs\/#organization\",\"name\":\"MSD Czech Republic\",\"url\":\"https:\/\/www.msd.cz\/cs\/\",\"logo\":{\"@type\":\"ImageObject\",\"inLanguage\":\"en-US\",\"@id\":\"https:\/\/www.msd.cz\/cs\/#\/schema\/logo\/image\/\",\"url\":\"https:\/\/www.msd.cz\/cs\/wp-content\/uploads\/sites\/62\/2020\/10\/MSD.png\",\"contentUrl\":\"https:\/\/www.msd.cz\/cs\/wp-content\/uploads\/sites\/62\/2020\/10\/MSD.png\",\"width\":2536,\"height\":1382,\"caption\":\"MSD Czech Republic\"},\"image\":{\"@id\":\"https:\/\/www.msd.cz\/cs\/#\/schema\/logo\/image\/\"},\"sameAs\":[\"https:\/\/www.facebook.com\/MSDInvents\/\",\"https:\/\/twitter.com\/MSDczech\",\"https:\/\/www.instagram.com\/msdinvents\/\",\"https:\/\/www.linkedin.com\/company\/msdczech\/\",\"https:\/\/www.youtube.com\/channel\/UCzw0K-BF3OzlQVYn6BGHQQw\"]}]}<\/script>\n<!-- \/ Yoast SEO plugin. -->","yoast_head_json":{"title":"Global Business Solutions - MSD \u010cesk\u00e1 republika","robots":{"index":"index","follow":"follow","max-snippet":"max-snippet:-1","max-image-preview":"max-image-preview:large","max-video-preview":"max-video-preview:-1"},"canonical":"https:\/\/www.msd.cz\/cs\/global-business-solutions\/","og_locale":"en_US","og_type":"article","og_title":"Global Business Solutions - MSD \u010cesk\u00e1 republika","og_description":"Global Business Solutions Global Business Solutions (GBS) je organizac\u00ed, kter\u00e1 poskytuje vysoce kvalitn\u00ed slu\u017eby spole\u010dnostem MSD po cel\u00e9m sv\u011bt\u011b. Jako\u017eto intern\u00ed poskytovatel slu\u017eeb nab\u00edz\u00ed GBS sv\u00fdm zainteresovan\u00fdm osob\u00e1m (stakeholder\u016fm) koncentrovan\u00e9 zac\u00edlen\u00ed na kvalitu, z\u00e1kazn\u00edka jako ohnisko z\u00e1jmu a zaji\u0161t\u011bn\u00ed souladu s p\u0159edpisy. Zjistit v\u00edce Account to Report Account to Report poskytuje efektivn\u00ed a standardizovan\u00e9 \u00fa\u010detn\u00ed [&hellip;]","og_url":"https:\/\/www.msd.cz\/cs\/global-business-solutions\/","og_site_name":"MSD \u010cesk\u00e1 republika","article_publisher":"https:\/\/www.facebook.com\/MSDInvents\/","article_modified_time":"2025-06-06T09:06:04+00:00","og_image":[{"url":"https:\/\/www.msd.cz\/cs\/wp-content\/uploads\/sites\/62\/2021\/11\/finance-05-operation-1000x550-1.jpg"}],"twitter_card":"summary_large_image","twitter_site":"@MSDczech","twitter_misc":{"Est. reading time":"2 minutes"},"schema":{"@context":"https:\/\/schema.org","@graph":[{"@type":"WebPage","@id":"https:\/\/www.msd.cz\/cs\/global-business-solutions\/","url":"https:\/\/www.msd.cz\/cs\/global-business-solutions\/","name":"Global Business Solutions - MSD \u010cesk\u00e1 republika","isPartOf":{"@id":"https:\/\/www.msd.cz\/cs\/#website"},"datePublished":"2021-10-18T12:54:15+00:00","dateModified":"2025-06-06T09:06:04+00:00","inLanguage":"en-US","potentialAction":[{"@type":"ReadAction","target":["https:\/\/www.msd.cz\/cs\/global-business-solutions\/"]}]},{"@type":"WebSite","@id":"https:\/\/www.msd.cz\/cs\/#website","url":"https:\/\/www.msd.cz\/cs\/","name":"MSD \u010cesk\u00e1 republika","description":"Just another vip2-msd.com site","publisher":{"@id":"https:\/\/www.msd.cz\/cs\/#organization"},"potentialAction":[{"@type":"SearchAction","target":{"@type":"EntryPoint","urlTemplate":"https:\/\/www.msd.cz\/cs\/?s={search_term_string}"},"query-input":"required name=search_term_string"}],"inLanguage":"en-US"},{"@type":"Organization","@id":"https:\/\/www.msd.cz\/cs\/#organization","name":"MSD Czech Republic","url":"https:\/\/www.msd.cz\/cs\/","logo":{"@type":"ImageObject","inLanguage":"en-US","@id":"https:\/\/www.msd.cz\/cs\/#\/schema\/logo\/image\/","url":"https:\/\/www.msd.cz\/cs\/wp-content\/uploads\/sites\/62\/2020\/10\/MSD.png","contentUrl":"https:\/\/www.msd.cz\/cs\/wp-content\/uploads\/sites\/62\/2020\/10\/MSD.png","width":2536,"height":1382,"caption":"MSD Czech Republic"},"image":{"@id":"https:\/\/www.msd.cz\/cs\/#\/schema\/logo\/image\/"},"sameAs":["https:\/\/www.facebook.com\/MSDInvents\/","https:\/\/twitter.com\/MSDczech","https:\/\/www.instagram.com\/msdinvents\/","https:\/\/www.linkedin.com\/company\/msdczech\/","https:\/\/www.youtube.com\/channel\/UCzw0K-BF3OzlQVYn6BGHQQw"]}]}},"acf":[],"_links":{"self":[{"href":"https:\/\/www.msd.cz\/cs\/wp-json\/wp\/v2\/pages\/1757","targetHints":{"allow":["GET"]}}],"collection":[{"href":"https:\/\/www.msd.cz\/cs\/wp-json\/wp\/v2\/pages"}],"about":[{"href":"https:\/\/www.msd.cz\/cs\/wp-json\/wp\/v2\/types\/page"}],"author":[{"embeddable":true,"href":"https:\/\/www.msd.cz\/cs\/wp-json\/wp\/v2\/users\/921"}],"replies":[{"embeddable":true,"href":"https:\/\/www.msd.cz\/cs\/wp-json\/wp\/v2\/comments?post=1757"}],"version-history":[{"count":47,"href":"https:\/\/www.msd.cz\/cs\/wp-json\/wp\/v2\/pages\/1757\/revisions"}],"predecessor-version":[{"id":5039,"href":"https:\/\/www.msd.cz\/cs\/wp-json\/wp\/v2\/pages\/1757\/revisions\/5039"}],"wp:attachment":[{"href":"https:\/\/www.msd.cz\/cs\/wp-json\/wp\/v2\/media?parent=1757"}],"curies":[{"name":"wp","href":"https:\/\/api.w.org\/{rel}","templated":true}]}}