{"id":1755,"date":"2021-10-18T12:53:55","date_gmt":"2021-10-18T12:53:55","guid":{"rendered":"https:\/\/www.msd.cz\/cs\/?page_id=1755"},"modified":"2024-07-30T13:35:34","modified_gmt":"2024-07-30T13:35:34","slug":"it","status":"publish","type":"page","link":"https:\/\/www.msd.cz\/cs\/it\/","title":{"rendered":"IT"},"content":{"rendered":"<div id=\"mco-title-block-block_44a6c1011be92ecb87cacebc6a3c77f2\" \n\t class=\"mco-title-block mccberg-block has-background full negative\" \n\t style='background-image: url(https:\/\/www.msd.cz\/cs\/wp-content\/uploads\/sites\/62\/2021\/10\/it-00-p1-header-dark-1920x900-2.png?w=1600);'\t >\n\t<div class=\"wrapper\">\n\t\t<div class=\"mco-title-block-content\">\n\t\t\t\n\t\t\t<h2 class=\"mco-title-block-title\"> <\/h2>\n\n\t\t\t\t\t\t\t<p class=\"mco-title-block-description\"><h2><span style=\"color: #00857c\">Informa\u010dn\u00ed technologie<\/span><\/h2>\n<h4><span style=\"color: #00857c\">V MSD definujeme zdravotn\u00ed p\u00e9\u010di pomoc\u00ed digit\u00e1ln\u00edch inovac\u00ed. Na\u0161e odborn\u00e9 znalosti v oblasti softwarov\u00e9ho in\u017een\u00fdrstv\u00ed, s\u00edt\u00ed a digit\u00e1ln\u00edho marketingu podporuj\u00ed v\u0161echny pot\u0159eby na\u0161\u00ed spole\u010dnosti vytv\u00e1\u0159en\u00edm multiplatformov\u00fdch aplikac\u00ed a matematick\u00fdch model\u016f pro prodej, v\u00fdzkum, obchodn\u00ed anal\u00fdzy\u00a0a v\u00fdvoj l\u00e9\u010div.<\/span><\/h4>\n<\/p>\n\t\t\t\t\t\t\n\t\t\t\t\t<\/div>\n\t<\/div>\n<\/div>\n\n\n<div style=\"height:100px\" aria-hidden=\"true\" class=\"wp-block-spacer\"><\/div>\n\n\n\n<figure class=\"wp-block-image size-large\"><a href=\"https:\/\/www.msd.cz\/en\/genai-2024\/\" target=\"_blank\" rel=\"noreferrer noopener\"><img loading=\"lazy\" decoding=\"async\" width=\"1207\" height=\"243\" src=\"https:\/\/www.msd.cz\/cs\/wp-content\/uploads\/sites\/62\/2024\/07\/Banner_2_ML_AI_cz.png?w=1024\" alt=\"\" class=\"wp-image-4876\"\/><\/a><\/figure>\n\n\n\n<div style=\"height:100px\" aria-hidden=\"true\" class=\"wp-block-spacer\"><\/div>\n\n\n\n<h2 class=\"wp-block-heading has-text-align-center\">Na\u0161e zam\u011b\u0159en\u00ed<\/h2>\n\n\n\n<div class=\"wp-block-columns is-layout-flex wp-container-core-columns-is-layout-9d6595d7 wp-block-columns-is-layout-flex\">\n<div class=\"wp-block-column is-layout-flow wp-block-column-is-layout-flow\"><div class=\"wp-block-image\">\n<figure class=\"aligncenter size-large\"><img loading=\"lazy\" decoding=\"async\" width=\"170\" height=\"141\" src=\"https:\/\/www.msd.cz\/cs\/wp-content\/uploads\/sites\/62\/2021\/10\/it-00-p2-section1-380x315_tcm5264-1100433.png?w=170\" alt=\"\" class=\"wp-image-2174\"\/><\/figure><\/div>\n\n\n<h3 class=\"wp-block-heading has-text-align-center\"><a href=\"https:\/\/www.msd.cz\/cs\/it\/software-engineering\/\">Software Engineering<\/a><\/h3>\n\n\n\n<p class=\"has-text-align-center\">Zde za\u010d\u00edn\u00e1 inovace. Pom\u00e1h\u00e1me na\u0161emu podnik\u00e1n\u00ed dod\u00e1vat na trh nej\u00fa\u010dinn\u011bj\u0161\u00ed \u0159e\u0161en\u00ed vytv\u00e1\u0159en\u00edm webov\u00fdch a mobiln\u00edch aplikac\u00ed, kter\u00e9 na\u0161\u00ed spole\u010dnosti umo\u017e\u0148uj\u00ed digit\u00e1ln\u00ed transformaci.<\/p>\n<\/div>\n\n\n\n<div class=\"wp-block-column is-layout-flow wp-block-column-is-layout-flow\"><div class=\"wp-block-image\">\n<figure class=\"aligncenter size-large is-resized\"><img loading=\"lazy\" decoding=\"async\" src=\"https:\/\/www.msd.cz\/cs\/wp-content\/uploads\/sites\/62\/2021\/10\/it-00-p2-section2-380x315_tcm5264-1100434.png?w=170\" alt=\"\" class=\"wp-image-2175\" width=\"170\" height=\"141\"\/><\/figure><\/div>\n\n\n<h3 class=\"wp-block-heading has-text-align-center\"><a href=\"https:\/\/www.msd.cz\/cs\/it\/user-experience\/\">User Experience<\/a><\/h3>\n\n\n\n<p class=\"has-text-align-center\">S na\u0161imi produktov\u00fdmi t\u00fdmy definujeme a spole\u010dn\u011b vytv\u00e1\u0159\u00edme intuitivn\u00ed a pou\u017eiteln\u00e9 digit\u00e1ln\u00ed produkty, abychom zajistili, \u017ee v\u0161echny n\u00e1stroje a \u0159e\u0161en\u00ed, kter\u00e1 dod\u00e1v\u00e1me, jsou u\u017eivatelsky vhodn\u00e9.<\/p>\n<\/div>\n\n\n\n<div class=\"wp-block-column is-layout-flow wp-block-column-is-layout-flow\"><div class=\"wp-block-image\">\n<figure class=\"aligncenter size-large\"><img loading=\"lazy\" decoding=\"async\" width=\"170\" height=\"141\" src=\"https:\/\/www.msd.cz\/cs\/wp-content\/uploads\/sites\/62\/2021\/10\/it-00-p2-section3-380x315_tcm5264-1100435.png?w=170\" alt=\"\" class=\"wp-image-2176\"\/><\/figure><\/div>\n\n\n<h3 class=\"wp-block-heading has-text-align-center\"><a href=\"https:\/\/www.msd.cz\/cs\/it\/agile-development\/\">Agile Development<\/a><\/h3>\n\n\n\n<p class=\"has-text-align-center\">Na\u0161im t\u00fdm\u016fm pom\u00e1h\u00e1me t\u00edm, \u017ee jim naslouch\u00e1me, inspirujeme je a povzbuzujeme je k experimentov\u00e1n\u00ed.<\/p>\n<\/div>\n<\/div>\n\n\n\n<div class=\"wp-block-columns is-layout-flex wp-container-core-columns-is-layout-9d6595d7 wp-block-columns-is-layout-flex\">\n<div class=\"wp-block-column is-layout-flow wp-block-column-is-layout-flow\"><div class=\"wp-block-image\">\n<figure class=\"aligncenter size-large\"><img loading=\"lazy\" decoding=\"async\" width=\"170\" height=\"141\" src=\"https:\/\/www.msd.cz\/cs\/wp-content\/uploads\/sites\/62\/2021\/10\/it-00-p2-section4-380x315_tcm5264-1100436.png?w=170\" alt=\"\" class=\"wp-image-2177\"\/><\/figure><\/div>\n\n\n<h3 class=\"wp-block-heading has-text-align-center\"><a href=\"https:\/\/www.msd.cz\/cs\/it\/data-science\/\">Data Science<\/a><\/h3>\n\n\n\n<p class=\"has-text-align-center\">Pokro\u010dil\u00fd datov\u00fd management, vizualizace nebo matematick\u00e9 modelov\u00e1n\u00ed pom\u00e1h\u00e1 transformovat zp\u016fsob fungov\u00e1n\u00ed na\u0161\u00ed spole\u010dnosti, urychluje dod\u00e1vku nov\u00fdch l\u00e9\u010debn\u00fdch postup\u016f pacient\u016fm a sou\u010dasn\u011b zlep\u0161uje na\u0161i finan\u010dn\u00ed v\u00fdkonnost.<\/p>\n<\/div>\n\n\n\n<div class=\"wp-block-column is-layout-flow wp-block-column-is-layout-flow\"><div class=\"wp-block-image\">\n<figure class=\"aligncenter size-large\"><img loading=\"lazy\" decoding=\"async\" width=\"170\" height=\"141\" src=\"https:\/\/www.msd.cz\/cs\/wp-content\/uploads\/sites\/62\/2021\/10\/it-00-p2-section5-380x315_tcm5264-1100437.png?w=170\" alt=\"\" class=\"wp-image-2178\"\/><\/figure><\/div>\n\n\n<h3 class=\"wp-block-heading has-text-align-center\"><a href=\"https:\/\/www.msd.cz\/cs\/it\/research-lab-it\/\">Research &amp; Lab IT<\/a><\/h3>\n\n\n\n<p class=\"has-text-align-center\">Lab IT podporuje technologie pou\u017e\u00edvan\u00e9 v na\u0161em v\u00fdzkumu a v\u00fdvoji. Spolupracujeme s na\u0161imi IT kolegy, v\u011bdci a v\u00fdzkumn\u00fdmi skupinami nejenom v Praze, ale tak\u00e9 po cel\u00e9m sv\u011bt\u011b.<\/p>\n<\/div>\n\n\n\n<div class=\"wp-block-column is-layout-flow wp-block-column-is-layout-flow\"><div class=\"wp-block-image\">\n<figure class=\"aligncenter size-large\"><img loading=\"lazy\" decoding=\"async\" width=\"170\" height=\"141\" src=\"https:\/\/www.msd.cz\/cs\/wp-content\/uploads\/sites\/62\/2021\/10\/it-00-p2-section6-380x315_tcm5264-1100438.png?w=170\" alt=\"\" class=\"wp-image-2179\"\/><\/figure><\/div>\n\n\n<h3 class=\"wp-block-heading has-text-align-center\"><a href=\"https:\/\/www.msd.cz\/cs\/it\/manufacturing-it\/\">Manufacturing IT<\/a><\/h3>\n\n\n\n<p class=\"has-text-align-center\">Podporujeme v\u00fdrobn\u00ed m\u00edsta po cel\u00e9m sv\u011bt\u011b nejenom pro na\u0161e dodavatele l\u00e9\u010div, o\u010dkovac\u00edch l\u00e1tek a biologick\u00fdch p\u0159\u00edpravk\u016f, ale tak\u00e9 pro na\u0161e pacienty \u010di zv\u00ed\u0159ata.<\/p>\n<\/div>\n<\/div>\n\n\n\n<div class=\"wp-block-columns is-layout-flex wp-container-core-columns-is-layout-9d6595d7 wp-block-columns-is-layout-flex\">\n<div class=\"wp-block-column is-layout-flow wp-block-column-is-layout-flow\"><div class=\"wp-block-image\">\n<figure class=\"aligncenter size-large\"><img loading=\"lazy\" decoding=\"async\" width=\"170\" height=\"141\" src=\"https:\/\/www.msd.cz\/cs\/wp-content\/uploads\/sites\/62\/2021\/10\/it-00-p2-section7-380x315_tcm5264-1100439.png?w=170\" alt=\"\" class=\"wp-image-2171\"\/><\/figure><\/div>\n\n\n<h3 class=\"wp-block-heading has-text-align-center\"><a href=\"https:\/\/www.msd.cz\/cs\/it\/project-management-office\/\">Project Management Office<\/a><\/h3>\n\n\n\n<p class=\"has-text-align-center\">K \u0159\u00edzen\u00ed na\u0161eho portfolia p\u0159istupujeme disciplinovan\u011b a na\u0161im t\u00fdm\u016fm pom\u00e1h\u00e1me dosahovat stanoven\u00fdch v\u00fdsledk\u016f pomoc\u00ed hodnotov\u00fdch metrik a slad\u011bn\u00ed v\u0161ech po\u010d\u00e1te\u010dn\u00edch investic se strategickou viz\u00ed spole\u010dnosti.<\/p>\n<\/div>\n\n\n\n<div class=\"wp-block-column is-layout-flow wp-block-column-is-layout-flow\"><div class=\"wp-block-image\">\n<figure class=\"aligncenter size-large\"><img loading=\"lazy\" decoding=\"async\" width=\"170\" height=\"141\" src=\"https:\/\/www.msd.cz\/cs\/wp-content\/uploads\/sites\/62\/2021\/10\/it-00-p2-section8-380x315_tcm5264-1100440.png?w=170\" alt=\"\" class=\"wp-image-2172\"\/><\/figure><\/div>\n\n\n<h3 class=\"wp-block-heading has-text-align-center\"><a href=\"https:\/\/www.msd.cz\/cs\/it\/infrastructure-operations\/\">Infrastructure &amp; Operations<\/a><\/h3>\n\n\n\n<p class=\"has-text-align-center\">Spravujeme a neust\u00e1le zlep\u0161ujeme IT slu\u017eby po cel\u00e9m sv\u011bt\u011b vyu\u017e\u00edv\u00e1n\u00edm dat a analytiky k efektivn\u011bj\u0161\u00edmu provozu v\u0161ech kabel\u016f a krabic, kter\u00fdm nikdo nev\u011bnuje pozornost, dokud se nerozpadnou.<\/p>\n<\/div>\n\n\n\n<div class=\"wp-block-column is-layout-flow wp-block-column-is-layout-flow\"><div class=\"wp-block-image\">\n<figure class=\"aligncenter size-large\"><img loading=\"lazy\" decoding=\"async\" width=\"170\" height=\"141\" src=\"https:\/\/www.msd.cz\/cs\/wp-content\/uploads\/sites\/62\/2021\/10\/it-00-p2-section9-380x315_tcm5264-1100441.png?w=170\" alt=\"\" class=\"wp-image-2173\"\/><\/figure><\/div>\n\n\n<h3 class=\"wp-block-heading has-text-align-center\"><a href=\"https:\/\/www.msd.cz\/cs\/it\/it-risk-management-security\/\">IT Risk Management &amp; Security<\/a><\/h3>\n\n\n\n<p class=\"has-text-align-center\">Ochrana na\u0161ich v\u011bdeck\u00fdch a strategick\u00fdch informac\u00ed je sd\u00edlenou odpov\u011bdnost\u00ed, kterou \u0159\u00edd\u00edme. Jsme aktivn\u011b odhodl\u00e1ni zajistit integritu, d\u016fv\u011brnost a dostupnost na\u0161ich firemn\u00edch dat.<\/p>\n<\/div>\n<\/div>\n\n\n\n<h5 class=\"wp-block-heading\">Pokud je obr\u00e1zek v\u00edce ne\u017e tis\u00edc slov, je pak video v\u00edce ne\u017e mili\u00f3n?<\/h5>\n\n\n\n<div class=\"wp-block-columns is-layout-flex wp-container-core-columns-is-layout-9d6595d7 wp-block-columns-is-layout-flex\">\n<div class=\"wp-block-column is-layout-flow wp-block-column-is-layout-flow\">\n<figure class=\"wp-block-embed is-type-video is-provider-youtube wp-block-embed-youtube wp-embed-aspect-16-9 wp-has-aspect-ratio\"><div class=\"wp-block-embed__wrapper\">\n<div class=\"jetpack-video-wrapper\"><iframe loading=\"lazy\" title=\"Breaking News: MSD stepped into the clothing business to accelerate the Agile Transformation!\" width=\"500\" height=\"281\" src=\"https:\/\/www.youtube-nocookie.com\/embed\/zM7TcDyogSQ?feature=oembed\" frameborder=\"0\" allow=\"accelerometer; autoplay; clipboard-write; encrypted-media; gyroscope; picture-in-picture; web-share\" referrerpolicy=\"strict-origin-when-cross-origin\" allowfullscreen><\/iframe><\/div>\n<\/div><\/figure>\n<\/div>\n\n\n\n<div class=\"wp-block-column is-layout-flow wp-block-column-is-layout-flow\">\n<figure class=\"wp-block-embed is-type-video is-provider-youtube wp-block-embed-youtube wp-embed-aspect-16-9 wp-has-aspect-ratio\"><div class=\"wp-block-embed__wrapper\">\n<div class=\"jetpack-video-wrapper\"><iframe loading=\"lazy\" title=\"From Growing to Learning\" width=\"500\" height=\"281\" src=\"https:\/\/www.youtube-nocookie.com\/embed\/gFV1lKHYzsk?feature=oembed\" frameborder=\"0\" allow=\"accelerometer; autoplay; clipboard-write; encrypted-media; gyroscope; picture-in-picture; web-share\" referrerpolicy=\"strict-origin-when-cross-origin\" allowfullscreen><\/iframe><\/div>\n<\/div><\/figure>\n<\/div>\n<\/div>\n\n\n\n<div class=\"wp-block-columns is-layout-flex wp-container-core-columns-is-layout-9d6595d7 wp-block-columns-is-layout-flex\">\n<div class=\"wp-block-column is-layout-flow wp-block-column-is-layout-flow\">\n<figure class=\"wp-block-embed is-type-video is-provider-youtube wp-block-embed-youtube wp-embed-aspect-16-9 wp-has-aspect-ratio\"><div class=\"wp-block-embed__wrapper\">\n<div class=\"jetpack-video-wrapper\"><iframe loading=\"lazy\" title=\"Dog test\" width=\"500\" height=\"281\" src=\"https:\/\/www.youtube-nocookie.com\/embed\/BGbX_aOq0wA?feature=oembed\" frameborder=\"0\" allow=\"accelerometer; autoplay; clipboard-write; encrypted-media; gyroscope; picture-in-picture; web-share\" referrerpolicy=\"strict-origin-when-cross-origin\" allowfullscreen><\/iframe><\/div>\n<\/div><\/figure>\n<\/div>\n\n\n\n<div class=\"wp-block-column is-layout-flow wp-block-column-is-layout-flow\">\n<figure class=\"wp-block-embed is-type-video is-provider-youtube wp-block-embed-youtube wp-embed-aspect-16-9 wp-has-aspect-ratio\"><div class=\"wp-block-embed__wrapper\">\n<div class=\"jetpack-video-wrapper\"><iframe loading=\"lazy\" title=\"One day in MSD with Luis Adrianza\" width=\"500\" height=\"281\" src=\"https:\/\/www.youtube-nocookie.com\/embed\/OYouoktpPFE?feature=oembed\" frameborder=\"0\" allow=\"accelerometer; autoplay; clipboard-write; encrypted-media; gyroscope; picture-in-picture; web-share\" referrerpolicy=\"strict-origin-when-cross-origin\" allowfullscreen><\/iframe><\/div>\n<\/div><\/figure>\n<\/div>\n<\/div>\n\n\n<div id=\"mco-title-block-block_c1499980d04436e006793193d1bdd852\" \n\t class=\"mco-title-block mccberg-block has-background full negative\" \n\t style='background-image: url(https:\/\/www.msd.cz\/cs\/wp-content\/uploads\/sites\/62\/2023\/01\/it-banner.png?w=1600);'\t >\n\t<div class=\"wrapper\">\n\t\t<div class=\"mco-title-block-content\">\n\t\t\t\n\t\t\t<h2 class=\"mco-title-block-title\">Chcete b\u00fdt \u010dlenem na\u0161eho t\u00fdmu?<\/h2>\n\n\t\t\t\t\t\t\t<p class=\"mco-title-block-description\"><p>Prozkoumejte mo\u017enosti.<\/p>\n<\/p>\n\t\t\t\t\t\t\n\t\t\t \n\t\t\t\t<div class=\"mco-title-block-cta-container\">\n\n\t\t\t\t\t\t\t\t\t\t\t<a\n                            class=\"btn mco-title-block-cta-btn\"\n                            href=\"https:\/\/jobs.msd.com\/gb\/en\"\n                            title=\"P\u0159ipojte se k n\u00e1m\"\n                            target=\"_self\"\n                                                    >P\u0159ipojte se k n\u00e1m<\/a>\n\t\t\t\t\t\n\t\t\t\t\t\t\t\t\t\t\n\t\t\t\t<\/div>\n\t\t\t\t\t<\/div>\n\t<\/div>\n<\/div>","protected":false},"excerpt":{"rendered":"<p>Na\u0161e zam\u011b\u0159en\u00ed Software Engineering Zde za\u010d\u00edn\u00e1 inovace. Pom\u00e1h\u00e1me na\u0161emu podnik\u00e1n\u00ed dod\u00e1vat na trh nej\u00fa\u010dinn\u011bj\u0161\u00ed \u0159e\u0161en\u00ed vytv\u00e1\u0159en\u00edm webov\u00fdch a mobiln\u00edch aplikac\u00ed, kter\u00e9 na\u0161\u00ed spole\u010dnosti umo\u017e\u0148uj\u00ed digit\u00e1ln\u00ed transformaci. User Experience S na\u0161imi produktov\u00fdmi t\u00fdmy definujeme a spole\u010dn\u011b vytv\u00e1\u0159\u00edme intuitivn\u00ed a pou\u017eiteln\u00e9 digit\u00e1ln\u00ed produkty, abychom zajistili, \u017ee v\u0161echny n\u00e1stroje a \u0159e\u0161en\u00ed, kter\u00e1 dod\u00e1v\u00e1me, jsou u\u017eivatelsky vhodn\u00e9. Agile Development [&hellip;]<\/p>\n","protected":false},"author":545,"featured_media":4431,"parent":0,"menu_order":0,"comment_status":"closed","ping_status":"closed","template":"","meta":{"_acf_changed":false,"bdl_company_name":[],"bdl_item_external_link":[],"editor_notices":[],"footnotes":""},"class_list":["post-1755","page","type-page","status-publish","has-post-thumbnail","hentry"],"yoast_head":"<!-- This site is optimized with the Yoast SEO plugin v21.9.1 - https:\/\/yoast.com\/wordpress\/plugins\/seo\/ -->\n<title>IT - MSD \u010cesk\u00e1 republika<\/title>\n<meta name=\"description\" content=\"V MSD definujeme zdravotn\u00ed p\u00e9\u010di pomoc\u00ed digit\u00e1ln\u00edch inovac\u00ed. Vyu\u017e\u00edv\u00e1me odborn\u00e9 znalosti v oblasti softwarov\u00e9ho in\u017een\u00fdrstv\u00ed, s\u00edt\u00ed a digit\u00e1ln\u00edho marketingu.\" \/>\n<meta name=\"robots\" content=\"index, follow, max-snippet:-1, max-image-preview:large, max-video-preview:-1\" \/>\n<link rel=\"canonical\" href=\"https:\/\/www.msd.cz\/cs\/it\/\" \/>\n<meta property=\"og:locale\" content=\"en_US\" \/>\n<meta property=\"og:type\" content=\"article\" \/>\n<meta property=\"og:title\" content=\"IT - MSD \u010cesk\u00e1 republika\" \/>\n<meta property=\"og:description\" content=\"V MSD definujeme zdravotn\u00ed p\u00e9\u010di pomoc\u00ed digit\u00e1ln\u00edch inovac\u00ed. Vyu\u017e\u00edv\u00e1me odborn\u00e9 znalosti v oblasti softwarov\u00e9ho in\u017een\u00fdrstv\u00ed, s\u00edt\u00ed a digit\u00e1ln\u00edho marketingu.\" \/>\n<meta property=\"og:url\" content=\"https:\/\/www.msd.cz\/cs\/it\/\" \/>\n<meta property=\"og:site_name\" content=\"MSD \u010cesk\u00e1 republika\" \/>\n<meta property=\"article:publisher\" content=\"https:\/\/www.facebook.com\/MSDInvents\/\" \/>\n<meta property=\"article:modified_time\" content=\"2024-07-30T13:35:34+00:00\" \/>\n<meta property=\"og:image\" content=\"https:\/\/www.msd.cz\/cs\/wp-content\/uploads\/sites\/62\/2023\/02\/web_hp_top_employer23.png\" \/>\n\t<meta property=\"og:image:width\" content=\"751\" \/>\n\t<meta property=\"og:image:height\" content=\"843\" \/>\n\t<meta property=\"og:image:type\" content=\"image\/png\" \/>\n<meta name=\"twitter:card\" content=\"summary_large_image\" \/>\n<meta name=\"twitter:site\" content=\"@MSDczech\" \/>\n<meta name=\"twitter:label1\" content=\"Est. reading time\" \/>\n\t<meta name=\"twitter:data1\" content=\"3 minutes\" \/>\n<script type=\"application\/ld+json\" class=\"yoast-schema-graph\">{\"@context\":\"https:\/\/schema.org\",\"@graph\":[{\"@type\":\"WebPage\",\"@id\":\"https:\/\/www.msd.cz\/cs\/it\/\",\"url\":\"https:\/\/www.msd.cz\/cs\/it\/\",\"name\":\"IT - MSD \u010cesk\u00e1 republika\",\"isPartOf\":{\"@id\":\"https:\/\/www.msd.cz\/cs\/#website\"},\"datePublished\":\"2021-10-18T12:53:55+00:00\",\"dateModified\":\"2024-07-30T13:35:34+00:00\",\"description\":\"V MSD definujeme zdravotn\u00ed p\u00e9\u010di pomoc\u00ed digit\u00e1ln\u00edch inovac\u00ed. Vyu\u017e\u00edv\u00e1me odborn\u00e9 znalosti v oblasti softwarov\u00e9ho in\u017een\u00fdrstv\u00ed, s\u00edt\u00ed a digit\u00e1ln\u00edho marketingu.\",\"inLanguage\":\"en-US\",\"potentialAction\":[{\"@type\":\"ReadAction\",\"target\":[\"https:\/\/www.msd.cz\/cs\/it\/\"]}]},{\"@type\":\"WebSite\",\"@id\":\"https:\/\/www.msd.cz\/cs\/#website\",\"url\":\"https:\/\/www.msd.cz\/cs\/\",\"name\":\"MSD \u010cesk\u00e1 republika\",\"description\":\"Just another vip2-msd.com site\",\"publisher\":{\"@id\":\"https:\/\/www.msd.cz\/cs\/#organization\"},\"potentialAction\":[{\"@type\":\"SearchAction\",\"target\":{\"@type\":\"EntryPoint\",\"urlTemplate\":\"https:\/\/www.msd.cz\/cs\/?s={search_term_string}\"},\"query-input\":\"required name=search_term_string\"}],\"inLanguage\":\"en-US\"},{\"@type\":\"Organization\",\"@id\":\"https:\/\/www.msd.cz\/cs\/#organization\",\"name\":\"MSD Czech Republic\",\"url\":\"https:\/\/www.msd.cz\/cs\/\",\"logo\":{\"@type\":\"ImageObject\",\"inLanguage\":\"en-US\",\"@id\":\"https:\/\/www.msd.cz\/cs\/#\/schema\/logo\/image\/\",\"url\":\"https:\/\/www.msd.cz\/cs\/wp-content\/uploads\/sites\/62\/2020\/10\/MSD.png\",\"contentUrl\":\"https:\/\/www.msd.cz\/cs\/wp-content\/uploads\/sites\/62\/2020\/10\/MSD.png\",\"width\":2536,\"height\":1382,\"caption\":\"MSD Czech Republic\"},\"image\":{\"@id\":\"https:\/\/www.msd.cz\/cs\/#\/schema\/logo\/image\/\"},\"sameAs\":[\"https:\/\/www.facebook.com\/MSDInvents\/\",\"https:\/\/twitter.com\/MSDczech\",\"https:\/\/www.instagram.com\/msdinvents\/\",\"https:\/\/www.linkedin.com\/company\/msdczech\/\",\"https:\/\/www.youtube.com\/channel\/UCzw0K-BF3OzlQVYn6BGHQQw\"]}]}<\/script>\n<!-- \/ Yoast SEO plugin. -->","yoast_head_json":{"title":"IT - MSD \u010cesk\u00e1 republika","description":"V MSD definujeme zdravotn\u00ed p\u00e9\u010di pomoc\u00ed digit\u00e1ln\u00edch inovac\u00ed. Vyu\u017e\u00edv\u00e1me odborn\u00e9 znalosti v oblasti softwarov\u00e9ho in\u017een\u00fdrstv\u00ed, s\u00edt\u00ed a digit\u00e1ln\u00edho marketingu.","robots":{"index":"index","follow":"follow","max-snippet":"max-snippet:-1","max-image-preview":"max-image-preview:large","max-video-preview":"max-video-preview:-1"},"canonical":"https:\/\/www.msd.cz\/cs\/it\/","og_locale":"en_US","og_type":"article","og_title":"IT - MSD \u010cesk\u00e1 republika","og_description":"V MSD definujeme zdravotn\u00ed p\u00e9\u010di pomoc\u00ed digit\u00e1ln\u00edch inovac\u00ed. Vyu\u017e\u00edv\u00e1me odborn\u00e9 znalosti v oblasti softwarov\u00e9ho in\u017een\u00fdrstv\u00ed, s\u00edt\u00ed a digit\u00e1ln\u00edho marketingu.","og_url":"https:\/\/www.msd.cz\/cs\/it\/","og_site_name":"MSD \u010cesk\u00e1 republika","article_publisher":"https:\/\/www.facebook.com\/MSDInvents\/","article_modified_time":"2024-07-30T13:35:34+00:00","og_image":[{"width":751,"height":843,"url":"https:\/\/www.msd.cz\/cs\/wp-content\/uploads\/sites\/62\/2023\/02\/web_hp_top_employer23.png","type":"image\/png"}],"twitter_card":"summary_large_image","twitter_site":"@MSDczech","twitter_misc":{"Est. reading time":"3 minutes"},"schema":{"@context":"https:\/\/schema.org","@graph":[{"@type":"WebPage","@id":"https:\/\/www.msd.cz\/cs\/it\/","url":"https:\/\/www.msd.cz\/cs\/it\/","name":"IT - MSD \u010cesk\u00e1 republika","isPartOf":{"@id":"https:\/\/www.msd.cz\/cs\/#website"},"datePublished":"2021-10-18T12:53:55+00:00","dateModified":"2024-07-30T13:35:34+00:00","description":"V MSD definujeme zdravotn\u00ed p\u00e9\u010di pomoc\u00ed digit\u00e1ln\u00edch inovac\u00ed. Vyu\u017e\u00edv\u00e1me odborn\u00e9 znalosti v oblasti softwarov\u00e9ho in\u017een\u00fdrstv\u00ed, s\u00edt\u00ed a digit\u00e1ln\u00edho marketingu.","inLanguage":"en-US","potentialAction":[{"@type":"ReadAction","target":["https:\/\/www.msd.cz\/cs\/it\/"]}]},{"@type":"WebSite","@id":"https:\/\/www.msd.cz\/cs\/#website","url":"https:\/\/www.msd.cz\/cs\/","name":"MSD \u010cesk\u00e1 republika","description":"Just another vip2-msd.com site","publisher":{"@id":"https:\/\/www.msd.cz\/cs\/#organization"},"potentialAction":[{"@type":"SearchAction","target":{"@type":"EntryPoint","urlTemplate":"https:\/\/www.msd.cz\/cs\/?s={search_term_string}"},"query-input":"required name=search_term_string"}],"inLanguage":"en-US"},{"@type":"Organization","@id":"https:\/\/www.msd.cz\/cs\/#organization","name":"MSD Czech Republic","url":"https:\/\/www.msd.cz\/cs\/","logo":{"@type":"ImageObject","inLanguage":"en-US","@id":"https:\/\/www.msd.cz\/cs\/#\/schema\/logo\/image\/","url":"https:\/\/www.msd.cz\/cs\/wp-content\/uploads\/sites\/62\/2020\/10\/MSD.png","contentUrl":"https:\/\/www.msd.cz\/cs\/wp-content\/uploads\/sites\/62\/2020\/10\/MSD.png","width":2536,"height":1382,"caption":"MSD Czech Republic"},"image":{"@id":"https:\/\/www.msd.cz\/cs\/#\/schema\/logo\/image\/"},"sameAs":["https:\/\/www.facebook.com\/MSDInvents\/","https:\/\/twitter.com\/MSDczech","https:\/\/www.instagram.com\/msdinvents\/","https:\/\/www.linkedin.com\/company\/msdczech\/","https:\/\/www.youtube.com\/channel\/UCzw0K-BF3OzlQVYn6BGHQQw"]}]}},"acf":[],"_links":{"self":[{"href":"https:\/\/www.msd.cz\/cs\/wp-json\/wp\/v2\/pages\/1755","targetHints":{"allow":["GET"]}}],"collection":[{"href":"https:\/\/www.msd.cz\/cs\/wp-json\/wp\/v2\/pages"}],"about":[{"href":"https:\/\/www.msd.cz\/cs\/wp-json\/wp\/v2\/types\/page"}],"author":[{"embeddable":true,"href":"https:\/\/www.msd.cz\/cs\/wp-json\/wp\/v2\/users\/545"}],"replies":[{"embeddable":true,"href":"https:\/\/www.msd.cz\/cs\/wp-json\/wp\/v2\/comments?post=1755"}],"version-history":[{"count":59,"href":"https:\/\/www.msd.cz\/cs\/wp-json\/wp\/v2\/pages\/1755\/revisions"}],"predecessor-version":[{"id":4880,"href":"https:\/\/www.msd.cz\/cs\/wp-json\/wp\/v2\/pages\/1755\/revisions\/4880"}],"wp:featuredmedia":[{"embeddable":true,"href":"https:\/\/www.msd.cz\/cs\/wp-json\/wp\/v2\/media\/4431"}],"wp:attachment":[{"href":"https:\/\/www.msd.cz\/cs\/wp-json\/wp\/v2\/media?parent=1755"}],"curies":[{"name":"wp","href":"https:\/\/api.w.org\/{rel}","templated":true}]}}