{"id":1753,"date":"2021-10-18T12:53:42","date_gmt":"2021-10-18T12:53:42","guid":{"rendered":"https:\/\/www.msd.cz\/cs\/?page_id=1753"},"modified":"2021-11-18T10:08:36","modified_gmt":"2021-11-18T10:08:36","slug":"zdravi-zvirat","status":"publish","type":"page","link":"https:\/\/www.msd.cz\/cs\/zdravi-zvirat\/","title":{"rendered":"Zdrav\u00ed zv\u00ed\u0159at"},"content":{"rendered":"\n<p><\/p>\n\n\n<div id=\"mco-title-block-block_61709c36d4fad\" \n\t class=\"mco-title-block mccberg-block has-background full negative\" \n\t style='background-image: url(https:\/\/www.msd.cz\/cs\/wp-content\/uploads\/sites\/62\/2021\/10\/ah-00-p1-header-dark-1920x900-1.jpg?w=1600);'\t >\n\t<div class=\"wrapper\">\n\t\t<div class=\"mco-title-block-content\">\n\t\t\t\n\t\t\t<h2 class=\"mco-title-block-title\">Sv\u011bt pot\u0159ebuje zdrav\u00e1 zv\u00ed\u0159ata<\/h2>\n\n\t\t\t\t\t\t\t<p class=\"mco-title-block-description\"><div id=\"page-wrapper\" class=\"mrk-clearfix\">\n<div class=\"mrk-grid mrk-clearfix global-wrapper\">\n<div id=\"middle\">\n<div id=\"j_id_ta\" class=\"mrk-section mrk-clearfix   \">\n<div class=\"SiteEditCP\">\n<section class=\"header ah-00 hide-on-med-and-down\" role=\"main\">\n<div class=\"container\">\n<div class=\"row\">\n<div class=\"col m7 s12\">\n<h4 class=\"pa-lg white_text\">MSD Animal Health je p\u0159edn\u00ed spole\u010dnost\u00ed ve v\u00fdzkumu, v\u00fdvoji, v\u00fdrob\u011b a prodeji veterin\u00e1rn\u00edch l\u00e9\u010div. N\u00e1\u0161 v\u00fdzkum pom\u00e1h\u00e1 chr\u00e1nit ve\u0159ejn\u00e9 zdrav\u00ed v glob\u00e1ln\u00edm m\u011b\u0159\u00edtku a zaji\u0161\u0165ovat bezpe\u010dnost potravin.<\/h4>\n<\/div>\n<\/div>\n<\/div>\n<\/section>\n<\/div>\n<\/div>\n<\/div>\n<\/div>\n<\/div>\n<p>&nbsp;<\/p>\n<p>&nbsp;<\/p>\n<p>&nbsp;<\/p>\n<p>&nbsp;<\/p>\n<p>&nbsp;<\/p>\n<\/p>\n\t\t\t\t\t\t\n\t\t\t \n\t\t\t\t<div class=\"mco-title-block-cta-container\">\n\n\t\t\t\t\t\t\t\t\t\t\t<a\n                            class=\"btn mco-title-block-cta-btn\"\n                            href=\"https:\/\/www.msd-animal-health.cz\/\"\n                            title=\"ZJISTIT V\u00cdCE\"\n                            target=\"_blank\"\n                                                    >ZJISTIT V\u00cdCE<\/a>\n\t\t\t\t\t\n\t\t\t\t\t\t\t\t\t\t\n\t\t\t\t<\/div>\n\t\t\t\t\t<\/div>\n\t<\/div>\n<\/div>\n\n\n<div class=\"wp-block-group\"><div class=\"wp-block-group__inner-container is-layout-flow wp-block-group-is-layout-flow\">\n<div class=\"wp-block-columns are-vertically-aligned-center is-layout-flex wp-container-core-columns-is-layout-9d6595d7 wp-block-columns-is-layout-flex\">\n<div class=\"wp-block-column is-vertically-aligned-center is-layout-flow wp-block-column-is-layout-flow\" style=\"flex-basis:100%\"><\/div>\n<\/div>\n<\/div><\/div>\n","protected":false},"excerpt":{"rendered":"","protected":false},"author":545,"featured_media":0,"parent":0,"menu_order":0,"comment_status":"closed","ping_status":"closed","template":"","meta":{"_acf_changed":false,"bdl_company_name":[],"bdl_item_external_link":[],"editor_notices":[],"footnotes":""},"class_list":["post-1753","page","type-page","status-publish","hentry"],"yoast_head":"<!-- This site is optimized with the Yoast SEO plugin v21.9.1 - https:\/\/yoast.com\/wordpress\/plugins\/seo\/ -->\n<title>Zdrav\u00ed zv\u00ed\u0159at - MSD \u010cesk\u00e1 republika<\/title>\n<meta name=\"robots\" content=\"index, follow, max-snippet:-1, max-image-preview:large, max-video-preview:-1\" \/>\n<link rel=\"canonical\" href=\"https:\/\/www.msd.cz\/cs\/zdravi-zvirat\/\" \/>\n<meta property=\"og:locale\" content=\"en_US\" \/>\n<meta property=\"og:type\" content=\"article\" \/>\n<meta property=\"og:title\" content=\"Zdrav\u00ed zv\u00ed\u0159at - MSD \u010cesk\u00e1 republika\" \/>\n<meta property=\"og:url\" content=\"https:\/\/www.msd.cz\/cs\/zdravi-zvirat\/\" \/>\n<meta property=\"og:site_name\" content=\"MSD \u010cesk\u00e1 republika\" \/>\n<meta property=\"article:publisher\" content=\"https:\/\/www.facebook.com\/MSDInvents\/\" \/>\n<meta property=\"article:modified_time\" content=\"2021-11-18T10:08:36+00:00\" \/>\n<meta property=\"og:image\" content=\"https:\/\/www.msd.cz\/cs\/wp-content\/uploads\/sites\/62\/2020\/10\/MSD.png\" \/>\n\t<meta property=\"og:image:width\" content=\"2536\" \/>\n\t<meta property=\"og:image:height\" content=\"1382\" \/>\n\t<meta property=\"og:image:type\" content=\"image\/png\" \/>\n<meta name=\"twitter:card\" content=\"summary_large_image\" \/>\n<meta name=\"twitter:site\" content=\"@MSDczech\" \/>\n<script type=\"application\/ld+json\" class=\"yoast-schema-graph\">{\"@context\":\"https:\/\/schema.org\",\"@graph\":[{\"@type\":\"WebPage\",\"@id\":\"https:\/\/www.msd.cz\/cs\/zdravi-zvirat\/\",\"url\":\"https:\/\/www.msd.cz\/cs\/zdravi-zvirat\/\",\"name\":\"Zdrav\u00ed zv\u00ed\u0159at - MSD \u010cesk\u00e1 republika\",\"isPartOf\":{\"@id\":\"https:\/\/www.msd.cz\/cs\/#website\"},\"datePublished\":\"2021-10-18T12:53:42+00:00\",\"dateModified\":\"2021-11-18T10:08:36+00:00\",\"inLanguage\":\"en-US\",\"potentialAction\":[{\"@type\":\"ReadAction\",\"target\":[\"https:\/\/www.msd.cz\/cs\/zdravi-zvirat\/\"]}]},{\"@type\":\"WebSite\",\"@id\":\"https:\/\/www.msd.cz\/cs\/#website\",\"url\":\"https:\/\/www.msd.cz\/cs\/\",\"name\":\"MSD \u010cesk\u00e1 republika\",\"description\":\"Just another vip2-msd.com site\",\"publisher\":{\"@id\":\"https:\/\/www.msd.cz\/cs\/#organization\"},\"potentialAction\":[{\"@type\":\"SearchAction\",\"target\":{\"@type\":\"EntryPoint\",\"urlTemplate\":\"https:\/\/www.msd.cz\/cs\/?s={search_term_string}\"},\"query-input\":\"required name=search_term_string\"}],\"inLanguage\":\"en-US\"},{\"@type\":\"Organization\",\"@id\":\"https:\/\/www.msd.cz\/cs\/#organization\",\"name\":\"MSD Czech Republic\",\"url\":\"https:\/\/www.msd.cz\/cs\/\",\"logo\":{\"@type\":\"ImageObject\",\"inLanguage\":\"en-US\",\"@id\":\"https:\/\/www.msd.cz\/cs\/#\/schema\/logo\/image\/\",\"url\":\"https:\/\/www.msd.cz\/cs\/wp-content\/uploads\/sites\/62\/2020\/10\/MSD.png\",\"contentUrl\":\"https:\/\/www.msd.cz\/cs\/wp-content\/uploads\/sites\/62\/2020\/10\/MSD.png\",\"width\":2536,\"height\":1382,\"caption\":\"MSD Czech Republic\"},\"image\":{\"@id\":\"https:\/\/www.msd.cz\/cs\/#\/schema\/logo\/image\/\"},\"sameAs\":[\"https:\/\/www.facebook.com\/MSDInvents\/\",\"https:\/\/twitter.com\/MSDczech\",\"https:\/\/www.instagram.com\/msdinvents\/\",\"https:\/\/www.linkedin.com\/company\/msdczech\/\",\"https:\/\/www.youtube.com\/channel\/UCzw0K-BF3OzlQVYn6BGHQQw\"]}]}<\/script>\n<!-- \/ Yoast SEO plugin. -->","yoast_head_json":{"title":"Zdrav\u00ed zv\u00ed\u0159at - MSD \u010cesk\u00e1 republika","robots":{"index":"index","follow":"follow","max-snippet":"max-snippet:-1","max-image-preview":"max-image-preview:large","max-video-preview":"max-video-preview:-1"},"canonical":"https:\/\/www.msd.cz\/cs\/zdravi-zvirat\/","og_locale":"en_US","og_type":"article","og_title":"Zdrav\u00ed zv\u00ed\u0159at - MSD \u010cesk\u00e1 republika","og_url":"https:\/\/www.msd.cz\/cs\/zdravi-zvirat\/","og_site_name":"MSD \u010cesk\u00e1 republika","article_publisher":"https:\/\/www.facebook.com\/MSDInvents\/","article_modified_time":"2021-11-18T10:08:36+00:00","og_image":[{"width":2536,"height":1382,"url":"https:\/\/www.msd.cz\/cs\/wp-content\/uploads\/sites\/62\/2020\/10\/MSD.png","type":"image\/png"}],"twitter_card":"summary_large_image","twitter_site":"@MSDczech","schema":{"@context":"https:\/\/schema.org","@graph":[{"@type":"WebPage","@id":"https:\/\/www.msd.cz\/cs\/zdravi-zvirat\/","url":"https:\/\/www.msd.cz\/cs\/zdravi-zvirat\/","name":"Zdrav\u00ed zv\u00ed\u0159at - MSD \u010cesk\u00e1 republika","isPartOf":{"@id":"https:\/\/www.msd.cz\/cs\/#website"},"datePublished":"2021-10-18T12:53:42+00:00","dateModified":"2021-11-18T10:08:36+00:00","inLanguage":"en-US","potentialAction":[{"@type":"ReadAction","target":["https:\/\/www.msd.cz\/cs\/zdravi-zvirat\/"]}]},{"@type":"WebSite","@id":"https:\/\/www.msd.cz\/cs\/#website","url":"https:\/\/www.msd.cz\/cs\/","name":"MSD \u010cesk\u00e1 republika","description":"Just another vip2-msd.com site","publisher":{"@id":"https:\/\/www.msd.cz\/cs\/#organization"},"potentialAction":[{"@type":"SearchAction","target":{"@type":"EntryPoint","urlTemplate":"https:\/\/www.msd.cz\/cs\/?s={search_term_string}"},"query-input":"required name=search_term_string"}],"inLanguage":"en-US"},{"@type":"Organization","@id":"https:\/\/www.msd.cz\/cs\/#organization","name":"MSD Czech Republic","url":"https:\/\/www.msd.cz\/cs\/","logo":{"@type":"ImageObject","inLanguage":"en-US","@id":"https:\/\/www.msd.cz\/cs\/#\/schema\/logo\/image\/","url":"https:\/\/www.msd.cz\/cs\/wp-content\/uploads\/sites\/62\/2020\/10\/MSD.png","contentUrl":"https:\/\/www.msd.cz\/cs\/wp-content\/uploads\/sites\/62\/2020\/10\/MSD.png","width":2536,"height":1382,"caption":"MSD Czech Republic"},"image":{"@id":"https:\/\/www.msd.cz\/cs\/#\/schema\/logo\/image\/"},"sameAs":["https:\/\/www.facebook.com\/MSDInvents\/","https:\/\/twitter.com\/MSDczech","https:\/\/www.instagram.com\/msdinvents\/","https:\/\/www.linkedin.com\/company\/msdczech\/","https:\/\/www.youtube.com\/channel\/UCzw0K-BF3OzlQVYn6BGHQQw"]}]}},"acf":[],"_links":{"self":[{"href":"https:\/\/www.msd.cz\/cs\/wp-json\/wp\/v2\/pages\/1753","targetHints":{"allow":["GET"]}}],"collection":[{"href":"https:\/\/www.msd.cz\/cs\/wp-json\/wp\/v2\/pages"}],"about":[{"href":"https:\/\/www.msd.cz\/cs\/wp-json\/wp\/v2\/types\/page"}],"author":[{"embeddable":true,"href":"https:\/\/www.msd.cz\/cs\/wp-json\/wp\/v2\/users\/545"}],"replies":[{"embeddable":true,"href":"https:\/\/www.msd.cz\/cs\/wp-json\/wp\/v2\/comments?post=1753"}],"version-history":[{"count":31,"href":"https:\/\/www.msd.cz\/cs\/wp-json\/wp\/v2\/pages\/1753\/revisions"}],"predecessor-version":[{"id":2871,"href":"https:\/\/www.msd.cz\/cs\/wp-json\/wp\/v2\/pages\/1753\/revisions\/2871"}],"wp:attachment":[{"href":"https:\/\/www.msd.cz\/cs\/wp-json\/wp\/v2\/media?parent=1753"}],"curies":[{"name":"wp","href":"https:\/\/api.w.org\/{rel}","templated":true}]}}