{"id":1742,"date":"2021-10-18T12:45:36","date_gmt":"2021-10-18T12:45:36","guid":{"rendered":"https:\/\/www.msd.cz\/cs\/?page_id=1742"},"modified":"2022-02-08T15:18:25","modified_gmt":"2022-02-08T15:18:25","slug":"novinky","status":"publish","type":"page","link":"https:\/\/www.msd.cz\/cs\/msd-ceska-republika\/novinky\/","title":{"rendered":"Novinky"},"content":{"rendered":"<div id=\"mco-title-block-block_6194f6477b5fe\" \n\t class=\"mco-title-block mccberg-block has-background full negative\" \n\t style='background-image: url(https:\/\/www.msd.cz\/cs\/wp-content\/uploads\/sites\/62\/2021\/11\/about_us-06-p1-header-dark-1920x900-1.jpg?w=1600);'\t >\n\t<div class=\"wrapper\">\n\t\t<div class=\"mco-title-block-content\">\n\t\t\t\n\t\t\t<h2 class=\"mco-title-block-title\">Novinky<\/h2>\n\n\t\t\t\t\t\t\t<p class=\"mco-title-block-description\"><h4>I kdy\u017e jsme \u0161iroce zn\u00e1m\u00ed jako p\u0159edn\u00ed glob\u00e1ln\u00ed biofarmaceutick\u00e1 spole\u010dnost, d\u011bl\u00e1me mnohem v\u00edce. R\u00e1di se pod\u011bl\u00edme o sv\u00e9 znalosti a pom\u00e1h\u00e1me rozv\u00edjet ostatn\u00ed, m\u00e1me z\u00e1jem o dobrovolnictv\u00ed, propojujeme a podporujeme profesn\u00ed \u017eivot v komunit\u011b. P\u0159e\u010dt\u011bte si nejnov\u011bj\u0161\u00ed zpr\u00e1vy a p\u0159\u00edb\u011bhy.<\/h4>\n<\/p>\n\t\t\t\t\t\t\n\t\t\t\t\t<\/div>\n\t<\/div>\n<\/div>\n\n<div id=\"mco-d8-press-release-search-block-block_5f930b6909ae2\" class=\"mco-d8-press-release-search-block mb-2\">\n    <!-- display search and filters conditionally -->\n\t    <div class=\"d8-search-container\">\n        <div class=\"d8-search-bar-container\">\n            <p class=\"d8-search-label\">Search:<\/p>\n            <input type=\"text\" id=\"d8-search-input\" class=\"d8-search-input\" placeholder=\"Keyword\"  aria-label=\"Search keyword\"\/>\n        <\/div>\n\n        <div class=\"d8-year-filter-container\">\n\t\t\t<label for=\"d8-year-filter\">\n\t\t\t\t<p class=\"d8-search-label\">Filter year:<\/p>\n\t\t\t<\/label>\n            <div class=\"dropdown-list-container\">\n                <select id=\"d8-year-filter\" class=\"dropdown-list d8-year-filter\" aria-label=\"Filter year\">\n                    <option>All<\/option>\n                    <option>2025<\/option><option>2024<\/option><option>2023<\/option><option>2022<\/option><option>2021<\/option><option>2020<\/option><option>2019<\/option>                <\/select>\n            <\/div>\n            \n            \n        <\/div>\n\t\t\n\t\t<!-- Loop through this -->\n\t\t\t\t\n    <\/div>\n\n    <div class=\"d8-search-buttons-container\">\n        <div>\n            <button class=\"btn d8-cancel\">Reset<\/button> <button class=\"btn d8-search\">Search<\/button>\n        <\/div>\n    <\/div>\n        <div class=\"d8-results-container\">\n        <h3 id=\"no-search-result-found\" style=\"display: none; text-align: center\">Sorry, there aren&#039;t any company statements available for this query.<\/h3>\n    <\/div>\n\n    <div class=\"d8-pagination-container pagination-container\">\n        <div class=\"d8-pagination-settings pagination-settings\">\n\t\t\t<label for=\"d8-results-per-page-setting\">\n\t\t\t\t<p>Items per page <\/p>\n\t\t\t<\/label>\n            <div class=\"dropdown-list-container\">\n                <select id=\"d8-results-per-page-setting\" class=\"dropdown-list d8-results-per-page-setting\" aria-label=\"Items per page\">\n                    <option>10<\/option>\n                    <option>25<\/option>\n                    <option>50<\/option>\n                    <option>100<\/option>\n                <\/select>\n            <\/div>\n        <\/div>\n\n        <div class=\"d8-pagination-pagers pagination-pagers\">\n            <p>1-10 of 100<\/p>\n            <div id=\"d8-arrow-left\" class=\"d8-page-left page-left\"><\/div>\n            <div id=\"d8-arrow-right\" class=\"d8-page-right page-right\"><\/div>\n        <\/div>\n    <\/div>\n<\/div>\n<script>\n    var checkAll = document.querySelector('input[name=d8-all]');\n    var checkboxes = document.querySelectorAll('.d8-checkbox-category');\n\n\tif (checkAll) {\n\t\tcheckAll.onchange = function() {\n\t\t\tcheckboxes.forEach(x => x.checked = this.checked);\n\t\t};\n\t}\n\n\tif (checkboxes) {\n\t\tcheckboxes.forEach(x => {\n\t\tx.onchange = function() {\n\t\t\tif (this.checked) {\n\t\t\tvar checkboxesChecked = document.querySelectorAll(\".d8-checkbox-category:checked\"); \/\/ Collects all checked\/selected checkboxes.\n\t\t\t\tif (checkboxesChecked.length >= checkboxes.length) {\n\t\t\t\t\tcheckAll.checked = true;\n\t\t\t\t}\n\t\t\t\t} else {\n\t\t\t\t\tcheckAll.checked = false;\n\t\t\t\t}\n\t\t\t};\n\t\t});\n\t}\n<\/script>\n","protected":false},"excerpt":{"rendered":"","protected":false},"author":545,"featured_media":0,"parent":1678,"menu_order":0,"comment_status":"closed","ping_status":"closed","template":"","meta":{"_acf_changed":false,"bdl_company_name":[],"bdl_item_external_link":[],"editor_notices":[],"footnotes":""},"class_list":["post-1742","page","type-page","status-publish","hentry"],"yoast_head":"<!-- This site is optimized with the Yoast SEO plugin v21.9.1 - https:\/\/yoast.com\/wordpress\/plugins\/seo\/ -->\n<title>Novinky - MSD \u010cesk\u00e1 republika<\/title>\n<meta name=\"robots\" content=\"index, follow, max-snippet:-1, max-image-preview:large, max-video-preview:-1\" \/>\n<link rel=\"canonical\" href=\"https:\/\/www.msd.cz\/cs\/msd-ceska-republika\/novinky\/\" \/>\n<meta property=\"og:locale\" content=\"en_US\" \/>\n<meta property=\"og:type\" content=\"article\" \/>\n<meta property=\"og:title\" content=\"Novinky - MSD \u010cesk\u00e1 republika\" \/>\n<meta property=\"og:url\" content=\"https:\/\/www.msd.cz\/cs\/msd-ceska-republika\/novinky\/\" \/>\n<meta property=\"og:site_name\" content=\"MSD \u010cesk\u00e1 republika\" \/>\n<meta property=\"article:publisher\" content=\"https:\/\/www.facebook.com\/MSDInvents\/\" \/>\n<meta property=\"article:modified_time\" content=\"2022-02-08T15:18:25+00:00\" \/>\n<meta property=\"og:image\" content=\"https:\/\/www.msd.cz\/cs\/wp-content\/uploads\/sites\/62\/2020\/10\/MSD.png\" \/>\n\t<meta property=\"og:image:width\" content=\"2536\" \/>\n\t<meta property=\"og:image:height\" content=\"1382\" \/>\n\t<meta property=\"og:image:type\" content=\"image\/png\" \/>\n<meta name=\"twitter:card\" content=\"summary_large_image\" \/>\n<meta name=\"twitter:site\" content=\"@MSDczech\" \/>\n<script type=\"application\/ld+json\" class=\"yoast-schema-graph\">{\"@context\":\"https:\/\/schema.org\",\"@graph\":[{\"@type\":\"WebPage\",\"@id\":\"https:\/\/www.msd.cz\/cs\/msd-ceska-republika\/novinky\/\",\"url\":\"https:\/\/www.msd.cz\/cs\/msd-ceska-republika\/novinky\/\",\"name\":\"Novinky - MSD \u010cesk\u00e1 republika\",\"isPartOf\":{\"@id\":\"https:\/\/www.msd.cz\/cs\/#website\"},\"datePublished\":\"2021-10-18T12:45:36+00:00\",\"dateModified\":\"2022-02-08T15:18:25+00:00\",\"breadcrumb\":{\"@id\":\"https:\/\/www.msd.cz\/cs\/msd-ceska-republika\/novinky\/#breadcrumb\"},\"inLanguage\":\"en-US\",\"potentialAction\":[{\"@type\":\"ReadAction\",\"target\":[\"https:\/\/www.msd.cz\/cs\/msd-ceska-republika\/novinky\/\"]}]},{\"@type\":\"BreadcrumbList\",\"@id\":\"https:\/\/www.msd.cz\/cs\/msd-ceska-republika\/novinky\/#breadcrumb\",\"itemListElement\":[{\"@type\":\"ListItem\",\"position\":1,\"name\":\"MSD \u010cesk\u00e1 republika\",\"item\":\"https:\/\/www.msd.cz\/cs\/\"},{\"@type\":\"ListItem\",\"position\":2,\"name\":\"Novinky\"}]},{\"@type\":\"WebSite\",\"@id\":\"https:\/\/www.msd.cz\/cs\/#website\",\"url\":\"https:\/\/www.msd.cz\/cs\/\",\"name\":\"MSD \u010cesk\u00e1 republika\",\"description\":\"Just another vip2-msd.com site\",\"publisher\":{\"@id\":\"https:\/\/www.msd.cz\/cs\/#organization\"},\"potentialAction\":[{\"@type\":\"SearchAction\",\"target\":{\"@type\":\"EntryPoint\",\"urlTemplate\":\"https:\/\/www.msd.cz\/cs\/?s={search_term_string}\"},\"query-input\":\"required name=search_term_string\"}],\"inLanguage\":\"en-US\"},{\"@type\":\"Organization\",\"@id\":\"https:\/\/www.msd.cz\/cs\/#organization\",\"name\":\"MSD Czech Republic\",\"url\":\"https:\/\/www.msd.cz\/cs\/\",\"logo\":{\"@type\":\"ImageObject\",\"inLanguage\":\"en-US\",\"@id\":\"https:\/\/www.msd.cz\/cs\/#\/schema\/logo\/image\/\",\"url\":\"https:\/\/www.msd.cz\/cs\/wp-content\/uploads\/sites\/62\/2020\/10\/MSD.png\",\"contentUrl\":\"https:\/\/www.msd.cz\/cs\/wp-content\/uploads\/sites\/62\/2020\/10\/MSD.png\",\"width\":2536,\"height\":1382,\"caption\":\"MSD Czech Republic\"},\"image\":{\"@id\":\"https:\/\/www.msd.cz\/cs\/#\/schema\/logo\/image\/\"},\"sameAs\":[\"https:\/\/www.facebook.com\/MSDInvents\/\",\"https:\/\/twitter.com\/MSDczech\",\"https:\/\/www.instagram.com\/msdinvents\/\",\"https:\/\/www.linkedin.com\/company\/msdczech\/\",\"https:\/\/www.youtube.com\/channel\/UCzw0K-BF3OzlQVYn6BGHQQw\"]}]}<\/script>\n<!-- \/ Yoast SEO plugin. -->","yoast_head_json":{"title":"Novinky - MSD \u010cesk\u00e1 republika","robots":{"index":"index","follow":"follow","max-snippet":"max-snippet:-1","max-image-preview":"max-image-preview:large","max-video-preview":"max-video-preview:-1"},"canonical":"https:\/\/www.msd.cz\/cs\/msd-ceska-republika\/novinky\/","og_locale":"en_US","og_type":"article","og_title":"Novinky - MSD \u010cesk\u00e1 republika","og_url":"https:\/\/www.msd.cz\/cs\/msd-ceska-republika\/novinky\/","og_site_name":"MSD \u010cesk\u00e1 republika","article_publisher":"https:\/\/www.facebook.com\/MSDInvents\/","article_modified_time":"2022-02-08T15:18:25+00:00","og_image":[{"width":2536,"height":1382,"url":"https:\/\/www.msd.cz\/cs\/wp-content\/uploads\/sites\/62\/2020\/10\/MSD.png","type":"image\/png"}],"twitter_card":"summary_large_image","twitter_site":"@MSDczech","schema":{"@context":"https:\/\/schema.org","@graph":[{"@type":"WebPage","@id":"https:\/\/www.msd.cz\/cs\/msd-ceska-republika\/novinky\/","url":"https:\/\/www.msd.cz\/cs\/msd-ceska-republika\/novinky\/","name":"Novinky - MSD \u010cesk\u00e1 republika","isPartOf":{"@id":"https:\/\/www.msd.cz\/cs\/#website"},"datePublished":"2021-10-18T12:45:36+00:00","dateModified":"2022-02-08T15:18:25+00:00","breadcrumb":{"@id":"https:\/\/www.msd.cz\/cs\/msd-ceska-republika\/novinky\/#breadcrumb"},"inLanguage":"en-US","potentialAction":[{"@type":"ReadAction","target":["https:\/\/www.msd.cz\/cs\/msd-ceska-republika\/novinky\/"]}]},{"@type":"BreadcrumbList","@id":"https:\/\/www.msd.cz\/cs\/msd-ceska-republika\/novinky\/#breadcrumb","itemListElement":[{"@type":"ListItem","position":1,"name":"MSD \u010cesk\u00e1 republika","item":"https:\/\/www.msd.cz\/cs\/"},{"@type":"ListItem","position":2,"name":"Novinky"}]},{"@type":"WebSite","@id":"https:\/\/www.msd.cz\/cs\/#website","url":"https:\/\/www.msd.cz\/cs\/","name":"MSD \u010cesk\u00e1 republika","description":"Just another vip2-msd.com site","publisher":{"@id":"https:\/\/www.msd.cz\/cs\/#organization"},"potentialAction":[{"@type":"SearchAction","target":{"@type":"EntryPoint","urlTemplate":"https:\/\/www.msd.cz\/cs\/?s={search_term_string}"},"query-input":"required name=search_term_string"}],"inLanguage":"en-US"},{"@type":"Organization","@id":"https:\/\/www.msd.cz\/cs\/#organization","name":"MSD Czech Republic","url":"https:\/\/www.msd.cz\/cs\/","logo":{"@type":"ImageObject","inLanguage":"en-US","@id":"https:\/\/www.msd.cz\/cs\/#\/schema\/logo\/image\/","url":"https:\/\/www.msd.cz\/cs\/wp-content\/uploads\/sites\/62\/2020\/10\/MSD.png","contentUrl":"https:\/\/www.msd.cz\/cs\/wp-content\/uploads\/sites\/62\/2020\/10\/MSD.png","width":2536,"height":1382,"caption":"MSD Czech Republic"},"image":{"@id":"https:\/\/www.msd.cz\/cs\/#\/schema\/logo\/image\/"},"sameAs":["https:\/\/www.facebook.com\/MSDInvents\/","https:\/\/twitter.com\/MSDczech","https:\/\/www.instagram.com\/msdinvents\/","https:\/\/www.linkedin.com\/company\/msdczech\/","https:\/\/www.youtube.com\/channel\/UCzw0K-BF3OzlQVYn6BGHQQw"]}]}},"acf":[],"_links":{"self":[{"href":"https:\/\/www.msd.cz\/cs\/wp-json\/wp\/v2\/pages\/1742","targetHints":{"allow":["GET"]}}],"collection":[{"href":"https:\/\/www.msd.cz\/cs\/wp-json\/wp\/v2\/pages"}],"about":[{"href":"https:\/\/www.msd.cz\/cs\/wp-json\/wp\/v2\/types\/page"}],"author":[{"embeddable":true,"href":"https:\/\/www.msd.cz\/cs\/wp-json\/wp\/v2\/users\/545"}],"replies":[{"embeddable":true,"href":"https:\/\/www.msd.cz\/cs\/wp-json\/wp\/v2\/comments?post=1742"}],"version-history":[{"count":7,"href":"https:\/\/www.msd.cz\/cs\/wp-json\/wp\/v2\/pages\/1742\/revisions"}],"predecessor-version":[{"id":2837,"href":"https:\/\/www.msd.cz\/cs\/wp-json\/wp\/v2\/pages\/1742\/revisions\/2837"}],"up":[{"embeddable":true,"href":"https:\/\/www.msd.cz\/cs\/wp-json\/wp\/v2\/pages\/1678"}],"wp:attachment":[{"href":"https:\/\/www.msd.cz\/cs\/wp-json\/wp\/v2\/media?parent=1742"}],"curies":[{"name":"wp","href":"https:\/\/api.w.org\/{rel}","templated":true}]}}