{"id":1740,"date":"2021-10-18T12:45:18","date_gmt":"2021-10-18T12:45:18","guid":{"rendered":"https:\/\/www.msd.cz\/cs\/?page_id=1740"},"modified":"2025-11-06T10:25:40","modified_gmt":"2025-11-06T10:25:40","slug":"nase-prostory","status":"publish","type":"page","link":"https:\/\/www.msd.cz\/cs\/msd-ceska-republika\/nase-prostory\/","title":{"rendered":"Na\u0161e prostory"},"content":{"rendered":"<div id=\"mco-title-block-block_d1fef8733b30a5d1ed4c75831a4ac0b2\" \n\t class=\"mco-title-block mccberg-block has-background full negative\" \n\t style='background-image: url(https:\/\/www.msd.cz\/cs\/wp-content\/uploads\/sites\/62\/2021\/11\/join_us-03-p1-header-dark-1920x1080-1.jpg?w=1600);'\t >\n\t<div class=\"wrapper\">\n\t\t<div class=\"mco-title-block-content\">\n\t\t\t\n\t\t\t<h2 class=\"mco-title-block-title\">Na\u0161e prostory<\/h2>\n\n\t\t\t\t\t\t\t<p class=\"mco-title-block-description\"><h4>Na\u0161e kancel\u00e1\u0159e byly od po\u010d\u00e1tku koncipovan\u00e9 jako prostor, kter\u00fd pracovn\u00edm t\u00fdm\u016fm umo\u017en\u00ed velmi snadnou spolupr\u00e1ci. Prostor, kter\u00fd dok\u00e1\u017ee pru\u017en\u011b reagovat na m\u011bn\u00edc\u00ed se o\u010dek\u00e1v\u00e1n\u00ed lid\u00ed, podpo\u0159it je v jejich n\u00e1roc\u00edch a poskytnout nadstandardn\u00ed pracovn\u00ed komfort. Prostor, kter\u00fd se nesm\u00ed st\u00e1t p\u0159ek\u00e1\u017ekou pro realizaci budouc\u00edch zm\u011bn, o kter\u00fdch dnes je\u0161t\u011b nikdo nem\u00e1 jasnou p\u0159edstavu.<\/h4>\n<\/p>\n\t\t\t\t\t\t\n\t\t\t\t\t<\/div>\n\t<\/div>\n<\/div>\n\n\n<div class=\"wp-block-columns is-layout-flex wp-container-core-columns-is-layout-9d6595d7 wp-block-columns-is-layout-flex\">\n<div class=\"wp-block-column is-vertically-aligned-center is-layout-flow wp-block-column-is-layout-flow\">\n<h2 class=\"wp-block-heading\">Nejsme typick\u00e1 farmaceutick\u00e1 spole\u010dnost<\/h2>\n\n\n\n<p>MSD nab\u00edz\u00ed p\u0159\u00edle\u017eitosti k rozvoji a roz\u0161\u00ed\u0159en\u00ed kari\u00e9ry a z\u00e1rove\u0148 uskute\u010dnit rozd\u00edl v \u017eivotech lid\u00ed. Na\u0161e energick\u00e1 a dynamick\u00e1 atmosf\u00e9ra zahrnuje lidi z cel\u00e9ho sv\u011bta, kte\u0159\u00ed se spojili, aby poskytli inovativn\u00ed \u0159e\u0161en\u00ed. V na\u0161ich nejmodern\u011bj\u0161\u00edch budov\u00e1ch s mnoha prostory, kde se m\u016f\u017eete uvolnit, vytvo\u0159it a spolupracovat, najdete odm\u011b\u0148uj\u00edc\u00ed a rozmanit\u00e9 zku\u0161enosti.<\/p>\n<\/div>\n\n\n\n<div class=\"wp-block-column is-vertically-aligned-center is-layout-flow wp-block-column-is-layout-flow\">\n<figure class=\"wp-block-image size-large\"><img loading=\"lazy\" decoding=\"async\" width=\"1000\" height=\"675\" src=\"https:\/\/www.msd.cz\/cs\/wp-content\/uploads\/sites\/62\/2021\/11\/join_us-03-p2-info-1000x675-1.jpg\" alt=\"\" class=\"wp-image-2674\"\/><\/figure>\n<\/div>\n<\/div>\n\n\n\n<div class=\"wp-block-jetpack-tiled-gallery aligncenter is-style-square\"><div class=\"tiled-gallery__gallery\"><div class=\"tiled-gallery__row columns-3\"><div class=\"tiled-gallery__col\"><figure class=\"tiled-gallery__item\"><img decoding=\"async\" alt=\"\" data-height=\"500\" data-id=\"2692\" data-link=\"https:\/\/www.msd.cz\/cs\/nase-prostory\/join_us-03-p4-carousel-9-750x500\/\" data-url=\"https:\/\/www.msd.cz\/cs\/wp-content\/uploads\/sites\/62\/2021\/11\/join_us-03-p4-carousel-9-750x500-1.jpg\" data-width=\"750\" src=\"https:\/\/i2.wp.com\/www.msd.cz\/cs\/wp-content\/uploads\/sites\/62\/2021\/11\/join_us-03-p4-carousel-9-750x500-1.jpg?ssl=1&amp;resize=500%2C500\" data-amp-layout=\"responsive\"\/><\/figure><\/div><div class=\"tiled-gallery__col\"><figure class=\"tiled-gallery__item\"><img decoding=\"async\" alt=\"\" data-height=\"500\" data-id=\"2693\" data-link=\"https:\/\/www.msd.cz\/cs\/nase-prostory\/join_us-03-p4-carousel-1-750x500-2\/\" data-url=\"https:\/\/www.msd.cz\/cs\/wp-content\/uploads\/sites\/62\/2021\/11\/join_us-03-p4-carousel-1-750x500-2.jpg\" data-width=\"750\" src=\"https:\/\/i2.wp.com\/www.msd.cz\/cs\/wp-content\/uploads\/sites\/62\/2021\/11\/join_us-03-p4-carousel-1-750x500-2.jpg?ssl=1&amp;resize=500%2C500\" data-amp-layout=\"responsive\"\/><\/figure><\/div><div class=\"tiled-gallery__col\"><figure class=\"tiled-gallery__item\"><img decoding=\"async\" alt=\"\" data-height=\"500\" data-id=\"2694\" data-link=\"https:\/\/www.msd.cz\/cs\/nase-prostory\/join_us-03-p4-carousel-2-750x500-2\/\" data-url=\"https:\/\/www.msd.cz\/cs\/wp-content\/uploads\/sites\/62\/2021\/11\/join_us-03-p4-carousel-2-750x500-2.jpg\" data-width=\"750\" src=\"https:\/\/i2.wp.com\/www.msd.cz\/cs\/wp-content\/uploads\/sites\/62\/2021\/11\/join_us-03-p4-carousel-2-750x500-2.jpg?ssl=1&amp;resize=500%2C500\" data-amp-layout=\"responsive\"\/><\/figure><\/div><\/div><div class=\"tiled-gallery__row columns-3\"><div class=\"tiled-gallery__col\"><figure class=\"tiled-gallery__item\"><img decoding=\"async\" alt=\"\" data-height=\"500\" data-id=\"2695\" data-link=\"https:\/\/www.msd.cz\/cs\/nase-prostory\/join_us-03-p4-carousel-3-750x500-2\/\" data-url=\"https:\/\/www.msd.cz\/cs\/wp-content\/uploads\/sites\/62\/2021\/11\/join_us-03-p4-carousel-3-750x500-2.jpg\" data-width=\"750\" src=\"https:\/\/i1.wp.com\/www.msd.cz\/cs\/wp-content\/uploads\/sites\/62\/2021\/11\/join_us-03-p4-carousel-3-750x500-2.jpg?ssl=1&amp;resize=500%2C500\" data-amp-layout=\"responsive\"\/><\/figure><\/div><div class=\"tiled-gallery__col\"><figure class=\"tiled-gallery__item\"><img decoding=\"async\" alt=\"\" data-height=\"500\" data-id=\"2696\" data-link=\"https:\/\/www.msd.cz\/cs\/nase-prostory\/join_us-03-p4-carousel-4-750x500-2\/\" data-url=\"https:\/\/www.msd.cz\/cs\/wp-content\/uploads\/sites\/62\/2021\/11\/join_us-03-p4-carousel-4-750x500-2.jpg\" data-width=\"750\" src=\"https:\/\/i1.wp.com\/www.msd.cz\/cs\/wp-content\/uploads\/sites\/62\/2021\/11\/join_us-03-p4-carousel-4-750x500-2.jpg?ssl=1&amp;resize=500%2C500\" data-amp-layout=\"responsive\"\/><\/figure><\/div><div class=\"tiled-gallery__col\"><figure class=\"tiled-gallery__item\"><img decoding=\"async\" alt=\"\" data-height=\"500\" data-id=\"2697\" data-link=\"https:\/\/www.msd.cz\/cs\/nase-prostory\/join_us-03-p4-carousel-5-750x500-2\/\" data-url=\"https:\/\/www.msd.cz\/cs\/wp-content\/uploads\/sites\/62\/2021\/11\/join_us-03-p4-carousel-5-750x500-2.jpg\" data-width=\"750\" src=\"https:\/\/i0.wp.com\/www.msd.cz\/cs\/wp-content\/uploads\/sites\/62\/2021\/11\/join_us-03-p4-carousel-5-750x500-2.jpg?ssl=1&amp;resize=500%2C500\" data-amp-layout=\"responsive\"\/><\/figure><\/div><\/div><div class=\"tiled-gallery__row columns-3\"><div class=\"tiled-gallery__col\"><figure class=\"tiled-gallery__item\"><img decoding=\"async\" alt=\"\" data-height=\"500\" data-id=\"2698\" data-link=\"https:\/\/www.msd.cz\/cs\/nase-prostory\/join_us-03-p4-carousel-6-750x500-2\/\" data-url=\"https:\/\/www.msd.cz\/cs\/wp-content\/uploads\/sites\/62\/2021\/11\/join_us-03-p4-carousel-6-750x500-2.jpg\" data-width=\"750\" src=\"https:\/\/i0.wp.com\/www.msd.cz\/cs\/wp-content\/uploads\/sites\/62\/2021\/11\/join_us-03-p4-carousel-6-750x500-2.jpg?ssl=1&amp;resize=500%2C500\" data-amp-layout=\"responsive\"\/><\/figure><\/div><div class=\"tiled-gallery__col\"><figure class=\"tiled-gallery__item\"><img decoding=\"async\" alt=\"\" data-height=\"500\" data-id=\"2699\" data-link=\"https:\/\/www.msd.cz\/cs\/nase-prostory\/join_us-03-p4-carousel-7-750x500-2\/\" data-url=\"https:\/\/www.msd.cz\/cs\/wp-content\/uploads\/sites\/62\/2021\/11\/join_us-03-p4-carousel-7-750x500-2.jpg\" data-width=\"750\" src=\"https:\/\/i2.wp.com\/www.msd.cz\/cs\/wp-content\/uploads\/sites\/62\/2021\/11\/join_us-03-p4-carousel-7-750x500-2.jpg?ssl=1&amp;resize=500%2C500\" data-amp-layout=\"responsive\"\/><\/figure><\/div><div class=\"tiled-gallery__col\"><figure class=\"tiled-gallery__item\"><img decoding=\"async\" alt=\"\" data-height=\"500\" data-id=\"2700\" data-link=\"https:\/\/www.msd.cz\/cs\/nase-prostory\/join_us-03-p4-carousel-8-750x500-2\/\" data-url=\"https:\/\/www.msd.cz\/cs\/wp-content\/uploads\/sites\/62\/2021\/11\/join_us-03-p4-carousel-8-750x500-2.jpg\" data-width=\"750\" src=\"https:\/\/i1.wp.com\/www.msd.cz\/cs\/wp-content\/uploads\/sites\/62\/2021\/11\/join_us-03-p4-carousel-8-750x500-2.jpg?ssl=1&amp;resize=500%2C500\" data-amp-layout=\"responsive\"\/><\/figure><\/div><\/div><\/div><\/div>\n\n\n<div id=\"mco-featured-banner-block-block_1ee49cfbe4d776bd7ce59a1285c9bc1e\" class=\"mco-featured-banner-block full mccberg-block mb-2 negative\">\n\n\n            <div class=\"mco-featured-banner-image-container\">\n            <picture>\n                <source media=\"(max-width: 767px)\" data-srcset=\"https:\/\/www.msd.cz\/cs\/wp-content\/uploads\/sites\/62\/2021\/11\/finance-career-separator-1920x719-1.jpg?resize=767,956\">\n                <source media=\"(min-width: 768px) and (max-width: 1199px)\" data-srcset=\"https:\/\/www.msd.cz\/cs\/wp-content\/uploads\/sites\/62\/2021\/11\/finance-career-separator-1920x719-1.jpg?resize=768,448\">\n                <source media=\"(min-width: 1200px)\" data-srcset=\"https:\/\/www.msd.cz\/cs\/wp-content\/uploads\/sites\/62\/2021\/11\/finance-career-separator-1920x719-1.jpg?w=1600\">\n                <img data-src=\"https:\/\/www.msd.cz\/cs\/wp-content\/uploads\/sites\/62\/2021\/11\/finance-career-separator-1920x719-1.jpg?w=1600\" alt=\"Featured banner image\" class=\"lazyload\" loading=\"lazy\" \/>\n            <\/picture>\n        <\/div>\n    \n\n    <div class=\"mco-featured-banner-content-container\">\n        <div class=\"mco-featured-banner-content-card\">\n            \n                            <h3>Chcete pracovat s n\u00e1mi v na\u0161ich kancel\u00e1\u0159\u00edch?<\/h3>\n            \n                            <div><p>Prozkoumejte mo\u017enosti.<\/p>\n<\/div>\n            \n            <div class=\"mco-featured-banner-btn-container\">\n                                    <a class=\"btn\"\n                       href=\"https:\/\/jobs.msd.com\/gb\/en\/search-results?qcountry=Czechia\"\n                       title=\"Voln\u00e9 pozice\"\n                       target=\"_blank\"\n                                           >Voln\u00e9 pozice<\/a>\n                \n                            <\/div>\n        <\/div>\n    <\/div>\n<\/div>\n\n\n\n<div class=\"wp-block-columns is-layout-flex wp-container-core-columns-is-layout-9d6595d7 wp-block-columns-is-layout-flex\">\n<div class=\"wp-block-column is-layout-flow wp-block-column-is-layout-flow\">\n<p><\/p>\n<\/div>\n<\/div>\n","protected":false},"excerpt":{"rendered":"<p>Nejsme typick\u00e1 farmaceutick\u00e1 spole\u010dnost MSD nab\u00edz\u00ed p\u0159\u00edle\u017eitosti k rozvoji a roz\u0161\u00ed\u0159en\u00ed kari\u00e9ry a z\u00e1rove\u0148 uskute\u010dnit rozd\u00edl v \u017eivotech lid\u00ed. Na\u0161e energick\u00e1 a dynamick\u00e1 atmosf\u00e9ra zahrnuje lidi z cel\u00e9ho sv\u011bta, kte\u0159\u00ed se spojili, aby poskytli inovativn\u00ed \u0159e\u0161en\u00ed. V na\u0161ich nejmodern\u011bj\u0161\u00edch budov\u00e1ch s mnoha prostory, kde se m\u016f\u017eete uvolnit, vytvo\u0159it a spolupracovat, najdete odm\u011b\u0148uj\u00edc\u00ed a rozmanit\u00e9 zku\u0161enosti.<\/p>\n","protected":false},"author":545,"featured_media":0,"parent":1678,"menu_order":0,"comment_status":"closed","ping_status":"closed","template":"","meta":{"_acf_changed":false,"bdl_company_name":[],"bdl_item_external_link":[],"editor_notices":[],"footnotes":""},"class_list":["post-1740","page","type-page","status-publish","hentry"],"yoast_head":"<!-- This site is optimized with the Yoast SEO plugin v21.9.1 - https:\/\/yoast.com\/wordpress\/plugins\/seo\/ -->\n<title>Na\u0161e prostory - MSD \u010cesk\u00e1 republika<\/title>\n<meta name=\"robots\" content=\"index, follow, max-snippet:-1, max-image-preview:large, max-video-preview:-1\" \/>\n<link rel=\"canonical\" href=\"https:\/\/www.msd.cz\/cs\/msd-ceska-republika\/nase-prostory\/\" \/>\n<meta property=\"og:locale\" content=\"en_US\" \/>\n<meta property=\"og:type\" content=\"article\" \/>\n<meta property=\"og:title\" content=\"Na\u0161e prostory - MSD \u010cesk\u00e1 republika\" \/>\n<meta property=\"og:description\" content=\"Nejsme typick\u00e1 farmaceutick\u00e1 spole\u010dnost MSD nab\u00edz\u00ed p\u0159\u00edle\u017eitosti k rozvoji a roz\u0161\u00ed\u0159en\u00ed kari\u00e9ry a z\u00e1rove\u0148 uskute\u010dnit rozd\u00edl v \u017eivotech lid\u00ed. Na\u0161e energick\u00e1 a dynamick\u00e1 atmosf\u00e9ra zahrnuje lidi z cel\u00e9ho sv\u011bta, kte\u0159\u00ed se spojili, aby poskytli inovativn\u00ed \u0159e\u0161en\u00ed. V na\u0161ich nejmodern\u011bj\u0161\u00edch budov\u00e1ch s mnoha prostory, kde se m\u016f\u017eete uvolnit, vytvo\u0159it a spolupracovat, najdete odm\u011b\u0148uj\u00edc\u00ed a rozmanit\u00e9 zku\u0161enosti.\" \/>\n<meta property=\"og:url\" content=\"https:\/\/www.msd.cz\/cs\/msd-ceska-republika\/nase-prostory\/\" \/>\n<meta property=\"og:site_name\" content=\"MSD \u010cesk\u00e1 republika\" \/>\n<meta property=\"article:publisher\" content=\"https:\/\/www.facebook.com\/MSDInvents\/\" \/>\n<meta property=\"article:modified_time\" content=\"2025-11-06T10:25:40+00:00\" \/>\n<meta property=\"og:image\" content=\"https:\/\/www.msd.cz\/cs\/wp-content\/uploads\/sites\/62\/2021\/11\/join_us-03-p2-info-1000x675-1.jpg\" \/>\n<meta name=\"twitter:card\" content=\"summary_large_image\" \/>\n<meta name=\"twitter:site\" content=\"@MSDczech\" \/>\n<meta name=\"twitter:label1\" content=\"Est. reading time\" \/>\n\t<meta name=\"twitter:data1\" content=\"4 minutes\" \/>\n<script type=\"application\/ld+json\" class=\"yoast-schema-graph\">{\"@context\":\"https:\/\/schema.org\",\"@graph\":[{\"@type\":\"WebPage\",\"@id\":\"https:\/\/www.msd.cz\/cs\/msd-ceska-republika\/nase-prostory\/\",\"url\":\"https:\/\/www.msd.cz\/cs\/msd-ceska-republika\/nase-prostory\/\",\"name\":\"Na\u0161e prostory - MSD \u010cesk\u00e1 republika\",\"isPartOf\":{\"@id\":\"https:\/\/www.msd.cz\/cs\/#website\"},\"datePublished\":\"2021-10-18T12:45:18+00:00\",\"dateModified\":\"2025-11-06T10:25:40+00:00\",\"breadcrumb\":{\"@id\":\"https:\/\/www.msd.cz\/cs\/msd-ceska-republika\/nase-prostory\/#breadcrumb\"},\"inLanguage\":\"en-US\",\"potentialAction\":[{\"@type\":\"ReadAction\",\"target\":[\"https:\/\/www.msd.cz\/cs\/msd-ceska-republika\/nase-prostory\/\"]}]},{\"@type\":\"BreadcrumbList\",\"@id\":\"https:\/\/www.msd.cz\/cs\/msd-ceska-republika\/nase-prostory\/#breadcrumb\",\"itemListElement\":[{\"@type\":\"ListItem\",\"position\":1,\"name\":\"MSD \u010cesk\u00e1 republika\",\"item\":\"https:\/\/www.msd.cz\/cs\/\"},{\"@type\":\"ListItem\",\"position\":2,\"name\":\"Na\u0161e prostory\"}]},{\"@type\":\"WebSite\",\"@id\":\"https:\/\/www.msd.cz\/cs\/#website\",\"url\":\"https:\/\/www.msd.cz\/cs\/\",\"name\":\"MSD \u010cesk\u00e1 republika\",\"description\":\"Just another vip2-msd.com site\",\"publisher\":{\"@id\":\"https:\/\/www.msd.cz\/cs\/#organization\"},\"potentialAction\":[{\"@type\":\"SearchAction\",\"target\":{\"@type\":\"EntryPoint\",\"urlTemplate\":\"https:\/\/www.msd.cz\/cs\/?s={search_term_string}\"},\"query-input\":\"required name=search_term_string\"}],\"inLanguage\":\"en-US\"},{\"@type\":\"Organization\",\"@id\":\"https:\/\/www.msd.cz\/cs\/#organization\",\"name\":\"MSD Czech Republic\",\"url\":\"https:\/\/www.msd.cz\/cs\/\",\"logo\":{\"@type\":\"ImageObject\",\"inLanguage\":\"en-US\",\"@id\":\"https:\/\/www.msd.cz\/cs\/#\/schema\/logo\/image\/\",\"url\":\"https:\/\/www.msd.cz\/cs\/wp-content\/uploads\/sites\/62\/2020\/10\/MSD.png\",\"contentUrl\":\"https:\/\/www.msd.cz\/cs\/wp-content\/uploads\/sites\/62\/2020\/10\/MSD.png\",\"width\":2536,\"height\":1382,\"caption\":\"MSD Czech Republic\"},\"image\":{\"@id\":\"https:\/\/www.msd.cz\/cs\/#\/schema\/logo\/image\/\"},\"sameAs\":[\"https:\/\/www.facebook.com\/MSDInvents\/\",\"https:\/\/twitter.com\/MSDczech\",\"https:\/\/www.instagram.com\/msdinvents\/\",\"https:\/\/www.linkedin.com\/company\/msdczech\/\",\"https:\/\/www.youtube.com\/channel\/UCzw0K-BF3OzlQVYn6BGHQQw\"]}]}<\/script>\n<!-- \/ Yoast SEO plugin. -->","yoast_head_json":{"title":"Na\u0161e prostory - MSD \u010cesk\u00e1 republika","robots":{"index":"index","follow":"follow","max-snippet":"max-snippet:-1","max-image-preview":"max-image-preview:large","max-video-preview":"max-video-preview:-1"},"canonical":"https:\/\/www.msd.cz\/cs\/msd-ceska-republika\/nase-prostory\/","og_locale":"en_US","og_type":"article","og_title":"Na\u0161e prostory - MSD \u010cesk\u00e1 republika","og_description":"Nejsme typick\u00e1 farmaceutick\u00e1 spole\u010dnost MSD nab\u00edz\u00ed p\u0159\u00edle\u017eitosti k rozvoji a roz\u0161\u00ed\u0159en\u00ed kari\u00e9ry a z\u00e1rove\u0148 uskute\u010dnit rozd\u00edl v \u017eivotech lid\u00ed. Na\u0161e energick\u00e1 a dynamick\u00e1 atmosf\u00e9ra zahrnuje lidi z cel\u00e9ho sv\u011bta, kte\u0159\u00ed se spojili, aby poskytli inovativn\u00ed \u0159e\u0161en\u00ed. V na\u0161ich nejmodern\u011bj\u0161\u00edch budov\u00e1ch s mnoha prostory, kde se m\u016f\u017eete uvolnit, vytvo\u0159it a spolupracovat, najdete odm\u011b\u0148uj\u00edc\u00ed a rozmanit\u00e9 zku\u0161enosti.","og_url":"https:\/\/www.msd.cz\/cs\/msd-ceska-republika\/nase-prostory\/","og_site_name":"MSD \u010cesk\u00e1 republika","article_publisher":"https:\/\/www.facebook.com\/MSDInvents\/","article_modified_time":"2025-11-06T10:25:40+00:00","og_image":[{"url":"https:\/\/www.msd.cz\/cs\/wp-content\/uploads\/sites\/62\/2021\/11\/join_us-03-p2-info-1000x675-1.jpg"}],"twitter_card":"summary_large_image","twitter_site":"@MSDczech","twitter_misc":{"Est. reading time":"4 minutes"},"schema":{"@context":"https:\/\/schema.org","@graph":[{"@type":"WebPage","@id":"https:\/\/www.msd.cz\/cs\/msd-ceska-republika\/nase-prostory\/","url":"https:\/\/www.msd.cz\/cs\/msd-ceska-republika\/nase-prostory\/","name":"Na\u0161e prostory - MSD \u010cesk\u00e1 republika","isPartOf":{"@id":"https:\/\/www.msd.cz\/cs\/#website"},"datePublished":"2021-10-18T12:45:18+00:00","dateModified":"2025-11-06T10:25:40+00:00","breadcrumb":{"@id":"https:\/\/www.msd.cz\/cs\/msd-ceska-republika\/nase-prostory\/#breadcrumb"},"inLanguage":"en-US","potentialAction":[{"@type":"ReadAction","target":["https:\/\/www.msd.cz\/cs\/msd-ceska-republika\/nase-prostory\/"]}]},{"@type":"BreadcrumbList","@id":"https:\/\/www.msd.cz\/cs\/msd-ceska-republika\/nase-prostory\/#breadcrumb","itemListElement":[{"@type":"ListItem","position":1,"name":"MSD \u010cesk\u00e1 republika","item":"https:\/\/www.msd.cz\/cs\/"},{"@type":"ListItem","position":2,"name":"Na\u0161e prostory"}]},{"@type":"WebSite","@id":"https:\/\/www.msd.cz\/cs\/#website","url":"https:\/\/www.msd.cz\/cs\/","name":"MSD \u010cesk\u00e1 republika","description":"Just another vip2-msd.com site","publisher":{"@id":"https:\/\/www.msd.cz\/cs\/#organization"},"potentialAction":[{"@type":"SearchAction","target":{"@type":"EntryPoint","urlTemplate":"https:\/\/www.msd.cz\/cs\/?s={search_term_string}"},"query-input":"required name=search_term_string"}],"inLanguage":"en-US"},{"@type":"Organization","@id":"https:\/\/www.msd.cz\/cs\/#organization","name":"MSD Czech Republic","url":"https:\/\/www.msd.cz\/cs\/","logo":{"@type":"ImageObject","inLanguage":"en-US","@id":"https:\/\/www.msd.cz\/cs\/#\/schema\/logo\/image\/","url":"https:\/\/www.msd.cz\/cs\/wp-content\/uploads\/sites\/62\/2020\/10\/MSD.png","contentUrl":"https:\/\/www.msd.cz\/cs\/wp-content\/uploads\/sites\/62\/2020\/10\/MSD.png","width":2536,"height":1382,"caption":"MSD Czech Republic"},"image":{"@id":"https:\/\/www.msd.cz\/cs\/#\/schema\/logo\/image\/"},"sameAs":["https:\/\/www.facebook.com\/MSDInvents\/","https:\/\/twitter.com\/MSDczech","https:\/\/www.instagram.com\/msdinvents\/","https:\/\/www.linkedin.com\/company\/msdczech\/","https:\/\/www.youtube.com\/channel\/UCzw0K-BF3OzlQVYn6BGHQQw"]}]}},"acf":[],"_links":{"self":[{"href":"https:\/\/www.msd.cz\/cs\/wp-json\/wp\/v2\/pages\/1740","targetHints":{"allow":["GET"]}}],"collection":[{"href":"https:\/\/www.msd.cz\/cs\/wp-json\/wp\/v2\/pages"}],"about":[{"href":"https:\/\/www.msd.cz\/cs\/wp-json\/wp\/v2\/types\/page"}],"author":[{"embeddable":true,"href":"https:\/\/www.msd.cz\/cs\/wp-json\/wp\/v2\/users\/545"}],"replies":[{"embeddable":true,"href":"https:\/\/www.msd.cz\/cs\/wp-json\/wp\/v2\/comments?post=1740"}],"version-history":[{"count":44,"href":"https:\/\/www.msd.cz\/cs\/wp-json\/wp\/v2\/pages\/1740\/revisions"}],"predecessor-version":[{"id":5089,"href":"https:\/\/www.msd.cz\/cs\/wp-json\/wp\/v2\/pages\/1740\/revisions\/5089"}],"up":[{"embeddable":true,"href":"https:\/\/www.msd.cz\/cs\/wp-json\/wp\/v2\/pages\/1678"}],"wp:attachment":[{"href":"https:\/\/www.msd.cz\/cs\/wp-json\/wp\/v2\/media?parent=1740"}],"curies":[{"name":"wp","href":"https:\/\/api.w.org\/{rel}","templated":true}]}}