{"id":1738,"date":"2021-10-18T12:44:57","date_gmt":"2021-10-18T12:44:57","guid":{"rendered":"https:\/\/www.msd.cz\/cs\/?page_id=1738"},"modified":"2022-03-29T12:33:03","modified_gmt":"2022-03-29T12:33:03","slug":"zivot-v-msd","status":"publish","type":"page","link":"https:\/\/www.msd.cz\/cs\/msd-ceska-republika\/zivot-v-msd\/","title":{"rendered":"\u017divot v MSD"},"content":{"rendered":"<div id=\"mco-title-block-block_61712b90b5b4e\" \n\t class=\"mco-title-block mccberg-block alignleft has-background full negative\" \n\t style='background-image: url(https:\/\/www.msd.cz\/cs\/wp-content\/uploads\/sites\/62\/2021\/11\/hp-p3-msdcz-dark-1920x900-1.jpg?w=1600);'\t >\n\t<div class=\"wrapper\">\n\t\t<div class=\"mco-title-block-content\">\n\t\t\t\n\t\t\t<h2 class=\"mco-title-block-title\">\u017divot v MSD<\/h2>\n\n\t\t\t\t\t\t\t<p class=\"mco-title-block-description\"><div id=\"page-wrapper\" class=\"mrk-clearfix\">\n<div class=\"mrk-grid mrk-clearfix global-wrapper\">\n<div id=\"middle\">\n<div id=\"j_id_ta\" class=\"mrk-section mrk-clearfix \">\n<div class=\"SiteEditCP\">\n<section class=\"header ju-02 hide-on-med-and-down\" role=\"main\">\n<div class=\"container\">\n<div class=\"row\">\n<div class=\"col m7 s12\">\n<h4 class=\"pa-lg white_text\" style=\"text-align: left\">Ve spole\u010dnosti MSD se sna\u017e\u00edme objevovat a prosazovat nejnov\u011bj\u0161\u00ed, nejslibn\u011bj\u0161\u00ed pokroky v boji proti nejv\u011bt\u0161\u00edm zdravotn\u00edm probl\u00e9m\u016fm sv\u011bta. Abychom toho dos\u00e1hli, jsme ochotni investovat do \u0159e\u0161en\u00ed, kter\u00e1 n\u00e1s zavedou do oblast\u00ed, kter\u00e9 jsme nikdy p\u0159edt\u00edm nezkoumali. Proto\u017ee jsme na ne\u00fanavn\u00e9 cest\u011b za hled\u00e1n\u00edm l\u00e9\u010div. A d\u00edky tomu budeme v na\u0161em oboru zn\u00e1m\u00ed jinak.<\/h4>\n<\/div>\n<\/div>\n<\/div>\n<\/section>\n<\/div>\n<\/div>\n<\/div>\n<\/div>\n<\/div>\n<\/p>\n\t\t\t\t\t\t\n\t\t\t\t\t<\/div>\n\t<\/div>\n<\/div>\n\n\n<p><\/p>\n\n\n\n<div class=\"wp-block-columns are-vertically-aligned-center is-layout-flex wp-container-core-columns-is-layout-9d6595d7 wp-block-columns-is-layout-flex\">\n<div class=\"wp-block-column is-vertically-aligned-center is-layout-flow wp-block-column-is-layout-flow\">\n<h3 class=\"has-text-align-right wp-block-heading\">Na\u0161e kultura, va\u0161e budoucnost!<\/h3>\n\n\n\n<p class=\"has-text-align-right\">Na\u0161e kultura je o aplikovan\u00e9 zv\u011bdavosti, a\u0165 u\u017e pom\u00e1h\u00e1 vymyslet dal\u0161\u00ed pr\u016flomovou l\u00e9\u010dbu nebo se vyz\u00fdvat a vz\u00e1jemn\u011b se podporovat. Jsme odd\u00e1ni r\u016fstu a rozvoji \u010dlen\u016f na\u0161eho t\u00fdmu a ka\u017ed\u00e9mu z nich umo\u017e\u0148ujeme, aby dos\u00e1hl sv\u00e9ho pln\u00e9ho potenci\u00e1lu bez ohledu na funkci, geografii nebo \u00farove\u0148 zku\u0161enost\u00ed.<\/p>\n<\/div>\n\n\n\n<div class=\"wp-block-column is-vertically-aligned-center is-layout-flow wp-block-column-is-layout-flow\">\n<figure class=\"wp-block-embed is-type-video is-provider-youtube wp-block-embed-youtube wp-embed-aspect-16-9 wp-has-aspect-ratio\"><div class=\"wp-block-embed__wrapper\">\n<div class=\"jetpack-video-wrapper\"><iframe loading=\"lazy\" title=\"That\u00b4s our culture!\" width=\"500\" height=\"281\" src=\"https:\/\/www.youtube-nocookie.com\/embed\/b5Gy3emN9is?feature=oembed\" frameborder=\"0\" allow=\"accelerometer; autoplay; clipboard-write; encrypted-media; gyroscope; picture-in-picture; web-share\" referrerpolicy=\"strict-origin-when-cross-origin\" allowfullscreen><\/iframe><\/div>\n<\/div><\/figure>\n<\/div>\n<\/div>\n\n\n\n<div class=\"wp-block-columns are-vertically-aligned-center is-layout-flex wp-container-core-columns-is-layout-9d6595d7 wp-block-columns-is-layout-flex\">\n<div class=\"wp-block-column is-vertically-aligned-center is-layout-flow wp-block-column-is-layout-flow\">\n<figure class=\"wp-block-embed aligncenter is-type-video is-provider-youtube wp-block-embed-youtube wp-embed-aspect-16-9 wp-has-aspect-ratio\"><div class=\"wp-block-embed__wrapper\">\n<div class=\"jetpack-video-wrapper\"><iframe loading=\"lazy\" title=\"One Day in MSD with Natalia\" width=\"500\" height=\"281\" src=\"https:\/\/www.youtube-nocookie.com\/embed\/Kyd8kfqIFVM?feature=oembed\" frameborder=\"0\" allow=\"accelerometer; autoplay; clipboard-write; encrypted-media; gyroscope; picture-in-picture; web-share\" referrerpolicy=\"strict-origin-when-cross-origin\" allowfullscreen><\/iframe><\/div>\n<\/div><\/figure>\n<\/div>\n\n\n\n<div class=\"wp-block-column is-vertically-aligned-center is-layout-flow wp-block-column-is-layout-flow\">\n<h3 class=\"has-text-align-left wp-block-heading\">Jeden den s Nat\u00e1li\u00ed<\/h3>\n\n\n\n<p>Nahl\u00e9dn\u011bte do \u017eivota softwarov\u00e9 developerky v MSD IT<\/p>\n<\/div>\n<\/div>\n\n\n\n<div class=\"wp-block-columns are-vertically-aligned-center is-layout-flex wp-container-core-columns-is-layout-9d6595d7 wp-block-columns-is-layout-flex\">\n<div class=\"wp-block-column is-vertically-aligned-center is-layout-flow wp-block-column-is-layout-flow\">\n<h3 class=\"has-text-align-right wp-block-heading\">Jeden den s Luisem<\/h3>\n\n\n\n<p class=\"has-text-align-right\">Nahl\u00e9dn\u011bte do \u017eivota produktov\u00e9ho mana\u017eera v MSD<\/p>\n<\/div>\n\n\n\n<div class=\"wp-block-column is-vertically-aligned-center is-layout-flow wp-block-column-is-layout-flow\">\n<figure class=\"wp-block-embed aligncenter is-type-video is-provider-youtube wp-block-embed-youtube wp-embed-aspect-16-9 wp-has-aspect-ratio\"><div class=\"wp-block-embed__wrapper\">\n<div class=\"jetpack-video-wrapper\"><iframe loading=\"lazy\" title=\"One day in MSD with Luis Adrianza\" width=\"500\" height=\"281\" src=\"https:\/\/www.youtube-nocookie.com\/embed\/OYouoktpPFE?feature=oembed\" frameborder=\"0\" allow=\"accelerometer; autoplay; clipboard-write; encrypted-media; gyroscope; picture-in-picture; web-share\" referrerpolicy=\"strict-origin-when-cross-origin\" allowfullscreen><\/iframe><\/div>\n<\/div><\/figure>\n<\/div>\n<\/div>\n\n\n\n<div class=\"wp-block-columns are-vertically-aligned-center is-layout-flex wp-container-core-columns-is-layout-9d6595d7 wp-block-columns-is-layout-flex\">\n<div class=\"wp-block-column is-vertically-aligned-center is-layout-flow wp-block-column-is-layout-flow\">\n<figure class=\"wp-block-embed is-type-video is-provider-youtube wp-block-embed-youtube wp-embed-aspect-16-9 wp-has-aspect-ratio\"><div class=\"wp-block-embed__wrapper\">\n<div class=\"jetpack-video-wrapper\"><iframe loading=\"lazy\" title=\"JavaScript Meetup by MSD\" width=\"500\" height=\"281\" src=\"https:\/\/www.youtube-nocookie.com\/embed\/ct7NbOGMTm0?feature=oembed\" frameborder=\"0\" allow=\"accelerometer; autoplay; clipboard-write; encrypted-media; gyroscope; picture-in-picture; web-share\" referrerpolicy=\"strict-origin-when-cross-origin\" allowfullscreen><\/iframe><\/div>\n<\/div><\/figure>\n<\/div>\n\n\n\n<div class=\"wp-block-column is-vertically-aligned-center is-layout-flow wp-block-column-is-layout-flow\">\n<h3 class=\"has-text-align-left wp-block-heading\">M\u00edstn\u00ed setk\u00e1n\u00ed a komunity<\/h3>\n\n\n\n<p class=\"has-text-align-left\">R\u00e1di organizujeme setk\u00e1n\u00ed se zam\u011b\u0159en\u00edm na t\u00e9mata jako software engineering, data science, big data, machine learning, agile a mnoho dal\u0161\u00edho. Setk\u00e1n\u00ed jsou v\u011bt\u0161inou organizov\u00e1na na\u0161imi lidmi, tak\u017ee budete m\u00edt mo\u017enost vid\u011bt je v akci. Setk\u00e1n\u00ed s komunitami n\u00e1m umo\u017e\u0148uje dozv\u011bd\u011bt se v\u00edce o technick\u00fdch novink\u00e1ch, procesech a \u0159e\u0161en\u00ed probl\u00e9m\u016f, kter\u00e9 jsou relevantn\u00ed pro odbornou sf\u00e9ru, a tak\u00e9 sd\u00edlet na\u0161e znalosti.<\/p>\n<\/div>\n<\/div>\n\n\n<div id=\"mco-title-block-block_61712cbeb5b4f\" \n\t class=\"mco-title-block mccberg-block aligncenter has-background full negative\" \n\t style='background-image: url(https:\/\/www.msd.cz\/cs\/wp-content\/uploads\/sites\/62\/2021\/10\/join_us-02-p5-office-dark-1920x900-1.jpg?w=1600);'\t >\n\t<div class=\"wrapper\">\n\t\t<div class=\"mco-title-block-content\">\n\t\t\t\n\t\t\t<h2 class=\"mco-title-block-title\">Pod\u00edvejte se, jak vypadaj\u00ed na\u0161e kancel\u00e1\u0159e<\/h2>\n\n\t\t\t\t\t\t\t<p class=\"mco-title-block-description\"><div id=\"page-wrapper\" class=\"mrk-clearfix\">\n<div class=\"mrk-grid mrk-clearfix global-wrapper\">\n<div id=\"middle\">\n<div id=\"j_id_ta\" class=\"mrk-section mrk-clearfix \">\n<div class=\"SiteEditCP\">\n<section class=\"body-img-md ai-center ju-02-05 mt-lg-5 mt-md-3\">\n<div class=\"container\">\n<div class=\"row\">\n<div class=\"col l7 s12\">\n<p class=\"pa-lg white_text\" style=\"text-align: center\">Na\u0161e kancel\u00e1\u0159e byly od po\u010d\u00e1tku koncipovan\u00e9 jako prostor, kter\u00fd pracovn\u00edm t\u00fdm\u016fm umo\u017en\u00ed velmi snadnou spolupr\u00e1ci. Prostor, kter\u00fd dok\u00e1\u017ee pru\u017en\u011b reagovat na m\u011bn\u00edc\u00ed se o\u010dek\u00e1v\u00e1n\u00ed lid\u00ed. Podpo\u0159it je v jejich n\u00e1roc\u00edch a poskytnout nadstandardn\u00ed pracovn\u00ed komfort. Prostor, kter\u00fd se nesm\u00ed st\u00e1t p\u0159ek\u00e1\u017ekou pro realizaci budouc\u00edch zm\u011bn, o kter\u00fdch dnes je\u0161t\u011b nikdo nem\u00e1 jasnou p\u0159edstavu.<\/p>\n<\/div>\n<\/div>\n<\/div>\n<\/section>\n<\/div>\n<\/div>\n<\/div>\n<\/div>\n<\/div>\n<\/p>\n\t\t\t\t\t\t\n\t\t\t \n\t\t\t\t<div class=\"mco-title-block-cta-container\">\n\n\t\t\t\t\t\t\t\t\t\t\t<a\n                            class=\"btn mco-title-block-cta-btn\"\n                            href=\"https:\/\/www.msd.cz\/cs\/msd-ceska-republika\/nase-prostory\/\"\n                            title=\"ZJISTIT V\u00cdCE\"\n                            target=\"_self\"\n                                                    >ZJISTIT V\u00cdCE<\/a>\n\t\t\t\t\t\n\t\t\t\t\t\t\t\t\t\t\n\t\t\t\t<\/div>\n\t\t\t\t\t<\/div>\n\t<\/div>\n<\/div>","protected":false},"excerpt":{"rendered":"<p>Na\u0161e kultura, va\u0161e budoucnost! Na\u0161e kultura je o aplikovan\u00e9 zv\u011bdavosti, a\u0165 u\u017e pom\u00e1h\u00e1 vymyslet dal\u0161\u00ed pr\u016flomovou l\u00e9\u010dbu nebo se vyz\u00fdvat a vz\u00e1jemn\u011b se podporovat. Jsme odd\u00e1ni r\u016fstu a rozvoji \u010dlen\u016f na\u0161eho t\u00fdmu a ka\u017ed\u00e9mu z nich umo\u017e\u0148ujeme, aby dos\u00e1hl sv\u00e9ho pln\u00e9ho potenci\u00e1lu bez ohledu na funkci, geografii nebo \u00farove\u0148 zku\u0161enost\u00ed. Jeden den s Nat\u00e1li\u00ed Nahl\u00e9dn\u011bte [&hellip;]<\/p>\n","protected":false},"author":545,"featured_media":0,"parent":1678,"menu_order":0,"comment_status":"closed","ping_status":"closed","template":"","meta":{"_acf_changed":false,"bdl_company_name":[],"bdl_item_external_link":[],"editor_notices":[],"footnotes":""},"class_list":["post-1738","page","type-page","status-publish","hentry"],"yoast_head":"<!-- This site is optimized with the Yoast SEO plugin v21.9.1 - https:\/\/yoast.com\/wordpress\/plugins\/seo\/ -->\n<title>\u017divot v MSD - MSD \u010cesk\u00e1 republika<\/title>\n<meta name=\"robots\" content=\"index, follow, max-snippet:-1, max-image-preview:large, max-video-preview:-1\" \/>\n<link rel=\"canonical\" href=\"https:\/\/www.msd.cz\/cs\/msd-ceska-republika\/zivot-v-msd\/\" \/>\n<meta property=\"og:locale\" content=\"en_US\" \/>\n<meta property=\"og:type\" content=\"article\" \/>\n<meta property=\"og:title\" content=\"\u017divot v MSD - MSD \u010cesk\u00e1 republika\" \/>\n<meta property=\"og:description\" content=\"Na\u0161e kultura, va\u0161e budoucnost! Na\u0161e kultura je o aplikovan\u00e9 zv\u011bdavosti, a\u0165 u\u017e pom\u00e1h\u00e1 vymyslet dal\u0161\u00ed pr\u016flomovou l\u00e9\u010dbu nebo se vyz\u00fdvat a vz\u00e1jemn\u011b se podporovat. Jsme odd\u00e1ni r\u016fstu a rozvoji \u010dlen\u016f na\u0161eho t\u00fdmu a ka\u017ed\u00e9mu z nich umo\u017e\u0148ujeme, aby dos\u00e1hl sv\u00e9ho pln\u00e9ho potenci\u00e1lu bez ohledu na funkci, geografii nebo \u00farove\u0148 zku\u0161enost\u00ed. Jeden den s Nat\u00e1li\u00ed Nahl\u00e9dn\u011bte [&hellip;]\" \/>\n<meta property=\"og:url\" content=\"https:\/\/www.msd.cz\/cs\/msd-ceska-republika\/zivot-v-msd\/\" \/>\n<meta property=\"og:site_name\" content=\"MSD \u010cesk\u00e1 republika\" \/>\n<meta property=\"article:publisher\" content=\"https:\/\/www.facebook.com\/MSDInvents\/\" \/>\n<meta property=\"article:modified_time\" content=\"2022-03-29T12:33:03+00:00\" \/>\n<meta property=\"og:image\" content=\"https:\/\/www.msd.cz\/cs\/wp-content\/uploads\/sites\/62\/2020\/10\/MSD.png\" \/>\n\t<meta property=\"og:image:width\" content=\"2536\" \/>\n\t<meta property=\"og:image:height\" content=\"1382\" \/>\n\t<meta property=\"og:image:type\" content=\"image\/png\" \/>\n<meta name=\"twitter:card\" content=\"summary_large_image\" \/>\n<meta name=\"twitter:site\" content=\"@MSDczech\" \/>\n<meta name=\"twitter:label1\" content=\"Est. reading time\" \/>\n\t<meta name=\"twitter:data1\" content=\"1 minute\" \/>\n<script type=\"application\/ld+json\" class=\"yoast-schema-graph\">{\"@context\":\"https:\/\/schema.org\",\"@graph\":[{\"@type\":\"WebPage\",\"@id\":\"https:\/\/www.msd.cz\/cs\/msd-ceska-republika\/zivot-v-msd\/\",\"url\":\"https:\/\/www.msd.cz\/cs\/msd-ceska-republika\/zivot-v-msd\/\",\"name\":\"\u017divot v MSD - MSD \u010cesk\u00e1 republika\",\"isPartOf\":{\"@id\":\"https:\/\/www.msd.cz\/cs\/#website\"},\"datePublished\":\"2021-10-18T12:44:57+00:00\",\"dateModified\":\"2022-03-29T12:33:03+00:00\",\"breadcrumb\":{\"@id\":\"https:\/\/www.msd.cz\/cs\/msd-ceska-republika\/zivot-v-msd\/#breadcrumb\"},\"inLanguage\":\"en-US\",\"potentialAction\":[{\"@type\":\"ReadAction\",\"target\":[\"https:\/\/www.msd.cz\/cs\/msd-ceska-republika\/zivot-v-msd\/\"]}]},{\"@type\":\"BreadcrumbList\",\"@id\":\"https:\/\/www.msd.cz\/cs\/msd-ceska-republika\/zivot-v-msd\/#breadcrumb\",\"itemListElement\":[{\"@type\":\"ListItem\",\"position\":1,\"name\":\"MSD \u010cesk\u00e1 republika\",\"item\":\"https:\/\/www.msd.cz\/cs\/\"},{\"@type\":\"ListItem\",\"position\":2,\"name\":\"\u017divot v MSD\"}]},{\"@type\":\"WebSite\",\"@id\":\"https:\/\/www.msd.cz\/cs\/#website\",\"url\":\"https:\/\/www.msd.cz\/cs\/\",\"name\":\"MSD \u010cesk\u00e1 republika\",\"description\":\"Just another vip2-msd.com site\",\"publisher\":{\"@id\":\"https:\/\/www.msd.cz\/cs\/#organization\"},\"potentialAction\":[{\"@type\":\"SearchAction\",\"target\":{\"@type\":\"EntryPoint\",\"urlTemplate\":\"https:\/\/www.msd.cz\/cs\/?s={search_term_string}\"},\"query-input\":\"required name=search_term_string\"}],\"inLanguage\":\"en-US\"},{\"@type\":\"Organization\",\"@id\":\"https:\/\/www.msd.cz\/cs\/#organization\",\"name\":\"MSD Czech Republic\",\"url\":\"https:\/\/www.msd.cz\/cs\/\",\"logo\":{\"@type\":\"ImageObject\",\"inLanguage\":\"en-US\",\"@id\":\"https:\/\/www.msd.cz\/cs\/#\/schema\/logo\/image\/\",\"url\":\"https:\/\/www.msd.cz\/cs\/wp-content\/uploads\/sites\/62\/2020\/10\/MSD.png\",\"contentUrl\":\"https:\/\/www.msd.cz\/cs\/wp-content\/uploads\/sites\/62\/2020\/10\/MSD.png\",\"width\":2536,\"height\":1382,\"caption\":\"MSD Czech Republic\"},\"image\":{\"@id\":\"https:\/\/www.msd.cz\/cs\/#\/schema\/logo\/image\/\"},\"sameAs\":[\"https:\/\/www.facebook.com\/MSDInvents\/\",\"https:\/\/twitter.com\/MSDczech\",\"https:\/\/www.instagram.com\/msdinvents\/\",\"https:\/\/www.linkedin.com\/company\/msdczech\/\",\"https:\/\/www.youtube.com\/channel\/UCzw0K-BF3OzlQVYn6BGHQQw\"]}]}<\/script>\n<!-- \/ Yoast SEO plugin. -->","yoast_head_json":{"title":"\u017divot v MSD - MSD \u010cesk\u00e1 republika","robots":{"index":"index","follow":"follow","max-snippet":"max-snippet:-1","max-image-preview":"max-image-preview:large","max-video-preview":"max-video-preview:-1"},"canonical":"https:\/\/www.msd.cz\/cs\/msd-ceska-republika\/zivot-v-msd\/","og_locale":"en_US","og_type":"article","og_title":"\u017divot v MSD - MSD \u010cesk\u00e1 republika","og_description":"Na\u0161e kultura, va\u0161e budoucnost! Na\u0161e kultura je o aplikovan\u00e9 zv\u011bdavosti, a\u0165 u\u017e pom\u00e1h\u00e1 vymyslet dal\u0161\u00ed pr\u016flomovou l\u00e9\u010dbu nebo se vyz\u00fdvat a vz\u00e1jemn\u011b se podporovat. Jsme odd\u00e1ni r\u016fstu a rozvoji \u010dlen\u016f na\u0161eho t\u00fdmu a ka\u017ed\u00e9mu z nich umo\u017e\u0148ujeme, aby dos\u00e1hl sv\u00e9ho pln\u00e9ho potenci\u00e1lu bez ohledu na funkci, geografii nebo \u00farove\u0148 zku\u0161enost\u00ed. Jeden den s Nat\u00e1li\u00ed Nahl\u00e9dn\u011bte [&hellip;]","og_url":"https:\/\/www.msd.cz\/cs\/msd-ceska-republika\/zivot-v-msd\/","og_site_name":"MSD \u010cesk\u00e1 republika","article_publisher":"https:\/\/www.facebook.com\/MSDInvents\/","article_modified_time":"2022-03-29T12:33:03+00:00","og_image":[{"width":2536,"height":1382,"url":"https:\/\/www.msd.cz\/cs\/wp-content\/uploads\/sites\/62\/2020\/10\/MSD.png","type":"image\/png"}],"twitter_card":"summary_large_image","twitter_site":"@MSDczech","twitter_misc":{"Est. reading time":"1 minute"},"schema":{"@context":"https:\/\/schema.org","@graph":[{"@type":"WebPage","@id":"https:\/\/www.msd.cz\/cs\/msd-ceska-republika\/zivot-v-msd\/","url":"https:\/\/www.msd.cz\/cs\/msd-ceska-republika\/zivot-v-msd\/","name":"\u017divot v MSD - MSD \u010cesk\u00e1 republika","isPartOf":{"@id":"https:\/\/www.msd.cz\/cs\/#website"},"datePublished":"2021-10-18T12:44:57+00:00","dateModified":"2022-03-29T12:33:03+00:00","breadcrumb":{"@id":"https:\/\/www.msd.cz\/cs\/msd-ceska-republika\/zivot-v-msd\/#breadcrumb"},"inLanguage":"en-US","potentialAction":[{"@type":"ReadAction","target":["https:\/\/www.msd.cz\/cs\/msd-ceska-republika\/zivot-v-msd\/"]}]},{"@type":"BreadcrumbList","@id":"https:\/\/www.msd.cz\/cs\/msd-ceska-republika\/zivot-v-msd\/#breadcrumb","itemListElement":[{"@type":"ListItem","position":1,"name":"MSD \u010cesk\u00e1 republika","item":"https:\/\/www.msd.cz\/cs\/"},{"@type":"ListItem","position":2,"name":"\u017divot v MSD"}]},{"@type":"WebSite","@id":"https:\/\/www.msd.cz\/cs\/#website","url":"https:\/\/www.msd.cz\/cs\/","name":"MSD \u010cesk\u00e1 republika","description":"Just another vip2-msd.com site","publisher":{"@id":"https:\/\/www.msd.cz\/cs\/#organization"},"potentialAction":[{"@type":"SearchAction","target":{"@type":"EntryPoint","urlTemplate":"https:\/\/www.msd.cz\/cs\/?s={search_term_string}"},"query-input":"required name=search_term_string"}],"inLanguage":"en-US"},{"@type":"Organization","@id":"https:\/\/www.msd.cz\/cs\/#organization","name":"MSD Czech Republic","url":"https:\/\/www.msd.cz\/cs\/","logo":{"@type":"ImageObject","inLanguage":"en-US","@id":"https:\/\/www.msd.cz\/cs\/#\/schema\/logo\/image\/","url":"https:\/\/www.msd.cz\/cs\/wp-content\/uploads\/sites\/62\/2020\/10\/MSD.png","contentUrl":"https:\/\/www.msd.cz\/cs\/wp-content\/uploads\/sites\/62\/2020\/10\/MSD.png","width":2536,"height":1382,"caption":"MSD Czech Republic"},"image":{"@id":"https:\/\/www.msd.cz\/cs\/#\/schema\/logo\/image\/"},"sameAs":["https:\/\/www.facebook.com\/MSDInvents\/","https:\/\/twitter.com\/MSDczech","https:\/\/www.instagram.com\/msdinvents\/","https:\/\/www.linkedin.com\/company\/msdczech\/","https:\/\/www.youtube.com\/channel\/UCzw0K-BF3OzlQVYn6BGHQQw"]}]}},"acf":[],"_links":{"self":[{"href":"https:\/\/www.msd.cz\/cs\/wp-json\/wp\/v2\/pages\/1738","targetHints":{"allow":["GET"]}}],"collection":[{"href":"https:\/\/www.msd.cz\/cs\/wp-json\/wp\/v2\/pages"}],"about":[{"href":"https:\/\/www.msd.cz\/cs\/wp-json\/wp\/v2\/types\/page"}],"author":[{"embeddable":true,"href":"https:\/\/www.msd.cz\/cs\/wp-json\/wp\/v2\/users\/545"}],"replies":[{"embeddable":true,"href":"https:\/\/www.msd.cz\/cs\/wp-json\/wp\/v2\/comments?post=1738"}],"version-history":[{"count":42,"href":"https:\/\/www.msd.cz\/cs\/wp-json\/wp\/v2\/pages\/1738\/revisions"}],"predecessor-version":[{"id":4805,"href":"https:\/\/www.msd.cz\/cs\/wp-json\/wp\/v2\/pages\/1738\/revisions\/4805"}],"up":[{"embeddable":true,"href":"https:\/\/www.msd.cz\/cs\/wp-json\/wp\/v2\/pages\/1678"}],"wp:attachment":[{"href":"https:\/\/www.msd.cz\/cs\/wp-json\/wp\/v2\/media?parent=1738"}],"curies":[{"name":"wp","href":"https:\/\/api.w.org\/{rel}","templated":true}]}}