{"id":1736,"date":"2021-10-18T12:44:40","date_gmt":"2021-10-18T12:44:40","guid":{"rendered":"https:\/\/www.msd.cz\/cs\/?page_id=1736"},"modified":"2025-11-21T09:56:21","modified_gmt":"2025-11-21T09:56:21","slug":"obchodni-podminky","status":"publish","type":"page","link":"https:\/\/www.msd.cz\/cs\/msd-ceska-republika\/obchodni-podminky\/","title":{"rendered":"Obchodn\u00ed podm\u00ednky"},"content":{"rendered":"<div id=\"mco-title-block-block_09798240a7138fe131891a844a04ea28\" \n\t class=\"mco-title-block mccberg-block has-background full negative\" \n\t style='background-image: url(https:\/\/www.msd.cz\/cs\/wp-content\/uploads\/sites\/62\/2021\/10\/about_us-05-p1-header-dark-1920x900-1.jpg?w=1600);'\t >\n\t<div class=\"wrapper\">\n\t\t<div class=\"mco-title-block-content\">\n\t\t\t\n\t\t\t<h2 class=\"mco-title-block-title\">Obchodn\u00ed podm\u00ednky<\/h2>\n\n\t\t\t\t\t\t\t<p class=\"mco-title-block-description\"><h3>Na\u0161\u00ed hlavn\u00ed \u010dinnost\u00ed je objevov\u00e1n\u00ed a v\u00fdvoj l\u00e9k\u016f na p\u0159edpis pro nemoci a stavy, kter\u00e9 ovliv\u0148uj\u00ed miliony lid\u00ed.<\/h3>\n<\/p>\n\t\t\t\t\t\t\n\t\t\t\t\t<\/div>\n\t<\/div>\n<\/div>\n\n\n<div class=\"wp-block-columns is-layout-flex wp-container-core-columns-is-layout-9d6595d7 wp-block-columns-is-layout-flex\">\n<div class=\"wp-block-column is-layout-flow wp-block-column-is-layout-flow\">\n<h2 class=\"wp-block-heading\">Velkoobchodn\u00ed podm\u00ednky<\/h2>\n\n\n\n<p class=\"has-medium-font-size\"><a href=\"https:\/\/www.msd.cz\/cs\/wp-content\/uploads\/sites\/62\/2021\/10\/MSD-General-terms-and-conditions-for-distributors-CZ.pdf\">V\u0161eobecn\u00e9 obchodn\u00ed podm\u00ednky pro distributory<\/a><br><br><a href=\"https:\/\/www.msd.cz\/cs\/wp-content\/uploads\/sites\/62\/2021\/10\/MSD_General-terms-and-conditions-for-hospitals-CZ.pdf\">V\u0161eobecn\u00e9 obchodn\u00ed podm\u00ednky pro zdravotnick\u00e1 za\u0159\u00edzen\u00ed<\/a><\/p>\n\n\n\n<div style=\"height:7px\" aria-hidden=\"true\" class=\"wp-block-spacer\"><\/div>\n\n\n\n<p><\/p>\n\n\n\n<p><\/p>\n\n\n\n<p class=\"has-medium-font-size\"><\/p>\n\n\n\n<p class=\"has-medium-font-size\"><\/p>\n\n\n\n<p><\/p>\n\n\n\n<h2 class=\"wp-block-heading\">P\u0159\u00edm\u00fd distribu\u010dn\u00ed model<\/h2>\n\n\n\n<p><a href=\"https:\/\/www.msd.cz\/cs\/wp-content\/uploads\/sites\/62\/2021\/10\/Direct-Distribution-General-Terms-and-Conditions-CZ.pdf\">V\u0161eobecn\u00e9 obchodn\u00ed podm\u00ednky prodeje a dod\u00e1vek do l\u00e9k\u00e1ren a nemocnic<\/a><\/p>\n\n\n\n<p><\/p>\n<\/div>\n<\/div>\n","protected":false},"excerpt":{"rendered":"<p>Velkoobchodn\u00ed podm\u00ednky V\u0161eobecn\u00e9 obchodn\u00ed podm\u00ednky pro distributory V\u0161eobecn\u00e9 obchodn\u00ed podm\u00ednky pro zdravotnick\u00e1 za\u0159\u00edzen\u00ed P\u0159\u00edm\u00fd distribu\u010dn\u00ed model V\u0161eobecn\u00e9 obchodn\u00ed podm\u00ednky prodeje a dod\u00e1vek do l\u00e9k\u00e1ren a nemocnic<\/p>\n","protected":false},"author":545,"featured_media":0,"parent":1678,"menu_order":0,"comment_status":"closed","ping_status":"closed","template":"","meta":{"_acf_changed":false,"bdl_company_name":[],"bdl_item_external_link":[],"editor_notices":[],"footnotes":""},"class_list":["post-1736","page","type-page","status-publish","hentry"],"yoast_head":"<!-- This site is optimized with the Yoast SEO plugin v21.9.1 - https:\/\/yoast.com\/wordpress\/plugins\/seo\/ -->\n<title>Obchodn\u00ed podm\u00ednky - MSD \u010cesk\u00e1 republika<\/title>\n<meta name=\"robots\" content=\"index, follow, max-snippet:-1, max-image-preview:large, max-video-preview:-1\" \/>\n<link rel=\"canonical\" href=\"https:\/\/www.msd.cz\/cs\/msd-ceska-republika\/obchodni-podminky\/\" \/>\n<meta property=\"og:locale\" content=\"en_US\" \/>\n<meta property=\"og:type\" content=\"article\" \/>\n<meta property=\"og:title\" content=\"Obchodn\u00ed podm\u00ednky - MSD \u010cesk\u00e1 republika\" \/>\n<meta property=\"og:description\" content=\"Velkoobchodn\u00ed podm\u00ednky V\u0161eobecn\u00e9 obchodn\u00ed podm\u00ednky pro distributory V\u0161eobecn\u00e9 obchodn\u00ed podm\u00ednky pro zdravotnick\u00e1 za\u0159\u00edzen\u00ed P\u0159\u00edm\u00fd distribu\u010dn\u00ed model V\u0161eobecn\u00e9 obchodn\u00ed podm\u00ednky prodeje a dod\u00e1vek do l\u00e9k\u00e1ren a nemocnic\" \/>\n<meta property=\"og:url\" content=\"https:\/\/www.msd.cz\/cs\/msd-ceska-republika\/obchodni-podminky\/\" \/>\n<meta property=\"og:site_name\" content=\"MSD \u010cesk\u00e1 republika\" \/>\n<meta property=\"article:publisher\" content=\"https:\/\/www.facebook.com\/MSDInvents\/\" \/>\n<meta property=\"article:modified_time\" content=\"2025-11-21T09:56:21+00:00\" \/>\n<meta property=\"og:image\" content=\"https:\/\/www.msd.cz\/cs\/wp-content\/uploads\/sites\/62\/2020\/10\/MSD.png\" \/>\n\t<meta property=\"og:image:width\" content=\"2536\" \/>\n\t<meta property=\"og:image:height\" content=\"1382\" \/>\n\t<meta property=\"og:image:type\" content=\"image\/png\" \/>\n<meta name=\"twitter:card\" content=\"summary_large_image\" \/>\n<meta name=\"twitter:site\" content=\"@MSDczech\" \/>\n<meta name=\"twitter:label1\" content=\"Est. reading time\" \/>\n\t<meta name=\"twitter:data1\" content=\"1 minute\" \/>\n<script type=\"application\/ld+json\" class=\"yoast-schema-graph\">{\"@context\":\"https:\/\/schema.org\",\"@graph\":[{\"@type\":\"WebPage\",\"@id\":\"https:\/\/www.msd.cz\/cs\/msd-ceska-republika\/obchodni-podminky\/\",\"url\":\"https:\/\/www.msd.cz\/cs\/msd-ceska-republika\/obchodni-podminky\/\",\"name\":\"Obchodn\u00ed podm\u00ednky - MSD \u010cesk\u00e1 republika\",\"isPartOf\":{\"@id\":\"https:\/\/www.msd.cz\/cs\/#website\"},\"datePublished\":\"2021-10-18T12:44:40+00:00\",\"dateModified\":\"2025-11-21T09:56:21+00:00\",\"breadcrumb\":{\"@id\":\"https:\/\/www.msd.cz\/cs\/msd-ceska-republika\/obchodni-podminky\/#breadcrumb\"},\"inLanguage\":\"en-US\",\"potentialAction\":[{\"@type\":\"ReadAction\",\"target\":[\"https:\/\/www.msd.cz\/cs\/msd-ceska-republika\/obchodni-podminky\/\"]}]},{\"@type\":\"BreadcrumbList\",\"@id\":\"https:\/\/www.msd.cz\/cs\/msd-ceska-republika\/obchodni-podminky\/#breadcrumb\",\"itemListElement\":[{\"@type\":\"ListItem\",\"position\":1,\"name\":\"MSD \u010cesk\u00e1 republika\",\"item\":\"https:\/\/www.msd.cz\/cs\/\"},{\"@type\":\"ListItem\",\"position\":2,\"name\":\"Obchodn\u00ed podm\u00ednky\"}]},{\"@type\":\"WebSite\",\"@id\":\"https:\/\/www.msd.cz\/cs\/#website\",\"url\":\"https:\/\/www.msd.cz\/cs\/\",\"name\":\"MSD \u010cesk\u00e1 republika\",\"description\":\"Just another vip2-msd.com site\",\"publisher\":{\"@id\":\"https:\/\/www.msd.cz\/cs\/#organization\"},\"potentialAction\":[{\"@type\":\"SearchAction\",\"target\":{\"@type\":\"EntryPoint\",\"urlTemplate\":\"https:\/\/www.msd.cz\/cs\/?s={search_term_string}\"},\"query-input\":\"required name=search_term_string\"}],\"inLanguage\":\"en-US\"},{\"@type\":\"Organization\",\"@id\":\"https:\/\/www.msd.cz\/cs\/#organization\",\"name\":\"MSD Czech Republic\",\"url\":\"https:\/\/www.msd.cz\/cs\/\",\"logo\":{\"@type\":\"ImageObject\",\"inLanguage\":\"en-US\",\"@id\":\"https:\/\/www.msd.cz\/cs\/#\/schema\/logo\/image\/\",\"url\":\"https:\/\/www.msd.cz\/cs\/wp-content\/uploads\/sites\/62\/2020\/10\/MSD.png\",\"contentUrl\":\"https:\/\/www.msd.cz\/cs\/wp-content\/uploads\/sites\/62\/2020\/10\/MSD.png\",\"width\":2536,\"height\":1382,\"caption\":\"MSD Czech Republic\"},\"image\":{\"@id\":\"https:\/\/www.msd.cz\/cs\/#\/schema\/logo\/image\/\"},\"sameAs\":[\"https:\/\/www.facebook.com\/MSDInvents\/\",\"https:\/\/twitter.com\/MSDczech\",\"https:\/\/www.instagram.com\/msdinvents\/\",\"https:\/\/www.linkedin.com\/company\/msdczech\/\",\"https:\/\/www.youtube.com\/channel\/UCzw0K-BF3OzlQVYn6BGHQQw\"]}]}<\/script>\n<!-- \/ Yoast SEO plugin. -->","yoast_head_json":{"title":"Obchodn\u00ed podm\u00ednky - MSD \u010cesk\u00e1 republika","robots":{"index":"index","follow":"follow","max-snippet":"max-snippet:-1","max-image-preview":"max-image-preview:large","max-video-preview":"max-video-preview:-1"},"canonical":"https:\/\/www.msd.cz\/cs\/msd-ceska-republika\/obchodni-podminky\/","og_locale":"en_US","og_type":"article","og_title":"Obchodn\u00ed podm\u00ednky - MSD \u010cesk\u00e1 republika","og_description":"Velkoobchodn\u00ed podm\u00ednky V\u0161eobecn\u00e9 obchodn\u00ed podm\u00ednky pro distributory V\u0161eobecn\u00e9 obchodn\u00ed podm\u00ednky pro zdravotnick\u00e1 za\u0159\u00edzen\u00ed P\u0159\u00edm\u00fd distribu\u010dn\u00ed model V\u0161eobecn\u00e9 obchodn\u00ed podm\u00ednky prodeje a dod\u00e1vek do l\u00e9k\u00e1ren a nemocnic","og_url":"https:\/\/www.msd.cz\/cs\/msd-ceska-republika\/obchodni-podminky\/","og_site_name":"MSD \u010cesk\u00e1 republika","article_publisher":"https:\/\/www.facebook.com\/MSDInvents\/","article_modified_time":"2025-11-21T09:56:21+00:00","og_image":[{"width":2536,"height":1382,"url":"https:\/\/www.msd.cz\/cs\/wp-content\/uploads\/sites\/62\/2020\/10\/MSD.png","type":"image\/png"}],"twitter_card":"summary_large_image","twitter_site":"@MSDczech","twitter_misc":{"Est. reading time":"1 minute"},"schema":{"@context":"https:\/\/schema.org","@graph":[{"@type":"WebPage","@id":"https:\/\/www.msd.cz\/cs\/msd-ceska-republika\/obchodni-podminky\/","url":"https:\/\/www.msd.cz\/cs\/msd-ceska-republika\/obchodni-podminky\/","name":"Obchodn\u00ed podm\u00ednky - MSD \u010cesk\u00e1 republika","isPartOf":{"@id":"https:\/\/www.msd.cz\/cs\/#website"},"datePublished":"2021-10-18T12:44:40+00:00","dateModified":"2025-11-21T09:56:21+00:00","breadcrumb":{"@id":"https:\/\/www.msd.cz\/cs\/msd-ceska-republika\/obchodni-podminky\/#breadcrumb"},"inLanguage":"en-US","potentialAction":[{"@type":"ReadAction","target":["https:\/\/www.msd.cz\/cs\/msd-ceska-republika\/obchodni-podminky\/"]}]},{"@type":"BreadcrumbList","@id":"https:\/\/www.msd.cz\/cs\/msd-ceska-republika\/obchodni-podminky\/#breadcrumb","itemListElement":[{"@type":"ListItem","position":1,"name":"MSD \u010cesk\u00e1 republika","item":"https:\/\/www.msd.cz\/cs\/"},{"@type":"ListItem","position":2,"name":"Obchodn\u00ed podm\u00ednky"}]},{"@type":"WebSite","@id":"https:\/\/www.msd.cz\/cs\/#website","url":"https:\/\/www.msd.cz\/cs\/","name":"MSD \u010cesk\u00e1 republika","description":"Just another vip2-msd.com site","publisher":{"@id":"https:\/\/www.msd.cz\/cs\/#organization"},"potentialAction":[{"@type":"SearchAction","target":{"@type":"EntryPoint","urlTemplate":"https:\/\/www.msd.cz\/cs\/?s={search_term_string}"},"query-input":"required name=search_term_string"}],"inLanguage":"en-US"},{"@type":"Organization","@id":"https:\/\/www.msd.cz\/cs\/#organization","name":"MSD Czech Republic","url":"https:\/\/www.msd.cz\/cs\/","logo":{"@type":"ImageObject","inLanguage":"en-US","@id":"https:\/\/www.msd.cz\/cs\/#\/schema\/logo\/image\/","url":"https:\/\/www.msd.cz\/cs\/wp-content\/uploads\/sites\/62\/2020\/10\/MSD.png","contentUrl":"https:\/\/www.msd.cz\/cs\/wp-content\/uploads\/sites\/62\/2020\/10\/MSD.png","width":2536,"height":1382,"caption":"MSD Czech Republic"},"image":{"@id":"https:\/\/www.msd.cz\/cs\/#\/schema\/logo\/image\/"},"sameAs":["https:\/\/www.facebook.com\/MSDInvents\/","https:\/\/twitter.com\/MSDczech","https:\/\/www.instagram.com\/msdinvents\/","https:\/\/www.linkedin.com\/company\/msdczech\/","https:\/\/www.youtube.com\/channel\/UCzw0K-BF3OzlQVYn6BGHQQw"]}]}},"acf":[],"_links":{"self":[{"href":"https:\/\/www.msd.cz\/cs\/wp-json\/wp\/v2\/pages\/1736","targetHints":{"allow":["GET"]}}],"collection":[{"href":"https:\/\/www.msd.cz\/cs\/wp-json\/wp\/v2\/pages"}],"about":[{"href":"https:\/\/www.msd.cz\/cs\/wp-json\/wp\/v2\/types\/page"}],"author":[{"embeddable":true,"href":"https:\/\/www.msd.cz\/cs\/wp-json\/wp\/v2\/users\/545"}],"replies":[{"embeddable":true,"href":"https:\/\/www.msd.cz\/cs\/wp-json\/wp\/v2\/comments?post=1736"}],"version-history":[{"count":48,"href":"https:\/\/www.msd.cz\/cs\/wp-json\/wp\/v2\/pages\/1736\/revisions"}],"predecessor-version":[{"id":5091,"href":"https:\/\/www.msd.cz\/cs\/wp-json\/wp\/v2\/pages\/1736\/revisions\/5091"}],"up":[{"embeddable":true,"href":"https:\/\/www.msd.cz\/cs\/wp-json\/wp\/v2\/pages\/1678"}],"wp:attachment":[{"href":"https:\/\/www.msd.cz\/cs\/wp-json\/wp\/v2\/media?parent=1736"}],"curies":[{"name":"wp","href":"https:\/\/api.w.org\/{rel}","templated":true}]}}